{"id":74745,"date":"2025-07-29T10:26:06","date_gmt":"2025-07-29T10:26:06","guid":{"rendered":"https:\/\/fv6qoy3ls0.wpdns.site\/product\/kf-concept-selfie-stick-con-adaptador-de-camara-de-accion-153cm\/"},"modified":"2025-07-29T10:26:06","modified_gmt":"2025-07-29T10:26:06","slug":"kf-concept-selfie-stick-con-adaptador-de-camara-de-accion-153cm","status":"publish","type":"product","link":"https:\/\/hi-techwonder.com\/es\/producto\/kf-concept-selfie-stick-con-adaptador-de-camara-de-accion-153cm\/","title":{"rendered":"K&amp;F CONCEPT Selfie Stick con adaptador de c\u00e1mara de acci\u00f3n 153cm"},"content":{"rendered":"<p><strong>T\u00edtulo:<\/strong> K&amp;F CONCEPT Selfie Stick con adaptador de c\u00e1mara de acci\u00f3n de 153 cm: extensi\u00f3n extralarga y versatilidad para capturar momentos \u00fanicos<\/p>\n<hr>\n<p><strong>Funciones<\/strong><\/p>\n<ul>\n<li><strong>Extensi\u00f3n extra larga<\/strong>:\n<ul>\n<li>El brazo extensible alcanza hasta <strong>153 cm<\/strong>, ideal para capturar impresionantes panoramas y primeros planos din\u00e1micos, lo que le permite capturar hermosos momentos en cualquier lugar.<\/li>\n<\/ul>\n<\/li>\n<li><strong>Compatibilidad universal<\/strong>:\n<ul>\n<li>Equipado con un adaptador GoPro, es compatible con dispositivos como GoPro, DJI Action, Insta360 y otros, que atienden tanto a fot\u00f3grafos profesionales como aficionados.<\/li>\n<\/ul>\n<\/li>\n<li><strong>Dise\u00f1o compacto y port\u00e1til<\/strong>:\n<ul>\n<li>Con solo <strong>290 mm<\/strong> de largo plegado y peso ligero <strong>de 177 g<\/strong>, es f\u00e1cil de transportar, ideal para viajar y para el uso diario.<\/li>\n<\/ul>\n<\/li>\n<li><strong>Construcci\u00f3n robusta y duradera<\/strong>:\n<ul>\n<li>Fabricado en aleaci\u00f3n de aluminio de alta calidad, ofrece resistencia y durabilidad, asegurando el rendimiento en diferentes condiciones.<\/li>\n<\/ul>\n<\/li>\n<li><strong>Interfaz de 1\/4 de pulgada<\/strong>:\n<ul>\n<li>Dispone de una rosca en la base, lo que permite la instalaci\u00f3n sobre soportes para una mayor versatilidad y estabilidad.<\/li>\n<\/ul>\n<\/li>\n<li><strong>Comodidad y estabilidad<\/strong>:\n<ul>\n<li>Correa ergon\u00f3mica de silicona para un agarre c\u00f3modo, y el dise\u00f1o del tubo el\u00e1stico facilita el estiramiento, asegurando la estabilidad y evitando temblores.<\/li>\n<\/ul>\n<\/li>\n<\/ul>\n<hr>\n<p><strong>Contenido del paquete<\/strong><\/p>\n<ul>\n<li>1 Un. K&amp;F CONCEPT Selfie Stick <\/li>\n<li>1 Un. Adaptador de c\u00e1mara de acci\u00f3n <\/li>\n<\/ul>\n<hr>\n<p><strong>Especificaciones t\u00e9cnicas<\/strong><\/p>\n<ul>\n<li><strong>Altura m\u00e1xima<\/strong>: 153 cm<\/li>\n<li><strong>Altura m\u00ednima<\/strong>: 29 cm<\/li>\n<li><strong>Peso<\/strong>: 0.177 kg<\/li>\n<\/ul>\n<hr>\n<p><strong>Informaci\u00f3n adicional<\/strong><br \/>\nNota: Im\u00e1genes ilustrativas. Equipo adicional no incluido. Consulte el contenido y las especificaciones del paquete para obtener m\u00e1s detalles.  <\/p>\n","protected":false},"excerpt":{"rendered":"<p>T\u00edtulo: K&amp;F CONCEPT Selfie Stick con adaptador de c\u00e1mara de acci\u00f3n de 153 cm: extensi\u00f3n extralarga y versatilidad para capturar<\/p>\n","protected":false},"featured_media":63295,"comment_status":"closed","ping_status":"open","template":"","meta":{"_acf_changed":false},"product_brand":[2562],"product_cat":[1086],"product_tag":[],"class_list":{"0":"post-74745","1":"product","2":"type-product","3":"status-publish","4":"has-post-thumbnail","6":"product_brand-kf-concept-es","7":"product_cat-empunadura-palo-selfie","9":"first","10":"outofstock","11":"taxable","12":"shipping-taxable","13":"purchasable","14":"product-type-simple"},"bundled_by":[],"bundle_stock_status":"outofstock","bundle_stock_quantity":0,"bundle_virtual":false,"bundle_layout":"","bundle_add_to_cart_form_location":"","bundle_editable_in_cart":false,"bundle_sold_individually_context":"","bundle_item_grouping":"","bundle_min_size":"","bundle_max_size":"","bundle_price":[],"bundled_items":[],"bundle_sell_ids":[],"acf":[],"_links":{"self":[{"href":"https:\/\/hi-techwonder.com\/es\/wp-json\/wp\/v2\/product\/74745","targetHints":{"allow":["GET"]}}],"collection":[{"href":"https:\/\/hi-techwonder.com\/es\/wp-json\/wp\/v2\/product"}],"about":[{"href":"https:\/\/hi-techwonder.com\/es\/wp-json\/wp\/v2\/types\/product"}],"replies":[{"embeddable":true,"href":"https:\/\/hi-techwonder.com\/es\/wp-json\/wp\/v2\/comments?post=74745"}],"wp:featuredmedia":[{"embeddable":true,"href":"https:\/\/hi-techwonder.com\/es\/wp-json\/wp\/v2\/media\/63295"}],"wp:attachment":[{"href":"https:\/\/hi-techwonder.com\/es\/wp-json\/wp\/v2\/media?parent=74745"}],"wp:term":[{"taxonomy":"product_brand","embeddable":true,"href":"https:\/\/hi-techwonder.com\/es\/wp-json\/wp\/v2\/product_brand?post=74745"},{"taxonomy":"product_cat","embeddable":true,"href":"https:\/\/hi-techwonder.com\/es\/wp-json\/wp\/v2\/product_cat?post=74745"},{"taxonomy":"product_tag","embeddable":true,"href":"https:\/\/hi-techwonder.com\/es\/wp-json\/wp\/v2\/product_tag?post=74745"}],"curies":[{"name":"wp","href":"https:\/\/api.w.org\/{rel}","templated":true}]}}