{"id":74746,"date":"2025-07-29T10:45:44","date_gmt":"2025-07-29T10:45:44","guid":{"rendered":"https:\/\/fv6qoy3ls0.wpdns.site\/product\/kf-concept-jaula-de-doble-agarre-smartphone\/"},"modified":"2026-05-05T15:36:30","modified_gmt":"2026-05-05T14:36:30","slug":"kf-concept-jaula-de-doble-agarre-smartphone","status":"publish","type":"product","link":"https:\/\/hi-techwonder.com\/es\/producto\/kf-concept-jaula-de-doble-agarre-smartphone\/","title":{"rendered":"K&amp;F CONCEPT Jaula de doble agarre\/smartphone"},"content":{"rendered":"<p><strong>T\u00edtulo:<\/strong> K&amp;F CONCEPT Dual Grip\/Smartphone Cage \u2013 Estabilidad y versatilidad en el tiro con m\u00f3vil<\/p>\n<hr>\n<p><strong>Funciones<\/strong><\/p>\n<ul>\n<li><strong>Dise\u00f1o compacto y port\u00e1til<\/strong>:\n<ul>\n<li>El marco plegable y liviano, con un peso de solo 232 g, facilita su transporte y almacenamiento.<\/li>\n<li>Ideal para viajes, actividades al aire libre o uso diario, lo que permite grabaciones de alta calidad en cualquier momento y en cualquier lugar.<\/li>\n<\/ul>\n<\/li>\n<li><strong>Doble asa para mayor estabilidad<\/strong>:\n<ul>\n<li>El dise\u00f1o con dos asas garantiza una mayor estabilidad y suavidad en las grabaciones.<\/li>\n<li>La funci\u00f3n de rotaci\u00f3n del mango de 360\u00b0 le permite capturar \u00e1ngulos y movimientos creativos, como empujar y tirar, metraje bajo y metraje de escena.<\/li>\n<\/ul>\n<\/li>\n<li><strong>Construcci\u00f3n robusta y duradera<\/strong>:\n<ul>\n<li>Fabricado en aleaci\u00f3n de aluminio, ofrece un soporte estable para el smartphone, evitando sacudidas e im\u00e1genes borrosas.<\/li>\n<\/ul>\n<\/li>\n<li><strong>Compatibilidad universal<\/strong>:\n<ul>\n<li>Admite tel\u00e9fonos inteligentes con un ancho m\u00e1ximo de 84 mm, compatible con una amplia gama de modelos.<\/li>\n<\/ul>\n<\/li>\n<li><strong>Montaje y accesorios<\/strong>:\n<ul>\n<li>Equipado con 3 zapatas fr\u00edas y roscas de 5 1\/4&#8243;, lo que permite la instalaci\u00f3n de accesorios como luces, micr\u00f3fonos y otros dispositivos para optimizar la calidad de las grabaciones.<\/li>\n<li>Interfaz est\u00e1ndar Arca-Swiss para montaje directo en tr\u00edpodes.<\/li>\n<\/ul>\n<\/li>\n<\/ul>\n<hr>\n<p><strong>Contenido del paquete<\/strong><\/p>\n<ul>\n<li>1 Un. K&amp;F CONCEPT Jaula de doble agarre\/smartphone <\/li>\n<\/ul>\n<hr>\n<p><strong>Especificaciones t\u00e9cnicas<\/strong><\/p>\n<ul>\n<li><strong>Material<\/strong>: aleaci\u00f3n de aluminio<\/li>\n<li><strong>Peso<\/strong>: 0.232 kg<\/li>\n<li><strong>Compatibilidad<\/strong>: Smartphones con un ancho m\u00e1ximo de 84 mm<\/li>\n<\/ul>\n<hr>\n<p><strong>Informaci\u00f3n adicional<\/strong><br \/>\nNota: Im\u00e1genes ilustrativas. Equipo adicional no incluido. Consulte el contenido y las especificaciones del paquete para obtener m\u00e1s detalles.  <\/p>\n","protected":false},"excerpt":{"rendered":"<p>T\u00edtulo: K&amp;F CONCEPT Dual Grip\/Smartphone Cage \u2013 Estabilidad y versatilidad en el tiro con m\u00f3vil Funciones Dise\u00f1o compacto y port\u00e1til:<\/p>\n","protected":false},"featured_media":67202,"comment_status":"closed","ping_status":"closed","template":"","meta":{"_acf_changed":false},"product_brand":[2562],"product_cat":[1105,1085],"product_tag":[],"class_list":{"0":"post-74746","1":"product","2":"type-product","3":"status-publish","4":"has-post-thumbnail","6":"product_brand-kf-concept-es","7":"product_cat-cages-cages-es","8":"product_cat-para-smartphones-es","10":"first","11":"instock","12":"taxable","13":"shipping-taxable","14":"purchasable","15":"product-type-simple"},"bundled_by":[],"bundle_stock_status":"instock","bundle_stock_quantity":1,"bundle_virtual":false,"bundle_layout":"","bundle_add_to_cart_form_location":"","bundle_editable_in_cart":false,"bundle_sold_individually_context":"","bundle_item_grouping":"","bundle_min_size":"","bundle_max_size":"","bundle_price":[],"bundled_items":[],"bundle_sell_ids":[],"acf":[],"_links":{"self":[{"href":"https:\/\/hi-techwonder.com\/es\/wp-json\/wp\/v2\/product\/74746","targetHints":{"allow":["GET"]}}],"collection":[{"href":"https:\/\/hi-techwonder.com\/es\/wp-json\/wp\/v2\/product"}],"about":[{"href":"https:\/\/hi-techwonder.com\/es\/wp-json\/wp\/v2\/types\/product"}],"replies":[{"embeddable":true,"href":"https:\/\/hi-techwonder.com\/es\/wp-json\/wp\/v2\/comments?post=74746"}],"wp:featuredmedia":[{"embeddable":true,"href":"https:\/\/hi-techwonder.com\/es\/wp-json\/wp\/v2\/media\/67202"}],"wp:attachment":[{"href":"https:\/\/hi-techwonder.com\/es\/wp-json\/wp\/v2\/media?parent=74746"}],"wp:term":[{"taxonomy":"product_brand","embeddable":true,"href":"https:\/\/hi-techwonder.com\/es\/wp-json\/wp\/v2\/product_brand?post=74746"},{"taxonomy":"product_cat","embeddable":true,"href":"https:\/\/hi-techwonder.com\/es\/wp-json\/wp\/v2\/product_cat?post=74746"},{"taxonomy":"product_tag","embeddable":true,"href":"https:\/\/hi-techwonder.com\/es\/wp-json\/wp\/v2\/product_tag?post=74746"}],"curies":[{"name":"wp","href":"https:\/\/api.w.org\/{rel}","templated":true}]}}