{"id":74747,"date":"2025-07-29T10:27:07","date_gmt":"2025-07-29T10:27:07","guid":{"rendered":"https:\/\/fv6qoy3ls0.wpdns.site\/product\/zapata-de-liberacion-rapida-kf-concept-para-tripode-fotografico\/"},"modified":"2026-01-31T01:34:24","modified_gmt":"2026-01-31T01:34:24","slug":"kf-concept-zapata-de-liberacion-rapida-kf-concept-para-tripode-fotografico","status":"publish","type":"product","link":"https:\/\/hi-techwonder.com\/es\/producto\/kf-concept-zapata-de-liberacion-rapida-kf-concept-para-tripode-fotografico\/","title":{"rendered":"Zapata de liberaci\u00f3n r\u00e1pida K&amp;F CONCEPT para tr\u00edpode fotogr\u00e1fico"},"content":{"rendered":"<p><strong>T\u00edtulo:<\/strong> Zapata de tr\u00edpode de liberaci\u00f3n r\u00e1pida K&amp;F CONCEPT: soporte seguro y compatible con c\u00e1maras DSLR y sin espejo<\/p>\n<hr>\n<p><strong>Funciones<\/strong><\/p>\n<ul>\n<li><strong>Compatibilidad universal<\/strong>:\n<ul>\n<li>Equipado con una rosca est\u00e1ndar de 1\/4&#8243;, compatible con la mayor\u00eda de las c\u00e1maras DSLR y mirrorless del mercado.<\/li>\n<\/ul>\n<\/li>\n<li><strong>Dise\u00f1o seguro y estable<\/strong>:\n<ul>\n<li>Almohadillas de goma antideslizantes duraderas incorporadas, que garantizan una mayor estabilidad y evitan resbalones no deseados.<\/li>\n<\/ul>\n<\/li>\n<li><strong>Construcci\u00f3n robusta<\/strong>:\n<ul>\n<li>Fabricado en aleaci\u00f3n de aluminio de alta calidad con un acabado anodizado duro, que ofrece durabilidad y resistencia al desgaste, ideal para un uso prolongado.<\/li>\n<\/ul>\n<\/li>\n<\/ul>\n<hr>\n<p><strong>Contenido del paquete<\/strong><\/p>\n<ul>\n<li>1 Un. Zapata de liberaci\u00f3n r\u00e1pida K&amp;F CONCEPT para tr\u00edpode fotogr\u00e1fico <\/li>\n<\/ul>\n<hr>\n<p><strong>Especificaciones t\u00e9cnicas<\/strong><\/p>\n<ul>\n<li><strong>Compatibilidad<\/strong>: Sistema de liberaci\u00f3n r\u00e1pida<\/li>\n<li><strong>Material<\/strong>: aleaci\u00f3n de aluminio<\/li>\n<\/ul>\n<hr>\n<p><strong>Informaci\u00f3n adicional<\/strong><br \/>\nNota: Im\u00e1genes ilustrativas. Equipo adicional no incluido. Consulte el contenido y las especificaciones del paquete para obtener m\u00e1s detalles.  <\/p>\n","protected":false},"excerpt":{"rendered":"<p>T\u00edtulo: Zapata de tr\u00edpode de liberaci\u00f3n r\u00e1pida K&amp;F CONCEPT: soporte seguro y compatible con c\u00e1maras DSLR y sin espejo Funciones<\/p>\n","protected":false},"featured_media":63528,"comment_status":"closed","ping_status":"open","template":"","meta":{"_acf_changed":false},"product_brand":[2562],"product_cat":[1087],"product_tag":[],"class_list":{"0":"post-74747","1":"product","2":"type-product","3":"status-publish","4":"has-post-thumbnail","6":"product_brand-kf-concept-es","7":"product_cat-zapatas-y-tornillos","9":"first","10":"instock","11":"taxable","12":"shipping-taxable","13":"purchasable","14":"product-type-simple"},"bundled_by":[],"bundle_stock_status":"instock","bundle_stock_quantity":2,"bundle_virtual":false,"bundle_layout":"","bundle_add_to_cart_form_location":"","bundle_editable_in_cart":false,"bundle_sold_individually_context":"","bundle_item_grouping":"","bundle_min_size":"","bundle_max_size":"","bundle_price":[],"bundled_items":[],"bundle_sell_ids":[],"acf":[],"_links":{"self":[{"href":"https:\/\/hi-techwonder.com\/es\/wp-json\/wp\/v2\/product\/74747","targetHints":{"allow":["GET"]}}],"collection":[{"href":"https:\/\/hi-techwonder.com\/es\/wp-json\/wp\/v2\/product"}],"about":[{"href":"https:\/\/hi-techwonder.com\/es\/wp-json\/wp\/v2\/types\/product"}],"replies":[{"embeddable":true,"href":"https:\/\/hi-techwonder.com\/es\/wp-json\/wp\/v2\/comments?post=74747"}],"wp:featuredmedia":[{"embeddable":true,"href":"https:\/\/hi-techwonder.com\/es\/wp-json\/wp\/v2\/media\/63528"}],"wp:attachment":[{"href":"https:\/\/hi-techwonder.com\/es\/wp-json\/wp\/v2\/media?parent=74747"}],"wp:term":[{"taxonomy":"product_brand","embeddable":true,"href":"https:\/\/hi-techwonder.com\/es\/wp-json\/wp\/v2\/product_brand?post=74747"},{"taxonomy":"product_cat","embeddable":true,"href":"https:\/\/hi-techwonder.com\/es\/wp-json\/wp\/v2\/product_cat?post=74747"},{"taxonomy":"product_tag","embeddable":true,"href":"https:\/\/hi-techwonder.com\/es\/wp-json\/wp\/v2\/product_tag?post=74747"}],"curies":[{"name":"wp","href":"https:\/\/api.w.org\/{rel}","templated":true}]}}