{"id":74748,"date":"2025-07-29T10:35:05","date_gmt":"2025-07-29T10:35:05","guid":{"rendered":"https:\/\/fv6qoy3ls0.wpdns.site\/product\/tripode-sa254t1-kf-concept-con-monopie-cabeza-de-rotula\/"},"modified":"2026-01-31T01:32:02","modified_gmt":"2026-01-31T01:32:02","slug":"kf-concept-tripode-sa254t1-kf-concept-con-monopie-cabeza-de-rotula","status":"publish","type":"product","link":"https:\/\/hi-techwonder.com\/es\/producto\/kf-concept-tripode-sa254t1-kf-concept-con-monopie-cabeza-de-rotula\/","title":{"rendered":"Tr\u00edpode SA254T1 K&amp;F CONCEPT (con monopie) + cabeza de r\u00f3tula"},"content":{"rendered":"<p><strong>Tr\u00edpode de aleaci\u00f3n de aluminio SA254T1 K&amp;F CONCEPT (con monopie) + cabeza de r\u00f3tula<\/strong><\/p>\n<p><font color=\"#ff9c00\">KF09.086V1<\/font><\/p>\n<p><strong>Contenido del paquete:<\/strong><\/p>\n<ul>\n<li>1 x Tr\u00edpode de aleaci\u00f3n de aluminio SA254T1&nbsp;<\/li>\n<li>1 x Cabezal de r\u00f3tula KF-28<\/li>\n<li>1 x Zapata Arca-Swiss<\/li>\n<li>1 x Llave hexagonal<\/li>\n<li>1 x bolsa de transporte<\/li>\n<\/ul>\n<p><strong>Caracter\u00edsticas t\u00e9cnicas:<\/strong><\/p>\n<table style=\"height: 223.958px;width: 659px\" border=\"0\" width=\"602\" cellspacing=\"0\" cellpadding=\"2\">\n<colgroup>\n<col style=\"width: 315px\" width=\"231\">\n<col style=\"width: 344px\" width=\"363\"><\/colgroup>\n<tbody>\n<tr style=\"height: 22.3958px\">\n<td style=\"height: 22.3958px\"><span style=\"color: #4d4d4d\">Referencia de marca:<\/span><\/td>\n<td style=\"height: 22.3958px\">KF09.086V1<\/td>\n<\/tr>\n<tr style=\"height: 22.3958px\">\n<td style=\"height: 22.3958px\" width=\"231\"><span style=\"color: #4d4d4d\">Modelo:<\/span><\/td>\n<td style=\"height: 22.3958px\" width=\"363\">SA254T1 <\/td>\n<\/tr>\n<tr style=\"height: 22.3958px\">\n<td style=\"height: 22.3958px\" width=\"231\"><span style=\"color: #4d4d4d\">Material:<\/span><\/td>\n<td style=\"height: 22.3958px\" width=\"363\"><span style=\"color: #4d4d4d\">Aleaci\u00f3n de aluminio<\/span><\/td>\n<\/tr>\n<tr style=\"height: 22.3958px\">\n<td style=\"height: 22.3958px\" width=\"231\"><span style=\"color: #4d4d4d\">Tipo de cabeza:<\/span><\/td>\n<td style=\"height: 22.3958px\" width=\"363\"><span style=\"color: #4d4d4d\">R\u00f3tula KF-28 &#8211; Zapatilla Arca-Swiss<\/span><\/td>\n<\/tr>\n<tr style=\"height: 22.3958px\">\n<td style=\"height: 22.3958px\" width=\"231\">Secciones:<\/td>\n<td style=\"height: 22.3958px\" width=\"363\"><span style=\"color: #4d4d4d\">4 secciones<\/span><\/td>\n<\/tr>\n<tr style=\"height: 22.3958px\">\n<td style=\"height: 22.3958px\" width=\"231\"><span style=\"color: #4d4d4d\">Altura m\u00e1xima:<\/span><\/td>\n<td style=\"height: 22.3958px\" width=\"363\">239 cm<\/td>\n<\/tr>\n<tr style=\"height: 22.3958px\">\n<td style=\"height: 22.3958px\"><span style=\"color: #4d4d4d\">Altura<\/span><\/td>\n<p> m\u00ednima<\/p>\n<td style=\"height: 22.3958px\">69 cm<\/td>\n<\/tr>\n<tr style=\"height: 22.3958px\">\n<td style=\"height: 22.3958px\" width=\"231\"><span style=\"color: #4d4d4d\">Dimensiones contra\u00eddas:<\/span><\/td>\n<td style=\"height: 22.3958px\" width=\"363\">57 cm<\/td>\n<\/tr>\n<tr>\n<td><span style=\"color: #4d4d4d\">Altura m\u00e1xima del Monopie: <span style=\"white-space: pre\"> <br \/><\/span><\/span><\/td>\n<td>250 cm<\/td>\n<\/tr>\n<tr style=\"height: 22.3958px\">\n<td style=\"height: 22.3958px\" width=\"231\"><span style=\"color: #4d4d4d\">Capacidad de carga:<\/span><\/td>\n<td style=\"height: 22.3958px\" width=\"363\"><span style=\"color: #4d4d4d\">10 kg<\/span><\/td>\n<\/tr>\n<tr style=\"height: 22.3958px\">\n<td style=\"height: 22.3958px\" width=\"231\"><span style=\"color: #4d4d4d\">Peso:<\/span><\/td>\n<td style=\"height: 22.3958px\" width=\"363\">2.025 kg<\/td>\n<\/tr>\n<\/tbody>\n<\/table>\n","protected":false},"excerpt":{"rendered":"<p>Tr\u00edpode de aleaci\u00f3n de aluminio SA254T1 K&amp;F CONCEPT (con monopie) + cabeza de r\u00f3tula KF09.086V1 Contenido del paquete: 1 x<\/p>\n","protected":false},"featured_media":65001,"comment_status":"closed","ping_status":"open","template":"","meta":{"_acf_changed":false},"product_brand":[2562],"product_cat":[1092],"product_tag":[],"class_list":{"0":"post-74748","1":"product","2":"type-product","3":"status-publish","4":"has-post-thumbnail","6":"product_brand-kf-concept-es","7":"product_cat-kits-foto-es","9":"first","10":"outofstock","11":"taxable","12":"shipping-taxable","13":"purchasable","14":"product-type-simple"},"bundled_by":[],"bundle_stock_status":"outofstock","bundle_stock_quantity":0,"bundle_virtual":false,"bundle_layout":"","bundle_add_to_cart_form_location":"","bundle_editable_in_cart":false,"bundle_sold_individually_context":"","bundle_item_grouping":"","bundle_min_size":"","bundle_max_size":"","bundle_price":[],"bundled_items":[],"bundle_sell_ids":[],"acf":[],"_links":{"self":[{"href":"https:\/\/hi-techwonder.com\/es\/wp-json\/wp\/v2\/product\/74748","targetHints":{"allow":["GET"]}}],"collection":[{"href":"https:\/\/hi-techwonder.com\/es\/wp-json\/wp\/v2\/product"}],"about":[{"href":"https:\/\/hi-techwonder.com\/es\/wp-json\/wp\/v2\/types\/product"}],"replies":[{"embeddable":true,"href":"https:\/\/hi-techwonder.com\/es\/wp-json\/wp\/v2\/comments?post=74748"}],"wp:featuredmedia":[{"embeddable":true,"href":"https:\/\/hi-techwonder.com\/es\/wp-json\/wp\/v2\/media\/65001"}],"wp:attachment":[{"href":"https:\/\/hi-techwonder.com\/es\/wp-json\/wp\/v2\/media?parent=74748"}],"wp:term":[{"taxonomy":"product_brand","embeddable":true,"href":"https:\/\/hi-techwonder.com\/es\/wp-json\/wp\/v2\/product_brand?post=74748"},{"taxonomy":"product_cat","embeddable":true,"href":"https:\/\/hi-techwonder.com\/es\/wp-json\/wp\/v2\/product_cat?post=74748"},{"taxonomy":"product_tag","embeddable":true,"href":"https:\/\/hi-techwonder.com\/es\/wp-json\/wp\/v2\/product_tag?post=74748"}],"curies":[{"name":"wp","href":"https:\/\/api.w.org\/{rel}","templated":true}]}}