{"id":74749,"date":"2025-07-29T10:30:45","date_gmt":"2025-07-29T10:30:45","guid":{"rendered":"https:\/\/fv6qoy3ls0.wpdns.site\/product\/kf-concept-ms02-mini-tripode-para-smartphone-selfie-stick-negro\/"},"modified":"2026-05-05T16:40:28","modified_gmt":"2026-05-05T15:40:28","slug":"kf-concept-ms02-mini-tripode-para-smartphone-selfie-stick-negro","status":"publish","type":"product","link":"https:\/\/hi-techwonder.com\/es\/producto\/kf-concept-ms02-mini-tripode-para-smartphone-selfie-stick-negro\/","title":{"rendered":"K&amp;F CONCEPT MS02 Mini Tr\u00edpode para Smartphone Selfie Stick &#8211; Negro"},"content":{"rendered":"<h3>K&amp;F CONCEPT MS02 Mini Tr\u00edpode para Smartphone Selfie Stick &#8211; Negro<\/h3>\n<ul>\n<li>Tr\u00edpode compacto con r\u00f3tula esf\u00e9rica<\/li>\n<li>Soporte Bluetooth<\/li>\n<li>Rosca de c\u00e1mara est\u00e1ndar de 1\/4&#8243;-20<\/li>\n<li>Patas plegables para uso port\u00e1til<\/li>\n<li>Altura m\u00e1xima: 34cm<\/li>\n<li>Capacidad de carga: 2kg<\/li>\n<li>Construcci\u00f3n de pl\u00e1stico ligero<\/li>\n<\/ul>\n<p>El tr\u00edpode de escritorio Bluetooth K&amp;F Concept es un tr\u00edpode liviano y amigable para vlogs que se puede usar tanto en el escritorio como en la mano. Este tr\u00edpode admite c\u00e1maras de hasta 2 kg a trav\u00e9s de una rosca est\u00e1ndar de 1\/4&#8243;-20 y se extiende hasta una altura m\u00e1xima de 34 cm. Adem\u00e1s, las fotos se pueden capturar de forma remota a trav\u00e9s de una conexi\u00f3n Bluetooth hasta unos 10 m de distancia.  <\/p>\n<ul>\n<li>La altura m\u00e1xima alcanza los 34 cm y admite el ajuste de las patas en 5 secciones, por lo que puede ajustar la altura requerida arbitrariamente. Este cabezal de tr\u00edpode soporta una capacidad de carga de 2kg y es adecuado para las necesidades de la mayor\u00eda de las c\u00e1maras sin espejo, tel\u00e9fonos m\u00f3viles y otros equipos. <\/li>\n<li>La r\u00f3tula esf\u00e9rica tiene la capacidad de girar 360 grados horizontalmente e inclinarse 90 grados verticalmente, lo que permite una cobertura de disparo completa. Ya sea que est\u00e9 fotografiando paisajes, personas o escenas deportivas, puede capturar f\u00e1cilmente el \u00e1ngulo y el campo de visi\u00f3n deseados. <\/li>\n<li>Hay una interfaz de 1\/4&#8243; en la parte superior, que se puede conectar a cualquier dispositivo para que los usuarios disparen y apoyen. El tubo modificado tiene un anillo de goma amortiguador integrado, lo que hace que todo el tubo el\u00e1stico sea m\u00e1s estable y resistente. <\/li>\n<li>El tr\u00edpode adopta un marco fijo agrandado y una almohadilla de silicona antideslizante en la parte inferior para un soporte m\u00e1s estable. Pesa solo 97 g y es f\u00e1cil de transportar, adecuado para viajes y disparos al aire libre. <\/li>\n<li>Se proporciona un control remoto Bluetooth gratuito, que se puede emparejar r\u00e1pidamente sin contrase\u00f1a y admite tomar fotos o grabar videos libremente dentro de un radio de 10 metros. Puede funcionar de forma continua durante 10 horas. <\/li>\n<\/ul>\n<h4>Caracter\u00edsticas t\u00e9cnicas<\/h4>\n<div class=\"group_fDXOr6EpR9\" style=\"box-sizing: inherit; margin-bottom: 2.1875rem; font-family: OpenSans, 'Segoe UI', Helvetica, Roboto, Arial, sans-serif; font-size: 16px; background-color: #ffffff;\">\n<div class=\"name_fDXOr6EpR9\" style=\"box-sizing: inherit; border-bottom: 0.125rem solid #cccccc; color: #3f9a59; font-size: 2rem; line-height: 2rem; padding: 1rem 0px 0.875rem;\" data-selenium=\"specsItemGroupName\"><em>C\u00e1mara \/ Dispositivo de sujeci\u00f3n<\/em><\/div>\n<table class=\"table_fDXOr6EpR9\" style=\"box-sizing: inherit; width: 936.657px;\" data-selenium=\"specsItemGroupTable\">\n<tbody style=\"box-sizing: inherit;\">\n<tr class=\"pair_KqJ3Q3GPKv\" style=\"box-sizing: inherit; border-bottom: 0.0625rem solid #e5e5e5;\" data-selenium=\"specsItemGroupTableRow\">\n<td class=\"label_KqJ3Q3GPKv \" style=\"box-sizing: inherit; border-top: none; padding: 1.25rem 0px; width: 355.928px; color: #666666; font-size: 1.125rem; line-height: 1.375rem; vertical-align: baseline;\" data-selenium=\"specsItemGroupTableColumnLabel\">Tornillo de montaje de la c\u00e1mara<\/td>\n<td class=\"value_KqJ3Q3GPKv \" style=\"box-sizing: inherit; color: #666666; font-size: 1.125rem; line-height: 1.375rem; vertical-align: baseline; padding: 1.25rem 0px 1.25rem 2.5rem;\" data-selenium=\"specsItemGroupTableColumnValue\">\n<div class=\"expandableValue_KqJ3Q3GPKv\" style=\"box-sizing: inherit;\">1\/4&#8243;-20 Macho<\/div>\n<\/td>\n<\/tr>\n<tr class=\"pair_KqJ3Q3GPKv\" style=\"box-sizing: inherit; border-bottom: 0.0625rem solid #e5e5e5;\" data-selenium=\"specsItemGroupTableRow\">\n<td class=\"label_KqJ3Q3GPKv\" style=\"box-sizing: inherit; border-top: none; padding: 1.25rem 0px; width: 355.928px; color: #666666; font-size: 1.125rem; line-height: 1.375rem; vertical-align: baseline;\" data-selenium=\"specsItemGroupTableColumnLabel\">Dispositivos compatibles<\/td>\n<td class=\"value_KqJ3Q3GPKv\" style=\"box-sizing: inherit; color: #666666; font-size: 1.125rem; line-height: 1.375rem; vertical-align: baseline; padding: 1.25rem 0px 1.25rem 2.5rem;\" data-selenium=\"specsItemGroupTableColumnValue\">\n<div class=\"expandableValue_KqJ3Q3GPKv\" style=\"box-sizing: inherit;\">Smartphone (4,4 a 7,2&#8243; \/ 11,2 a 18,3 cmAncho) a trav\u00e9s de la abrazadera incluida con rosca hembra de 1\/4&#8243;-20 \/ Zapata fr\u00eda<\/div>\n<\/td>\n<\/tr>\n<\/tbody>\n<\/table>\n<\/div>\n<div class=\"group_fDXOr6EpR9\" style=\"box-sizing: inherit; margin-bottom: 2.1875rem; font-family: OpenSans, 'Segoe UI', Helvetica, Roboto, Arial, sans-serif; font-size: 16px; background-color: #ffffff;\">\n<div class=\"name_fDXOr6EpR9\" style=\"box-sizing: inherit; border-bottom: 0.125rem solid #cccccc; color: #3f9a59; font-size: 2rem; line-height: 2rem; padding: 1rem 0px 0.875rem;\" data-selenium=\"specsItemGroupName\"><em>Cabeza<\/em><\/div>\n<table class=\"table_fDXOr6EpR9\" style=\"box-sizing: inherit; width: 936.657px;\" data-selenium=\"specsItemGroupTable\">\n<tbody style=\"box-sizing: inherit;\">\n<tr class=\"pair_KqJ3Q3GPKv\" style=\"box-sizing: inherit; border-bottom: 0.0625rem solid #e5e5e5;\" data-selenium=\"specsItemGroupTableRow\">\n<td class=\"label_KqJ3Q3GPKv \" style=\"box-sizing: inherit; border-top: none; padding: 1.25rem 0px; width: 355.928px; color: #666666; font-size: 1.125rem; line-height: 1.375rem; vertical-align: baseline;\" data-selenium=\"specsItemGroupTableColumnLabel\">Tipo de cabeza<\/td>\n<td class=\"value_KqJ3Q3GPKv \" style=\"box-sizing: inherit; color: #666666; font-size: 1.125rem; line-height: 1.375rem; vertical-align: baseline; padding: 1.25rem 0px 1.25rem 2.5rem;\" data-selenium=\"specsItemGroupTableColumnValue\">\n<div class=\"expandableValue_KqJ3Q3GPKv\" style=\"box-sizing: inherit;\">Cabeza de bola<\/div>\n<\/td>\n<\/tr>\n<tr class=\"pair_KqJ3Q3GPKv\" style=\"box-sizing: inherit; border-bottom: 0.0625rem solid #e5e5e5;\" data-selenium=\"specsItemGroupTableRow\">\n<td class=\"label_KqJ3Q3GPKv\" style=\"box-sizing: inherit; border-top: none; padding: 1.25rem 0px; width: 355.928px; color: #666666; font-size: 1.125rem; line-height: 1.375rem; vertical-align: baseline;\" data-selenium=\"specsItemGroupTableColumnLabel\">Nivel de burbuja<\/td>\n<td class=\"value_KqJ3Q3GPKv\" style=\"box-sizing: inherit; color: #666666; font-size: 1.125rem; line-height: 1.375rem; vertical-align: baseline; padding: 1.25rem 0px 1.25rem 2.5rem;\" data-selenium=\"specsItemGroupTableColumnValue\">\n<div class=\"expandableValue_KqJ3Q3GPKv\" style=\"box-sizing: inherit;\">No<\/div>\n<\/td>\n<\/tr>\n<\/tbody>\n<\/table>\n<\/div>\n<div class=\"group_fDXOr6EpR9\" style=\"box-sizing: inherit; margin-bottom: 2.1875rem; font-family: OpenSans, 'Segoe UI', Helvetica, Roboto, Arial, sans-serif; font-size: 16px; background-color: #ffffff;\">\n<div class=\"name_fDXOr6EpR9\" style=\"box-sizing: inherit; border-bottom: 0.125rem solid #cccccc; color: #3f9a59; font-size: 2rem; line-height: 2rem; padding: 1rem 0px 0.875rem;\" data-selenium=\"specsItemGroupName\"><em>Panor\u00e1mica e inclinaci\u00f3n<\/em><\/div>\n<table class=\"table_fDXOr6EpR9\" style=\"box-sizing: inherit; width: 936.657px;\" data-selenium=\"specsItemGroupTable\">\n<tbody style=\"box-sizing: inherit;\">\n<tr class=\"pair_KqJ3Q3GPKv\" style=\"box-sizing: inherit; border-bottom: 0.0625rem solid #e5e5e5;\" data-selenium=\"specsItemGroupTableRow\">\n<td class=\"label_KqJ3Q3GPKv \" style=\"box-sizing: inherit; border-top: none; padding: 1.25rem 0px; width: 355.928px; color: #666666; font-size: 1.125rem; line-height: 1.375rem; vertical-align: baseline;\" data-selenium=\"specsItemGroupTableColumnLabel\">Control de fricci\u00f3n<\/td>\n<td class=\"value_KqJ3Q3GPKv \" style=\"box-sizing: inherit; color: #666666; font-size: 1.125rem; line-height: 1.375rem; vertical-align: baseline; padding: 1.25rem 0px 1.25rem 2.5rem;\" data-selenium=\"specsItemGroupTableColumnValue\">\n<div class=\"expandableValue_KqJ3Q3GPKv\" style=\"box-sizing: inherit;\">No<\/div>\n<\/td>\n<\/tr>\n<tr class=\"pair_KqJ3Q3GPKv\" style=\"box-sizing: inherit; border-bottom: 0.0625rem solid #e5e5e5;\" data-selenium=\"specsItemGroupTableRow\">\n<td class=\"label_KqJ3Q3GPKv\" style=\"box-sizing: inherit; border-top: none; padding: 1.25rem 0px; width: 355.928px; color: #666666; font-size: 1.125rem; line-height: 1.375rem; vertical-align: baseline;\" data-selenium=\"specsItemGroupTableColumnLabel\">Inclinaci\u00f3n vertical<\/td>\n<td class=\"value_KqJ3Q3GPKv\" style=\"box-sizing: inherit; color: #666666; font-size: 1.125rem; line-height: 1.375rem; vertical-align: baseline; padding: 1.25rem 0px 1.25rem 2.5rem;\" data-selenium=\"specsItemGroupTableColumnValue\">\n<div class=\"expandableValue_KqJ3Q3GPKv\" style=\"box-sizing: inherit;\">90\u00b0<\/div>\n<\/td>\n<\/tr>\n<tr class=\"pair_KqJ3Q3GPKv\" style=\"box-sizing: inherit; border-bottom: 0.0625rem solid #e5e5e5;\" data-selenium=\"specsItemGroupTableRow\">\n<td class=\"label_KqJ3Q3GPKv\" style=\"box-sizing: inherit; border-top: none; padding: 1.25rem 0px; width: 355.928px; color: #666666; font-size: 1.125rem; line-height: 1.375rem; vertical-align: baseline;\" data-selenium=\"specsItemGroupTableColumnLabel\">Rango de panor\u00e1mica<\/td>\n<td class=\"value_KqJ3Q3GPKv\" style=\"box-sizing: inherit; color: #666666; font-size: 1.125rem; line-height: 1.375rem; vertical-align: baseline; padding: 1.25rem 0px 1.25rem 2.5rem;\" data-selenium=\"specsItemGroupTableColumnValue\">\n<div class=\"expandableValue_KqJ3Q3GPKv\" style=\"box-sizing: inherit;\">360\u00b0<\/div>\n<\/td>\n<\/tr>\n<tr class=\"pair_KqJ3Q3GPKv\" style=\"box-sizing: inherit; border-bottom: 0.0625rem solid #e5e5e5;\" data-selenium=\"specsItemGroupTableRow\">\n<td class=\"label_KqJ3Q3GPKv\" style=\"box-sizing: inherit; border-top: none; padding: 1.25rem 0px; width: 355.928px; color: #666666; font-size: 1.125rem; line-height: 1.375rem; vertical-align: baseline;\" data-selenium=\"specsItemGroupTableColumnLabel\">Bloqueo independiente de la panor\u00e1mica<\/td>\n<td class=\"value_KqJ3Q3GPKv\" style=\"box-sizing: inherit; color: #666666; font-size: 1.125rem; line-height: 1.375rem; vertical-align: baseline; padding: 1.25rem 0px 1.25rem 2.5rem;\" data-selenium=\"specsItemGroupTableColumnValue\">\n<div class=\"expandableValue_KqJ3Q3GPKv\" style=\"box-sizing: inherit;\">No<\/div>\n<\/td>\n<\/tr>\n<tr class=\"pair_KqJ3Q3GPKv\" style=\"box-sizing: inherit; border-bottom: 0.0625rem solid #e5e5e5;\" data-selenium=\"specsItemGroupTableRow\">\n<td class=\"label_KqJ3Q3GPKv\" style=\"box-sizing: inherit; border-top: none; padding: 1.25rem 0px; width: 355.928px; color: #666666; font-size: 1.125rem; line-height: 1.375rem; vertical-align: baseline;\" data-selenium=\"specsItemGroupTableColumnLabel\">Bloqueo de inclinaci\u00f3n independiente<\/td>\n<td class=\"value_KqJ3Q3GPKv\" style=\"box-sizing: inherit; color: #666666; font-size: 1.125rem; line-height: 1.375rem; vertical-align: baseline; padding: 1.25rem 0px 1.25rem 2.5rem;\" data-selenium=\"specsItemGroupTableColumnValue\">\n<div class=\"expandableValue_KqJ3Q3GPKv\" style=\"box-sizing: inherit;\">No<\/div>\n<\/td>\n<\/tr>\n<\/tbody>\n<\/table>\n<\/div>\n<div class=\"group_fDXOr6EpR9\" style=\"box-sizing: inherit; margin-bottom: 2.1875rem; font-family: OpenSans, 'Segoe UI', Helvetica, Roboto, Arial, sans-serif; font-size: 16px; background-color: #ffffff;\">\n<div class=\"name_fDXOr6EpR9\" style=\"box-sizing: inherit; border-bottom: 0.125rem solid #cccccc; color: #3f9a59; font-size: 2rem; line-height: 2rem; padding: 1rem 0px 0.875rem;\" data-selenium=\"specsItemGroupName\"><em>General<\/em><\/div>\n<table class=\"table_fDXOr6EpR9\" style=\"box-sizing: inherit; width: 936.657px;\" data-selenium=\"specsItemGroupTable\">\n<tbody style=\"box-sizing: inherit;\">\n<tr class=\"pair_KqJ3Q3GPKv\" style=\"box-sizing: inherit; border-bottom: 0.0625rem solid #e5e5e5;\" data-selenium=\"specsItemGroupTableRow\">\n<td class=\"label_KqJ3Q3GPKv \" style=\"box-sizing: inherit; border-top: none; padding: 1.25rem 0px; width: 355.928px; color: #666666; font-size: 1.125rem; line-height: 1.375rem; vertical-align: baseline;\" data-selenium=\"specsItemGroupTableColumnLabel\">Capacidad de carga<\/td>\n<td class=\"value_KqJ3Q3GPKv \" style=\"box-sizing: inherit; color: #666666; font-size: 1.125rem; line-height: 1.375rem; vertical-align: baseline; padding: 1.25rem 0px 1.25rem 2.5rem;\" data-selenium=\"specsItemGroupTableColumnValue\">\n<div class=\"expandableValue_KqJ3Q3GPKv\" style=\"box-sizing: inherit;\">2 kg<\/div>\n<\/td>\n<\/tr>\n<tr class=\"pair_KqJ3Q3GPKv\" style=\"box-sizing: inherit; border-bottom: 0.0625rem solid #e5e5e5;\" data-selenium=\"specsItemGroupTableRow\">\n<td class=\"label_KqJ3Q3GPKv\" style=\"box-sizing: inherit; border-top: none; padding: 1.25rem 0px; width: 355.928px; color: #666666; font-size: 1.125rem; line-height: 1.375rem; vertical-align: baseline;\" data-selenium=\"specsItemGroupTableColumnLabel\">Altura m\u00e1xima de trabajo<\/td>\n<td class=\"value_KqJ3Q3GPKv\" style=\"box-sizing: inherit; color: #666666; font-size: 1.125rem; line-height: 1.375rem; vertical-align: baseline; padding: 1.25rem 0px 1.25rem 2.5rem;\" data-selenium=\"specsItemGroupTableColumnValue\">\n<div class=\"expandableValue_KqJ3Q3GPKv\" style=\"box-sizing: inherit;\">34 cm<\/div>\n<\/td>\n<\/tr>\n<tr class=\"pair_KqJ3Q3GPKv\" style=\"box-sizing: inherit; border-bottom: 0.0625rem solid #e5e5e5;\" data-selenium=\"specsItemGroupTableRow\">\n<td class=\"label_KqJ3Q3GPKv\" style=\"box-sizing: inherit; border-top: none; padding: 1.25rem 0px; width: 355.928px; color: #666666; font-size: 1.125rem; line-height: 1.375rem; vertical-align: baseline;\" data-selenium=\"specsItemGroupTableColumnLabel\">Altura m\u00ednima de trabajo<\/td>\n<td class=\"value_KqJ3Q3GPKv\" style=\"box-sizing: inherit; color: #666666; font-size: 1.125rem; line-height: 1.375rem; vertical-align: baseline; padding: 1.25rem 0px 1.25rem 2.5rem;\" data-selenium=\"specsItemGroupTableColumnValue\">\n<div class=\"expandableValue_KqJ3Q3GPKv\" style=\"box-sizing: inherit;\">13 cm<\/div>\n<\/td>\n<\/tr>\n<tr class=\"pair_KqJ3Q3GPKv\" style=\"box-sizing: inherit; border-bottom: 0.0625rem solid #e5e5e5;\" data-selenium=\"specsItemGroupTableRow\">\n<td class=\"label_KqJ3Q3GPKv\" style=\"box-sizing: inherit; border-top: none; padding: 1.25rem 0px; width: 355.928px; color: #666666; font-size: 1.125rem; line-height: 1.375rem; vertical-align: baseline;\" data-selenium=\"specsItemGroupTableColumnLabel\">Longitud cerrada<\/td>\n<td class=\"value_KqJ3Q3GPKv\" style=\"box-sizing: inherit; color: #666666; font-size: 1.125rem; line-height: 1.375rem; vertical-align: baseline; padding: 1.25rem 0px 1.25rem 2.5rem;\" data-selenium=\"specsItemGroupTableColumnValue\">\n<div class=\"expandableValue_KqJ3Q3GPKv\" style=\"box-sizing: inherit;\">12,5 cm<\/div>\n<\/td>\n<\/tr>\n<tr class=\"pair_KqJ3Q3GPKv\" style=\"box-sizing: inherit; border-bottom: 0.0625rem solid #e5e5e5;\" data-selenium=\"specsItemGroupTableRow\">\n<td class=\"label_KqJ3Q3GPKv\" style=\"box-sizing: inherit; border-top: none; padding: 1.25rem 0px; width: 355.928px; color: #666666; font-size: 1.125rem; line-height: 1.375rem; vertical-align: baseline;\" data-selenium=\"specsItemGroupTableColumnLabel\">Materiales<\/td>\n<td class=\"value_KqJ3Q3GPKv\" style=\"box-sizing: inherit; color: #666666; font-size: 1.125rem; line-height: 1.375rem; vertical-align: baseline; padding: 1.25rem 0px 1.25rem 2.5rem;\" data-selenium=\"specsItemGroupTableColumnValue\">\n<div class=\"expandableValue_KqJ3Q3GPKv\" style=\"box-sizing: inherit;\">Aleaci\u00f3n de aluminio, pl\u00e1stico<\/div>\n<\/td>\n<\/tr>\n<tr class=\"pair_KqJ3Q3GPKv\" style=\"box-sizing: inherit; border-bottom: 0.0625rem solid #e5e5e5;\" data-selenium=\"specsItemGroupTableRow\">\n<td class=\"label_KqJ3Q3GPKv\" style=\"box-sizing: inherit; border-top: none; padding: 1.25rem 0px; width: 355.928px; color: #666666; font-size: 1.125rem; line-height: 1.375rem; vertical-align: baseline;\" data-selenium=\"specsItemGroupTableColumnLabel\">Peso<\/td>\n<td class=\"value_KqJ3Q3GPKv\" style=\"box-sizing: inherit; color: #666666; font-size: 1.125rem; line-height: 1.375rem; vertical-align: baseline; padding: 1.25rem 0px 1.25rem 2.5rem;\" data-selenium=\"specsItemGroupTableColumnValue\">\n<div class=\"expandableValue_KqJ3Q3GPKv\" style=\"box-sizing: inherit;\">97 gramos<\/div>\n<\/td>\n<\/tr>\n<\/tbody>\n<\/table>\n<\/div>\n<div class=\"group_fDXOr6EpR9\" style=\"box-sizing: inherit; margin-bottom: 2.1875rem; font-family: OpenSans, 'Segoe UI', Helvetica, Roboto, Arial, sans-serif; font-size: 16px; background-color: #ffffff;\">\n<div class=\"name_fDXOr6EpR9\" style=\"box-sizing: inherit; border-bottom: 0.125rem solid #cccccc; color: #3f9a59; font-size: 2rem; line-height: 2rem; padding: 1rem 0px 0.875rem;\" data-selenium=\"specsItemGroupName\"><em>Piernas<\/em><\/div>\n<table class=\"table_fDXOr6EpR9\" style=\"box-sizing: inherit; width: 936.657px;\" data-selenium=\"specsItemGroupTable\">\n<tbody style=\"box-sizing: inherit;\">\n<tr class=\"pair_KqJ3Q3GPKv\" style=\"box-sizing: inherit; border-bottom: 0.0625rem solid #e5e5e5;\" data-selenium=\"specsItemGroupTableRow\">\n<td class=\"label_KqJ3Q3GPKv \" style=\"box-sizing: inherit; border-top: none; padding: 1.25rem 0px; width: 355.928px; color: #666666; font-size: 1.125rem; line-height: 1.375rem; vertical-align: baseline;\" data-selenium=\"specsItemGroupTableColumnLabel\">Tipo de bloqueo de patas<\/td>\n<td class=\"value_KqJ3Q3GPKv \" style=\"box-sizing: inherit; color: #666666; font-size: 1.125rem; line-height: 1.375rem; vertical-align: baseline; padding: 1.25rem 0px 1.25rem 2.5rem;\" data-selenium=\"specsItemGroupTableColumnValue\">\n<div class=\"expandableValue_KqJ3Q3GPKv\" style=\"box-sizing: inherit;\">Ninguno<\/div>\n<\/td>\n<\/tr>\n<tr class=\"pair_KqJ3Q3GPKv\" style=\"box-sizing: inherit; border-bottom: 0.0625rem solid #e5e5e5;\" data-selenium=\"specsItemGroupTableRow\">\n<td class=\"label_KqJ3Q3GPKv\" style=\"box-sizing: inherit; border-top: none; padding: 1.25rem 0px; width: 355.928px; color: #666666; font-size: 1.125rem; line-height: 1.375rem; vertical-align: baseline;\" data-selenium=\"specsItemGroupTableColumnLabel\">Di\u00e1metro de la pierna<\/td>\n<td class=\"value_KqJ3Q3GPKv\" style=\"box-sizing: inherit; color: #666666; font-size: 1.125rem; line-height: 1.375rem; vertical-align: baseline; padding: 1.25rem 0px 1.25rem 2.5rem;\" data-selenium=\"specsItemGroupTableColumnValue\">\n<div class=\"expandableValue_KqJ3Q3GPKv\" style=\"box-sizing: inherit;\">16 mm (m\u00e1ximo)<br style=\"box-sizing: inherit;\">7 mm (m\u00ednimo)<\/div>\n<\/td>\n<\/tr>\n<tr class=\"pair_KqJ3Q3GPKv\" style=\"box-sizing: inherit; border-bottom: 0.0625rem solid #e5e5e5;\" data-selenium=\"specsItemGroupTableRow\">\n<td class=\"label_KqJ3Q3GPKv\" style=\"box-sizing: inherit; border-top: none; padding: 1.25rem 0px; width: 355.928px; color: #666666; font-size: 1.125rem; line-height: 1.375rem; vertical-align: baseline;\" data-selenium=\"specsItemGroupTableColumnLabel\">Caracter\u00edsticas de los pies<\/td>\n<td class=\"value_KqJ3Q3GPKv\" style=\"box-sizing: inherit; color: #666666; font-size: 1.125rem; line-height: 1.375rem; vertical-align: baseline; padding: 1.25rem 0px 1.25rem 2.5rem;\" data-selenium=\"specsItemGroupTableColumnValue\">\n<div class=\"expandableValue_KqJ3Q3GPKv\" style=\"box-sizing: inherit;\">Caucho<\/div>\n<\/td>\n<\/tr>\n<\/tbody>\n<\/table>\n<\/div>\n<div class=\"group_fDXOr6EpR9\" style=\"box-sizing: inherit; margin-bottom: 2.1875rem; font-family: OpenSans, 'Segoe UI', Helvetica, Roboto, Arial, sans-serif; font-size: 16px; background-color: #ffffff;\">\n<div class=\"name_fDXOr6EpR9\" style=\"box-sizing: inherit; border-bottom: 0.125rem solid #cccccc; color: #3f9a59; font-size: 2rem; line-height: 2rem; padding: 1rem 0px 0.875rem;\" data-selenium=\"specsItemGroupName\">Columna central<\/div>\n<table class=\"table_fDXOr6EpR9\" style=\"box-sizing: inherit; width: 936.657px;\" data-selenium=\"specsItemGroupTable\">\n<tbody style=\"box-sizing: inherit;\">\n<tr class=\"pair_KqJ3Q3GPKv\" style=\"box-sizing: inherit; border-bottom: 0.0625rem solid #e5e5e5;\" data-selenium=\"specsItemGroupTableRow\">\n<td class=\"label_KqJ3Q3GPKv \" style=\"box-sizing: inherit; border-top: none; padding: 1.25rem 0px; width: 355.928px; color: #666666; font-size: 1.125rem; line-height: 1.375rem; vertical-align: baseline;\" data-selenium=\"specsItemGroupTableColumnLabel\">Forma de columna central<\/td>\n<td class=\"value_KqJ3Q3GPKv \" style=\"box-sizing: inherit; color: #666666; font-size: 1.125rem; line-height: 1.375rem; vertical-align: baseline; padding: 1.25rem 0px 1.25rem 2.5rem;\" data-selenium=\"specsItemGroupTableColumnValue\">\n<div class=\"expandableValue_KqJ3Q3GPKv\" style=\"box-sizing: inherit;\">Redondo<\/div>\n<\/td>\n<\/tr>\n<tr class=\"pair_KqJ3Q3GPKv\" style=\"box-sizing: inherit; border-bottom: 0.0625rem solid #e5e5e5;\" data-selenium=\"specsItemGroupTableRow\">\n<td class=\"label_KqJ3Q3GPKv\" style=\"box-sizing: inherit; border-top: none; padding: 1.25rem 0px; width: 355.928px; color: #666666; font-size: 1.125rem; line-height: 1.375rem; vertical-align: baseline;\" data-selenium=\"specsItemGroupTableColumnLabel\">Secciones centrales de la columna<\/td>\n<td class=\"value_KqJ3Q3GPKv\" style=\"box-sizing: inherit; color: #666666; font-size: 1.125rem; line-height: 1.375rem; vertical-align: baseline; padding: 1.25rem 0px 1.25rem 2.5rem;\" data-selenium=\"specsItemGroupTableColumnValue\">\n<div class=\"expandableValue_KqJ3Q3GPKv\" style=\"box-sizing: inherit;\">5<\/div>\n<\/td>\n<\/tr>\n<tr class=\"pair_KqJ3Q3GPKv\" style=\"box-sizing: inherit; border-bottom: 0.0625rem solid #e5e5e5;\" data-selenium=\"specsItemGroupTableRow\">\n<td class=\"label_KqJ3Q3GPKv\" style=\"box-sizing: inherit; border-top: none; padding: 1.25rem 0px; width: 355.928px; color: #666666; font-size: 1.125rem; line-height: 1.375rem; vertical-align: baseline;\" data-selenium=\"specsItemGroupTableColumnLabel\">Tipo de extensi\u00f3n de columna central<\/td>\n<td class=\"value_KqJ3Q3GPKv\" style=\"box-sizing: inherit; color: #666666; font-size: 1.125rem; line-height: 1.375rem; vertical-align: baseline; padding: 1.25rem 0px 1.25rem 2.5rem;\" data-selenium=\"specsItemGroupTableColumnValue\">\n<div class=\"expandableValue_KqJ3Q3GPKv\" style=\"box-sizing: inherit;\">R\u00e1pido<\/div>\n<\/td>\n<\/tr>\n<tr class=\"pair_KqJ3Q3GPKv\" style=\"box-sizing: inherit; border-bottom: 0.0625rem solid #e5e5e5;\" data-selenium=\"specsItemGroupTableRow\">\n<td class=\"label_KqJ3Q3GPKv\" style=\"box-sizing: inherit; border-top: none; padding: 1.25rem 0px; width: 355.928px; color: #666666; font-size: 1.125rem; line-height: 1.375rem; vertical-align: baseline;\" data-selenium=\"specsItemGroupTableColumnLabel\">Columna lateral \/ Columna central de 90 grados<\/td>\n<td class=\"value_KqJ3Q3GPKv\" style=\"box-sizing: inherit; color: #666666; font-size: 1.125rem; line-height: 1.375rem; vertical-align: baseline; padding: 1.25rem 0px 1.25rem 2.5rem;\" data-selenium=\"specsItemGroupTableColumnValue\">\n<div class=\"expandableValue_KqJ3Q3GPKv\" style=\"box-sizing: inherit;\">No<\/div>\n<\/td>\n<\/tr>\n<\/tbody>\n<\/table>\n<\/div>\n","protected":false},"excerpt":{"rendered":"<p>K&amp;F CONCEPT MS02 Mini Tr\u00edpode para Smartphone Selfie Stick &#8211; Negro Tr\u00edpode compacto con r\u00f3tula esf\u00e9rica Soporte Bluetooth Rosca de<\/p>\n","protected":false},"featured_media":64217,"comment_status":"closed","ping_status":"closed","template":"","meta":{"_acf_changed":false},"product_brand":[2562],"product_cat":[1093],"product_tag":[],"class_list":{"0":"post-74749","1":"product","2":"type-product","3":"status-publish","4":"has-post-thumbnail","6":"product_brand-kf-concept-es","7":"product_cat-mini-tripodes","9":"first","10":"instock","11":"taxable","12":"shipping-taxable","13":"purchasable","14":"product-type-simple"},"bundled_by":[],"bundle_stock_status":"instock","bundle_stock_quantity":2,"bundle_virtual":false,"bundle_layout":"","bundle_add_to_cart_form_location":"","bundle_editable_in_cart":false,"bundle_sold_individually_context":"","bundle_item_grouping":"","bundle_min_size":"","bundle_max_size":"","bundle_price":[],"bundled_items":[],"bundle_sell_ids":[],"acf":[],"_links":{"self":[{"href":"https:\/\/hi-techwonder.com\/es\/wp-json\/wp\/v2\/product\/74749","targetHints":{"allow":["GET"]}}],"collection":[{"href":"https:\/\/hi-techwonder.com\/es\/wp-json\/wp\/v2\/product"}],"about":[{"href":"https:\/\/hi-techwonder.com\/es\/wp-json\/wp\/v2\/types\/product"}],"replies":[{"embeddable":true,"href":"https:\/\/hi-techwonder.com\/es\/wp-json\/wp\/v2\/comments?post=74749"}],"wp:featuredmedia":[{"embeddable":true,"href":"https:\/\/hi-techwonder.com\/es\/wp-json\/wp\/v2\/media\/64217"}],"wp:attachment":[{"href":"https:\/\/hi-techwonder.com\/es\/wp-json\/wp\/v2\/media?parent=74749"}],"wp:term":[{"taxonomy":"product_brand","embeddable":true,"href":"https:\/\/hi-techwonder.com\/es\/wp-json\/wp\/v2\/product_brand?post=74749"},{"taxonomy":"product_cat","embeddable":true,"href":"https:\/\/hi-techwonder.com\/es\/wp-json\/wp\/v2\/product_cat?post=74749"},{"taxonomy":"product_tag","embeddable":true,"href":"https:\/\/hi-techwonder.com\/es\/wp-json\/wp\/v2\/product_tag?post=74749"}],"curies":[{"name":"wp","href":"https:\/\/api.w.org\/{rel}","templated":true}]}}