{"id":74756,"date":"2025-07-29T00:07:51","date_gmt":"2025-07-29T00:07:51","guid":{"rendered":"https:\/\/fv6qoy3ls0.wpdns.site\/product\/kf-concept-kf13-134v4-concept-nature-wander-08-mochila-22l\/"},"modified":"2025-09-04T19:47:52","modified_gmt":"2025-09-04T19:47:52","slug":"kf-concept-kf13-134v4-concept-nature-wander-08-mochila-22l","status":"publish","type":"product","link":"https:\/\/hi-techwonder.com\/es\/producto\/kf-concept-kf13-134v4-concept-nature-wander-08-mochila-22l\/","title":{"rendered":"K&amp;F CONCEPT KF13.134V4 Concept Nature Wander 08 Mochila &#8211; 22L"},"content":{"rendered":"<p data-start=\"426\" data-end=\"499\"><strong data-start=\"426\" data-end=\"499\">K&amp;F CONCEPT KF13.134V4 Concept Nature Wander 08 &#8211; 22L Gris oscuro<\/strong><\/p>\n<p data-start=\"426\" data-end=\"499\"><strong data-start=\"426\" data-end=\"499\"><br \/><\/strong><\/p>\n<p data-start=\"426\" data-end=\"499\"><font color=\"#ff9c00\" style=\"\">KF13.134V4<\/font><\/p>\n<p data-start=\"426\" data-end=\"499\"><strong data-start=\"426\" data-end=\"499\"><br \/><\/strong><\/p>\n<p data-start=\"501\" data-end=\"1415\"><strong data-start=\"501\" data-end=\"519\">Funciones<\/strong><br data-start=\"519\" data-end=\"522\">\u2022 . Mochila fotogr\u00e1fica multifuncional con capacidad de 22L y compartimento dedicado para port\u00e1til de hasta 15,6\u00bb<br data-start=\"631\" data-end=\"634\">\u2022 . Apertura frontal r\u00edgida de acceso total con organizaci\u00f3n modular interna<br data-start=\"708\" data-end=\"711\">\u2022 . Interior personalizable con divisores ajustables para c\u00e1maras DSLR\/SLR\/mirrorless, flashes y lentes<br data-start=\"817\" data-end=\"820\">\u2022 . Compartimento trasero acolchado para <b>port\u00e1til de hasta 15,6 pulgadas<\/b><br data-start=\"889\" data-end=\"892\">\u2022 . Parte delantera r\u00edgida de material EVA moldeado para una m\u00e1xima protecci\u00f3n contra impactos <br data-start=\"969\" data-end=\"972\">\u2022 . Espacio dedicado para tr\u00edpode con correa de sujeci\u00f3n lateral y bolsa lateral para botella o paraguas<br data-start=\"1074\" data-end=\"1077\">\u2022 . Panel trasero acolchado, transpirable y ergon\u00f3mico con correas ajustables (50-98 cm) para una comodidad duradera<br data-start=\"1188\" data-end=\"1191\" data-is-only-node=\"\">\u2022 . Bolsillo trasero oculto con cremallera para objetos de valor como tel\u00e9fono o billetera<br data-start=\"1272\" data-end=\"1275\">\u2022 . Incluye cubierta impermeable para mayor protecci\u00f3n contra el polvo y la lluvia<br data-start=\"1347\" data-end=\"1350\">\u2022 . Dise\u00f1o elegante con asa trasera para el transporte en carro<\/p>\n<p data-start=\"501\" data-end=\"1415\"><\/p>\n<p data-start=\"1417\" data-end=\"1548\"><strong data-start=\"1417\" data-end=\"1442\">Contenido del paquete<\/strong><br data-start=\"1442\" data-end=\"1445\">\u2022 . K&amp;F CONCEPT KF13.134V4 Concept Nature Wander 08 Mochila de fotos<br data-start=\"1515\" data-end=\"1518\">\u2022 . Cubierta impermeable incluida<\/p>\n<p data-start=\"1417\" data-end=\"1548\"><img decoding=\"async\" src=\"https:\/\/img.kentfaith.com\/catalog\/prod\/KF13.134V4\/KF13.134V4-us\/KF13.134V4_08.jpg\" style=\"width: 999px;\" alt=\"\"><\/p>\n<p data-start=\"1417\" data-end=\"1548\"><\/p>\n<p data-start=\"1550\" data-end=\"2647\"><strong data-start=\"1550\" data-end=\"1563\">Descripci\u00f3n<\/strong><br data-start=\"1563\" data-end=\"1566\">\u2022 . La K&amp;F CONCEPT KF13.134V4 Concept Nature Wander 08 es una mochila vers\u00e1til y elegante dise\u00f1ada para fot\u00f3grafos exigentes que necesitan una protecci\u00f3n s\u00f3lida y una organizaci\u00f3n pr\u00e1ctica al llevar su equipo.<br data-start=\"1779\" data-end=\"1782\">\u2022 . Con una capacidad total de 22L y una estructura r\u00edgida de EVA, esta mochila garantiza la seguridad de tus dispositivos, ya sea en sesiones de fotos urbanas o aventuras en la naturaleza.<br data-start=\"1963\" data-end=\"1966\">\u2022 . La solapa frontal de apertura completa facilita el acceso r\u00e1pido al contenido del interior, mientras que el compartimento trasero alberga de forma segura un port\u00e1til de hasta 15,6 pulgadas.<br data-start=\"2136\" data-end=\"2139\">\u2022 . El dise\u00f1o incluye bolsillos interiores para accesorios como cables, tarjetas SD y bater\u00edas, as\u00ed como espacio espec\u00edfico para un tr\u00edpode, botella o paraguas.<br data-start=\"2289\" data-end=\"2292\">\u2022 . Ideal para llevar c\u00e1maras DSLR, c\u00e1maras sin espejo, lentes, flashes y accesorios, manteniendo todo debidamente separado y protegido gracias a los divisores internos ajustables.<br data-start=\"2465\" data-end=\"2468\">\u2022 . El panel trasero transpirable, junto con las correas acolchadas para los hombros, garantiza la comodidad durante los largos desplazamientos. La mochila tambi\u00e9n incluye una correa para el carro, perfecta para viajar.<\/p>\n<p data-start=\"1550\" data-end=\"2647\"><img decoding=\"async\" src=\"https:\/\/img.kentfaith.com\/catalog\/prod\/KF13.134V4\/KF13.134V4-us\/KF13.134V4_05.jpg\" style=\"width: 999px;\" alt=\"\"><\/p>\n<p data-start=\"1550\" data-end=\"2647\"><\/p>\n<p data-start=\"2649\" data-end=\"3101\"><strong data-start=\"2649\" data-end=\"2676\">Especificaciones t\u00e9cnicas<\/strong><\/p>\n<p data-start=\"2649\" data-end=\"3101\"><br data-start=\"2676\" data-end=\"2679\">\u2022 . Modelo: KF13.134V4<\/p>\n<p data-start=\"2649\" data-end=\"3101\">\n\u2022 . Referencia del fabricante: KF13.134V4<\/p>\n<p data-start=\"2649\" data-end=\"3101\">\n\u2022 . Material: Poli\u00e9ster + EVA dura + Funda para la lluvia<\/p>\n<p data-start=\"2649\" data-end=\"3101\">\u2022 . Capacidad: 22 L<\/p>\n<p data-start=\"2649\" data-end=\"3101\">\n\u2022 . Color: Gris oscuro<\/p>\n<p data-start=\"2649\" data-end=\"3101\">\n\u2022 . Peso bruto: 1,29 kg<\/p>\n<p data-start=\"2649\" data-end=\"3101\">\n\u2022 . Dimensiones exteriores: 44 \u00d7 28 \u00d7 18 cm<\/p>\n<p data-start=\"2649\" data-end=\"3101\">\n\u2022 . Dimensiones interiores: 41 \u00d7 25 \u00d7 14 cm<\/p>\n<p data-start=\"2649\" data-end=\"3101\">\n\u2022 . &#8211; Chubasquero: S\u00ed&nbsp;<\/p>\n<p data-start=\"2649\" data-end=\"3101\">\n\u2022 . Compatibilidad: c\u00e1maras DSLR\/SLR\/mirrorless, port\u00e1tiles hasta 15,6&#8243;, accesorios varios<\/p>\n<p data-start=\"2649\" data-end=\"3101\"><\/p>\n<p data-start=\"3103\" data-end=\"3351\"><strong data-start=\"3103\" data-end=\"3131\">Informaci\u00f3n de embalaje<\/strong><br data-start=\"3131\" data-end=\"3134\">\u2022 . Peso del paquete: 1,29 kg<br data-start=\"3163\" data-end=\"3166\">\u2022 . Dimensiones de la caja (LxAxA): 44 \u00d7 29 \u00d7 22 cm<\/p>\n<p data-start=\"3103\" data-end=\"3351\"><br data-start=\"3212\" data-end=\"3215\">\u2022 .<b>Nota: Im\u00e1genes ilustrativas. Equipo fotogr\u00e1fico no incluido. Consulte el contenido del paquete y los detalles en las especificaciones del producto.  <\/b><\/p>\n<p data-start=\"3353\" data-end=\"3502\"><\/p>\n","protected":false},"excerpt":{"rendered":"<p>K&amp;F CONCEPT KF13.134V4 Concept Nature Wander 08 &#8211; 22L Gris oscuro KF13.134V4 Funciones\u2022 . Mochila fotogr\u00e1fica multifuncional con capacidad de<\/p>\n","protected":false},"featured_media":34159,"comment_status":"closed","ping_status":"open","template":"","meta":{"_acf_changed":false},"product_brand":[2562],"product_cat":[907],"product_tag":[],"class_list":{"0":"post-74756","1":"product","2":"type-product","3":"status-publish","4":"has-post-thumbnail","6":"product_brand-kf-concept-es","7":"product_cat-mochilas-es","9":"first","10":"outofstock","11":"taxable","12":"shipping-taxable","13":"purchasable","14":"product-type-simple"},"bundled_by":[],"bundle_stock_status":"outofstock","bundle_stock_quantity":null,"bundle_virtual":false,"bundle_layout":"","bundle_add_to_cart_form_location":"","bundle_editable_in_cart":false,"bundle_sold_individually_context":"","bundle_item_grouping":"","bundle_min_size":"","bundle_max_size":"","bundle_price":[],"bundled_items":[],"bundle_sell_ids":[],"acf":[],"_links":{"self":[{"href":"https:\/\/hi-techwonder.com\/es\/wp-json\/wp\/v2\/product\/74756","targetHints":{"allow":["GET"]}}],"collection":[{"href":"https:\/\/hi-techwonder.com\/es\/wp-json\/wp\/v2\/product"}],"about":[{"href":"https:\/\/hi-techwonder.com\/es\/wp-json\/wp\/v2\/types\/product"}],"replies":[{"embeddable":true,"href":"https:\/\/hi-techwonder.com\/es\/wp-json\/wp\/v2\/comments?post=74756"}],"wp:featuredmedia":[{"embeddable":true,"href":"https:\/\/hi-techwonder.com\/es\/wp-json\/wp\/v2\/media\/34159"}],"wp:attachment":[{"href":"https:\/\/hi-techwonder.com\/es\/wp-json\/wp\/v2\/media?parent=74756"}],"wp:term":[{"taxonomy":"product_brand","embeddable":true,"href":"https:\/\/hi-techwonder.com\/es\/wp-json\/wp\/v2\/product_brand?post=74756"},{"taxonomy":"product_cat","embeddable":true,"href":"https:\/\/hi-techwonder.com\/es\/wp-json\/wp\/v2\/product_cat?post=74756"},{"taxonomy":"product_tag","embeddable":true,"href":"https:\/\/hi-techwonder.com\/es\/wp-json\/wp\/v2\/product_tag?post=74756"}],"curies":[{"name":"wp","href":"https:\/\/api.w.org\/{rel}","templated":true}]}}