{"id":74758,"date":"2025-07-29T08:54:45","date_gmt":"2025-07-29T08:54:45","guid":{"rendered":"https:\/\/fv6qoy3ls0.wpdns.site\/product\/kf-concept-sku-1691-pluma-de-limpieza\/"},"modified":"2026-03-09T17:42:47","modified_gmt":"2026-03-09T17:42:47","slug":"kf-concept-sku-1691-pluma-de-limpieza","status":"publish","type":"product","link":"https:\/\/hi-techwonder.com\/es\/producto\/kf-concept-sku-1691-pluma-de-limpieza\/","title":{"rendered":"K&amp;F CONCEPT SKU.1691 Pluma de limpieza"},"content":{"rendered":"<p><strong>K&amp;F CONCEPT SKU.1691 Pluma de limpieza <\/strong><\/p>\n<p><strong>Funciones:<\/strong><\/p>\n<ul>\n<li>El l\u00e1piz de limpieza de lentes est\u00e1 hecho de material pl\u00e1stico, duradero, resistente, con buen agarre, c\u00f3modo y f\u00e1cil de limpiar.<\/li>\n<li>Este l\u00e1piz de limpieza de la pantalla de la c\u00e1mara tiene 3 partes de limpieza, a saber, un cepillo de limpieza, un cabezal de limpieza grande y un cabezal de limpieza peque\u00f1o; El efecto de limpieza 3 en 1 puede limpiar la lente de manera m\u00e1s r\u00e1pida y efectiva, de modo que la lente no se da\u00f1e con el polvo, lo que afecta el efecto de imagen y la vida \u00fatil de la lente.<\/li>\n<li>De tama\u00f1o peque\u00f1o y f\u00e1cil de transportar, el bol\u00edgrafo de limpieza de lentes fotogr\u00e1ficas de la c\u00e1mara es solo del tama\u00f1o de un bol\u00edgrafo normal.<\/li>\n<li>El cepillo de eliminaci\u00f3n de polvo tiene un bot\u00f3n telesc\u00f3pico que se puede aplicar inmediatamente deslizando suavemente el dedo, as\u00ed como 2 tipos diferentes de cabezales de limpieza que son f\u00e1ciles de reemplazar, simplemente desm\u00f3ntelos e inst\u00e1lelos nuevamente.<\/li>\n<li>Este l\u00e1piz de limpieza de lentes no solo es adecuado para lentes de c\u00e1maras, sino que se puede usar en cualquier lente \u00f3ptica, como: telescopio, lupa, pantalla de tel\u00e9fono inteligente, etc.<\/li>\n<\/ul>\n","protected":false},"excerpt":{"rendered":"<p>K&amp;F CONCEPT SKU.1691 Pluma de limpieza Funciones: El l\u00e1piz de limpieza de lentes est\u00e1 hecho de material pl\u00e1stico, duradero, resistente,<\/p>\n","protected":false},"featured_media":42648,"comment_status":"closed","ping_status":"open","template":"","meta":{"_acf_changed":false},"product_brand":[2562],"product_cat":[920],"product_tag":[],"class_list":{"0":"post-74758","1":"product","2":"type-product","3":"status-publish","4":"has-post-thumbnail","6":"product_brand-kf-concept-es","7":"product_cat-limpieza","9":"first","10":"instock","11":"taxable","12":"shipping-taxable","13":"purchasable","14":"product-type-simple"},"bundled_by":[],"bundle_stock_status":"instock","bundle_stock_quantity":3,"bundle_virtual":false,"bundle_layout":"","bundle_add_to_cart_form_location":"","bundle_editable_in_cart":false,"bundle_sold_individually_context":"","bundle_item_grouping":"","bundle_min_size":"","bundle_max_size":"","bundle_price":[],"bundled_items":[],"bundle_sell_ids":[],"acf":[],"_links":{"self":[{"href":"https:\/\/hi-techwonder.com\/es\/wp-json\/wp\/v2\/product\/74758","targetHints":{"allow":["GET"]}}],"collection":[{"href":"https:\/\/hi-techwonder.com\/es\/wp-json\/wp\/v2\/product"}],"about":[{"href":"https:\/\/hi-techwonder.com\/es\/wp-json\/wp\/v2\/types\/product"}],"replies":[{"embeddable":true,"href":"https:\/\/hi-techwonder.com\/es\/wp-json\/wp\/v2\/comments?post=74758"}],"wp:featuredmedia":[{"embeddable":true,"href":"https:\/\/hi-techwonder.com\/es\/wp-json\/wp\/v2\/media\/42648"}],"wp:attachment":[{"href":"https:\/\/hi-techwonder.com\/es\/wp-json\/wp\/v2\/media?parent=74758"}],"wp:term":[{"taxonomy":"product_brand","embeddable":true,"href":"https:\/\/hi-techwonder.com\/es\/wp-json\/wp\/v2\/product_brand?post=74758"},{"taxonomy":"product_cat","embeddable":true,"href":"https:\/\/hi-techwonder.com\/es\/wp-json\/wp\/v2\/product_cat?post=74758"},{"taxonomy":"product_tag","embeddable":true,"href":"https:\/\/hi-techwonder.com\/es\/wp-json\/wp\/v2\/product_tag?post=74758"}],"curies":[{"name":"wp","href":"https:\/\/api.w.org\/{rel}","templated":true}]}}