{"id":74761,"date":"2025-07-29T08:55:01","date_gmt":"2025-07-29T08:55:01","guid":{"rendered":"https:\/\/fv6qoy3ls0.wpdns.site\/product\/kit-de-limpieza-kf-concept-sku-1961-sensor-de-fotograma-completo-guantes\/"},"modified":"2026-05-04T13:37:03","modified_gmt":"2026-05-04T12:37:03","slug":"kf-concept-kit-de-limpieza-kf-concept-sku-1961-sensor-de-fotograma-completo-guantes","status":"publish","type":"product","link":"https:\/\/hi-techwonder.com\/es\/producto\/kf-concept-kit-de-limpieza-kf-concept-sku-1961-sensor-de-fotograma-completo-guantes\/","title":{"rendered":"Kit de limpieza K&amp;F CONCEPT SKU.1961. Sensor de fotograma completo + guantes"},"content":{"rendered":"<p><strong>K&amp;F CONCEPT <\/strong><strong>SKU.1961<\/strong><strong> Kit de limpieza de sensor de fotograma completo + Guantes<\/strong><\/p>\n<p>El dise\u00f1o de doble extremo de las varillas de limpieza se adapta al tama\u00f1o del sensor Full Frame, con una parte delantera suave y resistente a los ara\u00f1azos para cuidar el sensor. La muesca de la esp\u00e1tula de limpieza se ajusta al pulgar de dise\u00f1o ergon\u00f3mico para una mejor limpieza del sensor. Vienen en un \u00fanico envase al vac\u00edo, port\u00e1til e higi\u00e9nico, f\u00e1cil de transportar con un tama\u00f1o compacto, que evita que se deposite polvo y suciedad en las esp\u00e1tulas antes de su uso.  <\/p>\n<p>20ML de soluci\u00f3n limpiadora, utilizando un frasco gotero exprimible. Gotas de l\u00edquido uniformes, pueden controlar con precisi\u00f3n la cantidad de l\u00edquido, efectivas para limpiar y cuidar el sensor de la c\u00e1mara. <\/p>\n<p>Los guantes tienen dedos recubiertos de PU, sirven para prevenir eficazmente la electricidad est\u00e1tica y aumentar la fricci\u00f3n, agarrar con m\u00e1s firmeza.<\/p>\n<p><strong>En la caja:<\/strong><\/p>\n<ul>\n<li>10 Esp\u00e1tulas de limpieza de sensor de fotograma completo de 24 mm<\/li>\n<li>L\u00edquido de limpieza 20mL<\/li>\n<li>Guantes antiest\u00e1ticos<\/li>\n<\/ul>\n","protected":false},"excerpt":{"rendered":"<p>K&amp;F CONCEPT SKU.1961 Kit de limpieza de sensor de fotograma completo + Guantes El dise\u00f1o de doble extremo de las<\/p>\n","protected":false},"featured_media":42725,"comment_status":"closed","ping_status":"open","template":"","meta":{"_acf_changed":false},"product_brand":[2562],"product_cat":[920],"product_tag":[],"class_list":{"0":"post-74761","1":"product","2":"type-product","3":"status-publish","4":"has-post-thumbnail","6":"product_brand-kf-concept-es","7":"product_cat-limpieza","9":"first","10":"pre-order","11":"taxable","12":"shipping-taxable","13":"purchasable","14":"product-type-simple"},"bundled_by":[],"bundle_stock_status":"pre-order","bundle_stock_quantity":null,"bundle_virtual":false,"bundle_layout":"","bundle_add_to_cart_form_location":"","bundle_editable_in_cart":false,"bundle_sold_individually_context":"","bundle_item_grouping":"","bundle_min_size":"","bundle_max_size":"","bundle_price":[],"bundled_items":[],"bundle_sell_ids":[],"acf":[],"_links":{"self":[{"href":"https:\/\/hi-techwonder.com\/es\/wp-json\/wp\/v2\/product\/74761","targetHints":{"allow":["GET"]}}],"collection":[{"href":"https:\/\/hi-techwonder.com\/es\/wp-json\/wp\/v2\/product"}],"about":[{"href":"https:\/\/hi-techwonder.com\/es\/wp-json\/wp\/v2\/types\/product"}],"replies":[{"embeddable":true,"href":"https:\/\/hi-techwonder.com\/es\/wp-json\/wp\/v2\/comments?post=74761"}],"wp:featuredmedia":[{"embeddable":true,"href":"https:\/\/hi-techwonder.com\/es\/wp-json\/wp\/v2\/media\/42725"}],"wp:attachment":[{"href":"https:\/\/hi-techwonder.com\/es\/wp-json\/wp\/v2\/media?parent=74761"}],"wp:term":[{"taxonomy":"product_brand","embeddable":true,"href":"https:\/\/hi-techwonder.com\/es\/wp-json\/wp\/v2\/product_brand?post=74761"},{"taxonomy":"product_cat","embeddable":true,"href":"https:\/\/hi-techwonder.com\/es\/wp-json\/wp\/v2\/product_cat?post=74761"},{"taxonomy":"product_tag","embeddable":true,"href":"https:\/\/hi-techwonder.com\/es\/wp-json\/wp\/v2\/product_tag?post=74761"}],"curies":[{"name":"wp","href":"https:\/\/api.w.org\/{rel}","templated":true}]}}