{"id":74764,"date":"2025-07-29T08:54:49","date_gmt":"2025-07-29T08:54:49","guid":{"rendered":"https:\/\/fv6qoy3ls0.wpdns.site\/product\/kit-de-limpieza-de-sensores-kf-concept-sku-1616a-aps-c\/"},"modified":"2026-04-28T15:41:57","modified_gmt":"2026-04-28T14:41:57","slug":"kf-concept-kit-de-limpieza-de-sensores-kf-concept-sku-1616a-aps-c","status":"publish","type":"product","link":"https:\/\/hi-techwonder.com\/es\/producto\/kf-concept-kit-de-limpieza-de-sensores-kf-concept-sku-1616a-aps-c\/","title":{"rendered":"Kit de limpieza de sensores K&amp;F CONCEPT SKU.1616A APS-C"},"content":{"rendered":"<p>Kit de limpieza de sensores <strong>K&amp;F CONCEPT <\/strong><strong>SKU.1616A <\/strong><strong style=\"font-size: 14pt\">APS-C <\/strong><\/p>\n<p><strong>Kit de limpieza de sensores compuesto por:<\/strong><\/p>\n<ul>\n<li>10x Esp\u00e1tulas de limpieza APS<\/li>\n<li>1x botella de 20ml de limpiador de sensores<\/li>\n<li>Las esp\u00e1tulas de limpieza del sensor se envasan individualmente al vac\u00edo y, por lo tanto, est\u00e1n libres de polvo y part\u00edculas.&nbsp;<\/li>\n<\/ul>\n","protected":false},"excerpt":{"rendered":"<p>Kit de limpieza de sensores K&amp;F CONCEPT SKU.1616A APS-C Kit de limpieza de sensores compuesto por: 10x Esp\u00e1tulas de limpieza<\/p>\n","protected":false},"featured_media":42661,"comment_status":"closed","ping_status":"open","template":"","meta":{"_acf_changed":false},"product_brand":[2562],"product_cat":[920],"product_tag":[],"class_list":{"0":"post-74764","1":"product","2":"type-product","3":"status-publish","4":"has-post-thumbnail","6":"product_brand-kf-concept-es","7":"product_cat-limpieza","9":"first","10":"pre-order","11":"taxable","12":"shipping-taxable","13":"purchasable","14":"product-type-simple"},"bundled_by":[],"bundle_stock_status":"pre-order","bundle_stock_quantity":null,"bundle_virtual":false,"bundle_layout":"","bundle_add_to_cart_form_location":"","bundle_editable_in_cart":false,"bundle_sold_individually_context":"","bundle_item_grouping":"","bundle_min_size":"","bundle_max_size":"","bundle_price":[],"bundled_items":[],"bundle_sell_ids":[],"acf":[],"_links":{"self":[{"href":"https:\/\/hi-techwonder.com\/es\/wp-json\/wp\/v2\/product\/74764","targetHints":{"allow":["GET"]}}],"collection":[{"href":"https:\/\/hi-techwonder.com\/es\/wp-json\/wp\/v2\/product"}],"about":[{"href":"https:\/\/hi-techwonder.com\/es\/wp-json\/wp\/v2\/types\/product"}],"replies":[{"embeddable":true,"href":"https:\/\/hi-techwonder.com\/es\/wp-json\/wp\/v2\/comments?post=74764"}],"wp:featuredmedia":[{"embeddable":true,"href":"https:\/\/hi-techwonder.com\/es\/wp-json\/wp\/v2\/media\/42661"}],"wp:attachment":[{"href":"https:\/\/hi-techwonder.com\/es\/wp-json\/wp\/v2\/media?parent=74764"}],"wp:term":[{"taxonomy":"product_brand","embeddable":true,"href":"https:\/\/hi-techwonder.com\/es\/wp-json\/wp\/v2\/product_brand?post=74764"},{"taxonomy":"product_cat","embeddable":true,"href":"https:\/\/hi-techwonder.com\/es\/wp-json\/wp\/v2\/product_cat?post=74764"},{"taxonomy":"product_tag","embeddable":true,"href":"https:\/\/hi-techwonder.com\/es\/wp-json\/wp\/v2\/product_tag?post=74764"}],"curies":[{"name":"wp","href":"https:\/\/api.w.org\/{rel}","templated":true}]}}