{"id":74765,"date":"2025-07-29T08:54:54","date_gmt":"2025-07-29T08:54:54","guid":{"rendered":"https:\/\/fv6qoy3ls0.wpdns.site\/product\/kf-concept-sku-1900-boligrafo-de-limpieza-intercambiable-de-fotograma-completo\/"},"modified":"2025-07-29T08:54:54","modified_gmt":"2025-07-29T08:54:54","slug":"kf-concept-sku-1900-boligrafo-de-limpieza-intercambiable-de-fotograma-completo","status":"publish","type":"product","link":"https:\/\/hi-techwonder.com\/es\/producto\/kf-concept-sku-1900-boligrafo-de-limpieza-intercambiable-de-fotograma-completo\/","title":{"rendered":"K&amp;F CONCEPT SKU.1900 Bol\u00edgrafo de limpieza intercambiable de fotograma completo"},"content":{"rendered":"<p><strong>K&amp;F CONCEPT <\/strong><strong>SKU.1900 <\/strong><strong>Bol\u00edgrafo de limpieza intercambiable (fotograma completo)<\/strong><\/p>\n<p><strong>Descripci\u00f3n:<\/strong><\/p>\n<p>Bol\u00edgrafo con tres accesorios de limpieza esenciales: cabezal de carb\u00f3n, cepillo y esp\u00e1tulas.<\/p>\n<p><strong>Funciones:<\/strong><\/p>\n<p>Bol\u00edgrafo de limpieza intercambiable, puede soportar medio marco de 16 mm y barra de limpieza de marco completo de 24 mm.<\/p>\n<p>Cuenta con un cabezal de carb\u00f3n y un cepillo que eliminan eficazmente la suciedad m\u00e1s rebelde.<\/p>\n<p>Equipado con llanas de 6 x 24 mm con una parte delantera suave y resistente a los ara\u00f1azos.<\/p>\n<p>Todos los palillos de limpieza est\u00e1n envasados al vac\u00edo individualmente, son port\u00e1tiles e higi\u00e9nicos.<\/p>\n<p>El cepillo es suave y delicado, no da\u00f1a el recubrimiento y puede limpiar el polvo de la lente y el espacio de la c\u00e1mara.<\/p>\n<p><strong>Contenido del paquete:<\/strong><\/p>\n<p>1x Bol\u00edgrafo<\/p>\n<p>2x cabezales de limpieza<\/p>\n<p>6x esp\u00e1tula de limpieza (fotograma completo)<\/p>\n","protected":false},"excerpt":{"rendered":"<p>K&amp;F CONCEPT SKU.1900 Bol\u00edgrafo de limpieza intercambiable (fotograma completo) Descripci\u00f3n: Bol\u00edgrafo con tres accesorios de limpieza esenciales: cabezal de carb\u00f3n,<\/p>\n","protected":false},"featured_media":42702,"comment_status":"closed","ping_status":"open","template":"","meta":{"_acf_changed":false},"product_brand":[2562],"product_cat":[920],"product_tag":[],"class_list":{"0":"post-74765","1":"product","2":"type-product","3":"status-publish","4":"has-post-thumbnail","6":"product_brand-kf-concept-es","7":"product_cat-limpieza","9":"first","10":"instock","11":"taxable","12":"shipping-taxable","13":"purchasable","14":"product-type-simple"},"bundled_by":[],"bundle_stock_status":"instock","bundle_stock_quantity":3,"bundle_virtual":false,"bundle_layout":"","bundle_add_to_cart_form_location":"","bundle_editable_in_cart":false,"bundle_sold_individually_context":"","bundle_item_grouping":"","bundle_min_size":"","bundle_max_size":"","bundle_price":[],"bundled_items":[],"bundle_sell_ids":[],"acf":[],"_links":{"self":[{"href":"https:\/\/hi-techwonder.com\/es\/wp-json\/wp\/v2\/product\/74765","targetHints":{"allow":["GET"]}}],"collection":[{"href":"https:\/\/hi-techwonder.com\/es\/wp-json\/wp\/v2\/product"}],"about":[{"href":"https:\/\/hi-techwonder.com\/es\/wp-json\/wp\/v2\/types\/product"}],"replies":[{"embeddable":true,"href":"https:\/\/hi-techwonder.com\/es\/wp-json\/wp\/v2\/comments?post=74765"}],"wp:featuredmedia":[{"embeddable":true,"href":"https:\/\/hi-techwonder.com\/es\/wp-json\/wp\/v2\/media\/42702"}],"wp:attachment":[{"href":"https:\/\/hi-techwonder.com\/es\/wp-json\/wp\/v2\/media?parent=74765"}],"wp:term":[{"taxonomy":"product_brand","embeddable":true,"href":"https:\/\/hi-techwonder.com\/es\/wp-json\/wp\/v2\/product_brand?post=74765"},{"taxonomy":"product_cat","embeddable":true,"href":"https:\/\/hi-techwonder.com\/es\/wp-json\/wp\/v2\/product_cat?post=74765"},{"taxonomy":"product_tag","embeddable":true,"href":"https:\/\/hi-techwonder.com\/es\/wp-json\/wp\/v2\/product_tag?post=74765"}],"curies":[{"name":"wp","href":"https:\/\/api.w.org\/{rel}","templated":true}]}}