{"id":74766,"date":"2025-07-29T09:03:20","date_gmt":"2025-07-29T09:03:20","guid":{"rendered":"https:\/\/fv6qoy3ls0.wpdns.site\/product\/sistema-de-filtro-cuadruple-kf-concept-cpl-95mm-4-adapt-anillos\/"},"modified":"2026-01-31T02:45:21","modified_gmt":"2026-01-31T02:45:21","slug":"kf-concept-sistema-de-filtro-cuadruple-kf-concept-cpl-95mm-4-adapt-anillos","status":"publish","type":"product","link":"https:\/\/hi-techwonder.com\/es\/producto\/kf-concept-sistema-de-filtro-cuadruple-kf-concept-cpl-95mm-4-adapt-anillos\/","title":{"rendered":"Sistema de filtro cu\u00e1druple K&amp;F CONCEPT. + CPL 95mm + 4 Adapt. Anillos."},"content":{"rendered":"<p><strong>Kit de sistema de filtro cuadrado + CPL circular de 95 mm + 4 anillos adaptadores (SKU.1811)<\/strong><\/p>\n<p><strong><br \/><\/strong><\/p>\n<p><font color=\"#ff9c00\">SKU.1811<\/font><strong><\/strong><\/p>\n<p><strong><br \/><\/strong><\/p>\n<p><strong>Dise\u00f1o \u00fanico, gran di\u00e1metro y ultradelgado<\/strong><\/p>\n<p>El sistema de filtros K&amp;F Concept Pro Square gan\u00f3 el premio iF DESIGN AWARD y el premio Red Dot Design Award.<\/p>\n<p>La estructura del sistema de filtro cuadrado es \u00fanica: con un grosor de 12 mm, no permite que se filtre la luz y es f\u00e1cil de transportar. Su cuerpo ultradelgado y su gran di\u00e1metro permiten reducir el vi\u00f1eteado cuando se usan lentes gran angular. <\/p>\n<p><strong>Funciones de filtro CPL<\/strong><\/p>\n<p>Los filtros CPL se utilizan para eliminar los reflejos de superficies no met\u00e1licas, como el agua y el vidrio. Adem\u00e1s, permiten un mejor contraste, especialmente entre cielos azules y nubes blancas. <\/p>\n<p><strong>Vidrio \u00f3ptico HD con revestimiento m\u00faltiple<\/strong><\/p>\n<p>El filtro CPL est\u00e1 construido con vidrio \u00f3ptico importado y tiene una tecnolog\u00eda de nano recubrimiento de 36 capas. En su fabricaci\u00f3n se utiliz\u00f3 un proceso de pulido a doble cara, que permite obtener im\u00e1genes de alta definici\u00f3n. Es impermeable, antiara\u00f1azos y antigraso.  <\/p>\n<p><strong>Sistema de filtro cuadrado multifuncional<\/strong><\/p>\n<p>El kit de filtros cuadrados puede equiparse con 2 filtros cuadrados, un filtro circular y 4 anillos adaptadores de 67, 72, 77, 82 mm (incluidos).<\/p>\n<p><strong>Contenido del paquete:<\/strong><\/p>\n<p>Filtro CPL Polarizador de 95mm<\/p>\n<p>4 x Anillos adaptadores (\u00d867, \u00d872, \u00d877, \u00d882)<\/p>\n","protected":false},"excerpt":{"rendered":"<p>Kit de sistema de filtro cuadrado + CPL circular de 95 mm + 4 anillos adaptadores (SKU.1811) SKU.1811 Dise\u00f1o \u00fanico,<\/p>\n","protected":false},"featured_media":44592,"comment_status":"closed","ping_status":"open","template":"","meta":{"_acf_changed":false},"product_brand":[2562],"product_cat":[1043],"product_tag":[],"class_list":{"0":"post-74766","1":"product","2":"type-product","3":"status-publish","4":"has-post-thumbnail","6":"product_brand-kf-concept-es","7":"product_cat-filtros-circulares-es","9":"first","10":"instock","11":"taxable","12":"shipping-taxable","13":"purchasable","14":"product-type-simple"},"bundled_by":[],"bundle_stock_status":"instock","bundle_stock_quantity":1,"bundle_virtual":false,"bundle_layout":"","bundle_add_to_cart_form_location":"","bundle_editable_in_cart":false,"bundle_sold_individually_context":"","bundle_item_grouping":"","bundle_min_size":"","bundle_max_size":"","bundle_price":[],"bundled_items":[],"bundle_sell_ids":[],"acf":[],"_links":{"self":[{"href":"https:\/\/hi-techwonder.com\/es\/wp-json\/wp\/v2\/product\/74766","targetHints":{"allow":["GET"]}}],"collection":[{"href":"https:\/\/hi-techwonder.com\/es\/wp-json\/wp\/v2\/product"}],"about":[{"href":"https:\/\/hi-techwonder.com\/es\/wp-json\/wp\/v2\/types\/product"}],"replies":[{"embeddable":true,"href":"https:\/\/hi-techwonder.com\/es\/wp-json\/wp\/v2\/comments?post=74766"}],"wp:featuredmedia":[{"embeddable":true,"href":"https:\/\/hi-techwonder.com\/es\/wp-json\/wp\/v2\/media\/44592"}],"wp:attachment":[{"href":"https:\/\/hi-techwonder.com\/es\/wp-json\/wp\/v2\/media?parent=74766"}],"wp:term":[{"taxonomy":"product_brand","embeddable":true,"href":"https:\/\/hi-techwonder.com\/es\/wp-json\/wp\/v2\/product_brand?post=74766"},{"taxonomy":"product_cat","embeddable":true,"href":"https:\/\/hi-techwonder.com\/es\/wp-json\/wp\/v2\/product_cat?post=74766"},{"taxonomy":"product_tag","embeddable":true,"href":"https:\/\/hi-techwonder.com\/es\/wp-json\/wp\/v2\/product_tag?post=74766"}],"curies":[{"name":"wp","href":"https:\/\/api.w.org\/{rel}","templated":true}]}}