{"id":74768,"date":"2025-07-29T10:35:59","date_gmt":"2025-07-29T10:35:59","guid":{"rendered":"https:\/\/fv6qoy3ls0.wpdns.site\/product\/kf-concept-t224a4-bh-18l-tripode-portatil-soporte-para-smartphone\/"},"modified":"2025-07-29T10:35:59","modified_gmt":"2025-07-29T10:35:59","slug":"kf-concept-t224a4-bh-18l-tripode-portatil-soporte-para-smartphone","status":"publish","type":"product","link":"https:\/\/hi-techwonder.com\/es\/producto\/kf-concept-t224a4-bh-18l-tripode-portatil-soporte-para-smartphone\/","title":{"rendered":"K&amp;F CONCEPT T224A4+ BH-18L Tr\u00edpode port\u00e1til + Soporte para smartphone"},"content":{"rendered":"<h3>K&amp;F CONCEPT T224A4+ BH-18 Tr\u00edpode port\u00e1til + Soporte para smartphone<\/h3>\n<p><\/p>\n<p><font color=\"#ff9c00\">KF09.120<\/font><\/p>\n<p><\/p>\n<p><iframe loading=\"lazy\" src=\"https:\/\/www.youtube.com\/embed\/MWNkpRX6LdM\" width=\"560\" height=\"314\" allowfullscreen=\"allowfullscreen\"><\/iframe><\/p>\n<p>El tr\u00edpode T255A4 de K&amp;F Concept, es un tr\u00edpode extremadamente vers\u00e1til, que puede cambiar entre un tr\u00edpode, un soporte de mesa y un palo para selfies. Lo cual es muy conveniente y satisface las necesidades de muchos escenarios de fotograf\u00eda funcional diferentes, como viajes, grabaci\u00f3n de vlogs, transmisi\u00f3n en vivo, etc. Tiene un dise\u00f1o de tubo exc\u00e9ntrico que permite abrir y cerrar el tr\u00edpode r\u00e1pidamente. Es muy f\u00e1cil de usar, te ahorra tiempo y puedes concentrarte m\u00e1s en disfrutar del metraje.   <\/p>\n<p>&nbsp;Las patas de 4 secciones le permiten ajustar la altura de trabajo del tr\u00edpode de 36 cm a 170 cm en cuesti\u00f3n de segundos. La longitud plegada es de solo 30 cm y pesa solo 0,88 kg, lo que la convierte en la compa\u00f1era perfecta para la fotograf\u00eda de viajes. <\/p>\n<p>Este tr\u00edpode tiene una rosca est\u00e1ndar de 1\/4&#8243;, que es compatible con la mayor\u00eda de las placas de liberaci\u00f3n r\u00e1pida Arca-Swiss. El tornillo de 1\/4&#8243; tambi\u00e9n es adecuado para la mayor\u00eda de las c\u00e1maras, proyectores, telescopios, etc.<\/p>\n<p>El tr\u00edpode proporciona una capacidad de sujeci\u00f3n segura de 4 kg. La escala horizontal de 360 grados en la parte inferior facilita la toma de fotos panor\u00e1micas, creando resultados m\u00e1s impresionantes que las lentes ultra gran angular. <\/p>\n<p>Tambi\u00e9n viene con un soporte para tel\u00e9fono inteligente, un disparador bluetooth para un tel\u00e9fono inteligente y se puede transformar en un palo selfie de 89 cm.<\/p>\n<h4>Caracter\u00edsticas t\u00e9cnicas<\/h4>\n<p>Capacidad de carga: 4kg<\/p>\n<p>Altura m\u00e1xima de trabajo: 1700 mm<\/p>\n<p>Altura m\u00e1xima sin columna central: 920 mm<\/p>\n<p>Altura m\u00ednima de trabajo: 360 mm<\/p>\n<p>Longitud plegada: 300 mm<\/p>\n<p>Peso: 963g<\/p>\n<p>Material: aleaci\u00f3n de aluminio<\/p>\n<p>Color: Negro<\/p>\n<p>Tipo de bloqueo de patas: Bloqueo de tubo exc\u00e9ntrico<\/p>\n<p>Secciones de piernas: 4<\/p>\n<p>Di\u00e1metro de la pata: 13-22 mm<\/p>\n<p>Caracter\u00edsticas de las patas: 180\u00b0 invertible y plegable<\/p>\n","protected":false},"excerpt":{"rendered":"<p>K&amp;F CONCEPT T224A4+ BH-18 Tr\u00edpode port\u00e1til + Soporte para smartphone KF09.120 El tr\u00edpode T255A4 de K&amp;F Concept, es un tr\u00edpode<\/p>\n","protected":false},"featured_media":65034,"comment_status":"closed","ping_status":"open","template":"","meta":{"_acf_changed":false},"product_brand":[2562],"product_cat":[1092],"product_tag":[],"class_list":{"0":"post-74768","1":"product","2":"type-product","3":"status-publish","4":"has-post-thumbnail","6":"product_brand-kf-concept-es","7":"product_cat-kits-foto-es","9":"first","10":"outofstock","11":"taxable","12":"shipping-taxable","13":"purchasable","14":"product-type-simple"},"bundled_by":[],"bundle_stock_status":"outofstock","bundle_stock_quantity":0,"bundle_virtual":false,"bundle_layout":"","bundle_add_to_cart_form_location":"","bundle_editable_in_cart":false,"bundle_sold_individually_context":"","bundle_item_grouping":"","bundle_min_size":"","bundle_max_size":"","bundle_price":[],"bundled_items":[],"bundle_sell_ids":[],"acf":[],"_links":{"self":[{"href":"https:\/\/hi-techwonder.com\/es\/wp-json\/wp\/v2\/product\/74768","targetHints":{"allow":["GET"]}}],"collection":[{"href":"https:\/\/hi-techwonder.com\/es\/wp-json\/wp\/v2\/product"}],"about":[{"href":"https:\/\/hi-techwonder.com\/es\/wp-json\/wp\/v2\/types\/product"}],"replies":[{"embeddable":true,"href":"https:\/\/hi-techwonder.com\/es\/wp-json\/wp\/v2\/comments?post=74768"}],"wp:featuredmedia":[{"embeddable":true,"href":"https:\/\/hi-techwonder.com\/es\/wp-json\/wp\/v2\/media\/65034"}],"wp:attachment":[{"href":"https:\/\/hi-techwonder.com\/es\/wp-json\/wp\/v2\/media?parent=74768"}],"wp:term":[{"taxonomy":"product_brand","embeddable":true,"href":"https:\/\/hi-techwonder.com\/es\/wp-json\/wp\/v2\/product_brand?post=74768"},{"taxonomy":"product_cat","embeddable":true,"href":"https:\/\/hi-techwonder.com\/es\/wp-json\/wp\/v2\/product_cat?post=74768"},{"taxonomy":"product_tag","embeddable":true,"href":"https:\/\/hi-techwonder.com\/es\/wp-json\/wp\/v2\/product_tag?post=74768"}],"curies":[{"name":"wp","href":"https:\/\/api.w.org\/{rel}","templated":true}]}}