{"id":74769,"date":"2025-07-29T08:55:07","date_gmt":"2025-07-29T08:55:07","guid":{"rendered":"https:\/\/fv6qoy3ls0.wpdns.site\/product\/soplador-kf-concept-kf08-041\/"},"modified":"2026-01-31T02:51:59","modified_gmt":"2026-01-31T02:51:59","slug":"kf-concept-soplador-kf-concept-kf08-041","status":"publish","type":"product","link":"https:\/\/hi-techwonder.com\/es\/producto\/kf-concept-soplador-kf-concept-kf08-041\/","title":{"rendered":"Soplador K&amp;F CONCEPT KF08.041"},"content":{"rendered":"<p><strong>Soplador KF08.041<\/strong><\/p>\n<p><strong>DISE\u00d1O INNOVADOR<\/strong><\/p>\n<p>El soplador KF08.041 cuenta con una v\u00e1lvula de aire de control bidireccional, que evita la succi\u00f3n de polvo y la contaminaci\u00f3n secundaria. Adem\u00e1s de simplificar el espacio interno de soplado de aire, mejora el rendimiento de sellado del equipo. <\/p>\n<p><strong>DISE\u00d1O<\/strong><\/p>\n<p>El K&amp;F Concept Blower KF08.041 viene con dos puntas: una larga y otra corta. La punta larga es adecuada para limpiar \u00e1reas m\u00e1s profundas, como sensores DSLR y compartimentos de bater\u00edas de c\u00e1maras. La punta corta es adecuada para limpiar lentes, filtros, sensores sin espejo, superficies corporales y lentes.  <\/p>\n<p><strong>SOPLADOR DE ALTO FLUJO DE AIRE&nbsp;<\/strong><\/p>\n<p>El soplador llega f\u00e1cilmente a lugares donde otros sopladores no lo hacen. Elimina r\u00e1pidamente el polvo y las impurezas, manteniendo limpios el objetivo, el cuerpo y el sensor de la c\u00e1mara. <\/p>\n<p><strong>MATERIAL DE SILICONA<\/strong><\/p>\n<p>El soplador K&amp;F CONCEPT KF08.041 est\u00e1 hecho de material de silicona, que es c\u00f3modo al tacto, tiene una fuerte resonancia y la punta de golpe suave proporciona una mejor protecci\u00f3n al equipo al tiempo que evita da\u00f1os secundarios.<\/p>\n<p>El soplador K&amp;F CONCEPT KF08.041 adopta un dise\u00f1o ergon\u00f3mico y un dise\u00f1o de textura antideslizante agradable para la piel, lo que hace que el agarre sea m\u00e1s c\u00f3modo. El tratamiento con tecnolog\u00eda satinada hace que la superficie del soplador sea m\u00e1s resistente a la suciedad. <\/p>\n<p><strong>Contenido del paquete:<\/strong><\/p>\n<p>1x Soplador K&amp;F CONCEPT KF08.041<\/p>\n<p>1x Punta corta<\/p>\n<p>1x Punta larga<\/p>\n","protected":false},"excerpt":{"rendered":"<p>Soplador KF08.041 DISE\u00d1O INNOVADOR El soplador KF08.041 cuenta con una v\u00e1lvula de aire de control bidireccional, que evita la succi\u00f3n<\/p>\n","protected":false},"featured_media":42752,"comment_status":"closed","ping_status":"closed","template":"","meta":{"_acf_changed":false},"product_brand":[2562],"product_cat":[920],"product_tag":[],"class_list":{"0":"post-74769","1":"product","2":"type-product","3":"status-publish","4":"has-post-thumbnail","6":"product_brand-kf-concept-es","7":"product_cat-limpieza","9":"first","10":"instock","11":"taxable","12":"shipping-taxable","13":"purchasable","14":"product-type-simple"},"bundled_by":[],"bundle_stock_status":"instock","bundle_stock_quantity":1,"bundle_virtual":false,"bundle_layout":"","bundle_add_to_cart_form_location":"","bundle_editable_in_cart":false,"bundle_sold_individually_context":"","bundle_item_grouping":"","bundle_min_size":"","bundle_max_size":"","bundle_price":[],"bundled_items":[],"bundle_sell_ids":[],"acf":[],"_links":{"self":[{"href":"https:\/\/hi-techwonder.com\/es\/wp-json\/wp\/v2\/product\/74769","targetHints":{"allow":["GET"]}}],"collection":[{"href":"https:\/\/hi-techwonder.com\/es\/wp-json\/wp\/v2\/product"}],"about":[{"href":"https:\/\/hi-techwonder.com\/es\/wp-json\/wp\/v2\/types\/product"}],"replies":[{"embeddable":true,"href":"https:\/\/hi-techwonder.com\/es\/wp-json\/wp\/v2\/comments?post=74769"}],"wp:featuredmedia":[{"embeddable":true,"href":"https:\/\/hi-techwonder.com\/es\/wp-json\/wp\/v2\/media\/42752"}],"wp:attachment":[{"href":"https:\/\/hi-techwonder.com\/es\/wp-json\/wp\/v2\/media?parent=74769"}],"wp:term":[{"taxonomy":"product_brand","embeddable":true,"href":"https:\/\/hi-techwonder.com\/es\/wp-json\/wp\/v2\/product_brand?post=74769"},{"taxonomy":"product_cat","embeddable":true,"href":"https:\/\/hi-techwonder.com\/es\/wp-json\/wp\/v2\/product_cat?post=74769"},{"taxonomy":"product_tag","embeddable":true,"href":"https:\/\/hi-techwonder.com\/es\/wp-json\/wp\/v2\/product_tag?post=74769"}],"curies":[{"name":"wp","href":"https:\/\/api.w.org\/{rel}","templated":true}]}}