{"id":74788,"date":"2025-07-29T09:19:46","date_gmt":"2025-07-29T09:19:46","guid":{"rendered":"https:\/\/fv6qoy3ls0.wpdns.site\/product\/bayoneta-laowa-con-montura-l-para-lentes-de-zoom-de-cine-laowa-ranger\/"},"modified":"2026-01-31T02:25:08","modified_gmt":"2026-01-31T02:25:08","slug":"laowa-bayoneta-laowa-con-montura-l-para-lentes-de-zoom-de-cine-laowa-ranger","status":"publish","type":"product","link":"https:\/\/hi-techwonder.com\/es\/producto\/laowa-bayoneta-laowa-con-montura-l-para-lentes-de-zoom-de-cine-laowa-ranger\/","title":{"rendered":"Bayoneta LAOWA con montura L para lentes de zoom de cine Laowa Ranger"},"content":{"rendered":"<h3>Bayoneta LAOWA con montura L para lentes zoom de cine Ranger<\/h3>\n<ul>\n<li>Bayoneta de montura L<\/li>\n<li>Para lentes de zoom Laowa Ranger T2.9<\/li>\n<li>Ensamblaje intercambiable por el usuario<\/li>\n<li>Compatible con sensores de fotograma completo<\/li>\n<\/ul>\n<p>La montura L del lente zoom de cine Laowa Ranger ampl\u00eda la compatibilidad de su lente zoom Laowa Ranger para adaptarse a las c\u00e1maras con montura L de fotograma completo. La bayoneta est\u00e1 dise\u00f1ada para intercambiarse f\u00e1cilmente con la montura original de su lente zoom T2.9 de 28-75 mm o 75-180 mm. <\/p>\n<p><strong>Compatibilidad<\/strong><\/p>\n<p>LAOWA Ranger 28-75mm T2.9 Cine Zoom FF PL\/EF Mount<\/p>\n<p>LAOWA Ranger 75-180mm T2.9 Cine Zoom FF PL\/EF Mount<\/p>\n","protected":false},"excerpt":{"rendered":"<p>Bayoneta LAOWA con montura L para lentes zoom de cine Ranger Bayoneta de montura L Para lentes de zoom Laowa<\/p>\n","protected":false},"featured_media":47546,"comment_status":"closed","ping_status":"open","template":"","meta":{"_acf_changed":false},"product_brand":[2682],"product_cat":[1041],"product_tag":[],"class_list":{"0":"post-74788","1":"product","2":"type-product","3":"status-publish","4":"has-post-thumbnail","6":"product_brand-laowa-es","7":"product_cat-adaptadores-es","9":"first","10":"onbackorder","11":"taxable","12":"shipping-taxable","13":"purchasable","14":"product-type-simple"},"bundled_by":[],"bundle_stock_status":"onbackorder","bundle_stock_quantity":0,"bundle_virtual":false,"bundle_layout":"","bundle_add_to_cart_form_location":"","bundle_editable_in_cart":false,"bundle_sold_individually_context":"","bundle_item_grouping":"","bundle_min_size":"","bundle_max_size":"","bundle_price":[],"bundled_items":[],"bundle_sell_ids":[],"acf":[],"_links":{"self":[{"href":"https:\/\/hi-techwonder.com\/es\/wp-json\/wp\/v2\/product\/74788","targetHints":{"allow":["GET"]}}],"collection":[{"href":"https:\/\/hi-techwonder.com\/es\/wp-json\/wp\/v2\/product"}],"about":[{"href":"https:\/\/hi-techwonder.com\/es\/wp-json\/wp\/v2\/types\/product"}],"replies":[{"embeddable":true,"href":"https:\/\/hi-techwonder.com\/es\/wp-json\/wp\/v2\/comments?post=74788"}],"wp:featuredmedia":[{"embeddable":true,"href":"https:\/\/hi-techwonder.com\/es\/wp-json\/wp\/v2\/media\/47546"}],"wp:attachment":[{"href":"https:\/\/hi-techwonder.com\/es\/wp-json\/wp\/v2\/media?parent=74788"}],"wp:term":[{"taxonomy":"product_brand","embeddable":true,"href":"https:\/\/hi-techwonder.com\/es\/wp-json\/wp\/v2\/product_brand?post=74788"},{"taxonomy":"product_cat","embeddable":true,"href":"https:\/\/hi-techwonder.com\/es\/wp-json\/wp\/v2\/product_cat?post=74788"},{"taxonomy":"product_tag","embeddable":true,"href":"https:\/\/hi-techwonder.com\/es\/wp-json\/wp\/v2\/product_tag?post=74788"}],"curies":[{"name":"wp","href":"https:\/\/api.w.org\/{rel}","templated":true}]}}