{"id":74790,"date":"2025-07-29T09:29:39","date_gmt":"2025-07-29T09:29:39","guid":{"rendered":"https:\/\/fv6qoy3ls0.wpdns.site\/product\/laowa-argus-45mm-f-0-95-ff-canon-rf\/"},"modified":"2025-12-23T13:01:09","modified_gmt":"2025-12-23T13:01:09","slug":"laowa-argus-45mm-f-0-95-ff-canon-rf","status":"publish","type":"product","link":"https:\/\/hi-techwonder.com\/es\/producto\/laowa-argus-45mm-f-0-95-ff-canon-rf\/","title":{"rendered":"LAOWA Argus 45mm f\/0.95 FF Canon RF"},"content":{"rendered":"<p><strong>LAOWA Argus 45mm f\/0.95 FF Canon RF<\/strong><\/p>\n<p><strong>Funciones:<\/strong><\/p>\n<ul>\n<li>Objetivo con montura RF \/ Formato de fotograma completo<\/li>\n<li>Rango de apertura: f\/0.95 a f\/16<\/li>\n<li>1 ED, 1 asf\u00e9rico, 3 elementos UHR<\/li>\n<li>13 elementos en 9 grupos<\/li>\n<li>Enfoque manual<\/li>\n<li>Distancia m\u00ednima de enfoque: 50cm<\/li>\n<li>Apertura seleccionable con clic\/sin clic<\/li>\n<li>Diafragma de 15 hojas<\/li>\n<\/ul>\n<p><strong>Contenido del paquete:<\/strong><\/p>\n<ul>\n<li>Laowa Argus 45mm f\/0.95 FF para Canon RF<\/li>\n<li>Sombrilla<\/li>\n<li>Portada<\/li>\n<li>Contraportada<\/li>\n<\/ul>\n<p>Un objetivo fijo de longitud completa \u00f3pticamente avanzado, el objetivo Laowa Argus 45mm f\/0.95 FF de Venus Optics le permite crear im\u00e1genes n\u00edtidas en escenas brillantes y situaciones de iluminaci\u00f3n dif\u00edciles. Este objetivo, que se ofrece aqu\u00ed con una montura RF de Canon, cuenta con una apertura m\u00e1xima de f\/0,95 extremadamente brillante para entornos con poca luz y una representaci\u00f3n bokeh de ensue\u00f1o con c\u00e1maras de fotograma completo. Una distancia focal perfecta tanto para aficionados como para profesionales, el objetivo ofrece un \u00e1ngulo de visi\u00f3n de 51\u00b0 que es adecuado para retratos, escenas callejeras, paisajes urbanos y reportajes. La lente tambi\u00e9n es compatible con video y tiene un mecanismo de interruptor de clic para que los vide\u00f3grafos puedan quitar el clic del anillo de apertura para evitar el sonido del clic durante la grabaci\u00f3n. Esto tambi\u00e9n permite un cambio suave en el brillo al ajustar la configuraci\u00f3n de apertura.    <\/p>\n<ul>\n<li>La impresionante apertura m\u00e1xima de f\/0,95 es ideal para trabajar en condiciones de poca luz y proporciona un mayor control sobre la posici\u00f3n de enfoque cuando se utilizan t\u00e9cnicas de poca profundidad de campo.<\/li>\n<li>La lente principal de longitud completa proporciona un \u00e1ngulo de visi\u00f3n de 51\u00b0 para una perspectiva de aspecto natural cerca del ojo humano.<\/li>\n<li>El dise\u00f1o \u00f3ptico incorpora un elemento asf\u00e9rico, un elemento de dispersi\u00f3n extra baja y tres elementos de refracci\u00f3n ultra alta, que ayudan a suprimir las aberraciones esf\u00e9ricas y crom\u00e1ticas para mejorar la nitidez, la precisi\u00f3n del color y la claridad.<\/li>\n<li>El dise\u00f1o amigable con el video cuenta con un mecanismo de tecla de clic para eliminar el clic del anillo de apertura. Esto evita que se grabe el sonido del clic y proporciona un cambio suave en el brillo al cambiar la configuraci\u00f3n de apertura. <\/li>\n<li>Construcci\u00f3n met\u00e1lica robusta con ranuras profundas en el anillo de apertura y el anillo de enfoque para permitir un mejor manejo.<\/li>\n<li>El enfoque interno minimiza la respiraci\u00f3n de enfoque al cambiar el enfoque de un objeto a otro. Este dise\u00f1o tambi\u00e9n ayuda a evitar que el polvo entre en la lente. <\/li>\n<\/ul>\n<p><strong>Caracter\u00edsticas t\u00e9cnicas:<\/strong><\/p>\n<ul>\n<li>Distancia focal: 45 mm<\/li>\n<li>Apertura m\u00e1xima: f\/0.95<\/li>\n<li>Apertura m\u00ednima: f\/16<\/li>\n<li>Montura de lente: Canon RF<\/li>\n<li>Formato: Fotograma completo<\/li>\n<li>\u00c1ngulo de visi\u00f3n: 51\u00b0<\/li>\n<li>Distancia m\u00ednima de enfoque: 50 cm<\/li>\n<li>Aumento m\u00e1ximo: 0.12x<\/li>\n<li>Dise\u00f1o \u00f3ptico: 13 elementos en 9 grupos<\/li>\n<li>Hojas de diafragma: 15<\/li>\n<li>Tipo de enfoque: Enfoque manual<\/li>\n<li>Estabilizaci\u00f3n de imagen No<\/li>\n<li>Tama\u00f1o del filtro: 72 mm (frontal)<\/li>\n<li>Dimensiones (\u00f8 x W): 77 x 110 mm<\/li>\n<li>Peso: 835 g<\/li>\n<\/ul>\n","protected":false},"excerpt":{"rendered":"<p>LAOWA Argus 45mm f\/0.95 FF Canon RF Funciones: Objetivo con montura RF \/ Formato de fotograma completo Rango de apertura:<\/p>\n","protected":false},"featured_media":49759,"comment_status":"closed","ping_status":"closed","template":"","meta":{"_acf_changed":false},"product_brand":[2682],"product_cat":[1062],"product_tag":[],"class_list":{"0":"post-74790","1":"product","2":"type-product","3":"status-publish","4":"has-post-thumbnail","6":"product_brand-laowa-es","7":"product_cat-mirrorless-objectivos","8":"pa_abertura-maxima-f-0-95-es","9":"pa_cor-negro","10":"pa_diametro-72mm-es","11":"pa_estabilizacao-de-imagem-no","12":"pa_montagem-da-objetiva-canon-rf-es","13":"pa_sensor-fotograma-completo","14":"pa_tipo-de-objetiva-estandar","15":"pa_zoom-fixa-fijo","17":"first","18":"onbackorder","19":"taxable","20":"shipping-taxable","21":"purchasable","22":"product-type-simple"},"bundled_by":[],"bundle_stock_status":"onbackorder","bundle_stock_quantity":null,"bundle_virtual":false,"bundle_layout":"","bundle_add_to_cart_form_location":"","bundle_editable_in_cart":false,"bundle_sold_individually_context":"","bundle_item_grouping":"","bundle_min_size":"","bundle_max_size":"","bundle_price":[],"bundled_items":[],"bundle_sell_ids":[],"acf":[],"_links":{"self":[{"href":"https:\/\/hi-techwonder.com\/es\/wp-json\/wp\/v2\/product\/74790","targetHints":{"allow":["GET"]}}],"collection":[{"href":"https:\/\/hi-techwonder.com\/es\/wp-json\/wp\/v2\/product"}],"about":[{"href":"https:\/\/hi-techwonder.com\/es\/wp-json\/wp\/v2\/types\/product"}],"replies":[{"embeddable":true,"href":"https:\/\/hi-techwonder.com\/es\/wp-json\/wp\/v2\/comments?post=74790"}],"wp:featuredmedia":[{"embeddable":true,"href":"https:\/\/hi-techwonder.com\/es\/wp-json\/wp\/v2\/media\/49759"}],"wp:attachment":[{"href":"https:\/\/hi-techwonder.com\/es\/wp-json\/wp\/v2\/media?parent=74790"}],"wp:term":[{"taxonomy":"product_brand","embeddable":true,"href":"https:\/\/hi-techwonder.com\/es\/wp-json\/wp\/v2\/product_brand?post=74790"},{"taxonomy":"product_cat","embeddable":true,"href":"https:\/\/hi-techwonder.com\/es\/wp-json\/wp\/v2\/product_cat?post=74790"},{"taxonomy":"product_tag","embeddable":true,"href":"https:\/\/hi-techwonder.com\/es\/wp-json\/wp\/v2\/product_tag?post=74790"}],"curies":[{"name":"wp","href":"https:\/\/api.w.org\/{rel}","templated":true}]}}