{"id":74791,"date":"2025-07-29T09:28:51","date_gmt":"2025-07-29T09:28:51","guid":{"rendered":"https:\/\/fv6qoy3ls0.wpdns.site\/product\/laowa-argus-33mm-f-0-95-cf-apo-fujifilm-x\/"},"modified":"2025-12-23T10:43:43","modified_gmt":"2025-12-23T10:43:43","slug":"laowa-argus-33mm-f-0-95-cf-apo-fujifilm-x","status":"publish","type":"product","link":"https:\/\/hi-techwonder.com\/es\/producto\/laowa-argus-33mm-f-0-95-cf-apo-fujifilm-x\/","title":{"rendered":"LAOWA Argus 33mm f\/0.95 CF APO Fujifilm X"},"content":{"rendered":"<p>Inspirado en la leyenda de Argus, un gigante m\u00edtico con visi\u00f3n que todo lo ve, el Laowa 33mm f\/0.95 CF APO es un magn\u00edfico objetivo f\/0.95 para c\u00e1maras de formato APS-C. La apertura ultrarr\u00e1pida es adecuada para fotograf\u00eda con poca luz, astrofotograf\u00eda, retratos de poca profundidad de campo y videograf\u00eda narrativa. El dise\u00f1o apocrom\u00e1tico incorpora un elemento de dispersi\u00f3n ultrabaja, un elemento asf\u00e9rico y tres elementos de refracci\u00f3n ultra alta para lograr im\u00e1genes n\u00edtidas y claras con una aberraci\u00f3n crom\u00e1tica m\u00ednima en toda la imagen.  <\/p>\n<p>Para aplicaciones de video, esta lente de enfoque manual din\u00e1mico presenta un rango de enfoque largo y una respiraci\u00f3n de enfoque reducida para un control de enfoque preciso, adem\u00e1s de un anillo de apertura continuo para transiciones de exposici\u00f3n suaves.<\/p>\n<ul>\n<li>Dise\u00f1o \u00f3ptico apocrom\u00e1tico APO<\/li>\n<li>Enfoque interno<\/li>\n<li>Anillo de apertura continuo<\/li>\n<li>Respiraci\u00f3n de bajo enfoque<\/li>\n<li>Un elemento de dispersi\u00f3n ultrabaja, un elemento asf\u00e9rico, tres elementos de refracci\u00f3n ultra alta<\/li>\n<li>14 elementos en 9 grupos<\/li>\n<li>Nueve hojas de apertura para un excelente bokeh<\/li>\n<\/ul>\n<h2 class=\"western\" style=\"font-style: normal; font-weight: normal;\"><strong><span style=\"font-family: OpenSans, Segoe UI, Helvetica, Roboto, Arial, sans-serif;\"><span style=\"font-size: medium;\">Laowa Argus 33mm F\/0.95 CF APO Ficha Tecnica<\/span><\/span><\/strong><\/h2>\n<table border=\"0\" width=\"495\" cellspacing=\"0\" cellpadding=\"2\">\n<colgroup>\n<col width=\"168\">\n<col width=\"319\"> <\/colgroup>\n<tbody>\n<tr>\n<td width=\"168\">\n<p style=\"border: none; padding: 0cm; font-weight: normal;\" align=\"LEFT\">Distancia focal<\/p>\n<\/td>\n<td width=\"319\">\n<p style=\"border: none; padding: 0cm; font-weight: normal;\">33 mm (distancia focal equivalente a 35 mm: 49,5 mm)<\/p>\n<\/td>\n<\/tr>\n<tr>\n<td width=\"168\">\n<p style=\"border: none; padding: 0cm; font-weight: normal;\" align=\"LEFT\">Apertura m\u00e1xima<\/p>\n<\/td>\n<td width=\"319\">\n<p style=\"border: none; padding: 0cm; font-weight: normal;\">f\/0.95<\/p>\n<\/td>\n<\/tr>\n<tr>\n<td width=\"168\">\n<p style=\"border: none; padding: 0cm; font-weight: normal;\" align=\"LEFT\">Apertura m\u00ednima<\/p>\n<\/td>\n<td width=\"319\">\n<p style=\"border: none; padding: 0cm; font-weight: normal;\">f\/11<\/p>\n<\/td>\n<\/tr>\n<tr>\n<td width=\"168\">\n<p style=\"border: none; padding: 0cm; font-weight: normal;\" align=\"LEFT\">Montura de lente<\/p>\n<\/td>\n<td width=\"319\">\n<p style=\"border: none; padding: 0cm; font-weight: normal;\">FUJIFILM X<\/p>\n<\/td>\n<\/tr>\n<tr>\n<td width=\"168\">\n<p style=\"border: none; padding: 0cm; font-weight: normal;\" align=\"LEFT\">Compatibilidad de formatos<\/p>\n<\/td>\n<td width=\"319\">\n<p style=\"border: none; padding: 0cm; font-weight: normal;\">APS-C<\/p>\n<\/td>\n<\/tr>\n<tr>\n<td width=\"168\">\n<p style=\"border: none; padding: 0cm; font-weight: normal;\" align=\"LEFT\">\u00c1ngulo de visi\u00f3n<\/p>\n<\/td>\n<td width=\"319\">\n<p style=\"border: none; padding: 0cm; font-weight: normal;\">46.2\u00b0<\/p>\n<\/td>\n<\/tr>\n<tr>\n<td width=\"168\">\n<p style=\"border: none; padding: 0cm; font-weight: normal;\" align=\"LEFT\">Distancia m\u00ednima de enfoque<\/p>\n<\/td>\n<td width=\"319\">\n<p style=\"border: none; padding: 0cm; font-weight: normal;\">13,8&#8243; \/ 35 cm<\/p>\n<\/td>\n<\/tr>\n<tr>\n<td width=\"168\">\n<p style=\"border: none; padding: 0cm; font-weight: normal;\" align=\"LEFT\">Dise\u00f1o \u00f3ptico<\/p>\n<\/td>\n<td width=\"319\">\n<p style=\"border: none; padding: 0cm; font-weight: normal;\">14 elementos en 9 grupos<\/p>\n<\/td>\n<\/tr>\n<tr>\n<td width=\"168\">\n<p style=\"border: none; padding: 0cm; font-weight: normal;\" align=\"LEFT\">Hojas de diafragma<\/p>\n<\/td>\n<td width=\"319\">\n<p style=\"border: none; padding: 0cm; font-weight: normal;\">9<\/p>\n<\/td>\n<\/tr>\n<tr>\n<td width=\"168\">\n<p style=\"border: none; padding: 0cm; font-weight: normal;\" align=\"LEFT\">Tipo de enfoque<\/p>\n<\/td>\n<td width=\"319\">\n<p style=\"border: none; padding: 0cm; font-weight: normal;\">Enfoque manual<\/p>\n<\/td>\n<\/tr>\n<tr>\n<td width=\"168\">\n<p style=\"border: none; padding: 0cm; font-weight: normal;\" align=\"LEFT\">Estabilizaci\u00f3n de imagen<\/p>\n<\/td>\n<td width=\"319\">\n<p style=\"border: none; padding: 0cm; font-weight: normal;\">En<\/p>\n<\/td>\n<\/tr>\n<tr>\n<td width=\"168\">\n<p style=\"border: none; padding: 0cm; font-weight: normal;\" align=\"LEFT\">Tama\u00f1o del filtro<\/p>\n<\/td>\n<td width=\"319\">\n<p style=\"border: none; padding: 0cm; font-weight: normal;\">62 mm (frontal)<\/p>\n<\/td>\n<\/tr>\n<tr>\n<td width=\"168\">\n<p style=\"border: none; padding: 0cm; font-weight: normal;\" align=\"LEFT\">Dimensiones (\u00f8 x L)<\/p>\n<\/td>\n<td width=\"319\">\n<p style=\"border: none; padding: 0cm; font-weight: normal;\">2,8 x 3,3&#8243; \/ 71,5 x 83 mm<\/p>\n<\/td>\n<\/tr>\n<tr>\n<td width=\"168\">\n<p style=\"border: none; padding: 0cm; font-weight: normal;\" align=\"LEFT\">Peso<\/p>\n<\/td>\n<td width=\"319\">\n<p style=\"border: none; padding: 0cm; font-weight: normal;\">20.8 oz \/ 590 g<\/p>\n<\/td>\n<\/tr>\n<\/tbody>\n<\/table>\n","protected":false},"excerpt":{"rendered":"<p>Inspirado en la leyenda de Argus, un gigante m\u00edtico con visi\u00f3n que todo lo ve, el Laowa 33mm f\/0.95 CF<\/p>\n","protected":false},"featured_media":49497,"comment_status":"closed","ping_status":"closed","template":"","meta":{"_acf_changed":false},"product_brand":[2682],"product_cat":[1062],"product_tag":[],"class_list":{"0":"post-74791","1":"product","2":"type-product","3":"status-publish","4":"has-post-thumbnail","6":"product_brand-laowa-es","7":"product_cat-mirrorless-objectivos","8":"pa_abertura-maxima-f-0-95-es","9":"pa_cor-negro","10":"pa_diametro-62mm-es","11":"pa_estabilizacao-de-imagem-no","12":"pa_montagem-da-objetiva-fujifilm-x-es","13":"pa_sensor-aps-c-es","14":"pa_tipo-de-foco-enfoque-manual","15":"pa_tipo-de-objetiva-estandar","16":"pa_zoom-fixa-fijo","18":"first","19":"onbackorder","20":"taxable","21":"shipping-taxable","22":"purchasable","23":"product-type-simple"},"bundled_by":[],"bundle_stock_status":"onbackorder","bundle_stock_quantity":null,"bundle_virtual":false,"bundle_layout":"","bundle_add_to_cart_form_location":"","bundle_editable_in_cart":false,"bundle_sold_individually_context":"","bundle_item_grouping":"","bundle_min_size":"","bundle_max_size":"","bundle_price":[],"bundled_items":[],"bundle_sell_ids":[],"acf":[],"_links":{"self":[{"href":"https:\/\/hi-techwonder.com\/es\/wp-json\/wp\/v2\/product\/74791","targetHints":{"allow":["GET"]}}],"collection":[{"href":"https:\/\/hi-techwonder.com\/es\/wp-json\/wp\/v2\/product"}],"about":[{"href":"https:\/\/hi-techwonder.com\/es\/wp-json\/wp\/v2\/types\/product"}],"replies":[{"embeddable":true,"href":"https:\/\/hi-techwonder.com\/es\/wp-json\/wp\/v2\/comments?post=74791"}],"wp:featuredmedia":[{"embeddable":true,"href":"https:\/\/hi-techwonder.com\/es\/wp-json\/wp\/v2\/media\/49497"}],"wp:attachment":[{"href":"https:\/\/hi-techwonder.com\/es\/wp-json\/wp\/v2\/media?parent=74791"}],"wp:term":[{"taxonomy":"product_brand","embeddable":true,"href":"https:\/\/hi-techwonder.com\/es\/wp-json\/wp\/v2\/product_brand?post=74791"},{"taxonomy":"product_cat","embeddable":true,"href":"https:\/\/hi-techwonder.com\/es\/wp-json\/wp\/v2\/product_cat?post=74791"},{"taxonomy":"product_tag","embeddable":true,"href":"https:\/\/hi-techwonder.com\/es\/wp-json\/wp\/v2\/product_tag?post=74791"}],"curies":[{"name":"wp","href":"https:\/\/api.w.org\/{rel}","templated":true}]}}