{"id":74794,"date":"2025-07-29T09:28:59","date_gmt":"2025-07-29T09:28:59","guid":{"rendered":"https:\/\/fv6qoy3ls0.wpdns.site\/product\/laowa-argus-35mm-f-0-95-ff-canon-rf\/"},"modified":"2025-12-23T11:04:40","modified_gmt":"2025-12-23T11:04:40","slug":"laowa-argus-35mm-f-0-95-ff-canon-rf","status":"publish","type":"product","link":"https:\/\/hi-techwonder.com\/es\/producto\/laowa-argus-35mm-f-0-95-ff-canon-rf\/","title":{"rendered":"LAOWA Argus 35mm f\/0.95 FF Canon RF"},"content":{"rendered":"<p>El Laowa Argus 35mm f\/0.95 FF para Canon RF de Venus Optics es un objetivo gran angular r\u00e1pido con una apertura m\u00e1xima brillante de f\/0.95 para c\u00e1maras de fotograma completo. El rendimiento \u00f3ptico se maximiza mediante la incorporaci\u00f3n de un elemento de vidrio ED, un elemento de lente asf\u00e9rica y cuatro elementos de vidrio de alto \u00edndice de refracci\u00f3n. La poca profundidad de campo y el bokeh de ensue\u00f1o creados al combinar la apertura de f\/0.95 y el diafragma de 15 hojas crean retratos excepcionales. Tiene un alto rendimiento en condiciones de poca luz para obtener im\u00e1genes n\u00edtidas, lo que lo convierte en una herramienta indispensable para cualquier fot\u00f3grafo y vide\u00f3grafo.   <\/p>\n<p>Seleccione un clic o un anillo de apertura suave para la grabaci\u00f3n de video sin cambios notables al cambiar la apertura. El enfoque manual preciso se logra f\u00e1cilmente con la rotaci\u00f3n de 300\u00b0 del cilindro, lo que produce una respiraci\u00f3n de enfoque extremadamente bajo, eliminando la distracci\u00f3n de los cambios en el \u00e1ngulo de visi\u00f3n al mover el enfoque de un sujeto a otro al crear im\u00e1genes narrativas. <\/p>\n<ul>\n<li>Apertura m\u00e1xima ultrarr\u00e1pida de f\/0,95<\/li>\n<li>Un elemento de dispersi\u00f3n ultrabaja, un elemento asf\u00e9rico y cuatro elementos de refracci\u00f3n ultra alta<\/li>\n<li>Anillo de apertura seleccionable con clic o sin clic<\/li>\n<li>Lente de enfoque manual con respiraci\u00f3n de bajo enfoque<\/li>\n<li>15 hojas de apertura para un excelente bokeh<\/li>\n<\/ul>\n<h2 class=\"western\" style=\"font-style: normal; font-weight: normal;\"><strong><span style=\"font-family: OpenSans, Segoe UI, Helvetica, Roboto, Arial, sans-serif;\"><span style=\"font-size: medium;\">Venus Optics Laowa Argus 35mm F\/0.95 Ficha Tecnica<\/span><\/span><\/strong><\/h2>\n<table border=\"0\" width=\"339\" cellspacing=\"0\" cellpadding=\"2\">\n<colgroup>\n<col width=\"168\">\n<col width=\"163\"> <\/colgroup>\n<tbody>\n<tr>\n<td width=\"168\">\n<p style=\"border: none; padding: 0cm; font-weight: normal;\" align=\"LEFT\">Distancia focal<\/p>\n<\/td>\n<td width=\"163\">\n<p style=\"border: none; padding: 0cm; font-weight: normal;\">35 mm<\/p>\n<\/td>\n<\/tr>\n<tr>\n<td width=\"168\">\n<p style=\"border: none; padding: 0cm; font-weight: normal;\" align=\"LEFT\">Apertura m\u00e1xima<\/p>\n<\/td>\n<td width=\"163\">\n<p style=\"border: none; padding: 0cm; font-weight: normal;\">f\/0.95<\/p>\n<\/td>\n<\/tr>\n<tr>\n<td width=\"168\">\n<p style=\"border: none; padding: 0cm; font-weight: normal;\" align=\"LEFT\">Apertura m\u00ednima<\/p>\n<\/td>\n<td width=\"163\">\n<p style=\"border: none; padding: 0cm; font-weight: normal;\">f\/16<\/p>\n<\/td>\n<\/tr>\n<tr>\n<td width=\"168\">\n<p style=\"border: none; padding: 0cm; font-weight: normal;\" align=\"LEFT\">Montura de lente<\/p>\n<\/td>\n<td width=\"163\">\n<p style=\"border: none; padding: 0cm; font-weight: normal;\">Canon RF<\/p>\n<\/td>\n<\/tr>\n<tr>\n<td width=\"168\">\n<p style=\"border: none; padding: 0cm; font-weight: normal;\" align=\"LEFT\">Compatibilidad de formatos<\/p>\n<\/td>\n<td width=\"163\">\n<p style=\"border: none; padding: 0cm; font-weight: normal;\">Fotograma completo<\/p>\n<\/td>\n<\/tr>\n<tr>\n<td width=\"168\">\n<p style=\"border: none; padding: 0cm; font-weight: normal;\" align=\"LEFT\">\u00c1ngulo de visi\u00f3n<\/p>\n<\/td>\n<td width=\"163\">\n<p style=\"border: none; padding: 0cm; font-weight: normal;\">63.4\u00b0<\/p>\n<\/td>\n<\/tr>\n<tr>\n<td width=\"168\">\n<p style=\"border: none; padding: 0cm; font-weight: normal;\" align=\"LEFT\">Distancia m\u00ednima de enfoque<\/p>\n<\/td>\n<td width=\"163\">\n<p style=\"border: none; padding: 0cm; font-weight: normal;\">19,7&#8243; \/ 50 cm<\/p>\n<\/td>\n<\/tr>\n<tr>\n<td width=\"168\">\n<p style=\"border: none; padding: 0cm; font-weight: normal;\" align=\"LEFT\">Aumento m\u00e1ximo<\/p>\n<\/td>\n<td width=\"163\">\n<p style=\"border: none; padding: 0cm; font-weight: normal;\">0,1 veces<\/p>\n<\/td>\n<\/tr>\n<tr>\n<td width=\"168\">\n<p style=\"border: none; padding: 0cm; font-weight: normal;\" align=\"LEFT\">Dise\u00f1o \u00f3ptico<\/p>\n<\/td>\n<td width=\"163\">\n<p style=\"border: none; padding: 0cm; font-weight: normal;\">14 elementos en 9 grupos<\/p>\n<\/td>\n<\/tr>\n<tr>\n<td width=\"168\">\n<p style=\"border: none; padding: 0cm; font-weight: normal;\" align=\"LEFT\">Hojas de diafragma<\/p>\n<\/td>\n<td width=\"163\">\n<p style=\"border: none; padding: 0cm; font-weight: normal;\">15<\/p>\n<\/td>\n<\/tr>\n<tr>\n<td width=\"168\">\n<p style=\"border: none; padding: 0cm; font-weight: normal;\" align=\"LEFT\">Tipo de enfoque<\/p>\n<\/td>\n<td width=\"163\">\n<p style=\"border: none; padding: 0cm; font-weight: normal;\">Enfoque manual<\/p>\n<\/td>\n<\/tr>\n<tr>\n<td width=\"168\">\n<p style=\"border: none; padding: 0cm; font-weight: normal;\" align=\"LEFT\">Estabilizaci\u00f3n de imagen<\/p>\n<\/td>\n<td width=\"163\">\n<p style=\"border: none; padding: 0cm; font-weight: normal;\">En<\/p>\n<\/td>\n<\/tr>\n<tr>\n<td width=\"168\">\n<p style=\"border: none; padding: 0cm; font-weight: normal;\" align=\"LEFT\">Tama\u00f1o del filtro<\/p>\n<\/td>\n<td width=\"163\">\n<p style=\"border: none; padding: 0cm; font-weight: normal;\">72 mm (Frontal)<\/p>\n<\/td>\n<\/tr>\n<tr>\n<td width=\"168\">\n<p style=\"border: none; padding: 0cm; font-weight: normal;\" align=\"LEFT\">Dimensiones (\u00f8 x L)<\/p>\n<\/td>\n<td width=\"163\">\n<p style=\"border: none; padding: 0cm; font-weight: normal;\">3 x 4,1&#8243; \/ 76,8 x 103 mm<\/p>\n<\/td>\n<\/tr>\n<tr>\n<td width=\"168\">\n<p style=\"border: none; padding: 0cm; font-weight: normal;\" align=\"LEFT\">Peso<\/p>\n<\/td>\n<td width=\"163\">\n<p style=\"border: none; padding: 0cm; font-weight: normal;\">26.6 onzas \/ 755 g<\/p>\n<\/td>\n<\/tr>\n<\/tbody>\n<\/table>\n","protected":false},"excerpt":{"rendered":"<p>El Laowa Argus 35mm f\/0.95 FF para Canon RF de Venus Optics es un objetivo gran angular r\u00e1pido con una<\/p>\n","protected":false},"featured_media":49528,"comment_status":"closed","ping_status":"closed","template":"","meta":{"_acf_changed":false},"product_brand":[2682],"product_cat":[1062],"product_tag":[],"class_list":{"0":"post-74794","1":"product","2":"type-product","3":"status-publish","4":"has-post-thumbnail","6":"product_brand-laowa-es","7":"product_cat-mirrorless-objectivos","8":"pa_abertura-maxima-f-0-95-es","9":"pa_cor-negro","10":"pa_diametro-72mm-es","11":"pa_estabilizacao-de-imagem-no","12":"pa_montagem-da-objetiva-canon-rf-es","13":"pa_sensor-fotograma-completo","14":"pa_tipo-de-foco-enfoque-manual","15":"pa_tipo-de-objetiva-estandar","16":"pa_zoom-fixa-fijo","18":"first","19":"onbackorder","20":"taxable","21":"shipping-taxable","22":"purchasable","23":"product-type-simple"},"bundled_by":[],"bundle_stock_status":"onbackorder","bundle_stock_quantity":null,"bundle_virtual":false,"bundle_layout":"","bundle_add_to_cart_form_location":"","bundle_editable_in_cart":false,"bundle_sold_individually_context":"","bundle_item_grouping":"","bundle_min_size":"","bundle_max_size":"","bundle_price":[],"bundled_items":[],"bundle_sell_ids":[],"acf":[],"_links":{"self":[{"href":"https:\/\/hi-techwonder.com\/es\/wp-json\/wp\/v2\/product\/74794","targetHints":{"allow":["GET"]}}],"collection":[{"href":"https:\/\/hi-techwonder.com\/es\/wp-json\/wp\/v2\/product"}],"about":[{"href":"https:\/\/hi-techwonder.com\/es\/wp-json\/wp\/v2\/types\/product"}],"replies":[{"embeddable":true,"href":"https:\/\/hi-techwonder.com\/es\/wp-json\/wp\/v2\/comments?post=74794"}],"wp:featuredmedia":[{"embeddable":true,"href":"https:\/\/hi-techwonder.com\/es\/wp-json\/wp\/v2\/media\/49528"}],"wp:attachment":[{"href":"https:\/\/hi-techwonder.com\/es\/wp-json\/wp\/v2\/media?parent=74794"}],"wp:term":[{"taxonomy":"product_brand","embeddable":true,"href":"https:\/\/hi-techwonder.com\/es\/wp-json\/wp\/v2\/product_brand?post=74794"},{"taxonomy":"product_cat","embeddable":true,"href":"https:\/\/hi-techwonder.com\/es\/wp-json\/wp\/v2\/product_cat?post=74794"},{"taxonomy":"product_tag","embeddable":true,"href":"https:\/\/hi-techwonder.com\/es\/wp-json\/wp\/v2\/product_tag?post=74794"}],"curies":[{"name":"wp","href":"https:\/\/api.w.org\/{rel}","templated":true}]}}