{"id":74795,"date":"2025-07-29T09:18:43","date_gmt":"2025-07-29T09:18:43","guid":{"rendered":"https:\/\/fv6qoy3ls0.wpdns.site\/product\/anillo-de-soporte-laowa-para-100mm-f-2-8-2x-ultra-macro-apo\/"},"modified":"2026-01-31T02:27:03","modified_gmt":"2026-01-31T02:27:03","slug":"laowa-anillo-de-soporte-laowa-para-100mm-f-2-8-2x-ultra-macro-apo","status":"publish","type":"product","link":"https:\/\/hi-techwonder.com\/es\/producto\/laowa-anillo-de-soporte-laowa-para-100mm-f-2-8-2x-ultra-macro-apo\/","title":{"rendered":"Anillo de soporte LAOWA para 100mm f\/2.8 2x Ultra Macro APO"},"content":{"rendered":"<p><strong>Anillo de soporte LAOWA para 100mm f\/2.8 2x Ultra Macro APO<\/strong><\/p>\n<p><strong>Caracter\u00edsticas principales:<\/strong><\/p>\n<ul>\n<li>Dise\u00f1ado para el Laowa 100 mm f\/2.8<\/li>\n<\/ul>\n<p><strong>En la caja:<\/strong><\/p>\n<ul>\n<li>Collar de tr\u00edpode Laowa de Venus Optics para 100mm f\/2.8 2x Ultra Macro APO<\/li>\n<\/ul>\n<p>El collar de tr\u00edpode Laowa para 100 mm f\/2.8 2x Ultra Macro APO de Venus Optics est\u00e1 dise\u00f1ado para este objetivo y le da la opci\u00f3n de montar el objetivo en un tr\u00edpode, lo que proporciona una toma m\u00e1s estable. El collar se adhiere al cilindro trasero de la lente, y la perilla de bloqueo ubicada a la izquierda del anillo le permite rotar la lente de una orientaci\u00f3n horizontal a una vertical. <\/p>\n","protected":false},"excerpt":{"rendered":"<p>Anillo de soporte LAOWA para 100mm f\/2.8 2x Ultra Macro APO Caracter\u00edsticas principales: Dise\u00f1ado para el Laowa 100 mm f\/2.8<\/p>\n","protected":false},"featured_media":47354,"comment_status":"closed","ping_status":"open","template":"","meta":{"_acf_changed":false},"product_brand":[2682],"product_cat":[1037],"product_tag":[],"class_list":{"0":"post-74795","1":"product","2":"type-product","3":"status-publish","4":"has-post-thumbnail","6":"product_brand-laowa-es","7":"product_cat-extras-objetivos","9":"first","10":"onbackorder","11":"taxable","12":"shipping-taxable","13":"purchasable","14":"product-type-simple"},"bundled_by":[],"bundle_stock_status":"onbackorder","bundle_stock_quantity":0,"bundle_virtual":false,"bundle_layout":"","bundle_add_to_cart_form_location":"","bundle_editable_in_cart":false,"bundle_sold_individually_context":"","bundle_item_grouping":"","bundle_min_size":"","bundle_max_size":"","bundle_price":[],"bundled_items":[],"bundle_sell_ids":[],"acf":[],"_links":{"self":[{"href":"https:\/\/hi-techwonder.com\/es\/wp-json\/wp\/v2\/product\/74795","targetHints":{"allow":["GET"]}}],"collection":[{"href":"https:\/\/hi-techwonder.com\/es\/wp-json\/wp\/v2\/product"}],"about":[{"href":"https:\/\/hi-techwonder.com\/es\/wp-json\/wp\/v2\/types\/product"}],"replies":[{"embeddable":true,"href":"https:\/\/hi-techwonder.com\/es\/wp-json\/wp\/v2\/comments?post=74795"}],"wp:featuredmedia":[{"embeddable":true,"href":"https:\/\/hi-techwonder.com\/es\/wp-json\/wp\/v2\/media\/47354"}],"wp:attachment":[{"href":"https:\/\/hi-techwonder.com\/es\/wp-json\/wp\/v2\/media?parent=74795"}],"wp:term":[{"taxonomy":"product_brand","embeddable":true,"href":"https:\/\/hi-techwonder.com\/es\/wp-json\/wp\/v2\/product_brand?post=74795"},{"taxonomy":"product_cat","embeddable":true,"href":"https:\/\/hi-techwonder.com\/es\/wp-json\/wp\/v2\/product_cat?post=74795"},{"taxonomy":"product_tag","embeddable":true,"href":"https:\/\/hi-techwonder.com\/es\/wp-json\/wp\/v2\/product_tag?post=74795"}],"curies":[{"name":"wp","href":"https:\/\/api.w.org\/{rel}","templated":true}]}}