{"id":74800,"date":"2025-07-29T09:27:35","date_gmt":"2025-07-29T09:27:35","guid":{"rendered":"https:\/\/fv6qoy3ls0.wpdns.site\/product\/laowa-9mm-f-2-8-zero-d-sony-e\/"},"modified":"2025-12-22T15:07:15","modified_gmt":"2025-12-22T15:07:15","slug":"laowa-9mm-f-2-8-zero-d-sony-e","status":"publish","type":"product","link":"https:\/\/hi-techwonder.com\/es\/producto\/laowa-9mm-f-2-8-zero-d-sony-e\/","title":{"rendered":"LAOWA 9mm f\/2.8 Zero-D Sony E"},"content":{"rendered":"<p><strong>Productos destacados<\/strong><\/p>\n<ul>\n<li>Lente de formato E-Mount\/APS-C<\/li>\n<li>13,5 mm (equivalente a 35 mm)<\/li>\n<li>Rango de apertura: f\/2.8 a f\/22<\/li>\n<li>Dos elementos asf\u00e9ricos<\/li>\n<li>Tres elementos de dispersi\u00f3n extra baja<\/li>\n<li>Dise\u00f1o rectil\u00edneo, baja distorsi\u00f3n<\/li>\n<li>Revestimiento repelente al agua y al polvo para ojos de rana<\/li>\n<li>Dise\u00f1o de enfoque manual<\/li>\n<li>Parasol incorporado en forma de p\u00e9talo<\/li>\n<\/ul>\n<p><strong>En la caja<\/strong><\/p>\n<ul>\n<li>Lente Venus Optics Laowa 9mm f\/2.8 Zero-D para Sony E<\/li>\n<li>Tapas de lentes delanteras y traseras<\/li>\n<\/ul>\n<p>Combinando un campo de visi\u00f3n ultra gran angular con un dise\u00f1o especialmente compacto, este Laowa 9mm f\/2.8 Zero-D de Venus Optics es un lente con montura E de Sony que ofrece una distancia focal equivalente a 13.5mm. Como lente Zero-D, el dise\u00f1o \u00f3ptico de este 9 mm f\/2.8 est\u00e1 dise\u00f1ado espec\u00edficamente para limitar la distorsi\u00f3n para retratos claros y precisos de paisajes y sujetos arquitect\u00f3nicos. La construcci\u00f3n \u00f3ptica tambi\u00e9n incorpora un par de elementos asf\u00e9ricos y tres elementos de dispersi\u00f3n extra baja para controlar las aberraciones esf\u00e9ricas y crom\u00e1ticas para mejorar la nitidez y reducir las franjas de color. Tambi\u00e9n se ha aplicado un recubrimiento de ojo de rana para repeler el polvo y la humedad del elemento frontal de la lente para beneficiar el trabajo en condiciones ambientales dif\u00edciles. Su dise\u00f1o elegante y liviano combina bien con cuerpos sin espejo y es ideal para fotos cotidianas, as\u00ed como para usar en cardanes. Adem\u00e1s, tambi\u00e9n se incorpora un parasol en forma de p\u00e9talo en el dise\u00f1o de la lente para reducir los destellos y las im\u00e1genes fantasma cuando se trabaja en condiciones de iluminaci\u00f3n intensa.     <\/p>\n<ul>\n<li>El objetivo ultra gran angular de 9 mm f\/2,8 est\u00e1 dise\u00f1ado para las c\u00e1maras mirrorless con montura E de Sony en formato APS-C y ofrece una distancia focal equivalente a 13,5 mm.<\/li>\n<li>La brillante apertura m\u00e1xima de f\/2.8 es adecuada para trabajar en condiciones de poca y dif\u00edcil iluminaci\u00f3n.<\/li>\n<li>El dise\u00f1o rectil\u00edneo representa sujetos con una distorsi\u00f3n m\u00ednima para adaptarse a aplicaciones paisaj\u00edsticas y arquitect\u00f3nicas.<\/li>\n<li>Tres elementos de dispersi\u00f3n extra baja reducen las aberraciones crom\u00e1ticas y las franjas de color para mayor claridad y neutralidad de color. Tambi\u00e9n se presentan dos elementos asf\u00e9ricos para limitar las aberraciones esf\u00e9ricas para mayor claridad. <\/li>\n<li>Se ha aplicado un recubrimiento de ojo de rana para repeler el polvo y la humedad para mayor protecci\u00f3n cuando se trabaja en condiciones adversas.<\/li>\n<li>El dise\u00f1o de enfoque manual ofrece una distancia m\u00ednima de enfoque de 12 cm.<\/li>\n<li>El parasol integrado en forma de p\u00e9talo protege el objetivo de la luz par\u00e1sita para reducir los destellos y las im\u00e1genes fantasma, y tambi\u00e9n protege los elementos frontales de impactos accidentales.<\/li>\n<\/ul>\n<div>\n<h2>Especificaciones de Venus Optics 9mm f\/2.8<\/h2>\n<table style=\"width: 491px;\" border=\"0\" cellspacing=\"0\" cellpadding=\"2\">\n<colgroup>\n<col width=\"202\"><\/colgroup>\n<colgroup>\n<col width=\"281\"><\/colgroup>\n<tbody>\n<tr>\n<th colspan=\"2\" width=\"487\">\n<p><a name=\"11011\"><\/a>interino<\/p>\n<\/th>\n<\/tr>\n<tr>\n<td width=\"202\">\n<p>Distancia focal<\/p>\n<\/td>\n<td width=\"281\">\n<p>9 mm<br \/>Distancia focal comparable de 35 mm: 13,5 mm<\/p>\n<\/td>\n<\/tr>\n<tr>\n<td width=\"202\">\n<p>Abertura<\/p>\n<\/td>\n<td width=\"281\">\n<p>M\u00e1ximo: f\/2.8<br \/>M\u00ednimo: f\/22<\/p>\n<\/td>\n<\/tr>\n<tr>\n<td width=\"202\">\n<p>Tipo de montaje de la c\u00e1mara<\/p>\n<\/td>\n<td width=\"281\">\n<p>Sony E<\/p>\n<\/td>\n<\/tr>\n<tr>\n<td width=\"202\">\n<p>Compatibilidad de formatos<\/p>\n<\/td>\n<td width=\"281\">\n<p>APS-C<\/p>\n<\/td>\n<\/tr>\n<tr>\n<td width=\"202\">\n<p>\u00c1ngulo<\/p>\n<\/td>\n<td width=\"281\">\n<p>113\u00b0<\/p>\n<\/td>\n<\/tr>\n<tr>\n<td width=\"202\">\n<p>Distancia m\u00ednima de enfoque<\/p>\n<\/td>\n<td width=\"281\">\n<p>12 cm<\/p>\n<\/td>\n<\/tr>\n<tr>\n<td width=\"202\">\n<p>Ampliaci\u00f3n<\/p>\n<\/td>\n<td width=\"281\">\n<p>0,13 veces<\/p>\n<\/td>\n<\/tr>\n<tr>\n<td width=\"202\">\n<p>Velocidad m\u00e1xima de reproducci\u00f3n<\/p>\n<\/td>\n<td width=\"281\">\n<p>1:7,5<\/p>\n<\/td>\n<\/tr>\n<tr>\n<td width=\"202\">\n<p>Dise\u00f1o \u00f3ptico<\/p>\n<\/td>\n<td width=\"281\">\n<p>15 elementos en 10 grupos<\/p>\n<\/td>\n<\/tr>\n<tr>\n<td width=\"202\">\n<p>Hojas de diafragma<\/p>\n<\/td>\n<td width=\"281\">\n<p>7<\/p>\n<\/td>\n<\/tr>\n<\/tbody>\n<\/table>\n<table style=\"width: 491px;\" border=\"0\" cellspacing=\"0\" cellpadding=\"2\">\n<colgroup>\n<col width=\"202\"><\/colgroup>\n<colgroup>\n<col width=\"281\"><\/colgroup>\n<tbody>\n<tr>\n<th colspan=\"2\" width=\"487\">\n<p><a name=\"23001\"><\/a>Recursos<\/p>\n<\/th>\n<\/tr>\n<tr>\n<td width=\"202\">\n<p>Autom\u00e1tico<\/p>\n<\/td>\n<td width=\"281\">\n<p>No<\/p>\n<\/td>\n<\/tr>\n<\/tbody>\n<\/table>\n<table style=\"width: 492px;\" border=\"0\" cellspacing=\"0\" cellpadding=\"2\">\n<colgroup>\n<col width=\"202\"><\/colgroup>\n<colgroup>\n<col width=\"282\"><\/colgroup>\n<tbody>\n<tr>\n<th colspan=\"2\" width=\"488\">\n<p><a name=\"11501\"><\/a>F\u00edsico<\/p>\n<\/th>\n<\/tr>\n<tr>\n<td width=\"202\">\n<p>Tema de filtro<\/p>\n<\/td>\n<td width=\"282\">\n<p>Delantero: 49 mm<\/p>\n<\/td>\n<\/tr>\n<tr>\n<td width=\"202\">\n<p>Dimensiones (DxL)<\/p>\n<\/td>\n<td width=\"282\">\n<p>53 x 60 mm<\/p>\n<\/td>\n<\/tr>\n<tr>\n<td width=\"202\">\n<p>Peso<\/p>\n<\/td>\n<td width=\"282\">\n<p>215 gramos<\/p>\n<\/td>\n<\/tr>\n<\/tbody>\n<\/table>\n<\/div>\n","protected":false},"excerpt":{"rendered":"<p>Productos destacados Lente de formato E-Mount\/APS-C 13,5 mm (equivalente a 35 mm) Rango de apertura: f\/2.8 a f\/22 Dos elementos<\/p>\n","protected":false},"featured_media":49232,"comment_status":"closed","ping_status":"closed","template":"","meta":{"_acf_changed":false},"product_brand":[2682],"product_cat":[1062],"product_tag":[],"class_list":{"0":"post-74800","1":"product","2":"type-product","3":"status-publish","4":"has-post-thumbnail","6":"product_brand-laowa-es","7":"product_cat-mirrorless-objectivos","8":"pa_abertura-maxima-f-2-8-es","9":"pa_cor-negro","10":"pa_diametro-49mm-es","11":"pa_estabilizacao-de-imagem-no","12":"pa_montagem-da-objetiva-sony-e-es","13":"pa_sensor-aps-c-es","14":"pa_tipo-de-foco-enfoque-manual","15":"pa_tipo-de-objetiva-gran-angular","16":"pa_zoom-fixa-fijo","18":"first","19":"onbackorder","20":"taxable","21":"shipping-taxable","22":"purchasable","23":"product-type-simple"},"bundled_by":[],"bundle_stock_status":"onbackorder","bundle_stock_quantity":null,"bundle_virtual":false,"bundle_layout":"","bundle_add_to_cart_form_location":"","bundle_editable_in_cart":false,"bundle_sold_individually_context":"","bundle_item_grouping":"","bundle_min_size":"","bundle_max_size":"","bundle_price":[],"bundled_items":[],"bundle_sell_ids":[],"acf":[],"_links":{"self":[{"href":"https:\/\/hi-techwonder.com\/es\/wp-json\/wp\/v2\/product\/74800","targetHints":{"allow":["GET"]}}],"collection":[{"href":"https:\/\/hi-techwonder.com\/es\/wp-json\/wp\/v2\/product"}],"about":[{"href":"https:\/\/hi-techwonder.com\/es\/wp-json\/wp\/v2\/types\/product"}],"replies":[{"embeddable":true,"href":"https:\/\/hi-techwonder.com\/es\/wp-json\/wp\/v2\/comments?post=74800"}],"wp:featuredmedia":[{"embeddable":true,"href":"https:\/\/hi-techwonder.com\/es\/wp-json\/wp\/v2\/media\/49232"}],"wp:attachment":[{"href":"https:\/\/hi-techwonder.com\/es\/wp-json\/wp\/v2\/media?parent=74800"}],"wp:term":[{"taxonomy":"product_brand","embeddable":true,"href":"https:\/\/hi-techwonder.com\/es\/wp-json\/wp\/v2\/product_brand?post=74800"},{"taxonomy":"product_cat","embeddable":true,"href":"https:\/\/hi-techwonder.com\/es\/wp-json\/wp\/v2\/product_cat?post=74800"},{"taxonomy":"product_tag","embeddable":true,"href":"https:\/\/hi-techwonder.com\/es\/wp-json\/wp\/v2\/product_tag?post=74800"}],"curies":[{"name":"wp","href":"https:\/\/api.w.org\/{rel}","templated":true}]}}