{"id":74801,"date":"2025-07-29T09:28:34","date_gmt":"2025-07-29T09:28:34","guid":{"rendered":"https:\/\/fv6qoy3ls0.wpdns.site\/product\/laowa-9mm-t-2-9-zero-d-cine-fujifilm-x\/"},"modified":"2025-12-23T10:23:22","modified_gmt":"2025-12-23T10:23:22","slug":"laowa-9mm-t-2-9-zero-d-cine-fujifilm-x","status":"publish","type":"product","link":"https:\/\/hi-techwonder.com\/es\/producto\/laowa-9mm-t-2-9-zero-d-cine-fujifilm-x\/","title":{"rendered":"LAOWA 9mm T\/2.9 Zero-D Cine Fujifilm X"},"content":{"rendered":"<p><strong>LAOWA 9mm T\/2.9 Zero-D Cine<\/strong> <strong>Fujifilm X<\/strong><\/p>\n<p> <strong>En la caja<\/strong><\/p>\n<ul>\n<li>  Lente de cine Venus Optics Laowa 9mm T2.9 Zero-D (Fujifilm X)<\/li>\n<li>  Tapas de lentes delanteras y traseras<\/li>\n<li>  Estuche Pelican<\/li>\n<\/ul>\n<p>  Este emocionante objetivo prime ofrece una cobertura ultra gran angular de hasta 113\u00b0 de \u00e1ngulo de visi\u00f3n (100\u00b0 en el sistema MFT). El tama\u00f1o peque\u00f1o y el peso ligero combinan perfectamente con las c\u00e1maras sin espejo y son adecuados para su uso con cardanes. La nueva versi\u00f3n Cine viene con engranajes de modulaci\u00f3n est\u00e1ndar de 0.8 en los anillos de apertura y enfoque. Una rosca de filtro est\u00e1ndar de 55 mm est\u00e1 dise\u00f1ada para montar f\u00e1cilmente filtros de tornillo. 2 elementos asf\u00e9ricos m\u00e1s 3 elementos de dispersi\u00f3n extra baja corrigen con \u00e9xito la aberraci\u00f3n crom\u00e1tica, logran una distorsi\u00f3n casi nula y proporcionan una excelente nitidez de esquina a esquina.      <\/p>\n<p><iframe loading=\"lazy\" style=\"min-height: 500px; width: 100%; height: auto;\" src=\"https:\/\/www.youtube.com\/embed\/bw6zaMKlSio\" width=\"560\" height=\"314\" allowfullscreen=\"allowfullscreen\"><\/iframe><\/p>\n<p>  El nuevo Laowa de 9 mm cubre hasta el tama\u00f1o del sensor Super 35. A pesar de ofrecer un campo de visi\u00f3n sin distorsiones de 113\u00b0, logramos comprimir el tama\u00f1o al m\u00ednimo de su clase. El tama\u00f1o compacto y el peso ligero lo hacen extremadamente flexible para varias configuraciones. Una gran apertura T2.9 tambi\u00e9n es extremadamente \u00fatil para que los cineastas disparen en situaciones de poca luz y controlen la profundidad de campo.   <\/p>\n<p> <strong>Cubriendo el sensor Super 35 y Micro Four Thirds<\/strong><\/p>\n<p>  El nuevo objetivo Cine Laowa de 9 mm funciona bien con las c\u00e1maras Super 35, APS-C y Micro Four Thirds y consigue un campo de visi\u00f3n de 120\u00b0 (sensor Super 35), 113\u00b0 (APS-C) y 100\u00b0 (MFT).<\/p>\n<p> <strong>Caja de cine profesional<\/strong><\/p>\n<p>  La lente ha optimizado el dise\u00f1o para la producci\u00f3n de pel\u00edculas y videos. Mejore enormemente la eficiencia y logre un flujo de trabajo m\u00e1s fluido. <\/p>\n<p> <strong>Compacto y ligero<\/strong><\/p>\n<p>  Con solo 247 g de peso, la lente se puede acoplar f\u00e1cilmente a cualquier configuraci\u00f3n. Perfecto para tomas en veh\u00edculos, computadoras port\u00e1tiles, tomas Gimbel y otras configuraciones especiales. <\/p>\n<p><\/p>\n<p> <strong>Distorsi\u00f3n casi nula<\/strong><\/p>\n<p>  Adem\u00e1s del campo de visi\u00f3n ultra gran angular, tambi\u00e9n ofrece una calidad de imagen excepcional con el mejor control de distorsi\u00f3n de su clase. Este dise\u00f1o de distorsi\u00f3n casi nula (Zero-D) es extremadamente \u00fatil al tomar im\u00e1genes arquitect\u00f3nicas, a\u00e9reas e interiores. <\/p>\n<p> <strong>Apertura T2.9 r\u00e1pida y distancia de enfoque extremadamente corta<\/strong><\/p>\n<p>  Incluyendo un par de elementos asf\u00e9ricos y tres elementos de dispersi\u00f3n ultrabaja, los 13 elementos en 9 grupos de dise\u00f1o \u00f3ptico controlan con \u00e9xito las aberraciones esf\u00e9ricas y crom\u00e1ticas al m\u00ednimo. La apertura m\u00e1xima Bright T2.9 es adecuada para trabajar en condiciones de poca luz. \u00bfCon un enfoque tan cercano como 4.7? (12 cm), permite a los cineastas componer de manera m\u00e1s flexible y controlar la profundidad de campo reducida con una perspectiva m\u00e1s amplia.   <\/p>\n<p> <strong>Transporte sin complicaciones<\/strong><\/p>\n<p>  Cada uno de nuestros lentes Cine Laowa viene con un estuche Pelican genuino para un transporte sin problemas.<\/p>\n<p> <strong>Caracter\u00edsticas t\u00e9cnicas:<\/strong> <\/p>\n<table border=\"0\" width=\"642\" cellspacing=\"0\" cellpadding=\"2\">\n<colgroup>\n<col width=\"330\">\n<col width=\"304\"><\/colgroup>\n<tbody>\n<tr>\n<td width=\"330\"> <span style=\"font-size: medium;\"><span style=\"color: #666666;\">Distancia focal<\/span><\/span><\/td>\n<td width=\"304\"> <span style=\"font-size: medium;\"><span style=\"color: #666666;\">9mm<\/span><\/span><\/td>\n<\/tr>\n<tr>\n<td width=\"330\"> <span style=\"font-size: medium;\"><span style=\"color: #666666;\">Alcance m\u00e1ximo<\/span><\/span><\/td>\n<td width=\"304\"> <span style=\"font-size: medium;\"><span style=\"color: #666666;\">T\/2.9<\/span><\/span><\/td>\n<\/tr>\n<tr>\n<td width=\"330\"> <span style=\"font-size: medium;\"><span style=\"color: #666666;\">Compatibilidad con formatos<\/span><\/span><\/td>\n<td width=\"304\"> <span style=\"font-size: medium;\"><span style=\"color: #666666;\">Super35 y MFT<\/span><\/span><\/td>\n<\/tr>\n<tr>\n<td width=\"330\"> <span style=\"font-size: medium;\"><span style=\"color: #666666;\">\u00c1ngulo de visi\u00f3n<\/span><\/span><\/td>\n<td width=\"304\"> <span style=\"font-size: medium;\"><span style=\"color: #666666;\">113\u00b0 en SUPER35, 100\u00b0 en MFT<\/span><\/span><\/td>\n<\/tr>\n<tr>\n<td width=\"330\"> <span style=\"font-size: medium;\"><span style=\"color: #666666;\">Distancia m\u00ednima de enfoque<\/span><\/span><\/td>\n<td width=\"304\"> <span style=\"font-size: medium;\"><span style=\"color: #666666;\">12 cm<\/span><\/span><\/td>\n<\/tr>\n<tr>\n<td width=\"330\"> <span style=\"font-size: medium;\"><span style=\"color: #666666;\">Dise\u00f1o \u00f3ptico<\/span><\/span><\/td>\n<td width=\"304\"> <span style=\"font-size: medium;\"><span style=\"color: #666666;\">15 elementos en 10 grupos<\/span><\/span><\/td>\n<\/tr>\n<tr>\n<td width=\"304\"> <span style=\"font-size: medium;\"><span style=\"color: #666666;\">Hojas de<\/span><\/span><\/td>\n<td width=\"330\"> <span style=\"font-size: medium;\"><span style=\"color: #666666;\">diafragma<\/span><\/span><\/td>\n<p> 7<\/tr>\n<tr>\n<td width=\"330\"> <span style=\"font-size: medium;\"><span style=\"color: #666666;\">Di\u00e1metro delantero<\/span><\/span><\/td>\n<td width=\"304\"> <span style=\"font-size: medium;\"><span style=\"color: #666666;\">58mm<\/span><\/span><\/td>\n<\/tr>\n<tr>\n<td width=\"330\"> <span style=\"font-size: medium;\"><span style=\"color: #666666;\">Tama\u00f1o del filtro<\/span><\/span><\/td>\n<td width=\"304\"> <span style=\"font-size: medium;\"><span style=\"color: #666666;\">55mm<\/span><\/span><\/td>\n<\/tr>\n<tr>\n<td width=\"330\"> <span style=\"font-size: medium;\"><span style=\"color: #666666;\">Longitud<\/span><\/span><\/td>\n<td width=\"304\"> <span style=\"font-size: medium;\"><span style=\"color: #666666;\">62,4 mm<\/span><\/span><\/td>\n<\/tr>\n<tr>\n<td width=\"330\"> <span style=\"font-size: medium;\"><span style=\"color: #666666;\">Peso<\/span><\/span><\/td>\n<td width=\"304\"> <span style=\"font-size: medium;\"><span style=\"color: #666666;\">247g<\/span><\/span><\/td>\n<\/tr>\n<\/tbody>\n<\/table>\n","protected":false},"excerpt":{"rendered":"<p>LAOWA 9mm T\/2.9 Zero-D Cine Fujifilm X En la caja Lente de cine Venus Optics Laowa 9mm T2.9 Zero-D (Fujifilm<\/p>\n","protected":false},"featured_media":49463,"comment_status":"closed","ping_status":"closed","template":"","meta":{"_acf_changed":false},"product_brand":[2682],"product_cat":[1042],"product_tag":[],"class_list":{"0":"post-74801","1":"product","2":"type-product","3":"status-publish","4":"has-post-thumbnail","6":"product_brand-laowa-es","7":"product_cat-cine","8":"pa_abertura-maxima-t2-9-es","9":"pa_cor-negro","10":"pa_diametro-55mm-es","11":"pa_estabilizacao-de-imagem-no","12":"pa_montagem-da-objetiva-fujifilm-x-es","13":"pa_sensor-super-35-es","14":"pa_tipo-de-foco-enfoque-manual","15":"pa_tipo-de-objetiva-gran-angular","16":"pa_zoom-fixa-fijo","18":"first","19":"onbackorder","20":"taxable","21":"shipping-taxable","22":"purchasable","23":"product-type-simple"},"bundled_by":[],"bundle_stock_status":"onbackorder","bundle_stock_quantity":null,"bundle_virtual":false,"bundle_layout":"","bundle_add_to_cart_form_location":"","bundle_editable_in_cart":false,"bundle_sold_individually_context":"","bundle_item_grouping":"","bundle_min_size":"","bundle_max_size":"","bundle_price":[],"bundled_items":[],"bundle_sell_ids":[],"acf":[],"_links":{"self":[{"href":"https:\/\/hi-techwonder.com\/es\/wp-json\/wp\/v2\/product\/74801","targetHints":{"allow":["GET"]}}],"collection":[{"href":"https:\/\/hi-techwonder.com\/es\/wp-json\/wp\/v2\/product"}],"about":[{"href":"https:\/\/hi-techwonder.com\/es\/wp-json\/wp\/v2\/types\/product"}],"replies":[{"embeddable":true,"href":"https:\/\/hi-techwonder.com\/es\/wp-json\/wp\/v2\/comments?post=74801"}],"wp:featuredmedia":[{"embeddable":true,"href":"https:\/\/hi-techwonder.com\/es\/wp-json\/wp\/v2\/media\/49463"}],"wp:attachment":[{"href":"https:\/\/hi-techwonder.com\/es\/wp-json\/wp\/v2\/media?parent=74801"}],"wp:term":[{"taxonomy":"product_brand","embeddable":true,"href":"https:\/\/hi-techwonder.com\/es\/wp-json\/wp\/v2\/product_brand?post=74801"},{"taxonomy":"product_cat","embeddable":true,"href":"https:\/\/hi-techwonder.com\/es\/wp-json\/wp\/v2\/product_cat?post=74801"},{"taxonomy":"product_tag","embeddable":true,"href":"https:\/\/hi-techwonder.com\/es\/wp-json\/wp\/v2\/product_tag?post=74801"}],"curies":[{"name":"wp","href":"https:\/\/api.w.org\/{rel}","templated":true}]}}