{"id":74805,"date":"2025-07-29T09:27:59","date_gmt":"2025-07-29T09:27:59","guid":{"rendered":"https:\/\/fv6qoy3ls0.wpdns.site\/product\/laowa-9mm-f-5-6-ff-rl-sony-e\/"},"modified":"2025-12-23T08:07:01","modified_gmt":"2025-12-23T08:07:01","slug":"laowa-9mm-f-5-6-ff-rl-sony-e","status":"publish","type":"product","link":"https:\/\/hi-techwonder.com\/es\/producto\/laowa-9mm-f-5-6-ff-rl-sony-e\/","title":{"rendered":"LAOWA 9mm f\/5.6 FF RL Sony E"},"content":{"rendered":"<p><strong>LAOWA 9mm f\/5.6 FF RL Sony E<\/strong><\/p>\n<p><strong>Caracter\u00edsticas principales:<\/strong><\/p>\n<ul>\n<li>Lente con montura E<\/li>\n<li>Formato de fotograma completo<\/li>\n<li>Rango de apertura: f\/5.6 a f\/22<\/li>\n<li>Dos elementos de dispersi\u00f3n extra baja<\/li>\n<li>Dos elementos asf\u00e9ricos y dos UHR<\/li>\n<\/ul>\n<p><strong>En la caja:<\/strong><\/p>\n<ul>\n<li>Lente Venus Optics Laowa 9mm f\/5.6 FF RL para Sony E<\/li>\n<li>Cubierta frontal del objetivo<\/li>\n<li>Tapa trasera del objetivo<\/li>\n<\/ul>\n<p>Caracterizado por su campo de visi\u00f3n extremadamente amplio y su representaci\u00f3n rectil\u00ednea, el Sony E-mount Laowa 9mm f\/5.6 FF RL de Venus Optics es un objetivo insignia que ofrece una perspectiva excepcionalmente amplia que es adecuada para interiores, arquitectura, naturaleza y paisajes. El inmenso \u00e1ngulo de visi\u00f3n de 135\u00b0 se complementa con un dise\u00f1o \u00f3ptico avanzado que utiliza elementos de baja dispersi\u00f3n, asf\u00e9ricos y de alto \u00edndice de refracci\u00f3n para controlar una variedad de aberraciones y distorsiones para lograr una alta nitidez, claridad y precisi\u00f3n de color. La lente cuenta con un dise\u00f1o de enfoque manual y le permite trabajar con sujetos a una distancia de hasta 4.7 \u00aby su parasol incorporado en forma de p\u00e9talo ayuda a bloquear la luz par\u00e1sita para que no cause reflejos no deseados en la lente. Adem\u00e1s, la lente tambi\u00e9n se caracteriza por su tama\u00f1o especialmente compacto, lo que la hace ideal para aplicaciones de turismo y viajes.   <\/p>\n<ul>\n<li>La lente ultra gran angular est\u00e1 dise\u00f1ada para c\u00e1maras sin espejo con montura E de Sony de fotograma completo, pero tambi\u00e9n se puede usar con modelos APS-C, donde proporciona una distancia focal equivalente a 13.5 mm.<\/li>\n<li>Se utilizan dos elementos de dispersi\u00f3n extra baja para reducir las franjas de color y las aberraciones crom\u00e1ticas para producir una alta claridad y precisi\u00f3n de color.<\/li>\n<li>Dos elementos asf\u00e9ricos y un elemento de vidrio de \u00edndice de refracci\u00f3n ultra alto ayudan a controlar la distorsi\u00f3n y las aberraciones esf\u00e9ricas para una mayor nitidez y una representaci\u00f3n precisa.<\/li>\n<li>El \u00e1ngulo de visi\u00f3n impresionantemente amplio de 135\u00b0 se combina con un dise\u00f1o rectil\u00edneo, que hace que los sujetos tengan una distorsi\u00f3n m\u00ednima para adaptarse a aplicaciones paisaj\u00edsticas y arquitect\u00f3nicas.<\/li>\n<li>La operaci\u00f3n de enfoque manual le permite trabajar con sujetos a una distancia de hasta 4.7&#8243; y se presenta una gu\u00eda de enfoque para un f\u00e1cil manejo y control.<\/li>\n<li>El parasol integrado en forma de p\u00e9talo ayuda a evitar que la luz par\u00e1sita cause reflejos en la lente y tambi\u00e9n ofrece cierta protecci\u00f3n f\u00edsica al elemento frontal de la lente.<\/li>\n<li>El diafragma de cinco palas produce distintas estrellas solares de 10 puntos y reflejos especulares cuando est\u00e1 parado y fotografia fuentes de luz puntuales.<\/li>\n<\/ul>\n<p><strong>Caracter\u00edsticas t\u00e9cnicas:<\/strong><\/p>\n<table border=\"0\" width=\"642\" cellspacing=\"0\" cellpadding=\"2\">\n<colgroup>\n<col width=\"299\">\n<col width=\"334\"><\/colgroup>\n<tbody>\n<tr>\n<td width=\"299\">Distancia focal<\/td>\n<td width=\"334\">9 mm<\/td>\n<\/tr>\n<tr>\n<td width=\"299\">M\u00e1xima<\/td>\n<p> apertura<\/p>\n<td width=\"334\">f\/5.6<\/td>\n<\/tr>\n<tr>\n<td width=\"299\">Apertura<\/td>\n<p> m\u00ednima<\/p>\n<td width=\"334\">f\/22<\/td>\n<\/tr>\n<tr>\n<td width=\"299\">Montura de lente<\/td>\n<td width=\"334\">Sony E<\/td>\n<\/tr>\n<tr>\n<td width=\"299\">Compatibilidad de formatos<\/td>\n<td width=\"334\">Imagen completa<\/td>\n<\/tr>\n<tr>\n<td width=\"299\">\u00c1ngulo de visi\u00f3n<\/td>\n<td width=\"334\">135\u00b0<\/td>\n<\/tr>\n<tr>\n<td width=\"299\">Distancia m\u00ednima de enfoque<\/td>\n<td width=\"334\">12 cm<\/td>\n<\/tr>\n<tr>\n<td width=\"299\">Aumento m\u00e1ximo<\/td>\n<td width=\"334\">0,21 veces<\/td>\n<\/tr>\n<tr>\n<td width=\"299\">Dise\u00f1o<\/td>\n<p> \u00f3ptico<\/p>\n<td width=\"334\">14 elementos en 10 grupos<\/td>\n<\/tr>\n<tr>\n<td width=\"299\">Hojas de diafragma<\/td>\n<td width=\"334\">5<\/td>\n<\/tr>\n<tr>\n<td width=\"299\">Tipo de enfoque<\/td>\n<td width=\"334\">Enfoque manual<\/td>\n<\/tr>\n<tr>\n<td width=\"299\">Estabilizaci\u00f3n de imagen<\/td>\n<td width=\"334\">No<\/td>\n<\/tr>\n<tr>\n<td width=\"299\">Tama\u00f1o del filtro<\/td>\n<td width=\"334\"><em>Ninguno<\/em><\/td>\n<\/tr>\n<tr>\n<td width=\"299\">Dimensiones (\u00f8 x L)<\/td>\n<td width=\"334\">62,4 x 66 mil\u00edmetros<\/td>\n<\/tr>\n<tr>\n<td width=\"299\">Peso<\/td>\n<td width=\"334\">350 gramos<\/td>\n<\/tr>\n<\/tbody>\n<\/table>\n","protected":false},"excerpt":{"rendered":"<p>LAOWA 9mm f\/5.6 FF RL Sony E Caracter\u00edsticas principales: Lente con montura E Formato de fotograma completo Rango de apertura:<\/p>\n","protected":false},"featured_media":49337,"comment_status":"closed","ping_status":"closed","template":"","meta":{"_acf_changed":false},"product_brand":[2682],"product_cat":[1062],"product_tag":[],"class_list":{"0":"post-74805","1":"product","2":"type-product","3":"status-publish","4":"has-post-thumbnail","6":"product_brand-laowa-es","7":"product_cat-mirrorless-objectivos","8":"pa_abertura-maxima-f-5-6-es","9":"pa_cor-negro","10":"pa_diametro-no-tiene","11":"pa_estabilizacao-de-imagem-no","12":"pa_montagem-da-objetiva-sony-e-es","13":"pa_sensor-fotograma-completo","14":"pa_tipo-de-foco-enfoque-manual","15":"pa_tipo-de-objetiva-gran-angular","16":"pa_zoom-fixa-fijo","18":"first","19":"onbackorder","20":"taxable","21":"shipping-taxable","22":"purchasable","23":"product-type-simple"},"bundled_by":[],"bundle_stock_status":"onbackorder","bundle_stock_quantity":null,"bundle_virtual":false,"bundle_layout":"","bundle_add_to_cart_form_location":"","bundle_editable_in_cart":false,"bundle_sold_individually_context":"","bundle_item_grouping":"","bundle_min_size":"","bundle_max_size":"","bundle_price":[],"bundled_items":[],"bundle_sell_ids":[],"acf":[],"_links":{"self":[{"href":"https:\/\/hi-techwonder.com\/es\/wp-json\/wp\/v2\/product\/74805","targetHints":{"allow":["GET"]}}],"collection":[{"href":"https:\/\/hi-techwonder.com\/es\/wp-json\/wp\/v2\/product"}],"about":[{"href":"https:\/\/hi-techwonder.com\/es\/wp-json\/wp\/v2\/types\/product"}],"replies":[{"embeddable":true,"href":"https:\/\/hi-techwonder.com\/es\/wp-json\/wp\/v2\/comments?post=74805"}],"wp:featuredmedia":[{"embeddable":true,"href":"https:\/\/hi-techwonder.com\/es\/wp-json\/wp\/v2\/media\/49337"}],"wp:attachment":[{"href":"https:\/\/hi-techwonder.com\/es\/wp-json\/wp\/v2\/media?parent=74805"}],"wp:term":[{"taxonomy":"product_brand","embeddable":true,"href":"https:\/\/hi-techwonder.com\/es\/wp-json\/wp\/v2\/product_brand?post=74805"},{"taxonomy":"product_cat","embeddable":true,"href":"https:\/\/hi-techwonder.com\/es\/wp-json\/wp\/v2\/product_cat?post=74805"},{"taxonomy":"product_tag","embeddable":true,"href":"https:\/\/hi-techwonder.com\/es\/wp-json\/wp\/v2\/product_tag?post=74805"}],"curies":[{"name":"wp","href":"https:\/\/api.w.org\/{rel}","templated":true}]}}