{"id":74808,"date":"2025-07-29T09:29:59","date_gmt":"2025-07-29T09:29:59","guid":{"rendered":"https:\/\/fv6qoy3ls0.wpdns.site\/product\/laowa-90mm-f2-8-2x-ultra-macro-apo-nikon-z\/"},"modified":"2026-04-15T17:45:12","modified_gmt":"2026-04-15T16:45:12","slug":"laowa-90mm-f2-8-2x-ultra-macro-apo-nikon-z","status":"publish","type":"product","link":"https:\/\/hi-techwonder.com\/es\/producto\/laowa-90mm-f2-8-2x-ultra-macro-apo-nikon-z\/","title":{"rendered":"LAOWA 90mm F2.8 2X Ultra Macro APO Nikon Z"},"content":{"rendered":"<h3><strong>LAOWA 90mm F2.8 2X Ultra Macro APO <\/strong>Nikon Z<\/h3>\n<ul>\n<li>Lente con montura Z\/formato de fotograma completo<\/li>\n<li>Rango de apertura: f\/2.8 a f\/22<\/li>\n<li>Distancia m\u00ednima de enfoque: 20 cm<\/li>\n<li>Aumento m\u00e1ximo: 2:1<\/li>\n<li>Proyecto apocrom\u00e1tico APO<\/li>\n<li>Tres elementos de dispersi\u00f3n extra baja<\/li>\n<li>Dise\u00f1o de enfoque manual<\/li>\n<li>Diafragma de 13 hojas<\/li>\n<\/ul>\n<p><iframe loading=\"lazy\" src=\"https:\/\/www.youtube.com\/embed\/7PeNAtqvpOg\" width=\"560\" height=\"314\" allowfullscreen=\"allowfullscreen\"><\/iframe><\/p>\n<p>Con un enfoque cercano y compacto, el objetivo Laowa 90mm f\/2.8 2x Ultra Macro APO de Laowa es un teleobjetivo fijo \u00fanico y vers\u00e1til. Presentado aqu\u00ed con una montura Z de Nikon, este objetivo presenta un aumento m\u00e1ximo de 2:1 m\u00e1s grande que el tama\u00f1o real, junto con una distancia m\u00ednima de enfoque de 20 cm, lo que lo hace ideal para tomas de primeros planos y capturar detalles extremadamente peque\u00f1os. Dise\u00f1ado espec\u00edficamente para c\u00e1maras sin espejo con sensores de fotograma completo, este objetivo puede capturar sujetos de cualquier tama\u00f1o, lo que lo hace muy vers\u00e1til para diferentes aplicaciones, incluida la fotograf\u00eda macro, comercial y de retratos.  <\/p>\n<p><img loading=\"lazy\" decoding=\"async\" src=\"https:\/\/static.bhphoto.com\/images\/multiple_images\/images1000x1000\/1657041622_IMG_1789063.jpg\" alt=\"\" width=\"500\" height=\"500\"><\/p>\n<ul>\n<li>Sin embargo, el teleobjetivo Prime dise\u00f1ado para c\u00e1maras de fotograma completo con montura Z de Nikon tambi\u00e9n se puede usar con modelos APS-C, donde proporciona una distancia focal equivalente a 135 mm.<\/li>\n<li>Lente ultra macro que puede reproducir un aumento de 2: 1 de im\u00e1genes de tama\u00f1o real, mostrando amplios detalles de objetos en alta resoluci\u00f3n. Cuenta con una distancia m\u00ednima de enfoque de 20 cm, lo que la hace ideal para tomas de primeros planos y capturar detalles extremadamente peque\u00f1os. <\/li>\n<li>Dise\u00f1ado con 3 elementos de vidrio de dispersi\u00f3n extra baja para suprimir la aberraci\u00f3n crom\u00e1tica longitudinal y lateral tanto en las \u00e1reas enfocadas como desenfocadas. Las franjas p\u00farpuras y fantasma tambi\u00e9n se minimizan en todo el rango de apertura, lo que reduce el tiempo de posedici\u00f3n. <\/li>\n<li>Dise\u00f1ado espec\u00edficamente para c\u00e1maras sin espejo, la distancia de brida m\u00e1s corta maximiza la nitidez de la imagen y hace que la lente sea m\u00e1s compacta y port\u00e1til.<\/li>\n<li>El dise\u00f1o de enfoque manual, junto con las escalas de distancia de enfoque y profundidad de campo, proporcionan un control de enfoque preciso.<\/li>\n<li>Tiene 13 hojas de apertura que crean un bokeh suave y redondo en el \u00e1rea borrosa, lo que facilita un fondo de ensue\u00f1o y art\u00edstico para sus im\u00e1genes.<\/li>\n<li>El dise\u00f1o de enfoque interno ayuda a evitar que la lente entre en contacto con el objeto y tambi\u00e9n evita que la lente atraiga el polvo.<\/li>\n<li>S\u00faper compacto y ligero, el tama\u00f1o de la lente es significativamente m\u00e1s peque\u00f1o que otros equivalentes en el mercado.<\/li>\n<\/ul>\n<p><img loading=\"lazy\" decoding=\"async\" src=\"https:\/\/static.bhphoto.com\/images\/multiple_images\/images1000x1000\/1657041622_IMG_1789060.jpg\" alt=\"\" width=\"500\" height=\"500\"><\/p>\n<p><strong>En la caja<\/strong><\/p>\n<ul>\n<li>Lente Laowa 90mm f\/2.8 2x Ultra Macro APO para Sony E<\/li>\n<li>Tapa frontal del objetivo<\/li>\n<li>Tapa trasera del objetivo<\/li>\n<li>Sombrilla<\/li>\n<\/ul>\n<p><strong>Caracter\u00edsticas t\u00e9cnicas:<\/strong><\/p>\n<ul>\n<li>Distancia focal: 90 mm&nbsp;<\/li>\n<li>Apertura m\u00e1xima: f\/2.8<\/li>\n<li>Apertura m\u00ednima: f\/22<\/li>\n<li>Montura de lente: Nikon Z<\/li>\n<li>Cobertura: Fotograma completo<\/li>\n<li>\u00c1ngulo de visi\u00f3n: 27\u00b0<\/li>\n<li>Distancia m\u00ednima de enfoque: 20,5 cm<\/li>\n<li>Aumento m\u00e1ximo: 2x<\/li>\n<li>Relaci\u00f3n de reproducci\u00f3n: 2:1 Macro<\/li>\n<li>Dise\u00f1o \u00f3ptico: 13 elementos en 10 grupos<\/li>\n<li>Hojas de diafragma: 13<\/li>\n<li>Tipo de enfoque: Enfoque manual<\/li>\n<li>Estabilizaci\u00f3n de imagen: No<\/li>\n<li>Tama\u00f1o del filtro: 67 mm (frontal)<\/li>\n<li>Dimensiones (\u00f8 x W): 74 x 120 mm<\/li>\n<li>Peso: 619 g<\/li>\n<\/ul>\n","protected":false},"excerpt":{"rendered":"<p>LAOWA 90mm F2.8 2X Ultra Macro APO Nikon Z Lente con montura Z\/formato de fotograma completo Rango de apertura: f\/2.8<\/p>\n","protected":false},"featured_media":49787,"comment_status":"closed","ping_status":"closed","template":"","meta":{"_acf_changed":false},"product_brand":[2682],"product_cat":[1062],"product_tag":[],"class_list":{"0":"post-74808","1":"product","2":"type-product","3":"status-publish","4":"has-post-thumbnail","6":"product_brand-laowa-es","7":"product_cat-mirrorless-objectivos","8":"pa_abertura-maxima-f-2-8-es","9":"pa_cor-negro","10":"pa_designs-especiais-macro-es","11":"pa_diametro-67mm-es","12":"pa_estabilizacao-de-imagem-no","13":"pa_montagem-da-objetiva-nikon-z-es","14":"pa_sensor-fotograma-completo","15":"pa_tipo-de-foco-enfoque-manual","16":"pa_tipo-de-objetiva-teleobjetivo","17":"pa_zoom-fixa-fijo","19":"first","20":"onbackorder","21":"taxable","22":"shipping-taxable","23":"purchasable","24":"product-type-simple"},"bundled_by":[],"bundle_stock_status":"onbackorder","bundle_stock_quantity":null,"bundle_virtual":false,"bundle_layout":"","bundle_add_to_cart_form_location":"","bundle_editable_in_cart":false,"bundle_sold_individually_context":"","bundle_item_grouping":"","bundle_min_size":"","bundle_max_size":"","bundle_price":[],"bundled_items":[],"bundle_sell_ids":[],"acf":[],"_links":{"self":[{"href":"https:\/\/hi-techwonder.com\/es\/wp-json\/wp\/v2\/product\/74808","targetHints":{"allow":["GET"]}}],"collection":[{"href":"https:\/\/hi-techwonder.com\/es\/wp-json\/wp\/v2\/product"}],"about":[{"href":"https:\/\/hi-techwonder.com\/es\/wp-json\/wp\/v2\/types\/product"}],"replies":[{"embeddable":true,"href":"https:\/\/hi-techwonder.com\/es\/wp-json\/wp\/v2\/comments?post=74808"}],"wp:featuredmedia":[{"embeddable":true,"href":"https:\/\/hi-techwonder.com\/es\/wp-json\/wp\/v2\/media\/49787"}],"wp:attachment":[{"href":"https:\/\/hi-techwonder.com\/es\/wp-json\/wp\/v2\/media?parent=74808"}],"wp:term":[{"taxonomy":"product_brand","embeddable":true,"href":"https:\/\/hi-techwonder.com\/es\/wp-json\/wp\/v2\/product_brand?post=74808"},{"taxonomy":"product_cat","embeddable":true,"href":"https:\/\/hi-techwonder.com\/es\/wp-json\/wp\/v2\/product_cat?post=74808"},{"taxonomy":"product_tag","embeddable":true,"href":"https:\/\/hi-techwonder.com\/es\/wp-json\/wp\/v2\/product_tag?post=74808"}],"curies":[{"name":"wp","href":"https:\/\/api.w.org\/{rel}","templated":true}]}}