{"id":74810,"date":"2025-07-29T09:29:14","date_gmt":"2025-07-29T09:29:14","guid":{"rendered":"https:\/\/fv6qoy3ls0.wpdns.site\/product\/laowa-85mm-f-5-6-2x-ultra-macro-apo-sony-e\/"},"modified":"2026-04-15T17:45:12","modified_gmt":"2026-04-15T16:45:12","slug":"laowa-85mm-f-5-6-2x-ultra-macro-apo-sony-e","status":"publish","type":"product","link":"https:\/\/hi-techwonder.com\/es\/producto\/laowa-85mm-f-5-6-2x-ultra-macro-apo-sony-e\/","title":{"rendered":"LAOWA 85mm f\/5.6 2x Ultra Macro APO Sony E"},"content":{"rendered":"<p>S\u00faper compacto y s\u00faper enfocado, el Laowa 85mm f\/5.6 2x Ultra Macro APO de Venus Optics es un objeto que ofrece una impresionante relaci\u00f3n de reproducci\u00f3n de 2:1 para fotograf\u00eda macro de alta capacidad. Su capacidad para enfocar en alto rendimiento tambi\u00e9n se diferencia por su dise\u00f1o y su capacidad para enfocar su capacidad para seleccionar el siguiente sujeto, y tambi\u00e9n su capacidad para enfocar, su flexibilidad para el siguiente enfoque y su capacidad para seleccionar su pr\u00f3ximo enfoque y tambi\u00e9n para su uso en diferentes opciones y retratos. <\/p>\n<p> <strong>Disparo en primer plano con un aumento m\u00e1ximo de 2x<\/strong><\/p>\n<p>  La tarjeta de presentaci\u00f3n de este objetivo es su relaci\u00f3n de ampliaci\u00f3n m\u00e1xima de 2:1, lo que le permite disparar a una escala mayor que la de tama\u00f1o real con una distancia m\u00ednima de enfoque de 6,4&#8243;. , lo que lo convierte en una opci\u00f3n vers\u00e1til para sujetos macro y retratos. <\/p>\n<p> <strong>\u00d3ptica apocrom\u00e1tica<\/strong><\/p>\n<p>  El dise\u00f1o \u00f3ptico incluye tres elementos de vidrio de dispersi\u00f3n extra baja (ED), que reducen en gran medida las aberraciones crom\u00e1ticas y las franjas de color para una alta precisi\u00f3n y claridad del color. Este dise\u00f1o apocrom\u00e1tico es especialmente beneficioso cuando se trabaja en todo el rango de enfoque para lograr colores precisos y consistentes con sujetos cercanos y lejanos. <\/p>\n<p> <strong>Dise\u00f1o compacto y port\u00e1til<\/strong><\/p>\n<ul>\n<li>  En comparaci\u00f3n con los objetivos macro convencionales, este objetivo tiene un dise\u00f1o especialmente elegante y ligero.<\/li>\n<li>  La modesta apertura m\u00e1xima de f\/5.6 se suma al elegante formato.<\/li>\n<li>  Dise\u00f1ado para c\u00e1maras sin espejo de fotograma completo, este objetivo tambi\u00e9n es adecuado para c\u00e1maras de formato APS-C y proporciona una distancia focal equivalente a 127,5 mm.<\/li>\n<li>  La operaci\u00f3n de enfoque manual se beneficia de un dise\u00f1o de enfoque interno que mantiene toda la longitud de la lente durante la operaci\u00f3n para un f\u00e1cil posicionamiento a corta distancia.<\/li>\n<\/ul>\n<h2 class=\"western\"> <span style=\"font-family: OpenSans, Segoe UI, Helvetica, Roboto, Arial, sans-serif;\"><span style=\"font-size: medium;\"><span style=\"font-weight: normal;\">Venus Optics Laowa 85mm F\/5.6 2x Ultra Macro APO Ficha Tecnica<\/span><\/span><\/span> <\/h2>\n<table border=\"0\" width=\"345\" cellspacing=\"0\" cellpadding=\"2\">\n<colgroup>\n<col width=\"174\">\n<col width=\"163\"><\/colgroup>\n<tbody>\n<tr>\n<td width=\"174\">\n<p style=\"border: none; padding: 0cm; font-weight: normal;\" align=\"LEFT\">Distancia focal<\/p>\n<\/td>\n<td width=\"163\">\n<p style=\"border: none; padding: 0cm; font-weight: normal;\">  85 mil\u00edmetros  <\/p>\n<\/td>\n<\/tr>\n<tr>\n<td width=\"174\">\n<p style=\"border: none; padding: 0cm; font-weight: normal;\" align=\"LEFT\">  M\u00e1xima apertura<\/p>\n<\/td>\n<td width=\"163\">\n<p style=\"border: none; padding: 0cm; font-weight: normal;\">  f\/5.6  <\/p>\n<\/td>\n<\/tr>\n<tr>\n<td width=\"174\">\n<p style=\"border: none; padding: 0cm; font-weight: normal;\" align=\"LEFT\">  Apertura m\u00ednima<\/p>\n<\/td>\n<td width=\"163\">\n<p style=\"border: none; padding: 0cm; font-weight: normal;\">  f\/22  <\/p>\n<\/td>\n<\/tr>\n<tr>\n<td width=\"174\">\n<p style=\"border: none; padding: 0cm; font-weight: normal;\" align=\"LEFT\">  Montura de lente<\/p>\n<\/td>\n<td width=\"163\">\n<p style=\"border: none; padding: 0cm;\">  Sony E  <\/p>\n<\/td>\n<\/tr>\n<tr>\n<td width=\"174\">\n<p style=\"border: none; padding: 0cm; font-weight: normal;\" align=\"LEFT\">  Cobertura de la forma de la lente<\/p>\n<\/td>\n<td width=\"163\">\n<p style=\"border: none; padding: 0cm; font-weight: normal;\">  Imagen completa  <\/p>\n<\/td>\n<\/tr>\n<tr>\n<td width=\"174\">\n<p style=\"border: none; padding: 0cm; font-weight: normal;\" align=\"LEFT\">  \u00c1ngulo<\/p>\n<\/td>\n<td width=\"163\">\n<p style=\"border: none; padding: 0cm; font-weight: normal;\">  28,55\u00b0  <\/p>\n<\/td>\n<\/tr>\n<tr>\n<td width=\"174\">\n<p style=\"border: none; padding: 0cm; font-weight: normal;\" align=\"LEFT\">  Distancia m\u00ednima de enfoque<\/p>\n<\/td>\n<td width=\"163\">\n<p style=\"border: none; padding: 0cm; font-weight: normal;\">  6,4&#8243; \/ 16,3 cm  <\/p>\n<\/td>\n<\/tr>\n<tr>\n<td width=\"174\">\n<p style=\"border: none; padding: 0cm; font-weight: normal;\" align=\"LEFT\">  Aumento m\u00e1ximo<\/p>\n<\/td>\n<td width=\"163\">\n<p style=\"border: none; padding: 0cm; font-weight: normal;\">  2 veces  <\/p>\n<\/td>\n<\/tr>\n<tr>\n<td width=\"174\">\n<p style=\"border: none; padding: 0cm; font-weight: normal;\" align=\"LEFT\">  Tasa de reproducci\u00f3n macro<\/p>\n<\/td>\n<td width=\"163\">\n<p style=\"border: none; padding: 0cm; font-weight: normal;\">  2:1  <\/p>\n<\/td>\n<\/tr>\n<tr>\n<td width=\"174\">\n<p style=\"border: none; padding: 0cm; font-weight: normal;\" align=\"LEFT\">  Dise\u00f1o \u00f3ptico<\/p>\n<\/td>\n<td width=\"163\">\n<p style=\"border: none; padding: 0cm; font-weight: normal;\">  13 elementos en 9 grupos  <\/p>\n<\/td>\n<\/tr>\n<tr>\n<td width=\"174\">\n<p style=\"border: none; padding: 0cm; font-weight: normal;\" align=\"LEFT\">  Hojas de diafragma<\/p>\n<\/td>\n<td width=\"163\">\n<p style=\"border: none; padding: 0cm; font-weight: normal;\">  7  <\/p>\n<\/td>\n<\/tr>\n<tr>\n<td width=\"174\">\n<p style=\"border: none; padding: 0cm; font-weight: normal;\" align=\"LEFT\">  Tipo de enfoque<\/p>\n<\/td>\n<td width=\"163\">\n<p style=\"border: none; padding: 0cm; font-weight: normal;\">  Enfoque manual  <\/p>\n<\/td>\n<\/tr>\n<tr>\n<td width=\"174\">\n<p style=\"border: none; padding: 0cm; font-weight: normal;\" align=\"LEFT\">  Estabilizaci\u00f3n de imagen<\/p>\n<\/td>\n<td width=\"163\">\n<p style=\"border: none; padding: 0cm; font-weight: normal;\">  No  <\/p>\n<\/td>\n<\/tr>\n<tr>\n<td width=\"174\">\n<p style=\"border: none; padding: 0cm; font-weight: normal;\" align=\"LEFT\">  Tama\u00f1o del filtro<\/p>\n<\/td>\n<td width=\"163\">\n<p style=\"border: none; padding: 0cm; font-weight: normal;\">  46 mm (delantero)  <\/p>\n<\/td>\n<\/tr>\n<tr>\n<td width=\"174\">\n<p style=\"border: none; padding: 0cm; font-weight: normal;\" align=\"LEFT\">  Dimensiones (\u00f8 x L)<\/p>\n<\/td>\n<td width=\"163\">\n<p style=\"border: none; padding: 0cm; font-weight: normal;\">  2,1 x 3,2&#8243; \/ 53 x 81 mm  <\/p>\n<\/td>\n<\/tr>\n<tr>\n<td width=\"174\">\n<p style=\"border: none; padding: 0cm; font-weight: normal;\" align=\"LEFT\">  Peso<\/p>\n<\/td>\n<td width=\"163\">\n<p style=\"border: none; padding: 0cm; font-weight: normal;\">  10.3 onzas \/ 291 g<\/p>\n<\/td>\n<\/tr>\n<\/tbody>\n<\/table>\n","protected":false},"excerpt":{"rendered":"<p>S\u00faper compacto y s\u00faper enfocado, el Laowa 85mm f\/5.6 2x Ultra Macro APO de Venus Optics es un objeto que<\/p>\n","protected":false},"featured_media":49607,"comment_status":"closed","ping_status":"closed","template":"","meta":{"_acf_changed":false},"product_brand":[2682],"product_cat":[1062],"product_tag":[],"class_list":{"0":"post-74810","1":"product","2":"type-product","3":"status-publish","4":"has-post-thumbnail","6":"product_brand-laowa-es","7":"product_cat-mirrorless-objectivos","8":"pa_abertura-maxima-f-5-6-es","9":"pa_cor-negro","10":"pa_designs-especiais-macro-es","11":"pa_diametro-46mm-es","12":"pa_estabilizacao-de-imagem-no","13":"pa_montagem-da-objetiva-sony-e-es","14":"pa_sensor-fotograma-completo","15":"pa_tipo-de-objetiva-teleobjetivo","16":"pa_zoom-fixa-fijo","18":"first","19":"onbackorder","20":"taxable","21":"shipping-taxable","22":"purchasable","23":"product-type-simple"},"bundled_by":[],"bundle_stock_status":"onbackorder","bundle_stock_quantity":null,"bundle_virtual":false,"bundle_layout":"","bundle_add_to_cart_form_location":"","bundle_editable_in_cart":false,"bundle_sold_individually_context":"","bundle_item_grouping":"","bundle_min_size":"","bundle_max_size":"","bundle_price":[],"bundled_items":[],"bundle_sell_ids":[],"acf":[],"_links":{"self":[{"href":"https:\/\/hi-techwonder.com\/es\/wp-json\/wp\/v2\/product\/74810","targetHints":{"allow":["GET"]}}],"collection":[{"href":"https:\/\/hi-techwonder.com\/es\/wp-json\/wp\/v2\/product"}],"about":[{"href":"https:\/\/hi-techwonder.com\/es\/wp-json\/wp\/v2\/types\/product"}],"replies":[{"embeddable":true,"href":"https:\/\/hi-techwonder.com\/es\/wp-json\/wp\/v2\/comments?post=74810"}],"wp:featuredmedia":[{"embeddable":true,"href":"https:\/\/hi-techwonder.com\/es\/wp-json\/wp\/v2\/media\/49607"}],"wp:attachment":[{"href":"https:\/\/hi-techwonder.com\/es\/wp-json\/wp\/v2\/media?parent=74810"}],"wp:term":[{"taxonomy":"product_brand","embeddable":true,"href":"https:\/\/hi-techwonder.com\/es\/wp-json\/wp\/v2\/product_brand?post=74810"},{"taxonomy":"product_cat","embeddable":true,"href":"https:\/\/hi-techwonder.com\/es\/wp-json\/wp\/v2\/product_cat?post=74810"},{"taxonomy":"product_tag","embeddable":true,"href":"https:\/\/hi-techwonder.com\/es\/wp-json\/wp\/v2\/product_tag?post=74810"}],"curies":[{"name":"wp","href":"https:\/\/api.w.org\/{rel}","templated":true}]}}