{"id":74815,"date":"2025-07-29T09:27:35","date_gmt":"2025-07-29T09:27:35","guid":{"rendered":"https:\/\/fv6qoy3ls0.wpdns.site\/product\/laowa-7-5mm-f-2-micro-4-3\/"},"modified":"2025-12-22T15:04:50","modified_gmt":"2025-12-22T15:04:50","slug":"laowa-7-5mm-f-2-micro-4-3","status":"publish","type":"product","link":"https:\/\/hi-techwonder.com\/es\/producto\/laowa-7-5mm-f-2-micro-4-3\/","title":{"rendered":"LAOWA 7.5mm f\/2 Micro 4\/3"},"content":{"rendered":"<p>Productos destacados:<\/p>\n<ul>\n<li> <span style=\"color: #000000;\">Sistema Micro Cuatro Tercios<\/span><\/li>\n<li> <span style=\"color: #000000;\">15 mm (equivalente a 35 mm)<\/span><\/li>\n<li> <span style=\"color: #000000;\">Rango de apertura: f\/2 a f\/22<\/span><\/li>\n<li> <span style=\"color: #000000;\">Dise\u00f1o de lente rectil\u00ednea<\/span><\/li>\n<li> <span style=\"color: #000000;\">Dos elementos asf\u00e9ricos y tres elementos ED<\/span><\/li>\n<li> <span style=\"color: #000000;\">Recubrimiento de ojo de rana<\/span><\/li>\n<li> <span style=\"color: #000000;\">Dise\u00f1o de enfoque manual<\/span><\/li>\n<li> <span style=\"color: #000000;\">Diafragma de siete hojas<\/span><\/li>\n<\/ul>\n<p> <span style=\"color: #000000;\">Un lente rectil\u00edneo s\u00faper ancho para Micro Cuatro Tercios, el Laowa 7.5mm f\/2 MFT negro de Venus Optics es un lente compacto y vers\u00e1til que es adecuado para astrofotograf\u00eda y otros sujetos gran angular. Adem\u00e1s de su peque\u00f1o factor de forma, este objetivo tambi\u00e9n cuenta con un notable dise\u00f1o \u00f3ptico que incorpora dos elementos asf\u00e9ricos y tres elementos de dispersi\u00f3n extra baja para controlar las distorsiones y aberraciones para mejorar la claridad y la nitidez. Tambi\u00e9n se ha aplicado un revestimiento de ojo de rana al elemento frontal para proteger contra el agua y el polvo, y el dise\u00f1o de enfoque manual del objetivo permite trabajar con sujetos a una distancia de 12 cm.  <\/span><\/p>\n<p> <span style=\"color: #000000;\">&nbsp;<\/span><\/p>\n<ul>\n<li> <span style=\"color: #000000;\">El prime ultra gran angular est\u00e1 dise\u00f1ado para c\u00e1maras sin espejo Micro Four Thirds y proporciona una distancia focal equivalente a 15 mm.<\/span><\/li>\n<li> <span style=\"color: #000000;\">La apertura m\u00e1xima brillante de f\/2 beneficia el trabajo en condiciones de iluminaci\u00f3n dif\u00edciles y oscuras.<\/span><\/li>\n<li> <span style=\"color: #000000;\">El dise\u00f1o rectil\u00edneo representa escenas con l\u00edneas verticales rectas y una distorsi\u00f3n m\u00ednima para un retrato m\u00e1s realista.<\/span><\/li>\n<li> <span style=\"color: #000000;\">Se presentan dos elementos asf\u00e9ricos y tres elementos de dispersi\u00f3n extra baja para minimizar las aberraciones esf\u00e9ricas y crom\u00e1ticas para obtener im\u00e1genes en color m\u00e1s n\u00edtidas, claras y precisas.<\/span><\/li>\n<li> <span style=\"color: #000000;\">Se ha aplicado un recubrimiento de ojo de rana al elemento frontal para ayudar a repeler el agua y el polvo.<\/span><\/li>\n<li> <span style=\"color: #000000;\">El dise\u00f1o de enfoque manual le permite trabajar con sujetos a una distancia de hasta 12 cm.<\/span><\/li>\n<li> <span style=\"color: #000000;\">Acepta filtros de tornillo de 46 mm y tambi\u00e9n se incluye un parasol en forma de p\u00e9talo.<\/span><\/li>\n<\/ul>\n<p style=\"margin-bottom: 0cm;\"> <span style=\"color: #000000;\">&nbsp;<\/span> <\/p>\n<table style=\"width: 643px;\" border=\"0\" cellspacing=\"0\" cellpadding=\"2\">\n<colgroup>\n<col width=\"266\">\n<col width=\"368\"><\/colgroup>\n<tbody>\n<tr>\n<th colspan=\"2\" width=\"639\">\n<p class=\"western\" style=\"border: none; padding: 0cm; font-weight: normal;\"> <span style=\"color: #000000;\"><a name=\"11011\"><\/a><span style=\"font-size: x-large;\">interino<\/span><\/span> <\/p>\n<\/th>\n<\/tr>\n<tr>\n<td width=\"266\">\n<p style=\"border-top: none; border-bottom: 1px solid #e6e7e8; border-left: none; border-right: none; padding: 0cm 0cm 0.53cm 0cm;\"> <span style=\"color: #000000;\">Distancia focal<\/span> <\/p>\n<\/td>\n<td width=\"368\">\n<p style=\"border-top: none; border-bottom: 1px solid #e6e7e8; border-left: none; border-right: none; padding: 0cm 0cm 0.53cm 0cm;\"> <span style=\"color: #000000;\">7,5 mil\u00edmetros<br \/> Distancia focal comparable de 35 mm: 15 mm<\/span> <\/p>\n<\/td>\n<\/tr>\n<tr>\n<td width=\"266\">\n<p style=\"border-top: none; border-bottom: 1px solid #e6e7e8; border-left: none; border-right: none; padding: 0cm 0cm 0.53cm 0cm;\"> <span style=\"color: #000000;\">Abertura<\/span> <\/p>\n<\/td>\n<td width=\"368\">\n<p style=\"border-top: none; border-bottom: 1px solid #e6e7e8; border-left: none; border-right: none; padding: 0cm 0cm 0.53cm 0cm;\"> <span style=\"color: #000000;\">M\u00e1ximo: f\/2<br \/> M\u00ednimo: f\/22<\/span> <\/p>\n<\/td>\n<\/tr>\n<tr>\n<td width=\"266\">\n<p style=\"border-top: none; border-bottom: 1px solid #e6e7e8; border-left: none; border-right: none; padding: 0cm 0cm 0.53cm 0cm;\"> <span style=\"color: #000000;\">Tipo de montaje de la c\u00e1mara<\/span> <\/p>\n<\/td>\n<td width=\"368\">\n<p style=\"border-top: none; border-bottom: 1px solid #e6e7e8; border-left: none; border-right: none; padding: 0cm 0cm 0.53cm 0cm;\"> <span style=\"color: #000000;\">Micro Cuatro Tercios<\/span> <\/p>\n<\/td>\n<\/tr>\n<tr>\n<td width=\"266\">\n<p style=\"border-top: none; border-bottom: 1px solid #e6e7e8; border-left: none; border-right: none; padding: 0cm 0cm 0.53cm 0cm;\"> <span style=\"color: #000000;\">Compatibilidad de formatos<\/span> <\/p>\n<\/td>\n<td width=\"368\">\n<p style=\"border-top: none; border-bottom: 1px solid #e6e7e8; border-left: none; border-right: none; padding: 0cm 0cm 0.53cm 0cm;\"> <span style=\"color: #000000;\">Micro Cuatro Tercios<\/span> <\/p>\n<\/td>\n<\/tr>\n<tr>\n<td width=\"266\">\n<p style=\"border-top: none; border-bottom: 1px solid #e6e7e8; border-left: none; border-right: none; padding: 0cm 0cm 0.53cm 0cm;\"> <span style=\"color: #000000;\">\u00c1ngulo<\/span> <\/p>\n<\/td>\n<td width=\"368\">\n<p style=\"border-top: none; border-bottom: 1px solid #e6e7e8; border-left: none; border-right: none; padding: 0cm 0cm 0.53cm 0cm;\"> <span style=\"color: #000000;\">110\u00b0<\/span> <\/p>\n<\/td>\n<\/tr>\n<tr>\n<td width=\"266\">\n<p style=\"border-top: none; border-bottom: 1px solid #e6e7e8; border-left: none; border-right: none; padding: 0cm 0cm 0.53cm 0cm;\"> <span style=\"color: #000000;\">Distancia m\u00ednima de enfoque<\/span> <\/p>\n<\/td>\n<td width=\"368\">\n<p style=\"border-top: none; border-bottom: 1px solid #e6e7e8; border-left: none; border-right: none; padding: 0cm 0cm 0.53cm 0cm;\"> <span style=\"color: #000000;\">12 cm<\/span> <\/p>\n<\/td>\n<\/tr>\n<tr>\n<td width=\"266\">\n<p style=\"border-top: none; border-bottom: 1px solid #e6e7e8; border-left: none; border-right: none; padding: 0cm 0cm 0.53cm 0cm;\"> <span style=\"color: #000000;\">Ampliaci\u00f3n<\/span> <\/p>\n<\/td>\n<td width=\"368\">\n<p style=\"border-top: none; border-bottom: 1px solid #e6e7e8; border-left: none; border-right: none; padding: 0cm 0cm 0.53cm 0cm;\"> <span style=\"color: #000000;\">0,11 veces<\/span> <\/p>\n<\/td>\n<\/tr>\n<tr>\n<td width=\"266\">\n<p style=\"border-top: none; border-bottom: 1px solid #e6e7e8; border-left: none; border-right: none; padding: 0cm 0cm 0.53cm 0cm;\"> <span style=\"color: #000000;\">Velocidad m\u00e1xima de reproducci\u00f3n<\/span> <\/p>\n<\/td>\n<td width=\"368\">\n<p style=\"border-top: none; border-bottom: 1px solid #e6e7e8; border-left: none; border-right: none; padding: 0cm 0cm 0.53cm 0cm;\"> <span style=\"color: #000000;\">1:9.09<\/span> <\/p>\n<\/td>\n<\/tr>\n<tr>\n<td width=\"266\">\n<p style=\"border-top: none; border-bottom: 1px solid #e6e7e8; border-left: none; border-right: none; padding: 0cm 0cm 0.53cm 0cm;\"> <span style=\"color: #000000;\">Dise\u00f1o \u00f3ptico<\/span> <\/p>\n<\/td>\n<td width=\"368\">\n<p style=\"border-top: none; border-bottom: 1px solid #e6e7e8; border-left: none; border-right: none; padding: 0cm 0cm 0.53cm 0cm;\"> <span style=\"color: #000000;\">13 elementos en 9 grupos<\/span> <\/p>\n<\/td>\n<\/tr>\n<tr>\n<td width=\"266\">\n<p style=\"border-top: none; border-bottom: 1px solid #e6e7e8; border-left: none; border-right: none; padding: 0cm 0cm 0.53cm 0cm;\"> <span style=\"color: #000000;\">Hojas de diafragma<\/span> <\/p>\n<\/td>\n<td width=\"368\">\n<p style=\"border-top: none; border-bottom: 1px solid #e6e7e8; border-left: none; border-right: none; padding: 0cm 0cm 0.53cm 0cm;\"> <span style=\"color: #000000;\">7<\/span> <\/p>\n<\/td>\n<\/tr>\n<\/tbody>\n<\/table>\n<table style=\"width: 149px;\" border=\"0\" cellspacing=\"0\" cellpadding=\"2\">\n<colgroup>\n<col width=\"105\">\n<col width=\"35\"><\/colgroup>\n<tbody>\n<tr>\n<th colspan=\"2\" width=\"145\">\n<p class=\"western\" style=\"border: none; padding: 0cm; font-weight: normal;\"> <span style=\"color: #000000;\"><a name=\"23001\"><\/a><span style=\"font-size: x-large;\">Recursos<\/span><\/span> <\/p>\n<\/th>\n<\/tr>\n<tr>\n<td width=\"105\">\n<p style=\"border-top: none; border-bottom: 1px solid #e6e7e8; border-left: none; border-right: none; padding: 0cm 0cm 0.53cm 0cm;\"> <span style=\"color: #000000;\">Autom\u00e1tico<\/span> <\/p>\n<\/td>\n<td width=\"35\">\n<p style=\"border-top: none; border-bottom: 1px solid #e6e7e8; border-left: none; border-right: none; padding: 0cm 0cm 0.53cm 0cm;\"> <span style=\"color: #000000;\">No<\/span> <\/p>\n<\/td>\n<\/tr>\n<\/tbody>\n<\/table>\n<table style=\"width: 413px;\" border=\"0\" cellspacing=\"0\" cellpadding=\"2\">\n<colgroup>\n<col width=\"163\">\n<col width=\"242\"><\/colgroup>\n<tbody>\n<tr>\n<th colspan=\"2\" width=\"409\">\n<p class=\"western\" style=\"border: none; padding: 0cm; font-weight: normal;\"> <span style=\"color: #000000;\"><a name=\"11501\"><\/a><span style=\"font-size: x-large;\">F\u00edsico<\/span><\/span> <\/p>\n<\/th>\n<\/tr>\n<tr>\n<td width=\"163\">\n<p style=\"border-top: none; border-bottom: 1px solid #e6e7e8; border-left: none; border-right: none; padding: 0cm 0cm 0.53cm 0cm;\"> <span style=\"color: #000000;\">Tema de filtro<\/span> <\/p>\n<\/td>\n<td width=\"242\">\n<p style=\"border-top: none; border-bottom: 1px solid #e6e7e8; border-left: none; border-right: none; padding: 0cm 0cm 0.53cm 0cm;\"> <span style=\"color: #000000;\">Frontal: 46 mm<\/span> <\/p>\n<\/td>\n<\/tr>\n<tr>\n<td width=\"163\">\n<p style=\"border-top: none; border-bottom: 1px solid #e6e7e8; border-left: none; border-right: none; padding: 0cm 0cm 0.53cm 0cm;\"> <span style=\"color: #000000;\">Dimensiones (DxL)<\/span> <\/p>\n<\/td>\n<td width=\"242\">\n<p style=\"border-top: none; border-bottom: 1px solid #e6e7e8; border-left: none; border-right: none; padding: 0cm 0cm 0.53cm 0cm;\"> <span style=\"color: #000000;\">50 x 55 mm<\/span> <\/p>\n<\/td>\n<\/tr>\n<tr>\n<td width=\"163\">\n<p style=\"border-top: none; border-bottom: 1px solid #e6e7e8; border-left: none; border-right: none; padding: 0cm 0cm 0.53cm 0cm;\"> <span style=\"color: #000000;\">Peso<\/span> <\/p>\n<\/td>\n<td width=\"242\">\n<p style=\"border-top: none; border-bottom: 1px solid #e6e7e8; border-left: none; border-right: none; padding: 0cm 0cm 0.53cm 0cm;\"> <span style=\"color: #000000;\">170g<\/span><\/p>\n<\/td>\n<\/tr>\n<\/tbody>\n<\/table>\n<p style=\"margin-bottom: 0cm;\"> <strong><span style=\"color: #000000;\">En la caja:<\/span><\/strong><\/p>\n<ul>\n<li> <span style=\"color: #000000;\">Venus Optics Laowa 7.5mm f\/2 MFT Lente para Micro Cuatro Tercios (Negro)<\/span><\/li>\n<li> <span style=\"color: #000000;\">Tapas de lentes delanteras y traseras<\/span><\/li>\n<li> <span style=\"color: #000000;\">Parasol<\/span><\/li>\n<\/ul>\n","protected":false},"excerpt":{"rendered":"<p>Productos destacados: Sistema Micro Cuatro Tercios 15 mm (equivalente a 35 mm) Rango de apertura: f\/2 a f\/22 Dise\u00f1o de<\/p>\n","protected":false},"featured_media":49241,"comment_status":"closed","ping_status":"closed","template":"","meta":{"_acf_changed":false},"product_brand":[2682],"product_cat":[1062],"product_tag":[],"class_list":{"0":"post-74815","1":"product","2":"type-product","3":"status-publish","4":"has-post-thumbnail","6":"product_brand-laowa-es","7":"product_cat-mirrorless-objectivos","8":"pa_abertura-maxima-f-2-es","9":"pa_cor-negro","10":"pa_diametro-46mm-es","11":"pa_estabilizacao-de-imagem-no","12":"pa_montagem-da-objetiva-micro-4-3-es","13":"pa_sensor-micro-cuatro-tercios","14":"pa_tipo-de-foco-enfoque-manual","15":"pa_tipo-de-objetiva-gran-angular","16":"pa_zoom-fixa-fijo","18":"first","19":"onbackorder","20":"taxable","21":"shipping-taxable","22":"purchasable","23":"product-type-simple"},"bundled_by":[],"bundle_stock_status":"onbackorder","bundle_stock_quantity":null,"bundle_virtual":false,"bundle_layout":"","bundle_add_to_cart_form_location":"","bundle_editable_in_cart":false,"bundle_sold_individually_context":"","bundle_item_grouping":"","bundle_min_size":"","bundle_max_size":"","bundle_price":[],"bundled_items":[],"bundle_sell_ids":[],"acf":[],"_links":{"self":[{"href":"https:\/\/hi-techwonder.com\/es\/wp-json\/wp\/v2\/product\/74815","targetHints":{"allow":["GET"]}}],"collection":[{"href":"https:\/\/hi-techwonder.com\/es\/wp-json\/wp\/v2\/product"}],"about":[{"href":"https:\/\/hi-techwonder.com\/es\/wp-json\/wp\/v2\/types\/product"}],"replies":[{"embeddable":true,"href":"https:\/\/hi-techwonder.com\/es\/wp-json\/wp\/v2\/comments?post=74815"}],"wp:featuredmedia":[{"embeddable":true,"href":"https:\/\/hi-techwonder.com\/es\/wp-json\/wp\/v2\/media\/49241"}],"wp:attachment":[{"href":"https:\/\/hi-techwonder.com\/es\/wp-json\/wp\/v2\/media?parent=74815"}],"wp:term":[{"taxonomy":"product_brand","embeddable":true,"href":"https:\/\/hi-techwonder.com\/es\/wp-json\/wp\/v2\/product_brand?post=74815"},{"taxonomy":"product_cat","embeddable":true,"href":"https:\/\/hi-techwonder.com\/es\/wp-json\/wp\/v2\/product_cat?post=74815"},{"taxonomy":"product_tag","embeddable":true,"href":"https:\/\/hi-techwonder.com\/es\/wp-json\/wp\/v2\/product_tag?post=74815"}],"curies":[{"name":"wp","href":"https:\/\/api.w.org\/{rel}","templated":true}]}}