{"id":74817,"date":"2025-07-29T09:29:59","date_gmt":"2025-07-29T09:29:59","guid":{"rendered":"https:\/\/fv6qoy3ls0.wpdns.site\/product\/laowa-6mm-f2-zero-d-micro-4-3\/"},"modified":"2025-12-23T14:04:38","modified_gmt":"2025-12-23T14:04:38","slug":"laowa-6mm-f2-zero-d-micro-4-3","status":"publish","type":"product","link":"https:\/\/hi-techwonder.com\/es\/producto\/laowa-6mm-f2-zero-d-micro-4-3\/","title":{"rendered":"LAOWA 6mm F2 Zero-D &#8211; Micro 4\/3"},"content":{"rendered":"<h3><strong>LAOWA 6mm F2 Zero-D &#8211; Micro 4\/3&nbsp;<\/strong><\/h3>\n<ul>\n<li>Micro Cuatro Tercios | f\/2 a f\/16<\/li>\n<li>12 mm (equivalente a Full Frame)<\/li>\n<li>Prime ligero y compacto<\/li>\n<li>Dise\u00f1o de enfoque manual<\/li>\n<li>Admite apertura autom\u00e1tica<\/li>\n<li>Distancia m\u00ednima de enfoque de 9 cm<\/li>\n<\/ul>\n<p><iframe loading=\"lazy\" src=\"https:\/\/www.youtube.com\/embed\/rZJl-CSnTvg\" width=\"560\" height=\"314\" allowfullscreen=\"allowfullscreen\"><\/iframe><\/p>\n<p>Ofreciendo un \u00e1ngulo de visi\u00f3n ultra gran angular con distorsi\u00f3n casi nula, el Venus Optics Laowa 6mm f\/2 Zero-D es un objetivo ideal para varios tipos de fotograf\u00eda, incluyendo paisajes, paisajes urbanos, arquitectura y astrofotograf\u00eda. Disponible con una montura Micro Four Thirds, el amplio \u00e1ngulo de visi\u00f3n de 121,9\u00b0 del objetivo te permite capturar el mundo que te rodea con un detalle espectacular. Compacto y ligero, este objetivo tambi\u00e9n tiene una r\u00e1pida apertura de f\/2, lo que le permite capturar im\u00e1genes en entornos con poca luz sin aumentar el ISO. Adem\u00e1s, esto tambi\u00e9n permite una buena separaci\u00f3n del fondo del sujeto cuando se desee.   <\/p>\n<ul>\n<li>Un objetivo fijo ultra gran angular dise\u00f1ado para c\u00e1maras sin espejo Micro Four Thirds, este objetivo proporciona una distancia focal equivalente a 12 mm basada en el formato de fotograma completo.<\/li>\n<li>Como parte de la serie Zero-D, este objetivo presenta un dise\u00f1o \u00f3ptico que produce una distorsi\u00f3n \u00f3ptica casi nula, lo que lo hace adecuado para aplicaciones de paisajes, paisajes urbanos, arquitectura y astrofotograf\u00eda.<\/li>\n<li>El dise\u00f1o rectil\u00edneo representa escenas con l\u00edneas verticales rectas y una distorsi\u00f3n m\u00ednima para una representaci\u00f3n realista del mundo que te rodea.<\/li>\n<li>La brillante apertura m\u00e1xima de f\/2 permite un excelente rendimiento con poca luz, lo que permite una profundidad de campo reducida.<\/li>\n<li>Cuenta con contactos el\u00e9ctricos integrados que permiten ajustar la apertura a trav\u00e9s del cuerpo de la c\u00e1mara.<\/li>\n<li>El dise\u00f1o de enfoque manual ofrece una distancia m\u00ednima de enfoque de solo 9 cm para fotografiar sujetos en primer plano con una perspectiva exagerada.<\/li>\n<li>El exclusivo dise\u00f1o de apertura de 5 hojas produce estrellas solares limpias de 10 puntos al fotografiar fuentes de luz puntuales y reflejos especulares.<\/li>\n<li>Roscas de filtro frontales de 58 mm para usar con polarizadores circulares y otros filtros de rosca ampliamente disponibles.<\/li>\n<\/ul>\n<p><strong>Caracter\u00edsticas t\u00e9cnicas:<\/strong><\/p>\n<p>Distancia focal: 6 mm (equivalente a 35 mm: 12 mm)<\/p>\n<p>Apertura m\u00e1xima: f\/2<\/p>\n<p>Apertura m\u00ednima: f\/16<\/p>\n<p>Montura de lente: Micro cuatro tercios<\/p>\n<p>Cobertura de la forma de la lente: Micro Cuatro Tercios<\/p>\n<p>\u00c1ngulo de visi\u00f3n: 121,9\u00b0<\/p>\n<p>Distancia m\u00ednima de enfoque: 9 cm<\/p>\n<p>Aumento m\u00e1ximo: 0.18x<\/p>\n<p>Dise\u00f1o \u00f3ptico: 13 elementos en 3 grupos<\/p>\n<p>Hojas de diafragma: 5<\/p>\n<p>Tipo de enfoque: Enfoque manual<\/p>\n<p>Estabilizaci\u00f3n de imagen: No<\/p>\n<p>Tama\u00f1o del filtro: 58 mm (frontal)<\/p>\n<p>Dimensiones (\u00f8 x W): 61 x 52 mm<\/p>\n<p>Peso: 188 g<\/p>\n","protected":false},"excerpt":{"rendered":"<p>LAOWA 6mm F2 Zero-D &#8211; Micro 4\/3&nbsp; Micro Cuatro Tercios | f\/2 a f\/16 12 mm (equivalente a Full Frame)<\/p>\n","protected":false},"featured_media":49813,"comment_status":"closed","ping_status":"closed","template":"","meta":{"_acf_changed":false},"product_brand":[2682],"product_cat":[1062],"product_tag":[],"class_list":{"0":"post-74817","1":"product","2":"type-product","3":"status-publish","4":"has-post-thumbnail","6":"product_brand-laowa-es","7":"product_cat-mirrorless-objectivos","8":"pa_abertura-maxima-f-2-es","9":"pa_cor-negro","10":"pa_diametro-58mm-es","11":"pa_estabilizacao-de-imagem-no","12":"pa_montagem-da-objetiva-micro-4-3-es","13":"pa_sensor-micro-cuatro-tercios","14":"pa_tipo-de-foco-enfoque-manual","15":"pa_tipo-de-objetiva-gran-angular","16":"pa_zoom-fixa-fijo","18":"first","19":"pre-order","20":"taxable","21":"shipping-taxable","22":"purchasable","23":"product-type-simple"},"bundled_by":[],"bundle_stock_status":"pre-order","bundle_stock_quantity":null,"bundle_virtual":false,"bundle_layout":"","bundle_add_to_cart_form_location":"","bundle_editable_in_cart":false,"bundle_sold_individually_context":"","bundle_item_grouping":"","bundle_min_size":"","bundle_max_size":"","bundle_price":[],"bundled_items":[],"bundle_sell_ids":[],"acf":[],"_links":{"self":[{"href":"https:\/\/hi-techwonder.com\/es\/wp-json\/wp\/v2\/product\/74817","targetHints":{"allow":["GET"]}}],"collection":[{"href":"https:\/\/hi-techwonder.com\/es\/wp-json\/wp\/v2\/product"}],"about":[{"href":"https:\/\/hi-techwonder.com\/es\/wp-json\/wp\/v2\/types\/product"}],"replies":[{"embeddable":true,"href":"https:\/\/hi-techwonder.com\/es\/wp-json\/wp\/v2\/comments?post=74817"}],"wp:featuredmedia":[{"embeddable":true,"href":"https:\/\/hi-techwonder.com\/es\/wp-json\/wp\/v2\/media\/49813"}],"wp:attachment":[{"href":"https:\/\/hi-techwonder.com\/es\/wp-json\/wp\/v2\/media?parent=74817"}],"wp:term":[{"taxonomy":"product_brand","embeddable":true,"href":"https:\/\/hi-techwonder.com\/es\/wp-json\/wp\/v2\/product_brand?post=74817"},{"taxonomy":"product_cat","embeddable":true,"href":"https:\/\/hi-techwonder.com\/es\/wp-json\/wp\/v2\/product_cat?post=74817"},{"taxonomy":"product_tag","embeddable":true,"href":"https:\/\/hi-techwonder.com\/es\/wp-json\/wp\/v2\/product_tag?post=74817"}],"curies":[{"name":"wp","href":"https:\/\/api.w.org\/{rel}","templated":true}]}}