{"id":74824,"date":"2025-07-29T09:21:01","date_gmt":"2025-07-29T09:21:01","guid":{"rendered":"https:\/\/fv6qoy3ls0.wpdns.site\/product\/laowa-ranger-28-75mm-t2-9-cine-zoom-ff-pl-ef-mount\/"},"modified":"2025-07-29T09:21:01","modified_gmt":"2025-07-29T09:21:01","slug":"laowa-ranger-28-75mm-t2-9-cine-zoom-ff-pl-ef-mount","status":"publish","type":"product","link":"https:\/\/hi-techwonder.com\/es\/producto\/laowa-ranger-28-75mm-t2-9-cine-zoom-ff-pl-ef-mount\/","title":{"rendered":"LAOWA Ranger 28-75mm T2.9 Cine Zoom FF PL\/EF Mount"},"content":{"rendered":"<h3><strong>LAOWA Ranger 28-75mm T2.9 Cine Zoom<\/strong> Montura PL\/EF<\/h3>\n<ul>\n<li>Ligero y compacto<\/li>\n<li>Rango de zoom largo y vers\u00e1til<\/li>\n<li>Apertura constante T2.9<\/li>\n<li>Distancia de enfoque extremadamente cercana<\/li>\n<li>Dise\u00f1o parafocal<\/li>\n<li>Bien controlado casi sin centrarse en la respiraci\u00f3n<\/li>\n<li>Calidad de imagen excepcional<\/li>\n<li>Mecanismo de ajuste r\u00e1pido del enfoque trasero<\/li>\n<li>Montura PL\/EF intercambiable<\/li>\n<li>Soportes sin espejo adicionales disponibles (no incluidos)<\/li>\n<\/ul>\n<p><iframe loading=\"lazy\" src=\"https:\/\/www.youtube.com\/embed\/1qGsXmReyHA\" width=\"560\" height=\"314\" allowfullscreen=\"allowfullscreen\"><\/iframe><\/p>\n<p><strong>En la caja:<\/strong><\/p>\n<ul>\n<li>Lente de montura PL con zoom de cine LAOWA Ranger 28-75mm T2.9<\/li>\n<li>Bayoneta para montura EF<\/li>\n<li>Juego de cu\u00f1as<\/li>\n<li>Malet\u00edn de transporte r\u00edgido<\/li>\n<\/ul>\n<p>La l\u00ednea Ranger redefine la comodidad y la movilidad con solo 1,4 kg. El dise\u00f1o ligero y compacto los convierte en el compa\u00f1ero perfecto para varias configuraciones de grabaci\u00f3n. Desde cardanes, plataformas de hombro, plataformas para autom\u00f3viles e incluso operaciones manuales. Los cineastas ahora pueden disfrutar de una gran flexibilidad en la filmaci\u00f3n para todo tipo de producci\u00f3n.   <\/p>\n<p>Con una apertura T2.9 constante, la l\u00ednea Ranger ofrece una exposici\u00f3n constante en todo el rango del zoom. Y la gran apertura le permite operar m\u00e1s f\u00e1cilmente en un entorno oscuro. O los cineastas pueden usar esto para separar el sujeto del fondo.  <\/p>\n<p>Un complemento vers\u00e1til para su trabajo, para c\u00e1maras con montura Canon EF o PL de fotograma completo, este objetivo zoom de cine Ranger 28-75 mm T2.9 de Laowa le permite capturar im\u00e1genes de alta calidad en todo su rango de zoom de 28 a 75 mm. El dise\u00f1o parfocal de la lente presenta 11 hojas de apertura en una construcci\u00f3n de 22 elementos y 18 grupos. Tiene un rango de apertura de T2.9 a T22 y un di\u00e1metro frontal de 80 mm con una respiraci\u00f3n de enfoque m\u00ednima. Captura todo, desde establecer planos generales hasta primeros planos con desenfoque de fondo con Laowa Ranger.   <\/p>\n<p>El control de enfoque, apertura y zoom es intuitivo gracias al alcance de cada engranaje de 0.8 MOD. Las marcas en la lente est\u00e1n disponibles en pies y metros. La lente tiene un campo de visi\u00f3n de 75,4\u00b0 en el extremo ancho y un campo de visi\u00f3n de 32,3\u00b0 en el extremo telesc\u00f3pico con un c\u00edrculo de imagen de 43,2 mm. Una bayoneta EF incluida adapta la montura PL nativa para la compatibilidad con una gama m\u00e1s amplia de c\u00e1maras, mientras que una rosca de filtro frontal de 77 mm le permite conectar filtros de lentes compatibles. Se puede lograr un ajuste adicional del enfoque trasero con el juego de cu\u00f1as suministrado.    <\/p>\n<p><strong>Caracter\u00edsticas<\/strong>:<\/p>\n<ul>\n<li>Apertura m\u00e1xima T2.9 para profundidad de visi\u00f3n profunda y mayor enfoque de \u00e1rea<\/li>\n<li>11 hojas de apertura para un bokeh suave y circular<\/li>\n<li>Construcci\u00f3n de lentes de 22 elementos en 18 grupos<\/li>\n<li>Rotaci\u00f3n de enfoque de 270\u00b0, rotaci\u00f3n de apertura de 42\u00b0, rotaci\u00f3n de zoom de 100\u00b0<\/li>\n<li>Marcas de lentes en pies y metros<\/li>\n<li>Aumento m\u00e1ximo de 0,23x, relaci\u00f3n de zoom de 2,7x<\/li>\n<li>Bayoneta de montaje EF incluida; Pie de soporte de lente incorporado<\/li>\n<li>Rosca de filtro frontal de 77 mm<\/li>\n<li>Distancia m\u00ednima de enfoque de 0,49 metros<\/li>\n<li>Enfoque, apertura y zoom MOD 0.8 est\u00e1ndar de la industria para usar con sistemas de enfoque continuo<\/li>\n<\/ul>\n<p><strong>Caracter\u00edsticas t\u00e9cnicas:<\/strong><\/p>\n<ul>\n<li>Distancia focal: 28-75 mm<\/li>\n<li>Rango de apertura: T2.9 &#8211; T22<\/li>\n<li>\u00c1ngulo de visi\u00f3n: 75,4\u00b0x32,2\u00b0<\/li>\n<li>Di\u00e1metro del c\u00edrculo de la imagen: \u00d8 43,2 mm<\/li>\n<li>Relaci\u00f3n de zoom: 2.7X<\/li>\n<li>Formato: Fotograma completo<\/li>\n<li>Dise\u00f1o de lentes: 22 elementos en 18 grupos<\/li>\n<li>Hojas de diafragma: 11 hojas<\/li>\n<li>Distancia de brida: PL: 52 mm EF: 44 mm<\/li>\n<li>Liberaci\u00f3n de enfoque: 270\u00b0<\/li>\n<li>Paso de apertura: 42\u00b0<\/li>\n<li>Rango de zoom: 100\u00b0<\/li>\n<li>Escalas de enfoque: imperial y m\u00e9trica<\/li>\n<li>Distancia m\u00ednima de enfoque: 0,49 m<\/li>\n<li>Aumento m\u00e1ximo: 0.23X<\/li>\n<li>Modo de enfoque: Manual (MF)<\/li>\n<li>Paso de enfoque: 0,8 mm<\/li>\n<li>Equipo: 0.8 mod<\/li>\n<li>Dimensiones de la rosca del filtro: \u00d8 77 mm<\/li>\n<li>Dimensiones: aproximadamente \u00d8 80 * 179,3 mm<\/li>\n<li>Peso: alrededor de 1,4 kg<\/li>\n<\/ul>\n<p>Conjunto PL medido de serie para peso y dimensiones)<\/p>\n","protected":false},"excerpt":{"rendered":"<p>LAOWA Ranger 28-75mm T2.9 Cine Zoom Montura PL\/EF Ligero y compacto Rango de zoom largo y vers\u00e1til Apertura constante T2.9<\/p>\n","protected":false},"featured_media":47869,"comment_status":"closed","ping_status":"open","template":"","meta":{"_acf_changed":false},"product_brand":[2682],"product_cat":[1063],"product_tag":[],"class_list":{"0":"post-74824","1":"product","2":"type-product","3":"status-publish","4":"has-post-thumbnail","6":"product_brand-laowa-es","7":"product_cat-slr-es","9":"first","10":"onbackorder","11":"taxable","12":"shipping-taxable","13":"purchasable","14":"product-type-simple"},"bundled_by":[],"bundle_stock_status":"onbackorder","bundle_stock_quantity":0,"bundle_virtual":false,"bundle_layout":"","bundle_add_to_cart_form_location":"","bundle_editable_in_cart":false,"bundle_sold_individually_context":"","bundle_item_grouping":"","bundle_min_size":"","bundle_max_size":"","bundle_price":[],"bundled_items":[],"bundle_sell_ids":[],"acf":[],"_links":{"self":[{"href":"https:\/\/hi-techwonder.com\/es\/wp-json\/wp\/v2\/product\/74824","targetHints":{"allow":["GET"]}}],"collection":[{"href":"https:\/\/hi-techwonder.com\/es\/wp-json\/wp\/v2\/product"}],"about":[{"href":"https:\/\/hi-techwonder.com\/es\/wp-json\/wp\/v2\/types\/product"}],"replies":[{"embeddable":true,"href":"https:\/\/hi-techwonder.com\/es\/wp-json\/wp\/v2\/comments?post=74824"}],"wp:featuredmedia":[{"embeddable":true,"href":"https:\/\/hi-techwonder.com\/es\/wp-json\/wp\/v2\/media\/47869"}],"wp:attachment":[{"href":"https:\/\/hi-techwonder.com\/es\/wp-json\/wp\/v2\/media?parent=74824"}],"wp:term":[{"taxonomy":"product_brand","embeddable":true,"href":"https:\/\/hi-techwonder.com\/es\/wp-json\/wp\/v2\/product_brand?post=74824"},{"taxonomy":"product_cat","embeddable":true,"href":"https:\/\/hi-techwonder.com\/es\/wp-json\/wp\/v2\/product_cat?post=74824"},{"taxonomy":"product_tag","embeddable":true,"href":"https:\/\/hi-techwonder.com\/es\/wp-json\/wp\/v2\/product_tag?post=74824"}],"curies":[{"name":"wp","href":"https:\/\/api.w.org\/{rel}","templated":true}]}}