{"id":74825,"date":"2025-07-29T09:15:17","date_gmt":"2025-07-29T09:15:17","guid":{"rendered":"https:\/\/fv6qoy3ls0.wpdns.site\/product\/soporte-de-filtro-laowa-100mm-lite-para-laowa-12mm-f-2-8\/"},"modified":"2026-03-02T17:37:55","modified_gmt":"2026-03-02T17:37:55","slug":"laowa-soporte-de-filtro-laowa-100mm-lite-para-laowa-12mm-f-2-8","status":"publish","type":"product","link":"https:\/\/hi-techwonder.com\/es\/producto\/laowa-soporte-de-filtro-laowa-100mm-lite-para-laowa-12mm-f-2-8\/","title":{"rendered":"Soporte de filtro LAOWA 100mm (Lite) para Laowa 12mm f\/2.8"},"content":{"rendered":"<p>Este portafiltros fue creado especialmente para <strong>Laowa 12mm f\/2.8 Zero-D<\/strong>. Es muy compacto y est\u00e1 construido con 2 ranuras independientes para adaptarse a filtros de 100 mm de ancho (100 x 100 mm o 150 mm x 100 mm). La montura puede girar 360 grados para permitirle disparar con el filtro en \u00e1ngulos especiales. Viene con 2 tornillos de fijaci\u00f3n para fijar la rotaci\u00f3n y la montura (en la lente) de forma independiente.   <\/p>\n<p><iframe loading=\"lazy\" src=\"\/\/www.youtube.com\/embed\/Put9i8uIhCU\" width=\"560\" height=\"314\" allowfullscreen=\"allowfullscreen\"><\/iframe><\/p>\n<p><strong>Res\u00famenes:<\/strong><\/p>\n<ul>\n<li>Ranuras para 2 filtros de 100 mm de ancho<\/li>\n<li>Gira 360 grados<\/li>\n<li>Construcci\u00f3n de aluminio<\/li>\n<li>Se pueden utilizar filtros con\/sin espumas<\/li>\n<\/ul>\n<p>Este portafiltros est\u00e1 especialmente dise\u00f1ado para Laowa 12mm f\/2.8 Zero-D. Es muy compacto y est\u00e1 construido con 2 ranuras independientes para adaptarse a filtros de 100 mm de ancho (100 x 100 mm o 150 mm x 100 mm). El soporte se puede girar 360 grados para permitir disparar con filtro en \u00e1ngulos especiales. Viene con 2 tornillos de bloqueo para fijar la rotaci\u00f3n y el soporte (en la lente) de forma independiente.   <\/p>\n","protected":false},"excerpt":{"rendered":"<p>Este portafiltros fue creado especialmente para Laowa 12mm f\/2.8 Zero-D. Es muy compacto y est\u00e1 construido con 2 ranuras independientes<\/p>\n","protected":false},"featured_media":46694,"comment_status":"closed","ping_status":"open","template":"","meta":{"_acf_changed":false},"product_brand":[2682],"product_cat":[1055],"product_tag":[],"class_list":{"0":"post-74825","1":"product","2":"type-product","3":"status-publish","4":"has-post-thumbnail","6":"product_brand-laowa-es","7":"product_cat-accesorios-100mm","9":"first","10":"instock","11":"taxable","12":"shipping-taxable","13":"purchasable","14":"product-type-simple"},"bundled_by":[],"bundle_stock_status":"instock","bundle_stock_quantity":1,"bundle_virtual":false,"bundle_layout":"","bundle_add_to_cart_form_location":"","bundle_editable_in_cart":false,"bundle_sold_individually_context":"","bundle_item_grouping":"","bundle_min_size":"","bundle_max_size":"","bundle_price":[],"bundled_items":[],"bundle_sell_ids":[],"acf":[],"_links":{"self":[{"href":"https:\/\/hi-techwonder.com\/es\/wp-json\/wp\/v2\/product\/74825","targetHints":{"allow":["GET"]}}],"collection":[{"href":"https:\/\/hi-techwonder.com\/es\/wp-json\/wp\/v2\/product"}],"about":[{"href":"https:\/\/hi-techwonder.com\/es\/wp-json\/wp\/v2\/types\/product"}],"replies":[{"embeddable":true,"href":"https:\/\/hi-techwonder.com\/es\/wp-json\/wp\/v2\/comments?post=74825"}],"wp:featuredmedia":[{"embeddable":true,"href":"https:\/\/hi-techwonder.com\/es\/wp-json\/wp\/v2\/media\/46694"}],"wp:attachment":[{"href":"https:\/\/hi-techwonder.com\/es\/wp-json\/wp\/v2\/media?parent=74825"}],"wp:term":[{"taxonomy":"product_brand","embeddable":true,"href":"https:\/\/hi-techwonder.com\/es\/wp-json\/wp\/v2\/product_brand?post=74825"},{"taxonomy":"product_cat","embeddable":true,"href":"https:\/\/hi-techwonder.com\/es\/wp-json\/wp\/v2\/product_cat?post=74825"},{"taxonomy":"product_tag","embeddable":true,"href":"https:\/\/hi-techwonder.com\/es\/wp-json\/wp\/v2\/product_tag?post=74825"}],"curies":[{"name":"wp","href":"https:\/\/api.w.org\/{rel}","templated":true}]}}