{"id":74827,"date":"2025-07-29T09:21:08","date_gmt":"2025-07-29T09:21:08","guid":{"rendered":"https:\/\/fv6qoy3ls0.wpdns.site\/product\/laowa-nanomorph-s35-kit-5-lentes-montura-canon-ef-y-pl\/"},"modified":"2025-07-29T09:21:08","modified_gmt":"2025-07-29T09:21:08","slug":"laowa-nanomorph-s35-kit-5-lentes-montura-canon-ef-y-pl","status":"publish","type":"product","link":"https:\/\/hi-techwonder.com\/es\/producto\/laowa-nanomorph-s35-kit-5-lentes-montura-canon-ef-y-pl\/","title":{"rendered":"LAOWA Nanomorph S35 Kit 5 lentes &#8211; Montura Canon EF y PL"},"content":{"rendered":"<h3>Kit de 5 lentes fijos anam\u00f3rficos Laowa Nanomorph S35 \u2013 27, 35, 50, 65 y 80 mm con dise\u00f1o compacto<\/h3>\n<hr>\n<h4 style=\"color: rgb(0, 0, 0);\"><font color=\"#ff0000\">En el momento de realizar el pedido, debe indicar si desea lentes con destellos plateados, azules o \u00e1mbar.<\/font><\/h4>\n<p><strong>Caracter\u00edsticas principales<\/strong><\/p>\n<ul>\n<li><strong>Relaci\u00f3n de compresi\u00f3n anam\u00f3rfica de 1,5x<\/strong>: Ofrece un equilibrio perfecto entre intensidad anam\u00f3rfica y tama\u00f1o compacto, lo que da como resultado una relaci\u00f3n de aspecto de 2,66:1 en sensores de 16:9 y flexibilidad para el recorte de 2,4:1.<\/li>\n<li><strong>Destellos plateados, azules o \u00e1mbar<\/strong>: Un destello plateado\/azul o \u00e1mbar proporciona un mayor control, ajust\u00e1ndose a la fuente de luz para crear looks sutiles o dram\u00e1ticos.<\/li>\n<li><strong>Bokeh ovalado art\u00edstico<\/strong>: La relaci\u00f3n de compresi\u00f3n de 1.5x genera bokehs ovalados que realzan el sujeto con un fondo suave y cremoso.<\/li>\n<li><strong>Construcci\u00f3n \u00f3ptica avanzada<\/strong>: cada lente cuenta con elementos \u00f3pticos de alta calidad para minimizar las aberraciones esf\u00e9ricas y crom\u00e1ticas, lo que garantiza im\u00e1genes de alta resoluci\u00f3n y alto contraste.<\/li>\n<li><strong>Dise\u00f1o compacto y ligero<\/strong>: Ideal para pastillas de mano, deslizadores y estabilizadores de card\u00e1n.<\/li>\n<li><strong>Monturas intercambiables<\/strong>: Compatible con monturas ARRI PL y Canon EF, lo que lo hace ideal para diferentes c\u00e1maras de cine y sin espejo.<\/li>\n<\/ul>\n<hr>\n<p><strong>Contenido del paquete<\/strong><\/p>\n<ul>\n<li>Objetivos Laowa Nanomorph de 27 mm, 35 mm, 50 mm, 65 mm y 80 mm<\/li>\n<li>1 Un. Estuche r\u00edgido protector <\/li>\n<li>Tapas delanteras y traseras para todos los objetivos<\/li>\n<li>Juego de cu\u00f1as de ajuste de bayoneta<\/li>\n<li>Adaptador de montura Canon EF<\/li>\n<\/ul>\n<hr>\n<p>El <strong>kit de 5 lentes principales anam\u00f3rficos Laowa Nanomorph S35<\/strong> de Venus Optics es una soluci\u00f3n completa para los cineastas que buscan calidad anam\u00f3rfica con practicidad y flexibilidad. Con distancias focales de 27 mm, 35 mm, 50 mm, 65 mm y 80 mm, estos objetivos compactos est\u00e1n dise\u00f1ados para sensores Super 35 y ofrecen una relaci\u00f3n de compresi\u00f3n de 1,5x, ideal para crear proporciones cinematogr\u00e1ficas sin comprometer la calidad. <\/p>\n<p>Cada lente destaca por sus destellos plateados, azules o \u00e1mbar, que proporcionan un aspecto \u00fanico que se adapta a la iluminaci\u00f3n de la escena. El art\u00edstico bokeh ovalado separa elegantemente al sujeto del fondo, mientras que la corta distancia m\u00ednima de enfoque permite primeros planos con una impresionante profundidad de campo. La inclusi\u00f3n de monturas ARRI PL y Canon EF garantiza la compatibilidad con una amplia gama de c\u00e1maras de cine y sin espejo. <\/p>\n<p>Los lentes cuentan con escalas de enfoque en pies y metros, anillos de engranajes est\u00e1ndar de cine (0.8 MOD) para enfoque y apertura, y roscas de filtro frontal (55 mm o 62 mm seg\u00fan la lente), lo que los hace ideales para filmar con drones y configuraciones de correr y disparar. El estuche r\u00edgido incluido proporciona protecci\u00f3n y organizaci\u00f3n para un transporte seguro. <\/p>\n<hr>\n<p><strong>Especificaciones t\u00e9cnicas<\/strong><\/p>\n<table>\n<thead>\n<tr>\n<th><strong>Modelo<\/strong><\/th>\n<th><strong>Distancia focal<\/strong><\/th>\n<th><strong>Apertura (T)<\/strong><\/th>\n<th><strong>Distancia m\u00ednima de enfoque<\/strong><\/th>\n<th><strong>Filtro frontal<\/strong><\/th>\n<th><strong>\u00c1ngulo<\/strong><\/th>\n<th><strong>Peso<\/strong><\/th>\n<\/tr>\n<\/thead>\n<tbody>\n<tr>\n<td><strong>27 mm<\/strong><\/td>\n<td>27 mm<\/td>\n<td>T2.8 \u2013 T22<\/td>\n<td>43cm<\/td>\n<td>77 mil\u00edmetros<\/td>\n<td>70.8\u00b0<\/td>\n<td>590 gramos<\/td>\n<\/tr>\n<tr>\n<td><strong>35 mm<\/strong><\/td>\n<td>35 mm<\/td>\n<td>T2.4 \u2013 T22<\/td>\n<td>60cm<\/td>\n<td>77 mil\u00edmetros<\/td>\n<td>57.5\u00b0<\/td>\n<td>610 gramos<\/td>\n<\/tr>\n<tr>\n<td><strong>50 mm<\/strong><\/td>\n<td>50 mm<\/td>\n<td>T2.4 \u2013 T22<\/td>\n<td>70cm<\/td>\n<td>77 mil\u00edmetros<\/td>\n<td>42\u00b0<\/td>\n<td>620g<\/td>\n<\/tr>\n<tr>\n<td><strong>65 mm<\/strong><\/td>\n<td>65 mm<\/td>\n<td>T2.4 \u2013 T16<\/td>\n<td>70 cm<\/td>\n<td>62 mm<\/td>\n<td><\/td>\n<td>640 gramos<\/td>\n<\/tr>\n<tr>\n<td><strong>80 mm<\/strong><\/td>\n<td>80 mm<\/td>\n<td>T2.4 \u2013 T16<\/td>\n<td>70 cm<\/td>\n<td>62 mm<\/td>\n<td><\/td>\n<td>670 gramos<\/td>\n<\/tr>\n<\/tbody>\n<\/table>\n<hr>\n<p><strong>Informaci\u00f3n adicional<\/strong><\/p>\n<ul>\n<li><strong>Enfoque r\u00e1pido y preciso<\/strong>: Escalas de enfoque dual (pies y metros) para mayor precisi\u00f3n.<\/li>\n<li><strong>Dise\u00f1o modular<\/strong>: Soportes intercambiables para versatilidad en diferentes sistemas.<\/li>\n<li><strong>Ajuste de la brida trasera<\/strong>: Le permite calibrar la montura de la lente con precisi\u00f3n.<\/li>\n<\/ul>\n<h4><\/h4>\n","protected":false},"excerpt":{"rendered":"<p>Kit de 5 lentes fijos anam\u00f3rficos Laowa Nanomorph S35 \u2013 27, 35, 50, 65 y 80 mm con dise\u00f1o compacto<\/p>\n","protected":false},"featured_media":47914,"comment_status":"closed","ping_status":"open","template":"","meta":{"_acf_changed":false},"product_brand":[2682],"product_cat":[1063],"product_tag":[],"class_list":{"0":"post-74827","1":"product","2":"type-product","3":"status-publish","4":"has-post-thumbnail","6":"product_brand-laowa-es","7":"product_cat-slr-es","9":"first","10":"onbackorder","11":"taxable","12":"shipping-taxable","13":"purchasable","14":"product-type-simple"},"bundled_by":[],"bundle_stock_status":"onbackorder","bundle_stock_quantity":0,"bundle_virtual":false,"bundle_layout":"","bundle_add_to_cart_form_location":"","bundle_editable_in_cart":false,"bundle_sold_individually_context":"","bundle_item_grouping":"","bundle_min_size":"","bundle_max_size":"","bundle_price":[],"bundled_items":[],"bundle_sell_ids":[],"acf":[],"_links":{"self":[{"href":"https:\/\/hi-techwonder.com\/es\/wp-json\/wp\/v2\/product\/74827","targetHints":{"allow":["GET"]}}],"collection":[{"href":"https:\/\/hi-techwonder.com\/es\/wp-json\/wp\/v2\/product"}],"about":[{"href":"https:\/\/hi-techwonder.com\/es\/wp-json\/wp\/v2\/types\/product"}],"replies":[{"embeddable":true,"href":"https:\/\/hi-techwonder.com\/es\/wp-json\/wp\/v2\/comments?post=74827"}],"wp:featuredmedia":[{"embeddable":true,"href":"https:\/\/hi-techwonder.com\/es\/wp-json\/wp\/v2\/media\/47914"}],"wp:attachment":[{"href":"https:\/\/hi-techwonder.com\/es\/wp-json\/wp\/v2\/media?parent=74827"}],"wp:term":[{"taxonomy":"product_brand","embeddable":true,"href":"https:\/\/hi-techwonder.com\/es\/wp-json\/wp\/v2\/product_brand?post=74827"},{"taxonomy":"product_cat","embeddable":true,"href":"https:\/\/hi-techwonder.com\/es\/wp-json\/wp\/v2\/product_cat?post=74827"},{"taxonomy":"product_tag","embeddable":true,"href":"https:\/\/hi-techwonder.com\/es\/wp-json\/wp\/v2\/product_tag?post=74827"}],"curies":[{"name":"wp","href":"https:\/\/api.w.org\/{rel}","templated":true}]}}