{"id":74831,"date":"2025-07-29T09:10:28","date_gmt":"2025-07-29T09:10:28","guid":{"rendered":"https:\/\/fv6qoy3ls0.wpdns.site\/product\/filtro-de-densidad-neutra-laowa-nd1000-10-paradas-49mm\/"},"modified":"2026-01-31T02:39:29","modified_gmt":"2026-01-31T02:39:29","slug":"laowa-filtro-de-densidad-neutra-laowa-nd1000-10-paradas-49mm","status":"publish","type":"product","link":"https:\/\/hi-techwonder.com\/es\/producto\/laowa-filtro-de-densidad-neutra-laowa-nd1000-10-paradas-49mm\/","title":{"rendered":"Filtro de densidad neutra LAOWA ND1000 (10 paradas) 49mm"},"content":{"rendered":"<p><strong>Filtro de densidad neutra LAOWA ND1000 (10 pasos) 49mm<\/strong><\/p>\n<p><strong><br \/><\/strong><\/p>\n<p> <strong>Funciones:<\/strong><\/p>\n<ul>\n<li>  Filtro de densidad neutra ND1000 (10 paradas)<\/li>\n<li>  Reducci\u00f3n de 10 pasos<\/li>\n<li>  Montura ultrafina<\/li>\n<li>  Con caja de filtro<\/li>\n<li>  Rosca de filtro de 49 mm<\/li>\n<\/ul>\n<p><\/p>\n<p> <strong>Contenido del paquete:<\/strong><\/p>\n<ul>\n<li>  Filtro delgado LAOWA de 49 mm ND1000<\/li>\n<\/ul>\n<p><\/p>\n<p>  El filtro LAOWA 49mm ND1000 es un filtro de l\u00ednea fina de densidad neutra de 10 puntos (ND1000). Los filtros ND de Laowa son filtros de vidrio de alta calidad, el marco ultrafino minimiza la posibilidad de vi\u00f1eteado en lentes ultra gran angular. Dise\u00f1ado para todos los lentes de c\u00e1maras digitales, incluidos los lentes Laowa con una rosca de filtro de tama\u00f1o 49 mm.  <\/p>\n<p>  Adecuado para fotograf\u00eda de pel\u00edcula o digital. El filtro Laowa ND 1000 ofrece una reducci\u00f3n fija de luz de 10 pasos, lo que proporciona tiempos de exposici\u00f3n mucho m\u00e1s largos para exposiciones prolongadas, fotograf\u00eda de paisajes, im\u00e1genes de bombilla, fotografiar sujetos extremadamente brillantes, fotograf\u00eda de efectos u otras circunstancias en las que se requiere una gran reducci\u00f3n de luz. Adecuado para lentes con una rosca de filtro de 49 mm.  <\/p>\n<p><strong><br \/><\/strong><\/p>\n<p><strong>Caracter\u00edsticas t\u00e9cnicas:<\/strong><\/p>\n<ul>\n<li>  Rosca de tornillo de filtro de 49 mm<\/li>\n<li>  Estructura de filtro negro ultrafino<\/li>\n<li>  Vidrio \u00f3ptico<\/li>\n<li>  Reducci\u00f3n de 10 pasos<\/li>\n<\/ul>\n","protected":false},"excerpt":{"rendered":"<p>Filtro de densidad neutra LAOWA ND1000 (10 pasos) 49mm Funciones: Filtro de densidad neutra ND1000 (10 paradas) Reducci\u00f3n de 10<\/p>\n","protected":false},"featured_media":45711,"comment_status":"closed","ping_status":"closed","template":"","meta":{"_acf_changed":false},"product_brand":[2682],"product_cat":[1047],"product_tag":[],"class_list":{"0":"post-74831","1":"product","2":"type-product","3":"status-publish","4":"has-post-thumbnail","6":"product_brand-laowa-es","7":"product_cat-densidad-neutra-nd","8":"pa_diametro-49mm-es","10":"first","11":"instock","12":"taxable","13":"shipping-taxable","14":"purchasable","15":"product-type-simple"},"bundled_by":[],"bundle_stock_status":"instock","bundle_stock_quantity":1,"bundle_virtual":false,"bundle_layout":"","bundle_add_to_cart_form_location":"","bundle_editable_in_cart":false,"bundle_sold_individually_context":"","bundle_item_grouping":"","bundle_min_size":"","bundle_max_size":"","bundle_price":[],"bundled_items":[],"bundle_sell_ids":[],"acf":[],"_links":{"self":[{"href":"https:\/\/hi-techwonder.com\/es\/wp-json\/wp\/v2\/product\/74831","targetHints":{"allow":["GET"]}}],"collection":[{"href":"https:\/\/hi-techwonder.com\/es\/wp-json\/wp\/v2\/product"}],"about":[{"href":"https:\/\/hi-techwonder.com\/es\/wp-json\/wp\/v2\/types\/product"}],"replies":[{"embeddable":true,"href":"https:\/\/hi-techwonder.com\/es\/wp-json\/wp\/v2\/comments?post=74831"}],"wp:featuredmedia":[{"embeddable":true,"href":"https:\/\/hi-techwonder.com\/es\/wp-json\/wp\/v2\/media\/45711"}],"wp:attachment":[{"href":"https:\/\/hi-techwonder.com\/es\/wp-json\/wp\/v2\/media?parent=74831"}],"wp:term":[{"taxonomy":"product_brand","embeddable":true,"href":"https:\/\/hi-techwonder.com\/es\/wp-json\/wp\/v2\/product_brand?post=74831"},{"taxonomy":"product_cat","embeddable":true,"href":"https:\/\/hi-techwonder.com\/es\/wp-json\/wp\/v2\/product_cat?post=74831"},{"taxonomy":"product_tag","embeddable":true,"href":"https:\/\/hi-techwonder.com\/es\/wp-json\/wp\/v2\/product_tag?post=74831"}],"curies":[{"name":"wp","href":"https:\/\/api.w.org\/{rel}","templated":true}]}}