{"id":74836,"date":"2025-07-29T10:02:49","date_gmt":"2025-07-29T10:02:49","guid":{"rendered":"https:\/\/fv6qoy3ls0.wpdns.site\/product\/anillo-de-luz-led-laowa-para-25mm-f-2-8-ultra-macro\/"},"modified":"2026-01-31T01:49:36","modified_gmt":"2026-01-31T01:49:36","slug":"laowa-anillo-de-luz-led-laowa-para-25mm-f-2-8-ultra-macro","status":"publish","type":"product","link":"https:\/\/hi-techwonder.com\/es\/producto\/laowa-anillo-de-luz-led-laowa-para-25mm-f-2-8-ultra-macro\/","title":{"rendered":"Anillo de luz LED LAOWA para 25mm f\/2.8 Ultra Macro"},"content":{"rendered":"<p><strong>Anillo de luz LED Laowa para 25mm f\/2.8 Ultra Macro<\/strong><\/p>\n<p>Cuando se dispara macro entre el tama\u00f1o real de 2.5X &#8211; 5X, a veces es dif\u00edcil para los fot\u00f3grafos enfocar, especialmente en condiciones de poca luz. Al montar la luz LED en la l\u00ednea frontal del lente Laowa 25mm f\/2.8 Ultra Macro, puede ver un objeto con mayor claridad y tomar fotos m\u00e1s n\u00edtidas. Simplemente conecte el anillo LED a un cargador port\u00e1til con el cable suministrado y comience a usarlo.  <\/p>\n<p><iframe loading=\"lazy\" src=\"https:\/\/www.youtube.com\/embed\/cNeJWU2i-zo\" width=\"560\" height=\"314\" allowfullscreen=\"allowfullscreen\"><\/iframe><\/p>\n<p>Tama\u00f1o: 58,5 mm x 10 mm<\/p>\n<p>Peso: 320g<\/p>\n<p><strong>Contenido del paquete:&nbsp;<\/strong><\/p>\n<ul>\n<li>Anillo de luz LED LAOWA<\/li>\n<li>Cable micro USB<\/li>\n<\/ul>\n","protected":false},"excerpt":{"rendered":"<p>Anillo de luz LED Laowa para 25mm f\/2.8 Ultra Macro Cuando se dispara macro entre el tama\u00f1o real de 2.5X<\/p>\n","protected":false},"featured_media":57465,"comment_status":"closed","ping_status":"open","template":"","meta":{"_acf_changed":false},"product_brand":[2682],"product_cat":[993],"product_tag":[],"class_list":{"0":"post-74836","1":"product","2":"type-product","3":"status-publish","4":"has-post-thumbnail","6":"product_brand-laowa-es","7":"product_cat-anulares","9":"first","10":"instock","11":"taxable","12":"shipping-taxable","13":"purchasable","14":"product-type-simple"},"bundled_by":[],"bundle_stock_status":"instock","bundle_stock_quantity":1,"bundle_virtual":false,"bundle_layout":"","bundle_add_to_cart_form_location":"","bundle_editable_in_cart":false,"bundle_sold_individually_context":"","bundle_item_grouping":"","bundle_min_size":"","bundle_max_size":"","bundle_price":[],"bundled_items":[],"bundle_sell_ids":[],"acf":[],"_links":{"self":[{"href":"https:\/\/hi-techwonder.com\/es\/wp-json\/wp\/v2\/product\/74836","targetHints":{"allow":["GET"]}}],"collection":[{"href":"https:\/\/hi-techwonder.com\/es\/wp-json\/wp\/v2\/product"}],"about":[{"href":"https:\/\/hi-techwonder.com\/es\/wp-json\/wp\/v2\/types\/product"}],"replies":[{"embeddable":true,"href":"https:\/\/hi-techwonder.com\/es\/wp-json\/wp\/v2\/comments?post=74836"}],"wp:featuredmedia":[{"embeddable":true,"href":"https:\/\/hi-techwonder.com\/es\/wp-json\/wp\/v2\/media\/57465"}],"wp:attachment":[{"href":"https:\/\/hi-techwonder.com\/es\/wp-json\/wp\/v2\/media?parent=74836"}],"wp:term":[{"taxonomy":"product_brand","embeddable":true,"href":"https:\/\/hi-techwonder.com\/es\/wp-json\/wp\/v2\/product_brand?post=74836"},{"taxonomy":"product_cat","embeddable":true,"href":"https:\/\/hi-techwonder.com\/es\/wp-json\/wp\/v2\/product_cat?post=74836"},{"taxonomy":"product_tag","embeddable":true,"href":"https:\/\/hi-techwonder.com\/es\/wp-json\/wp\/v2\/product_tag?post=74836"}],"curies":[{"name":"wp","href":"https:\/\/api.w.org\/{rel}","templated":true}]}}