{"id":74838,"date":"2025-07-29T09:21:08","date_gmt":"2025-07-29T09:21:08","guid":{"rendered":"https:\/\/fv6qoy3ls0.wpdns.site\/product\/laowa-kit-ranger-28-75mm-75-180mm-t2-9-pl-ef-mount\/"},"modified":"2025-07-29T09:21:08","modified_gmt":"2025-07-29T09:21:08","slug":"laowa-kit-ranger-28-75mm-75-180mm-t2-9-pl-ef-mount","status":"publish","type":"product","link":"https:\/\/hi-techwonder.com\/es\/producto\/laowa-kit-ranger-28-75mm-75-180mm-t2-9-pl-ef-mount\/","title":{"rendered":"LAOWA Kit Ranger 28-75mm\/75-180mm T2.9 PL\/EF Mount"},"content":{"rendered":"<h3><strong>LAOWA Kit Ranger 28-75mm\/75-180mm T2.9 PL\/EF Mount<\/strong><\/h3>\n<ul>\n<li>Ligero y compacto<\/li>\n<li>Rango de zoom largo y vers\u00e1til<\/li>\n<li>Apertura constante T2.9<\/li>\n<li>Distancia de enfoque extremadamente cercana<\/li>\n<li>Dise\u00f1o parafocal<\/li>\n<li>Bien controlado casi sin centrarse en la respiraci\u00f3n<\/li>\n<li>Calidad de imagen excepcional<\/li>\n<li>Mecanismo de ajuste r\u00e1pido del enfoque trasero<\/li>\n<li>Montura PL\/EF intercambiable<\/li>\n<li>Soportes sin espejo adicionales disponibles (no incluidos)<\/li>\n<\/ul>\n<p><iframe loading=\"lazy\" src=\"https:\/\/www.youtube.com\/embed\/1qGsXmReyHA\" width=\"560\" height=\"314\" allowfullscreen=\"allowfullscreen\"><\/iframe><\/p>\n<p>La nueva serie compacta Cine Zoom viene con un 28-75 mm T2.9 y un 75-180 mm T2.9. Cubriendo un sensor de fotograma completo, la serie ha sido meticulosamente dise\u00f1ada para satisfacer las demandas de diferentes tama\u00f1os de producci\u00f3n, desde peque\u00f1os cineastas de larga data hasta grandes productoras. <\/p>\n<p>Aunque el Ranger cubre un largo rango de zoom de 28 mm a 180 mm, cada uno de los lentes pesa solo alrededor de 1,4 kg, lo que permite a los cineastas tener una gran flexibilidad en la configuraci\u00f3n de filmaci\u00f3n. Por lo tanto, puede usarlos en un card\u00e1n, equipo de autom\u00f3vil o incluso manualmente de una manera f\u00e1cil. La serie Ranger tambi\u00e9n est\u00e1 dise\u00f1ada para ser parafocal, lo que garantiza un control preciso del enfoque al acercar y alejar. Con la gran apertura constante de T2.9, se puede utilizar con poca luz natural para documentales o para aislar al sujeto de una escena. Tanto el 28-75 mm como el 75-180 mm pueden enfocar a distancias extremadamente cortas (0,49 m en el 28-75 mm y 0,89 m en el 75-180 mm) y est\u00e1n bien controlados casi sin <em>respiraci\u00f3n de enfoque<\/em>. Crear tus obras maestras cinematogr\u00e1ficas nunca ha sido tan f\u00e1cil. Adem\u00e1s de su dise\u00f1o \u00f3ptico profesional y carcasa de cine, estos lentes proporcionan un mecanismo de ajuste de enfoque trasero r\u00e1pido, lo que ahorra mucho tiempo en el atroz proceso de calzamiento.      <\/p>\n<p><strong>Ligero y compacto<\/strong><\/p>\n<p>La l\u00ednea Ranger redefine la comodidad y la movilidad con solo 1,4 kg (por lente). El dise\u00f1o ligero y compacto lo convierte en el compa\u00f1ero perfecto para varias configuraciones de grabaci\u00f3n. Desde cardanes, plataformas de hombro, plataformas para autom\u00f3viles e incluso operaciones manuales. Los cineastas ahora pueden disfrutar de una gran flexibilidad en la filmaci\u00f3n para todo tipo de producci\u00f3n.   <\/p>\n<p><strong>Rango de zoom largo y vers\u00e1til<\/strong><\/p>\n<p>Los lentes vienen con un rango de zoom popular y vers\u00e1til de 28 a 180 mm con una relaci\u00f3n de zoom de m\u00e1s de 6.4x en total. Ahorrando tiempo a los cineastas para cambiar los objetivos y la configuraci\u00f3n. Perfecto para proyectos con un cronograma ajustado y que desean la flexibilidad de m\u00faltiples opciones de enmarcado. Usar el 28 mm para tomas impresionantes, un encuadre m\u00e1s est\u00e1ndar de 35-50 mm para un primer plano medio, usar el 180 mm para un sujeto distante o hacer uso de la capacidad de zoom para hacer un zoom de plataforma rodante. Los cineastas pueden explorar muchas m\u00e1s posibilidades de encuadre sin la molestia de cambiar a diferentes lentes. Adem\u00e1s de los 28-75 mm y 75-180 mm lanzados actualmente, pronto se agregar\u00e1 un 16-30 mm a la serie. Haciendo que el conjunto sea m\u00e1s completo.      <\/p>\n<p><strong>Apertura constante T2.9<\/strong><\/p>\n<p>Con una apertura T2.9 constante, el Ranger ofrece una exposici\u00f3n constante en todo el rango de zoom. Y la gran apertura le permite operar m\u00e1s f\u00e1cilmente en un entorno oscuro. O los cineastas pueden usar esto para separar el sujeto del fondo.  <\/p>\n<p><strong>Una distancia m\u00ednima de enfoque extremadamente cercana<\/strong><\/p>\n<p>A pesar de que eran lentes de zoom, el Ranger exhibi\u00f3 una distancia de enfoque notablemente corta. Es de solo 0,49 m para 28-75 mm y 0,89 m para 75-180 mm. Todos los detalles asombrosos de cualquier sujeto se pueden capturar con facilidad y agregar un tono est\u00e9tico a su foto.  <\/p>\n<p><strong>Dise\u00f1o parafocal<\/strong><\/p>\n<p>El Ranger mantiene un enfoque preciso con su excelente dise\u00f1o parfocal. El sujeto permanecer\u00eda claro y enfocado, incluso si se acercaba o alejaba. <\/p>\n<p><strong>Bien controlado casi sin centrarse en la respiraci\u00f3n<\/strong><\/p>\n<p>La respiraci\u00f3n de enfoque pr\u00e1cticamente invisible garantiza una transici\u00f3n de enfoque suave y mantiene el encuadre de sus tomas. Los cineastas pueden entregar la historia sin ninguna perturbaci\u00f3n visual. <\/p>\n<p><strong>Calidad de imagen excepcional<\/strong><\/p>\n<p>Con su alto rendimiento \u00f3ptico, los lentes Ranger ofrecen una calidad de imagen excepcional y una reproducci\u00f3n de color natural. Ya sea que est\u00e9 disparando con un enfoque abierto o cercano, estos lentes mantienen la nitidez, el contraste y la reproducci\u00f3n precisa del color, lo que le permite capturar im\u00e1genes impresionantes en todo momento. <\/p>\n<p><strong>Ajuste del enfoque trasero<\/strong><\/p>\n<p>Las lentes vienen con un mecanismo de ajuste r\u00e1pido del enfoque trasero que evita procesos de ajuste gruesos y redundantes.<\/p>\n<p><strong>Montura PL\/EF intercambiable y monturas mirrorless adicionales disponibles<\/strong><\/p>\n<p>Los objetivos vienen con una montura PL nativa y una montura EF intercambiable. Adem\u00e1s, ofrecemos soportes sin espejo adicionales (se pueden comprar por separado) como RF\/E\/Z\/L para cineastas con sistemas sin espejo. <\/p>\n<p><strong>Construcci\u00f3n de cines profesionales<\/strong><\/p>\n<p>Los lentes compactos est\u00e1n dise\u00f1ados para adaptarse a una configuraci\u00f3n de producci\u00f3n profesional. Ambos vienen con engranajes mod 0.8, roscas para montar monturas de lentes y otras utilidades. En las lentes se muestran escalas dobles con pies y metros. Tanto el 28-75 mm como el 75-180 mm tienen una rosca de filtro de 77 mm y un di\u00e1metro exterior de 80 mm. Los cineastas pueden elegir entre usar filtros de rosca ?? o una caja mate.<\/p>\n<p><strong>Especificaciones de la lente de montura Ranger 28-75mm T2.9 Cine Zoom FF PL\/EF<\/strong><strong><strong>:<\/strong><\/strong><\/p>\n<ul>\n<li>Distancia focal: 28-75 mm<\/li>\n<li>Rango de apertura: T2.9 &#8211; T22<\/li>\n<li>\u00c1ngulo de visi\u00f3n: 75,4\u00b0x32,2\u00b0<\/li>\n<li>Di\u00e1metro del c\u00edrculo de la imagen: \u00d8 43,2 mm<\/li>\n<li>Relaci\u00f3n de zoom: 2.7X<\/li>\n<li>Formato: Fotograma completo<\/li>\n<li>Dise\u00f1o de lentes: 22 elementos en 18 grupos<\/li>\n<li>Hojas de diafragma: 11 hojas<\/li>\n<li>Distancia de brida: PL: 52 mm EF: 44 mm<\/li>\n<li>Liberaci\u00f3n de enfoque: 270\u00b0<\/li>\n<li>Paso de apertura: 42\u00b0<\/li>\n<li>Rango de zoom: 100\u00b0<\/li>\n<li>Escalas de enfoque: imperial y m\u00e9trica<\/li>\n<li>Distancia m\u00ednima de enfoque: 0,49 m<\/li>\n<li>Aumento m\u00e1ximo: 0.23X<\/li>\n<li>Modo de enfoque: Manual (MF)<\/li>\n<li>Paso de enfoque: 0,8 mm<\/li>\n<li>Equipo: 0.8 mod<\/li>\n<li>Dimensiones de la rosca del filtro: \u00d8 77 mm<\/li>\n<li>Dimensiones: aproximadamente \u00d8 80 * 179,3 mm<\/li>\n<li>Peso: alrededor de 1,4 kg<\/li>\n<\/ul>\n<p><strong>Especificaciones de la lente de montura Ranger 75-180mm T2.9 Cine Zoom FF PL\/EF<\/strong><strong><strong>:<\/strong><\/strong><\/p>\n<ul>\n<li>Distancia focal: 75-180 mm<\/li>\n<li>Rango de apertura: T2.9 &#8211; T22<\/li>\n<li>\u00c1ngulo de visi\u00f3n: 32,2\u00b0x13,7\u00b0<\/li>\n<li>Di\u00e1metro del c\u00edrculo de la imagen: \u00d8 43,2 mm<\/li>\n<li>Relaci\u00f3n de zoom: 2.4X<\/li>\n<li>Formato: Fotograma completo<\/li>\n<li>Dise\u00f1o de lentes: 17 elementos en 14 grupos<\/li>\n<li>Hojas de diafragma: 11 hojas<\/li>\n<li>Distancia de brida: PL: 52 mm EF: 44 mm<\/li>\n<li>Liberaci\u00f3n de enfoque: 270\u00b0<\/li>\n<li>Paso de apertura: 42\u00b0<\/li>\n<li>Rango de zoom: 100\u00b0<\/li>\n<li>Escalas de enfoque: imperial y m\u00e9trica<\/li>\n<li>Distancia m\u00ednima de enfoque: 0,89 m<\/li>\n<li>Aumento m\u00e1ximo: 0.217X<\/li>\n<li>Modo de enfoque: Manual (MF)<\/li>\n<li>Paso de enfoque: 0,8 mm<\/li>\n<li>Equipo: 0.8 mod<\/li>\n<li>Dimensiones de la rosca del filtro: \u00d8 77 mm<\/li>\n<li>Dimensiones: aproximadamente \u00d8 80 * 179,3 mm<\/li>\n<li>Peso: alrededor de 1,4 kg<\/li>\n<\/ul>\n","protected":false},"excerpt":{"rendered":"<p>LAOWA Kit Ranger 28-75mm\/75-180mm T2.9 PL\/EF Mount Ligero y compacto Rango de zoom largo y vers\u00e1til Apertura constante T2.9 Distancia<\/p>\n","protected":false},"featured_media":47901,"comment_status":"closed","ping_status":"open","template":"","meta":{"_acf_changed":false},"product_brand":[2682],"product_cat":[1063],"product_tag":[],"class_list":{"0":"post-74838","1":"product","2":"type-product","3":"status-publish","4":"has-post-thumbnail","6":"product_brand-laowa-es","7":"product_cat-slr-es","9":"first","10":"onbackorder","11":"taxable","12":"shipping-taxable","13":"purchasable","14":"product-type-simple"},"bundled_by":[],"bundle_stock_status":"onbackorder","bundle_stock_quantity":0,"bundle_virtual":false,"bundle_layout":"","bundle_add_to_cart_form_location":"","bundle_editable_in_cart":false,"bundle_sold_individually_context":"","bundle_item_grouping":"","bundle_min_size":"","bundle_max_size":"","bundle_price":[],"bundled_items":[],"bundle_sell_ids":[],"acf":[],"_links":{"self":[{"href":"https:\/\/hi-techwonder.com\/es\/wp-json\/wp\/v2\/product\/74838","targetHints":{"allow":["GET"]}}],"collection":[{"href":"https:\/\/hi-techwonder.com\/es\/wp-json\/wp\/v2\/product"}],"about":[{"href":"https:\/\/hi-techwonder.com\/es\/wp-json\/wp\/v2\/types\/product"}],"replies":[{"embeddable":true,"href":"https:\/\/hi-techwonder.com\/es\/wp-json\/wp\/v2\/comments?post=74838"}],"wp:featuredmedia":[{"embeddable":true,"href":"https:\/\/hi-techwonder.com\/es\/wp-json\/wp\/v2\/media\/47901"}],"wp:attachment":[{"href":"https:\/\/hi-techwonder.com\/es\/wp-json\/wp\/v2\/media?parent=74838"}],"wp:term":[{"taxonomy":"product_brand","embeddable":true,"href":"https:\/\/hi-techwonder.com\/es\/wp-json\/wp\/v2\/product_brand?post=74838"},{"taxonomy":"product_cat","embeddable":true,"href":"https:\/\/hi-techwonder.com\/es\/wp-json\/wp\/v2\/product_cat?post=74838"},{"taxonomy":"product_tag","embeddable":true,"href":"https:\/\/hi-techwonder.com\/es\/wp-json\/wp\/v2\/product_tag?post=74838"}],"curies":[{"name":"wp","href":"https:\/\/api.w.org\/{rel}","templated":true}]}}