{"id":74843,"date":"2025-07-29T10:20:58","date_gmt":"2025-07-29T10:20:58","guid":{"rendered":"https:\/\/fv6qoy3ls0.wpdns.site\/product\/magmod-magsphere-2\/"},"modified":"2025-09-29T11:51:53","modified_gmt":"2025-09-29T11:51:53","slug":"magmod-magsphere-2","status":"publish","type":"product","link":"https:\/\/hi-techwonder.com\/es\/producto\/magmod-magsphere-2\/","title":{"rendered":"MAGMOD Magsphere 2"},"content":{"rendered":"<p><strong>MAGMOD Magsphere 2<\/strong><\/p>\n<p><strong>Funciones:<\/strong><\/p>\n<ul>\n<li>Se conecta a Flash a trav\u00e9s de MagGrip 2 opcional<\/li>\n<li>Accesorio magn\u00e9tico<\/li>\n<li>Moldeo flash en luz omnidireccional<\/li>\n<li>Proporciona una luz suave y difusa<\/li>\n<li>40% m\u00e1s ligero que la versi\u00f3n original<\/li>\n<\/ul>\n<p><strong>Contenido del paquete:&nbsp;<\/strong><\/p>\n<ul>\n<li>MagMod MagSphere 2<\/li>\n<\/ul>\n<p><iframe loading=\"lazy\" style=\"min-height: 500px; width: 1522px; height: auto;\" src=\"https:\/\/www.youtube.com\/embed\/errrix61f44\" width=\"560\" height=\"314\" allowfullscreen=\"allowfullscreen\"><\/iframe><\/p>\n<p><iframe loading=\"lazy\" style=\"min-height: 500px; width: 1522px; height: auto;\" src=\"https:\/\/www.youtube.com\/embed\/as86GK8qOZM\" width=\"560\" height=\"314\" allowfullscreen=\"allowfullscreen\"><\/iframe><\/p>\n<p>Una de las principales mejoras introducidas con los modificadores MagMod 2 es la econom\u00eda en tama\u00f1o y peso.<\/p>\n<p>En MagMod MagSphere 2 el peso se ha reducido al m\u00e1ximo, sin sacrificar la durabilidad, la funcionalidad y la est\u00e9tica.<\/p>\n<p><strong>MagSphere 2 <\/strong>es un 40% m\u00e1s ligero que su predecesor. Al disparar, notar\u00e1s inmediatamente la diferencia, especialmente si te encuentras en entornos din\u00e1micos que requieren flashes en la c\u00e1mara, como bodas o eventos. &nbsp;<\/p>\n<p>Proporciona una hermosa luz difusa con una amplia dispersi\u00f3n del flash.&nbsp;&nbsp;<\/p>\n<p>El soporte magn\u00e9tico es fuerte, seguro y r\u00e1pido de instalar.<\/p>\n","protected":false},"excerpt":{"rendered":"<p>MAGMOD Magsphere 2 Funciones: Se conecta a Flash a trav\u00e9s de MagGrip 2 opcional Accesorio magn\u00e9tico Moldeo flash en luz<\/p>\n","protected":false},"featured_media":62008,"comment_status":"closed","ping_status":"open","template":"","meta":{"_acf_changed":false},"product_brand":[2594],"product_cat":[1005],"product_tag":[],"class_list":{"0":"post-74843","1":"product","2":"type-product","3":"status-publish","4":"has-post-thumbnail","6":"product_brand-magmod-es","7":"product_cat-otros-otros-modificadores","9":"first","10":"instock","11":"taxable","12":"shipping-taxable","13":"purchasable","14":"product-type-simple"},"bundled_by":[],"bundle_stock_status":"instock","bundle_stock_quantity":1,"bundle_virtual":false,"bundle_layout":"","bundle_add_to_cart_form_location":"","bundle_editable_in_cart":false,"bundle_sold_individually_context":"","bundle_item_grouping":"","bundle_min_size":"","bundle_max_size":"","bundle_price":[],"bundled_items":[],"bundle_sell_ids":[],"acf":[],"_links":{"self":[{"href":"https:\/\/hi-techwonder.com\/es\/wp-json\/wp\/v2\/product\/74843","targetHints":{"allow":["GET"]}}],"collection":[{"href":"https:\/\/hi-techwonder.com\/es\/wp-json\/wp\/v2\/product"}],"about":[{"href":"https:\/\/hi-techwonder.com\/es\/wp-json\/wp\/v2\/types\/product"}],"replies":[{"embeddable":true,"href":"https:\/\/hi-techwonder.com\/es\/wp-json\/wp\/v2\/comments?post=74843"}],"wp:featuredmedia":[{"embeddable":true,"href":"https:\/\/hi-techwonder.com\/es\/wp-json\/wp\/v2\/media\/62008"}],"wp:attachment":[{"href":"https:\/\/hi-techwonder.com\/es\/wp-json\/wp\/v2\/media?parent=74843"}],"wp:term":[{"taxonomy":"product_brand","embeddable":true,"href":"https:\/\/hi-techwonder.com\/es\/wp-json\/wp\/v2\/product_brand?post=74843"},{"taxonomy":"product_cat","embeddable":true,"href":"https:\/\/hi-techwonder.com\/es\/wp-json\/wp\/v2\/product_cat?post=74843"},{"taxonomy":"product_tag","embeddable":true,"href":"https:\/\/hi-techwonder.com\/es\/wp-json\/wp\/v2\/product_tag?post=74843"}],"curies":[{"name":"wp","href":"https:\/\/api.w.org\/{rel}","templated":true}]}}