{"id":74847,"date":"2025-07-28T23:40:52","date_gmt":"2025-07-28T23:40:52","guid":{"rendered":"https:\/\/fv6qoy3ls0.wpdns.site\/product\/magmod-magshoe-2\/"},"modified":"2025-09-04T07:48:41","modified_gmt":"2025-09-04T07:48:41","slug":"magmod-magshoe-2","status":"publish","type":"product","link":"https:\/\/hi-techwonder.com\/es\/producto\/magmod-magshoe-2\/","title":{"rendered":"MAGMOD MagShoe 2"},"content":{"rendered":"<p><strong>Magmod MagShoe 2<\/strong><\/p>\n<p><strong>Funciones:<\/strong><\/p>\n<ul>\n<li>Soporte universal para zapatos<\/li>\n<li>Actualizaci\u00f3n de materiales y dise\u00f1o para soportar cajas m\u00e1s grandes<\/li>\n<li>Mantiene los flashes en su lugar de forma segura con un mecanismo de bloqueo duradero<\/li>\n<li>Parte superior de color anodizado dorado<\/li>\n<li>Perilla grande que se puede apretar para ajustar el \u00e1ngulo de manera f\u00e1cil y precisa con una sola mano<\/li>\n<li>Se bloquea r\u00e1pidamente, simplemente deslice y gire el dial<\/li>\n<li>F\u00e1cil de usar, no m\u00e1s peque\u00f1os pernos y tuercas con los que lidiar<\/li>\n<li>La empu\u00f1adura de pistola ergon\u00f3mica ofrece un f\u00e1cil manejo<\/li>\n<li>Funciona perfectamente en combinaci\u00f3n con MagRing<\/li>\n<li>Col\u00f3quelo en el soporte o sost\u00e9ngalo<\/li>\n<li>Compatible con pr\u00e1cticamente cualquier flash Speedlight<\/li>\n<li>Incluye adaptador 1\u20444-20 para flashes como el AD200 o para montar paneles de luz LED y c\u00e1maras GoPro.<\/li>\n<\/ul>\n<p><strong>Contenido del paquete:<\/strong><\/p>\n<ul>\n<li>MagMod MagShoe 2<\/li>\n<\/ul>\n<p><iframe loading=\"lazy\" style=\"min-height: 500px; width: 1522px; height: auto;\" src=\"https:\/\/www.youtube.com\/embed\/ZlaxDp1FAwM\" width=\"560\" height=\"314\" allowfullscreen=\"allowfullscreen\"><\/iframe><\/p>\n<p>El MagShoe es un zapatero universal y ergon\u00f3mico que puede funcionar con una sola mano. Simplemente deslice el flash, gire la cerradura 90 grados y estar\u00e1 dorado. Es imprescindible para cualquier fot\u00f3grafo que quiera trabajar m\u00e1s r\u00e1pido, m\u00e1s f\u00e1cil y sorprendente. El nuevo<strong> MagShoe 2<\/strong> incluye una actualizaci\u00f3n en materiales y dise\u00f1o para admitir cajas de luz MagBox Pro m\u00e1s grandes, como MagBox Pro 42 Octa y MagBox Pro 36 Strip.   <\/p>\n<p>Use todo el sistema MagBox Pro en el soporte o ll\u00e9velo de mano cuando est\u00e9 conectado a nuestro c\u00f3modo, ergon\u00f3mico y totalmente impresionante MagShoe 2, el soporte de flash de zapata fr\u00eda m\u00e1s innovador de la industria, ahora a\u00fan m\u00e1s fuerte.<\/p>\n<p>El MagShoe 2 es material y estructuralmente m\u00e1s fuerte que el MagShoe original y es necesario para su uso con el MagBox Pro 42 Octa o el MagBox Pro 36 Strip m\u00e1s grandes. El MagShoe 2 se deshace de los botones feos, inc\u00f3modos y lentos y monta y redise\u00f1a el torpe cuerpo de la zapata fr\u00eda en un dise\u00f1o simple y f\u00e1cil de usar. <\/p>\n<p>Un bot\u00f3n grande que se puede presionar ajusta la posici\u00f3n del MagShoe 2 y lo bloquea r\u00e1pidamente en el \u00e1ngulo que elija. Solo aprieta y suelta. Eso es todo.  <\/p>\n<p>Adem\u00e1s, el mecanismo de bloqueo personalizado y duradero del MagShoe 2 aprieta el flash con un simple giro y garantiza que no vaya a ninguna parte.<\/p>\n<p>Y como nos gusta facilitar las cosas, este sistema es tan sencillo de configurar y controlar que se puede utilizar con una sola mano.<\/p>\n<p><iframe loading=\"lazy\" style=\"min-height: 500px; width: 1522px; height: auto;\" src=\"https:\/\/www.youtube.com\/embed\/as86GK8qOZM\" width=\"560\" height=\"314\" allowfullscreen=\"allowfullscreen\"><\/iframe><\/p>\n","protected":false},"excerpt":{"rendered":"<p>Magmod MagShoe 2 Funciones: Soporte universal para zapatos Actualizaci\u00f3n de materiales y dise\u00f1o para soportar cajas m\u00e1s grandes Mantiene los<\/p>\n","protected":false},"featured_media":26108,"comment_status":"closed","ping_status":"open","template":"","meta":{"_acf_changed":false},"product_brand":[2594],"product_cat":[963],"product_tag":[],"class_list":{"0":"post-74847","1":"product","2":"type-product","3":"status-publish","4":"has-post-thumbnail","6":"product_brand-magmod-es","7":"product_cat-para-speedlites-es","9":"first","10":"onbackorder","11":"taxable","12":"shipping-taxable","13":"purchasable","14":"product-type-simple"},"bundled_by":[],"bundle_stock_status":"onbackorder","bundle_stock_quantity":null,"bundle_virtual":false,"bundle_layout":"","bundle_add_to_cart_form_location":"","bundle_editable_in_cart":false,"bundle_sold_individually_context":"","bundle_item_grouping":"","bundle_min_size":"","bundle_max_size":"","bundle_price":[],"bundled_items":[],"bundle_sell_ids":[],"acf":[],"_links":{"self":[{"href":"https:\/\/hi-techwonder.com\/es\/wp-json\/wp\/v2\/product\/74847","targetHints":{"allow":["GET"]}}],"collection":[{"href":"https:\/\/hi-techwonder.com\/es\/wp-json\/wp\/v2\/product"}],"about":[{"href":"https:\/\/hi-techwonder.com\/es\/wp-json\/wp\/v2\/types\/product"}],"replies":[{"embeddable":true,"href":"https:\/\/hi-techwonder.com\/es\/wp-json\/wp\/v2\/comments?post=74847"}],"wp:featuredmedia":[{"embeddable":true,"href":"https:\/\/hi-techwonder.com\/es\/wp-json\/wp\/v2\/media\/26108"}],"wp:attachment":[{"href":"https:\/\/hi-techwonder.com\/es\/wp-json\/wp\/v2\/media?parent=74847"}],"wp:term":[{"taxonomy":"product_brand","embeddable":true,"href":"https:\/\/hi-techwonder.com\/es\/wp-json\/wp\/v2\/product_brand?post=74847"},{"taxonomy":"product_cat","embeddable":true,"href":"https:\/\/hi-techwonder.com\/es\/wp-json\/wp\/v2\/product_cat?post=74847"},{"taxonomy":"product_tag","embeddable":true,"href":"https:\/\/hi-techwonder.com\/es\/wp-json\/wp\/v2\/product_tag?post=74847"}],"curies":[{"name":"wp","href":"https:\/\/api.w.org\/{rel}","templated":true}]}}