{"id":74849,"date":"2025-07-29T00:17:17","date_gmt":"2025-07-29T00:17:17","guid":{"rendered":"https:\/\/fv6qoy3ls0.wpdns.site\/product\/estuche-magmod-xl\/"},"modified":"2026-01-31T03:05:12","modified_gmt":"2026-01-31T03:05:12","slug":"magmod-estuche-magmod-xl","status":"publish","type":"product","link":"https:\/\/hi-techwonder.com\/es\/producto\/magmod-estuche-magmod-xl\/","title":{"rendered":"Estuche MAGMOD XL"},"content":{"rendered":"<h3><strong>Estuche MAGMOD XL<\/strong><\/h3>\n<ul>\n<li>Para modificadores MagMod XL<\/li>\n<li>Dise\u00f1o elegante para almacenamiento y protecci\u00f3n<\/li>\n<li>Construcci\u00f3n semirr\u00edgida<\/li>\n<li>Correa de soporte y anillos en D<\/li>\n<\/ul>\n<p>El estuche XL de MagMod est\u00e1 dise\u00f1ado espec\u00edficamente para contener la l\u00ednea XL de modificadores de la marca. Con una construcci\u00f3n semirr\u00edgida, este estuche duradero es ideal para guardar, proteger y transportar sus modificadores XL. Utilice la correa de soporte corto incluida para sujetar el estuche a la base del soporte de luz, lo que permite usarlo como almacenamiento o como sistema de contrapeso. Adem\u00e1s, tambi\u00e9n puede agregar su propia correa m\u00e1s larga usando los anillos en D de la caja. No solo es una soluci\u00f3n de almacenamiento inteligente para mantener sus modificadores XL cerca de usted en todo momento, sino que tambi\u00e9n funciona como un peso para mejorar la estabilidad de su soporte de luz en el lugar o en el estudio.    <\/p>\n<ul>\n<li>Estuche de transporte profesional semirr\u00edgido para productos MagMod XL<\/li>\n<li>Correa de tr\u00edpode de luz ajustable<\/li>\n<li>2 anillos en D<\/li>\n<\/ul>\n<p><strong>Caracter\u00edsticas t\u00e9cnicas:<\/strong><\/p>\n<div class=\"name_fDXOr6EpR9 firstGroupInItem_fDXOr6EpR9\" style=\"border-bottom: 0.125rem solid #cccccc;color: #3f9a59;font-size: 2rem;line-height: 2rem;padding: 0px 0px 0.875rem;font-family: OpenSans, 'Segoe UI', Helvetica, Roboto, Arial, sans-serif;background-color: #ffffff\" data-selenium=\"specsItemGroupName\">Exterior<\/div>\n<table class=\"table_fDXOr6EpR9\" style=\"width: 936.657px;font-family: OpenSans, 'Segoe UI', Helvetica, Roboto, Arial, sans-serif;font-size: 16px;background-color: #ffffff\" data-selenium=\"specsItemGroupTable\">\n<tbody>\n<tr class=\"pair_KqJ3Q3GPKv\" style=\"border-bottom: 0.0625rem solid #e5e5e5\" data-selenium=\"specsItemGroupTableRow\">\n<td class=\"label_KqJ3Q3GPKv \" style=\"border-top: none;padding: 1.25rem 0px;width: 355.928px;color: #666666;font-size: 1.125rem;line-height: 1.375rem;vertical-align: baseline\" data-selenium=\"specsItemGroupTableColumnLabel\">Tipo de cierre<\/td>\n<td class=\"value_KqJ3Q3GPKv \" style=\"color: #666666;font-size: 1.125rem;line-height: 1.375rem;vertical-align: baseline;padding: 1.25rem 0px 1.25rem 2.5rem\" data-selenium=\"specsItemGroupTableColumnValue\">\n<div class=\"expandableValue_KqJ3Q3GPKv\">Cremallera<\/div>\n<\/td>\n<\/tr>\n<tr class=\"pair_KqJ3Q3GPKv\" style=\"border-bottom: 0.0625rem solid #e5e5e5\" data-selenium=\"specsItemGroupTableRow\">\n<td class=\"label_KqJ3Q3GPKv\" style=\"border-top: none;padding: 1.25rem 0px;width: 355.928px;color: #666666;font-size: 1.125rem;line-height: 1.375rem;vertical-align: baseline\" data-selenium=\"specsItemGroupTableColumnLabel\">Opciones de transporte<\/td>\n<td class=\"value_KqJ3Q3GPKv\" style=\"color: #666666;font-size: 1.125rem;line-height: 1.375rem;vertical-align: baseline;padding: 1.25rem 0px 1.25rem 2.5rem\" data-selenium=\"specsItemGroupTableColumnValue\">\n<div class=\"expandableValue_KqJ3Q3GPKv\"><span style=\"font-weight: bolder\">1 x Correa<br \/>2 x Anillo en D<\/span><\/div>\n<\/td>\n<\/tr>\n<tr class=\"pair_KqJ3Q3GPKv\" style=\"border-bottom: 0.0625rem solid #e5e5e5\" data-selenium=\"specsItemGroupTableRow\">\n<td class=\"label_KqJ3Q3GPKv\" style=\"border-top: none;padding: 1.25rem 0px;width: 355.928px;color: #666666;font-size: 1.125rem;line-height: 1.375rem;vertical-align: baseline\" data-selenium=\"specsItemGroupTableColumnLabel\">Opciones de seguridad<\/td>\n<td class=\"value_KqJ3Q3GPKv\" style=\"color: #666666;font-size: 1.125rem;line-height: 1.375rem;vertical-align: baseline;padding: 1.25rem 0px 1.25rem 2.5rem\" data-selenium=\"specsItemGroupTableColumnValue\">\n<div class=\"expandableValue_KqJ3Q3GPKv\"><em>No<\/em><\/div>\n<\/td>\n<\/tr>\n<tr class=\"pair_KqJ3Q3GPKv\" style=\"border-bottom: 0.0625rem solid #e5e5e5\" data-selenium=\"specsItemGroupTableRow\">\n<td class=\"label_KqJ3Q3GPKv\" style=\"border-top: none;padding: 1.25rem 0px;width: 355.928px;color: #666666;font-size: 1.125rem;line-height: 1.375rem;vertical-align: baseline\" data-selenium=\"specsItemGroupTableColumnLabel\">Protecci\u00f3n del medio ambiente<\/td>\n<td class=\"value_KqJ3Q3GPKv\" style=\"color: #666666;font-size: 1.125rem;line-height: 1.375rem;vertical-align: baseline;padding: 1.25rem 0px 1.25rem 2.5rem\" data-selenium=\"specsItemGroupTableColumnValue\">\n<div class=\"expandableValue_KqJ3Q3GPKv\"><em>No<\/em><\/div>\n<\/td>\n<\/tr>\n<tr class=\"pair_KqJ3Q3GPKv\" style=\"border-bottom: 0.0625rem solid #e5e5e5\" data-selenium=\"specsItemGroupTableRow\">\n<td class=\"label_KqJ3Q3GPKv\" style=\"border-top: none;padding: 1.25rem 0px;width: 355.928px;color: #666666;font-size: 1.125rem;line-height: 1.375rem;vertical-align: baseline\" data-selenium=\"specsItemGroupTableColumnLabel\">Dimensiones exteriores (ancho x alto x profundidad)<\/td>\n<td class=\"value_KqJ3Q3GPKv\" style=\"color: #666666;font-size: 1.125rem;line-height: 1.375rem;vertical-align: baseline;padding: 1.25rem 0px 1.25rem 2.5rem\" data-selenium=\"specsItemGroupTableColumnValue\">\n<div class=\"expandableValue_KqJ3Q3GPKv\">25,9 x 21,6 x 21,6 cm<\/div>\n<\/td>\n<\/tr>\n<tr class=\"pair_KqJ3Q3GPKv\" style=\"border-bottom: 0.0625rem solid #e5e5e5\" data-selenium=\"specsItemGroupTableRow\">\n<td class=\"label_KqJ3Q3GPKv\" style=\"border-top: none;padding: 1.25rem 0px;width: 355.928px;color: #666666;font-size: 1.125rem;line-height: 1.375rem;vertical-align: baseline\" data-selenium=\"specsItemGroupTableColumnLabel\">Peso<\/td>\n<td class=\"value_KqJ3Q3GPKv\" style=\"color: #666666;font-size: 1.125rem;line-height: 1.375rem;vertical-align: baseline;padding: 1.25rem 0px 1.25rem 2.5rem\" data-selenium=\"specsItemGroupTableColumnValue\">\n<div class=\"expandableValue_KqJ3Q3GPKv\">454 gramos<\/div>\n<\/td>\n<\/tr>\n<\/tbody>\n<\/table>\n","protected":false},"excerpt":{"rendered":"<p>Estuche MAGMOD XL Para modificadores MagMod XL Dise\u00f1o elegante para almacenamiento y protecci\u00f3n Construcci\u00f3n semirr\u00edgida Correa de soporte y anillos<\/p>\n","protected":false},"featured_media":37174,"comment_status":"closed","ping_status":"open","template":"","meta":{"_acf_changed":false},"product_brand":[2594],"product_cat":[908],"product_tag":[],"class_list":{"0":"post-74849","1":"product","2":"type-product","3":"status-publish","4":"has-post-thumbnail","6":"product_brand-magmod-es","7":"product_cat-organizadores-es","9":"first","10":"onbackorder","11":"taxable","12":"shipping-taxable","13":"purchasable","14":"product-type-simple"},"bundled_by":[],"bundle_stock_status":"onbackorder","bundle_stock_quantity":0,"bundle_virtual":false,"bundle_layout":"","bundle_add_to_cart_form_location":"","bundle_editable_in_cart":false,"bundle_sold_individually_context":"","bundle_item_grouping":"","bundle_min_size":"","bundle_max_size":"","bundle_price":[],"bundled_items":[],"bundle_sell_ids":[],"acf":[],"_links":{"self":[{"href":"https:\/\/hi-techwonder.com\/es\/wp-json\/wp\/v2\/product\/74849","targetHints":{"allow":["GET"]}}],"collection":[{"href":"https:\/\/hi-techwonder.com\/es\/wp-json\/wp\/v2\/product"}],"about":[{"href":"https:\/\/hi-techwonder.com\/es\/wp-json\/wp\/v2\/types\/product"}],"replies":[{"embeddable":true,"href":"https:\/\/hi-techwonder.com\/es\/wp-json\/wp\/v2\/comments?post=74849"}],"wp:featuredmedia":[{"embeddable":true,"href":"https:\/\/hi-techwonder.com\/es\/wp-json\/wp\/v2\/media\/37174"}],"wp:attachment":[{"href":"https:\/\/hi-techwonder.com\/es\/wp-json\/wp\/v2\/media?parent=74849"}],"wp:term":[{"taxonomy":"product_brand","embeddable":true,"href":"https:\/\/hi-techwonder.com\/es\/wp-json\/wp\/v2\/product_brand?post=74849"},{"taxonomy":"product_cat","embeddable":true,"href":"https:\/\/hi-techwonder.com\/es\/wp-json\/wp\/v2\/product_cat?post=74849"},{"taxonomy":"product_tag","embeddable":true,"href":"https:\/\/hi-techwonder.com\/es\/wp-json\/wp\/v2\/product_tag?post=74849"}],"curies":[{"name":"wp","href":"https:\/\/api.w.org\/{rel}","templated":true}]}}