{"id":74853,"date":"2025-07-29T10:00:43","date_gmt":"2025-07-29T10:00:43","guid":{"rendered":"https:\/\/fv6qoy3ls0.wpdns.site\/product\/panal-magmod-maggrid\/"},"modified":"2026-01-31T01:51:38","modified_gmt":"2026-01-31T01:51:38","slug":"magmod-panal-magmod-maggrid","status":"publish","type":"product","link":"https:\/\/hi-techwonder.com\/es\/producto\/magmod-panal-magmod-maggrid\/","title":{"rendered":"Panal MAGMOD MagGrid"},"content":{"rendered":"<p><span style=\"font-size: small\">Moldeado a partir de una sola pieza de caucho de silicona, proporciona una luz uniforme y elimina la emisi\u00f3n de luz no deseada, lo que permite a los fot\u00f3grafos capturar tomas m\u00e1s limpias y consistentes.<br \/>Esta colmena requiere el siguiente accesorio: Soporte de flash universal MAGMOD MagGrip.<\/span><\/p>\n<p><span style=\"font-size: small\">&nbsp;<\/span><\/p>\n<p><span style=\"font-size: small\"><img loading=\"lazy\" decoding=\"async\" src=\"http:\/\/hi-techwonder.com\/images\/slideshow\/magmod.gif\" alt=\"\" width=\"600\" height=\"338\"><\/span><\/p>\n<p><span style=\"font-size: small\"> <object><\/object> <br \/><\/span><\/p>\n<p><span style=\"font-size: small\">&nbsp;<\/span><\/p>\n<p><span style=\"font-size: small\"><strong>Contenido de la caja:<\/strong><br \/><\/span><\/p>\n<ul>\n<li><span style=\"font-size: small\">1x Colmena MagGrid<\/span><\/li>\n<\/ul>\n","protected":false},"excerpt":{"rendered":"<p>Moldeado a partir de una sola pieza de caucho de silicona, proporciona una luz uniforme y elimina la emisi\u00f3n de<\/p>\n","protected":false},"featured_media":57061,"comment_status":"closed","ping_status":"open","template":"","meta":{"_acf_changed":false},"product_brand":[2594],"product_cat":[1023],"product_tag":[],"class_list":{"0":"post-74853","1":"product","2":"type-product","3":"status-publish","4":"has-post-thumbnail","6":"product_brand-magmod-es","7":"product_cat-modificadores-de-luz-es","9":"first","10":"instock","11":"taxable","12":"shipping-taxable","13":"purchasable","14":"product-type-simple"},"bundled_by":[],"bundle_stock_status":"instock","bundle_stock_quantity":1,"bundle_virtual":false,"bundle_layout":"","bundle_add_to_cart_form_location":"","bundle_editable_in_cart":false,"bundle_sold_individually_context":"","bundle_item_grouping":"","bundle_min_size":"","bundle_max_size":"","bundle_price":[],"bundled_items":[],"bundle_sell_ids":[],"acf":[],"_links":{"self":[{"href":"https:\/\/hi-techwonder.com\/es\/wp-json\/wp\/v2\/product\/74853","targetHints":{"allow":["GET"]}}],"collection":[{"href":"https:\/\/hi-techwonder.com\/es\/wp-json\/wp\/v2\/product"}],"about":[{"href":"https:\/\/hi-techwonder.com\/es\/wp-json\/wp\/v2\/types\/product"}],"replies":[{"embeddable":true,"href":"https:\/\/hi-techwonder.com\/es\/wp-json\/wp\/v2\/comments?post=74853"}],"wp:featuredmedia":[{"embeddable":true,"href":"https:\/\/hi-techwonder.com\/es\/wp-json\/wp\/v2\/media\/57061"}],"wp:attachment":[{"href":"https:\/\/hi-techwonder.com\/es\/wp-json\/wp\/v2\/media?parent=74853"}],"wp:term":[{"taxonomy":"product_brand","embeddable":true,"href":"https:\/\/hi-techwonder.com\/es\/wp-json\/wp\/v2\/product_brand?post=74853"},{"taxonomy":"product_cat","embeddable":true,"href":"https:\/\/hi-techwonder.com\/es\/wp-json\/wp\/v2\/product_cat?post=74853"},{"taxonomy":"product_tag","embeddable":true,"href":"https:\/\/hi-techwonder.com\/es\/wp-json\/wp\/v2\/product_tag?post=74853"}],"curies":[{"name":"wp","href":"https:\/\/api.w.org\/{rel}","templated":true}]}}