{"id":74854,"date":"2025-07-29T10:16:39","date_gmt":"2025-07-29T10:16:39","guid":{"rendered":"https:\/\/fv6qoy3ls0.wpdns.site\/product\/magmod-magbox-24-octa-softbox-61cm\/"},"modified":"2025-07-29T10:16:39","modified_gmt":"2025-07-29T10:16:39","slug":"magmod-magbox-24-octa-softbox-61cm","status":"publish","type":"product","link":"https:\/\/hi-techwonder.com\/es\/producto\/magmod-magbox-24-octa-softbox-61cm\/","title":{"rendered":"MAGMOD MagBox 24 Octa Softbox (61cm)"},"content":{"rendered":"<p><span style=\"color: #ff0000;\"><strong><span style=\"font-size: medium;\">*Este art\u00edculo requiere <a href=\"https:\/\/hi-techwonder.com\/magmod-magring\" target=\"_blank\">MagRing<\/a> o <a href=\"https:\/\/hi-techwonder.com\/productsList.aspx?s=4&amp;id=speedr\" target=\"_blank\">MagBox Speedring<\/a> *<\/strong><\/span><\/span><\/p>\n<p> <span style=\"color: #000000;\">Con caracter\u00edsticas que ahorran tiempo, como una configuraci\u00f3n simple, ranura de gel integrada, difusores magn\u00e9ticos y el innovador FocusDiffuser, el MagBox permite a los fot\u00f3grafos ocupados disfrutar de la iluminaci\u00f3n de la caja de luz sin su camisa. Trabajando con flashes o luces estrobosc\u00f3picas, el MagBox de 61 cm es una herramienta s\u00faper ajustable que facilita el cambio entre modificadores MagMod peque\u00f1os y grandes. Nunca ha sido tan f\u00e1cil crear una luz hermosa y suave sobre la marcha.  <\/span> <\/p>\n<p><object width=\"425\" height=\"350\" data=\"https:\/\/www.youtube.com\/v\/g8uPSyyvXWE\" type=\"application\/x-shockwave-flash\"><param name=\"src\" value=\"https:\/\/www.youtube.com\/v\/g8uPSyyvXWE\"><\/object><\/p>\n<p> <strong><span style=\"color: #000000;\">Productos destacados:<\/span><\/strong><\/p>\n<ul>\n<li> <span style=\"color: #000000;\">Interior reflectante plateado<\/span><\/li>\n<li> <span style=\"color: #000000;\">Accesorio magn\u00e9tico<\/span><\/li>\n<li> <span style=\"color: #000000;\">Para flashes o luces estrobosc\u00f3picas<\/span><\/li>\n<li> <span style=\"color: #000000;\">Soporte de filtro de gel integrado<\/span><\/li>\n<li> <span style=\"color: #000000;\">Speedrings opcionales para las principales marcas<\/span><\/li>\n<li> <span style=\"color: #000000;\">Requiere MagRing para flashes<\/span><\/li>\n<li> <span style=\"color: #000000;\">Densidad de difusi\u00f3n de 1 parada<\/span><\/li>\n<\/ul>\n<p><span style=\"color: #000000;\"><br \/><\/span><\/p>\n<p> <span style=\"color: #000000;\">Con un dise\u00f1o de una sola pieza y una base magn\u00e9tica para una configuraci\u00f3n y desmontaje muy r\u00e1pidos, la caja de luz MagBox 24 Octa de MagMod es compatible con Profoto, Bowens, Elinchrom o Paul C. Strobes Buff con adaptadores dedicados opcionales y uno o dos flashes con la adici\u00f3n de MagGrip que se vende por separado. Una de las caracter\u00edsticas m\u00e1s notables de MagBox es su uniformidad de salida de extremo a extremo. En particular, esto se hace sin un deflector interno y sin mostrar un punto de acceso. Para la expresi\u00f3n personal, hay dos kits de gel disponibles con una gama de colores que se deslizan en el soporte de gel incorporado de la caja de luz, mientras que tambi\u00e9n hay un conjunto de CTO para convertir su fuente de luz en equilibrio de tungsteno. Finalmente, se vende por separado, el FocusDiffuser de MagMod funciona como una rejilla y una lente combinada, lo que le permite controlar el derrame y la luz directa mientras aumenta su producci\u00f3n.    <\/span><\/p>\n<p><span style=\"color: #000000;\"><br \/><\/span><\/p>\n<p> <strong><span style=\"color: #000000;\">Accesorio magn\u00e9tico<\/span><\/strong><\/p>\n<p> <span style=\"color: #000000;\">Los imanes dentro de la base MagBox hacen que la fijaci\u00f3n sea r\u00e1pida, silenciosa y s\u00faper fuerte. Incluso si inclina su caja de luz en un \u00e1ngulo profundo o (por alguna raz\u00f3n) dispara dentro de un t\u00fanel de viento, el MagBox y el MagRing permanecer\u00e1n en su lugar. <\/span><\/p>\n<p><span style=\"color: #000000;\"><br \/><\/span><\/p>\n<p> <strong><span style=\"color: #000000;\">F\u00e1cil de montar y desmontar<\/span><\/strong><\/p>\n<p> <span style=\"color: #000000;\">El MagBox es una pieza s\u00f3lida. \u00c1brelo con un clic f\u00e1cil. Con imanes en la base, puedes lanzarlo a tu MagRing en un segundo. Cuando est\u00e9 listo para quitar el MagBox del MagRing, simplemente presione el Disruptor de campo magn\u00e9tico. Luego dobla el MagBox; se retrae en una pieza port\u00e1til y organizada y se puede guardar de forma segura en el estuche MagBox.    <\/span><\/p>\n<p><span style=\"color: #000000;\"><br \/><\/span><\/p>\n<p> <strong><span style=\"color: #000000;\">Compatible con flash y luz estrobosc\u00f3pica<\/span><\/strong><\/p>\n<p> <span style=\"color: #000000;\">El vers\u00e1til MagBox se puede usar con uno o dos flashes: cualquier flash que tenga instalado el MagGrip patentado de MagMod funcionar\u00e1. O utiliza uno de los adaptadores disponibles para montar tu estroboscopio Profoto, Bowens, Elinchrom o Paul C. Buff. <\/span><\/p>\n<p><span style=\"color: #000000;\"><br \/><\/span><\/p>\n<p> <strong><span style=\"color: #000000;\">Dise\u00f1o sin obst\u00e1culos<\/span><\/strong><\/p>\n<p> <span style=\"color: #000000;\">El dise\u00f1o calculado de la MagBox 24 Octa distribuye la luz de manera uniforme y sin puntos calientes, por lo que esta caja de luz no tiene deflector interno. Se puede utilizar con uno o dos flashes. MagBox proporciona una calidad de luz limpia y una salida \u00f3ptima.  <\/span><\/p>\n<h2 style=\"font-style: normal;\"> <span style=\"font-size: small;\"><span style=\"color: #000000;\">Especificaciones de MagMod MagBox 24<\/span><\/span> <\/h2>\n<table style=\"width: 487px;\" border=\"0\" cellspacing=\"0\" cellpadding=\"2\">\n<colgroup>\n<col width=\"202\"><\/col>\n<col width=\"277\"><\/col>\n<\/colgroup>\n<tbody>\n<tr>\n<td width=\"202\">\n<p style=\"border-top: none; border-bottom: 1px solid #e6e7e8; border-left: none; border-right: none; padding-top: 0cm; padding-bottom: 0.53cm; padding-left: 0cm; padding-right: 0cm;\"> <span style=\"color: #000000;\">Forma<\/span> <\/p>\n<\/td>\n<td width=\"277\">\n<p style=\"border-top: none; border-bottom: 1px solid #e6e7e8; border-left: none; border-right: none; padding-top: 0cm; padding-bottom: 0.53cm; padding-left: 0cm; padding-right: 0cm;\"> <span style=\"color: #000000;\">Oct\u00e1gono<\/span> <\/p>\n<\/td>\n<\/tr>\n<tr>\n<td width=\"202\">\n<p style=\"border-top: none; border-bottom: 1px solid #e6e7e8; border-left: none; border-right: none; padding-top: 0cm; padding-bottom: 0.53cm; padding-left: 0cm; padding-right: 0cm;\"> <span style=\"color: #000000;\">Interior<\/span> <\/p>\n<\/td>\n<td width=\"277\">\n<p style=\"border-top: none; border-bottom: 1px solid #e6e7e8; border-left: none; border-right: none; padding-top: 0cm; padding-bottom: 0.53cm; padding-left: 0cm; padding-right: 0cm;\"> <span style=\"color: #000000;\">Plata<\/span> <\/p>\n<\/td>\n<\/tr>\n<tr>\n<td width=\"202\">\n<p style=\"border-top: none; border-bottom: 1px solid #e6e7e8; border-left: none; border-right: none; padding-top: 0cm; padding-bottom: 0.53cm; padding-left: 0cm; padding-right: 0cm;\"> <span style=\"color: #000000;\">Requiere anillo de velocidad<\/span> <\/p>\n<\/td>\n<td width=\"277\">\n<p style=\"border-top: none; border-bottom: 1px solid #e6e7e8; border-left: none; border-right: none; padding-top: 0cm; padding-bottom: 0.53cm; padding-left: 0cm; padding-right: 0cm;\"> <span style=\"color: #000000;\">S\u00ed, no incluido<\/span> <\/p>\n<\/td>\n<\/tr>\n<tr>\n<td width=\"202\">\n<p style=\"border-top: none; border-bottom: 1px solid #e6e7e8; border-left: none; border-right: none; padding-top: 0cm; padding-bottom: 0.53cm; padding-left: 0cm; padding-right: 0cm;\"> <span style=\"color: #000000;\">Acepta barandillas<\/span> <\/p>\n<\/td>\n<td width=\"277\">\n<p style=\"border-top: none; border-bottom: 1px solid #e6e7e8; border-left: none; border-right: none; padding-top: 0cm; padding-bottom: 0.53cm; padding-left: 0cm; padding-right: 0cm;\"> <span style=\"color: #000000;\">S\u00ed<\/span> <\/p>\n<\/td>\n<\/tr>\n<tr>\n<td width=\"202\">\n<p style=\"border-top: none; border-bottom: 1px solid #e6e7e8; border-left: none; border-right: none; padding-top: 0cm; padding-bottom: 0.53cm; padding-left: 0cm; padding-right: 0cm;\"> <span style=\"color: #000000;\">Cara frontal extra\u00edble<\/span> <\/p>\n<\/td>\n<td width=\"277\">\n<p style=\"border-top: none; border-bottom: 1px solid #e6e7e8; border-left: none; border-right: none; padding-top: 0cm; padding-bottom: 0.53cm; padding-left: 0cm; padding-right: 0cm;\"> <span style=\"color: #000000;\">S\u00ed<\/span> <\/p>\n<\/td>\n<\/tr>\n<tr>\n<td width=\"202\">\n<p style=\"border-top: none; border-bottom: 1px solid #e6e7e8; border-left: none; border-right: none; padding-top: 0cm; padding-bottom: 0.53cm; padding-left: 0cm; padding-right: 0cm;\"> <span style=\"color: #000000;\">P\u00e9rdida de luz<\/span> <\/p>\n<\/td>\n<td width=\"277\">\n<p style=\"border-top: none; border-bottom: 1px solid #e6e7e8; border-left: none; border-right: none; padding-top: 0cm; padding-bottom: 0.53cm; padding-left: 0cm; padding-right: 0cm;\"> <span style=\"color: #000000;\">1 parada<\/span> <\/p>\n<\/td>\n<\/tr>\n<tr>\n<td width=\"202\">\n<p style=\"border-top: none; border-bottom: 1px solid #e6e7e8; border-left: none; border-right: none; padding-top: 0cm; padding-bottom: 0.53cm; padding-left: 0cm; padding-right: 0cm;\"> <span style=\"color: #000000;\">Material<\/span> <\/p>\n<\/td>\n<td width=\"277\">\n<p style=\"border-top: none; border-bottom: 1px solid #e6e7e8; border-left: none; border-right: none; padding-top: 0cm; padding-bottom: 0.53cm; padding-left: 0cm; padding-right: 0cm;\"> <span style=\"color: #000000;\">Tela de fibra de vidrio<\/span> <\/p>\n<\/td>\n<\/tr>\n<tr>\n<td width=\"202\">\n<p style=\"border-top: none; border-bottom: 1px solid #e6e7e8; border-left: none; border-right: none; padding-top: 0cm; padding-bottom: 0.53cm; padding-left: 0cm; padding-right: 0cm;\"> <span style=\"color: #000000;\">Dimensiones circulares<\/span> <\/p>\n<\/td>\n<td width=\"277\">\n<p style=\"border-top: none; border-bottom: 1px solid #e6e7e8; border-left: none; border-right: none; padding-top: 0cm; padding-bottom: 0.53cm; padding-left: 0cm; padding-right: 0cm;\"> <span style=\"color: #000000;\">\u00f8: 61,0 cm (abierto)<\/span> <\/p>\n<\/td>\n<\/tr>\n<tr>\n<td width=\"202\">\n<p style=\"border-top: none; border-bottom: 1px solid #e6e7e8; border-left: none; border-right: none; padding-top: 0cm; padding-bottom: 0.53cm; padding-left: 0cm; padding-right: 0cm;\"> <span style=\"color: #000000;\">Peso<\/span> <\/p>\n<\/td>\n<td width=\"277\">\n<p style=\"border-top: none; border-bottom: 1px solid #e6e7e8; border-left: none; border-right: none; padding-top: 0cm; padding-bottom: 0.53cm; padding-left: 0cm; padding-right: 0cm;\"> <span style=\"color: #000000;\">0,74 kg (sin estuche)<\/span><\/p>\n<\/td>\n<\/tr>\n<\/tbody>\n<\/table>\n<p style=\"margin-bottom: 0cm;\"> <strong><span style=\"color: #000000;\">En la caja:<\/span><\/strong><\/p>\n<ul>\n<li> <span style=\"color: #000000;\">MagMod MagBox 24 Octa Softbox (61cm)<\/span><\/li>\n<li> <span style=\"color: #000000;\">Caso<\/span><\/li>\n<\/ul>\n","protected":false},"excerpt":{"rendered":"<p>*Este art\u00edculo requiere MagRing o MagBox Speedring * Con caracter\u00edsticas que ahorran tiempo, como una configuraci\u00f3n simple, ranura de gel<\/p>\n","protected":false},"featured_media":60978,"comment_status":"closed","ping_status":"open","template":"","meta":{"_acf_changed":false},"product_brand":[2594],"product_cat":[1011],"product_tag":[],"class_list":{"0":"post-74854","1":"product","2":"type-product","3":"status-publish","4":"has-post-thumbnail","6":"product_brand-magmod-es","7":"product_cat-octogonales","9":"first","10":"onbackorder","11":"taxable","12":"shipping-taxable","13":"purchasable","14":"product-type-simple"},"bundled_by":[],"bundle_stock_status":"onbackorder","bundle_stock_quantity":0,"bundle_virtual":false,"bundle_layout":"","bundle_add_to_cart_form_location":"","bundle_editable_in_cart":false,"bundle_sold_individually_context":"","bundle_item_grouping":"","bundle_min_size":"","bundle_max_size":"","bundle_price":[],"bundled_items":[],"bundle_sell_ids":[],"acf":[],"_links":{"self":[{"href":"https:\/\/hi-techwonder.com\/es\/wp-json\/wp\/v2\/product\/74854","targetHints":{"allow":["GET"]}}],"collection":[{"href":"https:\/\/hi-techwonder.com\/es\/wp-json\/wp\/v2\/product"}],"about":[{"href":"https:\/\/hi-techwonder.com\/es\/wp-json\/wp\/v2\/types\/product"}],"replies":[{"embeddable":true,"href":"https:\/\/hi-techwonder.com\/es\/wp-json\/wp\/v2\/comments?post=74854"}],"wp:featuredmedia":[{"embeddable":true,"href":"https:\/\/hi-techwonder.com\/es\/wp-json\/wp\/v2\/media\/60978"}],"wp:attachment":[{"href":"https:\/\/hi-techwonder.com\/es\/wp-json\/wp\/v2\/media?parent=74854"}],"wp:term":[{"taxonomy":"product_brand","embeddable":true,"href":"https:\/\/hi-techwonder.com\/es\/wp-json\/wp\/v2\/product_brand?post=74854"},{"taxonomy":"product_cat","embeddable":true,"href":"https:\/\/hi-techwonder.com\/es\/wp-json\/wp\/v2\/product_cat?post=74854"},{"taxonomy":"product_tag","embeddable":true,"href":"https:\/\/hi-techwonder.com\/es\/wp-json\/wp\/v2\/product_tag?post=74854"}],"curies":[{"name":"wp","href":"https:\/\/api.w.org\/{rel}","templated":true}]}}