{"id":74855,"date":"2025-07-29T10:00:47","date_gmt":"2025-07-29T10:00:47","guid":{"rendered":"https:\/\/fv6qoy3ls0.wpdns.site\/product\/magmod-set-de-gel-artistico\/"},"modified":"2025-07-29T10:00:47","modified_gmt":"2025-07-29T10:00:47","slug":"magmod-set-de-gel-artistico","status":"publish","type":"product","link":"https:\/\/hi-techwonder.com\/es\/producto\/magmod-set-de-gel-artistico\/","title":{"rendered":"MAGMOD Set de Gel Art\u00edstico"},"content":{"rendered":"<p><span style=\"color: #000000;\"><span style=\"color: #000000;\"><span style=\"font-family: arial, helvetica, sans-serif;\"><span style=\"font-family: arial, helvetica, sans-serif;\">Este set de 8 geles r\u00edgidos de policarbonato hace que la correcci\u00f3n del color y la creatividad con tu MagBox sean s\u00faper sencillas. Coloque hasta 2 geles en el soporte de gel incorporado de MagBox para equilibrar instant\u00e1neamente la temperatura de color de su caja de luz o para crear colores personalizados que agreguen dramatismo a sus im\u00e1genes.   <\/span><\/span><\/span><\/span><\/p>\n<p><span style=\"color: #000000;\"><span style=\"color: #000000;\"><span style=\"font-family: arial, helvetica, sans-serif;\"><span style=\"font-family: arial, helvetica, sans-serif;\"><strong>El kit incluye los colores:<\/strong> <span style=\"color: #e7393c;\"><span style=\"font-family: arial, helvetica, sans-serif;\">Escarlata, <\/span>Coral<span style=\"color: #000000;\">,<\/span> <span style=\"color: #f7a22f;\"><span style=\"font-family: arial, helvetica, sans-serif;\">\u00c1mbar, Lima<span style=\"color: #000000;\">,<\/span> <span style=\"color: #39be96; font-size: small;\"><span style=\"font-family: arial, helvetica, sans-serif;\">Aqua, Cian<span style=\"color: #000000;\">,<\/span> <span style=\"color: #ac5cb2; font-size: small;\"><span style=\"font-family: arial, helvetica, sans-serif;\">Lavanda, Rosa<span style=\"color: #000000;\">.<\/span><\/span><\/span><\/span><\/span><\/span><\/span><\/span><\/span><\/span><\/span><\/span><\/p>\n<ul>\n<\/ul>\n<p><span style=\"color: #000000;\"><span style=\"font-size: small;\"><span style=\"color: #000000;\"><span style=\"font-size: small;\"><span style=\"font-family: arial, helvetica, sans-serif;\"><br \/>\n<object width=\"425\" height=\"350\" data=\"https:\/\/www.youtube.com\/v\/g8uPSyyvXWE\" type=\"application\/x-shockwave-flash\"><param name=\"src\" value=\"https:\/\/www.youtube.com\/v\/g8uPSyyvXWE\"><\/object><br \/>\n<\/span><\/span><\/span><\/span><\/span><\/p>\n<p><strong><span style=\"color: #000000;\"><span style=\"font-size: small;\"><span style=\"color: #000000;\"><span style=\"font-size: small;\"><span style=\"font-family: arial, helvetica, sans-serif;\">Productos destacados:<\/span><\/span><\/span><\/span><\/span><\/strong><\/p>\n<ul>\n<li><span style=\"color: #000000;\"><span style=\"font-size: small;\"><span style=\"color: #000000;\"><span style=\"font-size: small;\"><span style=\"font-family: arial, helvetica, sans-serif;\">Para usar con la caja de luz MagBox 24 Octa<\/span><\/span><\/span><\/span><\/span><\/li>\n<li><span style=\"color: #000000;\"><span style=\"font-size: small;\"><span style=\"color: #000000;\"><span style=\"font-size: small;\"><span style=\"font-family: arial, helvetica, sans-serif;\">Geles de policarbonato<\/span><\/span><\/span><\/span><\/span><\/li>\n<li><span style=\"color: #000000;\"><span style=\"font-size: small;\"><span style=\"color: #000000;\"><span style=\"font-size: small;\"><span style=\"font-family: arial, helvetica, sans-serif;\">Requiere MagGrip para su uso<\/span><\/span><\/span><\/span><\/span><\/li>\n<\/ul>\n<p><span style=\"color: #000000;\"><span style=\"font-size: small;\"><span style=\"color: #000000;\"><span style=\"font-size: small;\"><span style=\"font-family: arial, helvetica, sans-serif;\"><br \/><\/span><\/span><\/span><\/span><\/span><\/p>\n<p><span style=\"color: #000000;\"><span style=\"font-size: small;\"><span style=\"color: #000000;\"><span style=\"font-size: small;\"><span style=\"font-family: arial, helvetica, sans-serif;\">Para usar con la caja de luz MagBox 24 Octa, el kit de gel art\u00edstico de MagMod contiene ocho geles de policarbonato r\u00edgidos que se encajan en la ranura integrada en el Octa y agregan colores vivos para una expresi\u00f3n creativa en su trabajo. El set incluye geles de rosa, coral, \u00e1mbar, lima, aguamarina, cian, lavanda y rosa. Los filtros requieren la compra por separado del MagGrip magn\u00e9tico para su uso.  <\/span><\/span><\/span><\/span><\/span><\/p>\n<p><span style=\"color: #000000;\"><span style=\"font-size: small;\"><span style=\"color: #000000;\"><span style=\"font-size: small;\"><span style=\"font-family: arial, helvetica, sans-serif;\"><br \/><\/span><\/span><\/span><\/span><\/span><\/p>\n<p><strong><span style=\"color: #000000;\"><span style=\"font-size: small;\"><span style=\"color: #000000;\"><span style=\"font-size: small;\"><span style=\"font-family: arial, helvetica, sans-serif;\">En la caja:<\/span><\/span><\/span><\/span><\/span><\/strong><\/p>\n<ul>\n<li><span style=\"color: #fa0470;\"><span style=\"color: #e7393c;\">Gel de rosas<\/span><\/span><\/li>\n<li><span style=\"color: #feb27b;\"><span style=\"color: #f7704a;\">Coral Gel<\/span><\/span><\/li>\n<li><span style=\"color: #ffcc00;\"><span style=\"color: #f7a22f;\">Gel de \u00e1mbar<\/span><\/span><\/li>\n<li><span style=\"color: #d6f300;\"><span style=\"color: #80d828;\">Gel de lima<\/span><\/span><\/li>\n<li><span style=\"color: #0cf2cd;\"><span style=\"color: #39be96;\">Gel de agua<\/span><\/span><\/li>\n<li><span style=\"color: #00ffff;\"><span style=\"color: #33abd1;\">Gel cian<\/span><\/span><\/li>\n<li><span style=\"color: #cc99ff;\"><span style=\"color: #ac5cb2;\">Gel de lavanda<\/span><\/span><\/li>\n<li><span style=\"color: #ff99cc;\"><span style=\"color: #de6390;\">Gel rosa<\/span><\/span><\/li>\n<\/ul>\n","protected":false},"excerpt":{"rendered":"<p>Este set de 8 geles r\u00edgidos de policarbonato hace que la correcci\u00f3n del color y la creatividad con tu MagBox<\/p>\n","protected":false},"featured_media":57076,"comment_status":"closed","ping_status":"open","template":"","meta":{"_acf_changed":false},"product_brand":[2594],"product_cat":[1023],"product_tag":[],"class_list":{"0":"post-74855","1":"product","2":"type-product","3":"status-publish","4":"has-post-thumbnail","6":"product_brand-magmod-es","7":"product_cat-modificadores-de-luz-es","9":"first","10":"onbackorder","11":"taxable","12":"shipping-taxable","13":"purchasable","14":"product-type-simple"},"bundled_by":[],"bundle_stock_status":"onbackorder","bundle_stock_quantity":0,"bundle_virtual":false,"bundle_layout":"","bundle_add_to_cart_form_location":"","bundle_editable_in_cart":false,"bundle_sold_individually_context":"","bundle_item_grouping":"","bundle_min_size":"","bundle_max_size":"","bundle_price":[],"bundled_items":[],"bundle_sell_ids":[],"acf":[],"_links":{"self":[{"href":"https:\/\/hi-techwonder.com\/es\/wp-json\/wp\/v2\/product\/74855","targetHints":{"allow":["GET"]}}],"collection":[{"href":"https:\/\/hi-techwonder.com\/es\/wp-json\/wp\/v2\/product"}],"about":[{"href":"https:\/\/hi-techwonder.com\/es\/wp-json\/wp\/v2\/types\/product"}],"replies":[{"embeddable":true,"href":"https:\/\/hi-techwonder.com\/es\/wp-json\/wp\/v2\/comments?post=74855"}],"wp:featuredmedia":[{"embeddable":true,"href":"https:\/\/hi-techwonder.com\/es\/wp-json\/wp\/v2\/media\/57076"}],"wp:attachment":[{"href":"https:\/\/hi-techwonder.com\/es\/wp-json\/wp\/v2\/media?parent=74855"}],"wp:term":[{"taxonomy":"product_brand","embeddable":true,"href":"https:\/\/hi-techwonder.com\/es\/wp-json\/wp\/v2\/product_brand?post=74855"},{"taxonomy":"product_cat","embeddable":true,"href":"https:\/\/hi-techwonder.com\/es\/wp-json\/wp\/v2\/product_cat?post=74855"},{"taxonomy":"product_tag","embeddable":true,"href":"https:\/\/hi-techwonder.com\/es\/wp-json\/wp\/v2\/product_tag?post=74855"}],"curies":[{"name":"wp","href":"https:\/\/api.w.org\/{rel}","templated":true}]}}