{"id":74856,"date":"2025-07-29T10:00:51","date_gmt":"2025-07-29T10:00:51","guid":{"rendered":"https:\/\/fv6qoy3ls0.wpdns.site\/product\/difusor-magmod-magbox-24-octa-focus-61cm\/"},"modified":"2026-01-31T01:51:30","modified_gmt":"2026-01-31T01:51:30","slug":"magmod-difusor-magmod-magbox-24-octa-focus-61cm","status":"publish","type":"product","link":"https:\/\/hi-techwonder.com\/es\/producto\/magmod-difusor-magmod-magbox-24-octa-focus-61cm\/","title":{"rendered":"Difusor MAGMOD MagBox 24 Octa Focus (61cm)"},"content":{"rendered":"<p><span style=\"color: #000000\"><strong><span style=\"color: #ff0000\"><span style=\"font-size: medium\">*Este art\u00edculo requiere un <a href=\"https:\/\/hi-techwonder.com\/magmod-magbox-24-octa-softbox-(61cm)\" target=\"_blank\">MagBox<\/a> *<\/span><\/strong><\/span><\/span><\/p>\n<p> <span style=\"color: #000000\"><span style=\"color: #000000\"><strong>FocusDiffuser<\/strong> ofrece una forma completamente nueva de modificar su caja de luz. Con imanes que facilitan la configuraci\u00f3n, el FocusDiffuser le permite controlar la luz como una cuadr\u00edcula, pero tambi\u00e9n enfocar como una lente, todo mientras mantiene una luz s\u00faper suave. Es sencillo limitar el aumento y aumentar la eficacia de su caja de luz en 2 paradas (en comparaci\u00f3n con la MagBox con difusor de tela).  <\/span><\/span> <\/p>\n<p><object><\/object><\/p>\n<p> <span style=\"font-size: small\"><span style=\"color: #000000\">Productos destacados:<\/span><\/span><\/p>\n<ul>\n<li> <span style=\"color: #000000\"><span style=\"font-size: small\"><span style=\"color: #000000\">Reduce la salida de luz, limita la emisi\u00f3n de luz<\/span><\/span><\/span><\/li>\n<li> <span style=\"color: #000000\"><span style=\"font-size: small\"><span style=\"color: #000000\">Aumenta la salida de luz de 2 a 3 paradas<\/span><\/span><\/span><\/li>\n<li> <span style=\"color: #000000\"><span style=\"font-size: small\"><span style=\"color: #000000\">Control direccional similar a Fresnels<\/span><\/span><\/span><\/li>\n<li> <span style=\"color: #000000\"><span style=\"font-size: small\"><span style=\"color: #000000\">Se fija a la parte frontal de la MagBox mediante un im\u00e1n<\/span><\/span><\/span><\/li>\n<\/ul>\n<p> <span style=\"color: #000000\"><span style=\"font-size: small\"><span style=\"color: #000000\"><br \/><\/span><\/span><\/span><\/p>\n<p> <span style=\"color: #000000\"><span style=\"font-size: small\"><span style=\"color: #000000\">Con un dise\u00f1o \u00fanico que emplea microestructuras, el MagBox 24 Octa FocusDiffuser de MagMod funciona como una combinaci\u00f3n de una rejilla y una lente para modificar la dispersi\u00f3n del haz de la caja de luz. Acoplado en segundos a trav\u00e9s de imanes incorporados, el FocusDiffuser reduce el haz ancho a 20 o 40 grados, dependiendo de la orientaci\u00f3n, al tiempo que aumenta la salida en dos o tres paradas. <\/span><\/span><\/span><\/p>\n<p> <span style=\"color: #000000\"><span style=\"font-size: small\"><span style=\"color: #000000\"><br \/><\/span><\/span><\/span><\/p>\n<p> <strong><span style=\"color: #000000\"><span style=\"font-size: small\"><span style=\"color: #000000\">Funci\u00f3n innovadora<\/span><\/span><\/span><\/strong><\/p>\n<p> <span style=\"color: #000000\"><span style=\"font-size: small\"><span style=\"color: #000000\">Dentro del FocusDiffuser, las microestructuras cambian el \u00e1ngulo de la luz en \u00e1ngulos de haz de 40 o 20 grados, redirigiendo suavemente la luz hacia adelante y causando menos desprendimiento.<\/span><\/span><\/span><\/p>\n<p> <span style=\"color: #000000\"><span style=\"font-size: small\"><span style=\"color: #000000\"><br \/><\/span><\/span><\/span><\/p>\n<p> <strong><span style=\"color: #000000\"><span style=\"font-size: small\"><span style=\"color: #000000\">Aumenta la salida de luz efectiva<\/span><\/span><\/span><\/strong><\/p>\n<p> <span style=\"color: #000000\"><span style=\"font-size: small\"><span style=\"color: #000000\">El FocusDiffuser ofrece el mismo aumento en el potencial de salida de luz efectivo que en un modificador m\u00e1s grande.<\/span><\/span><\/span><\/p>\n<p> <span style=\"color: #000000\"><span style=\"font-size: small\"><span style=\"color: #000000\"><br \/><\/span><\/span><\/span><\/p>\n<p> <strong><span style=\"color: #000000\"><span style=\"font-size: small\"><span style=\"color: #000000\">Mejor control de la luz suave<\/span><\/span><\/span><\/strong><\/p>\n<p> <span style=\"color: #000000\"><span style=\"font-size: small\"><span style=\"color: #000000\">Crea una luz suave y favorecedora y col\u00f3cala exactamente donde quieras. FocusDiffuser limita la luz dispersa para brindarle el control que necesita para trabajar de manera m\u00e1s eficiente y ahorrar tiempo en el franqueo. <\/span><\/span><\/span><\/p>\n<p> <span style=\"color: #000000\"><span style=\"font-size: small\"><span style=\"color: #000000\"><br \/><\/span><\/span><\/span><\/p>\n<p> <strong><span style=\"color: #000000\"><span style=\"font-size: small\"><span style=\"color: #000000\">M\u00e1s f\u00e1cil que una rejilla de tela<\/span><\/span><\/span><\/strong><\/p>\n<p> <span style=\"color: #000000\"><span style=\"font-size: small\"><span style=\"color: #000000\">El FocusDiffuser se conecta al MagBox en segundos, de forma silenciosa y sencilla a trav\u00e9s de imanes incorporados. Y cuando haya terminado, puede enrollarlo ordenadamente y guardarlo de forma segura dentro de su estuche MagBox. <\/span><\/span><\/span><\/p>\n<p> <span style=\"color: #000000\"><span style=\"font-size: small\"><span style=\"color: #000000\"><br \/><\/span><\/span><\/span><\/p>\n<p> <strong><span style=\"color: #000000\"><span style=\"font-size: small\"><span style=\"color: #000000\">Hasta un 700% m\u00e1s de luz<\/span><\/span><\/span><\/strong><\/p>\n<p> <span style=\"color: #000000\"><span style=\"font-size: small\"><span style=\"color: #000000\">La salida de MagBox con FocusDiffuser es hasta 2.8 paradas m\u00e1s brillante. Ofrece la suavidad que esperar\u00eda con el control y la precisi\u00f3n de una parrilla. <\/span><\/span><\/span><\/p>\n<p><span style=\"color: #000000\"><br \/><\/span><\/p>\n<h2 style=\"font-style: normal\"> <span style=\"font-size: small\"><span style=\"color: #000000\">Especificaciones de MagMod MMBOX24OCT-FD01<\/span><\/span> <\/h2>\n<table style=\"width: 213px\" border=\"0\" cellspacing=\"0\" cellpadding=\"2\">\n<colgroup>\n<col width=\"96\"><\/col>\n<col width=\"109\"><\/col>\n<\/colgroup>\n<tbody>\n<tr>\n<td width=\"96\">\n<p style=\"border-top: none;border-bottom: 1px solid #e6e7e8;border-left: none;border-right: none;padding-top: 0cm;padding-bottom: 0.53cm;padding-left: 0cm;padding-right: 0cm\"> <span style=\"color: #000000\">Di\u00e1metro<\/span> <\/p>\n<\/td>\n<td width=\"109\">\n<p style=\"border-top: none;border-bottom: 1px solid #e6e7e8;border-left: none;border-right: none;padding-top: 0cm;padding-bottom: 0.53cm;padding-left: 0cm;padding-right: 0cm\"> <span style=\"color: #000000\">61cm<\/span> <\/p>\n<\/td>\n<\/tr>\n<tr>\n<td width=\"96\">\n<p style=\"border-top: none;border-bottom: 1px solid #e6e7e8;border-left: none;border-right: none;padding-top: 0cm;padding-bottom: 0.53cm;padding-left: 0cm;padding-right: 0cm\"> <span style=\"color: #000000\">Ganancia de luz<\/span> <\/p>\n<\/td>\n<td width=\"109\">\n<p style=\"border-top: none;border-bottom: 1px solid #e6e7e8;border-left: none;border-right: none;padding-top: 0cm;padding-bottom: 0.53cm;padding-left: 0cm;padding-right: 0cm\"> <span style=\"color: #000000\">2 &#8211; 3 pasos<\/span> <\/p>\n<\/td>\n<\/tr>\n<\/tbody>\n<\/table>\n<div id=\"_mcePaste\" style=\"position: absolute;left: -10000px;top: 1081.11px;width: 1px;height: 1px;overflow: hidden\"> <span style=\"color: #000000\">En la caja<\/span> <\/div>\n<div id=\"_mcePaste\" style=\"position: absolute;left: -10000px;top: 1081.11px;width: 1px;height: 1px;overflow: hidden\"> <span style=\"color: #000000\">Difusor MagMod MagBox 24 Octa Focus<\/span><\/div>\n<p> <strong><span style=\"color: #000000\">En la caja:<\/span><\/strong><\/p>\n<ul>\n<li> <span style=\"color: #000000\">Difusor MagMod MagBox 24 Octa Focus<\/span><\/li>\n<\/ul>\n","protected":false},"excerpt":{"rendered":"<p>*Este art\u00edculo requiere un MagBox * FocusDiffuser ofrece una forma completamente nueva de modificar su caja de luz. Con imanes<\/p>\n","protected":false},"featured_media":57079,"comment_status":"closed","ping_status":"open","template":"","meta":{"_acf_changed":false},"product_brand":[2594],"product_cat":[1023],"product_tag":[],"class_list":{"0":"post-74856","1":"product","2":"type-product","3":"status-publish","4":"has-post-thumbnail","6":"product_brand-magmod-es","7":"product_cat-modificadores-de-luz-es","9":"first","10":"onbackorder","11":"taxable","12":"shipping-taxable","13":"purchasable","14":"product-type-simple"},"bundled_by":[],"bundle_stock_status":"onbackorder","bundle_stock_quantity":0,"bundle_virtual":false,"bundle_layout":"","bundle_add_to_cart_form_location":"","bundle_editable_in_cart":false,"bundle_sold_individually_context":"","bundle_item_grouping":"","bundle_min_size":"","bundle_max_size":"","bundle_price":[],"bundled_items":[],"bundle_sell_ids":[],"acf":[],"_links":{"self":[{"href":"https:\/\/hi-techwonder.com\/es\/wp-json\/wp\/v2\/product\/74856","targetHints":{"allow":["GET"]}}],"collection":[{"href":"https:\/\/hi-techwonder.com\/es\/wp-json\/wp\/v2\/product"}],"about":[{"href":"https:\/\/hi-techwonder.com\/es\/wp-json\/wp\/v2\/types\/product"}],"replies":[{"embeddable":true,"href":"https:\/\/hi-techwonder.com\/es\/wp-json\/wp\/v2\/comments?post=74856"}],"wp:featuredmedia":[{"embeddable":true,"href":"https:\/\/hi-techwonder.com\/es\/wp-json\/wp\/v2\/media\/57079"}],"wp:attachment":[{"href":"https:\/\/hi-techwonder.com\/es\/wp-json\/wp\/v2\/media?parent=74856"}],"wp:term":[{"taxonomy":"product_brand","embeddable":true,"href":"https:\/\/hi-techwonder.com\/es\/wp-json\/wp\/v2\/product_brand?post=74856"},{"taxonomy":"product_cat","embeddable":true,"href":"https:\/\/hi-techwonder.com\/es\/wp-json\/wp\/v2\/product_cat?post=74856"},{"taxonomy":"product_tag","embeddable":true,"href":"https:\/\/hi-techwonder.com\/es\/wp-json\/wp\/v2\/product_tag?post=74856"}],"curies":[{"name":"wp","href":"https:\/\/api.w.org\/{rel}","templated":true}]}}