{"id":74857,"date":"2025-07-29T00:09:01","date_gmt":"2025-07-29T00:09:01","guid":{"rendered":"https:\/\/fv6qoy3ls0.wpdns.site\/product\/lowepro-truckee-bp-250-negro\/"},"modified":"2025-07-29T00:09:01","modified_gmt":"2025-07-29T00:09:01","slug":"lowepro-truckee-bp-250-negro","status":"publish","type":"product","link":"https:\/\/hi-techwonder.com\/es\/producto\/lowepro-truckee-bp-250-negro\/","title":{"rendered":"LOWEPRO Truckee BP 250 Negro"},"content":{"rendered":"<p><strong>LOWEPRO Truckee BP 250 (Negro)<\/strong><\/p>\n<p><strong>Descripci\u00f3n:&nbsp;<\/strong><\/p>\n<p>DSLR y mirrorless compatibles con 1 \u2013 2 lentes adicionales.<\/p>\n<p>Divisi\u00f3n de equipos 50\/50 para equipos personales y fotogr\u00e1ficos.<\/p>\n<p>Bolsillo interior acolchado para port\u00e1til de hasta 38.100 cm<\/p>\n<p>Correa para el estern\u00f3n y panel trasero de malla de absorci\u00f3n ventilada.<\/p>\n<p>Bloqueo seguro del freno de palanca en la carcasa de la c\u00e1mara.<\/p>\n<p>La Truckee BP 250 de Lowepro es una excelente mochila para c\u00e1mara de nivel de entrada que ofrece comodidad durante todo el d\u00eda, materiales duraderos, bolsillos de organizaci\u00f3n simples, espacio para una tableta y espacio para su equipo personal.<\/p>\n<p>Las mochilas Truckee combinan diversi\u00f3n, funcionalidad y espontaneidad, perfectas para festivales de m\u00fasica, caminatas ligeras o noches bajo las estrellas. El almacenamiento dividido 50\/50 te brinda espacio abierto en la parte superior para una chaqueta adicional o un refrigerio, combinado con un compartimento para c\u00e1mara de f\u00e1cil acceso en la parte inferior. El espacio de la c\u00e1mara es perfecto para una c\u00e1mara DSLR compacta o sin espejo con 1 o 2 lentes adicionales.  <\/p>\n<p>Tambi\u00e9n se adapta a un dron de video plegable compacto o un kit de video con c\u00e1mara, micr\u00f3fono y luz. Las correas de compresi\u00f3n laterales dobles y los bolsillos de malla aseguran un tr\u00edpode compacto y una botella de agua. El paso integrado para cochecito le permite transportar la bolsa de forma segura en equipaje con ruedas.  <\/p>\n<p><strong>Especificaciones t\u00e9cnicas:<\/strong><\/p>\n<ul>\n<li>Peso &#8211; 0.684kg<\/li>\n<li>Volumen total -18 litros<\/li>\n<li>Color principal &#8211; Negro<\/li>\n<li>Dimensiones internas &#8211; 26x13x43cm<\/li>\n<li>Dimensiones externas &#8211; 30x20x44cm<\/li>\n<li>Dimensiones del compartimento de la c\u00e1mara &#8211; 25x15x19cm<\/li>\n<li>Dimensiones del compartimento delantero &#8211; 24x2x14cm<\/li>\n<li>Dimensiones del compartimento superior &#8211; 26x13x22cm<\/li>\n<li>Dimensiones del compartimento del port\u00e1til: 26 x 2,5 x 36 cm<\/li>\n<li>Dispositivo principal &#8211; C\u00e1mara<\/li>\n<\/ul>\n<div class=\"group_K7YrQottgVsRZ4B6zAaGG\" style=\"box-sizing: inherit; margin-bottom: 2.1875rem; background-color: #ffffff;\">\n<\/div>\n","protected":false},"excerpt":{"rendered":"<p>LOWEPRO Truckee BP 250 (Negro) Descripci\u00f3n:&nbsp; DSLR y mirrorless compatibles con 1 \u2013 2 lentes adicionales. Divisi\u00f3n de equipos 50\/50<\/p>\n","protected":false},"featured_media":34408,"comment_status":"closed","ping_status":"open","template":"","meta":{"_acf_changed":false},"product_brand":[2641],"product_cat":[907],"product_tag":[],"class_list":{"0":"post-74857","1":"product","2":"type-product","3":"status-publish","4":"has-post-thumbnail","6":"product_brand-lowepro-es","7":"product_cat-mochilas-es","9":"first","10":"onbackorder","11":"taxable","12":"shipping-taxable","13":"purchasable","14":"product-type-simple"},"bundled_by":[],"bundle_stock_status":"onbackorder","bundle_stock_quantity":0,"bundle_virtual":false,"bundle_layout":"","bundle_add_to_cart_form_location":"","bundle_editable_in_cart":false,"bundle_sold_individually_context":"","bundle_item_grouping":"","bundle_min_size":"","bundle_max_size":"","bundle_price":[],"bundled_items":[],"bundle_sell_ids":[],"acf":[],"_links":{"self":[{"href":"https:\/\/hi-techwonder.com\/es\/wp-json\/wp\/v2\/product\/74857","targetHints":{"allow":["GET"]}}],"collection":[{"href":"https:\/\/hi-techwonder.com\/es\/wp-json\/wp\/v2\/product"}],"about":[{"href":"https:\/\/hi-techwonder.com\/es\/wp-json\/wp\/v2\/types\/product"}],"replies":[{"embeddable":true,"href":"https:\/\/hi-techwonder.com\/es\/wp-json\/wp\/v2\/comments?post=74857"}],"wp:featuredmedia":[{"embeddable":true,"href":"https:\/\/hi-techwonder.com\/es\/wp-json\/wp\/v2\/media\/34408"}],"wp:attachment":[{"href":"https:\/\/hi-techwonder.com\/es\/wp-json\/wp\/v2\/media?parent=74857"}],"wp:term":[{"taxonomy":"product_brand","embeddable":true,"href":"https:\/\/hi-techwonder.com\/es\/wp-json\/wp\/v2\/product_brand?post=74857"},{"taxonomy":"product_cat","embeddable":true,"href":"https:\/\/hi-techwonder.com\/es\/wp-json\/wp\/v2\/product_cat?post=74857"},{"taxonomy":"product_tag","embeddable":true,"href":"https:\/\/hi-techwonder.com\/es\/wp-json\/wp\/v2\/product_tag?post=74857"}],"curies":[{"name":"wp","href":"https:\/\/api.w.org\/{rel}","templated":true}]}}