{"id":74858,"date":"2025-07-29T10:00:51","date_gmt":"2025-07-29T10:00:51","guid":{"rendered":"https:\/\/fv6qoy3ls0.wpdns.site\/product\/magmod-magbounce-2\/"},"modified":"2025-07-29T10:00:51","modified_gmt":"2025-07-29T10:00:51","slug":"magmod-magbounce-2","status":"publish","type":"product","link":"https:\/\/hi-techwonder.com\/es\/producto\/magmod-magbounce-2\/","title":{"rendered":"MAGMOD MagBounce 2"},"content":{"rendered":"<p><strong>MAGMOD MagBounce 2<\/strong><\/p>\n<p><strong>Funciones:<\/strong><\/p>\n<ul>\n<li>Modificador de salto con un aumento de flash del 300%<\/li>\n<li>Se conecta a Flash a trav\u00e9s de<strong> MagGrip 2<\/strong> (no incluido)<\/li>\n<li>30% m\u00e1s ligero que la versi\u00f3n original<\/li>\n<li>4 posiciones para fotos de retrato\/paisaje<\/li>\n<li>La textura de silicona blanca difunde la luz<\/li>\n<li>Fijaci\u00f3n magn\u00e9tica a<strong> MagGrip 2 <\/strong>(no incluida)<\/li>\n<\/ul>\n<p><strong>Contenido del paquete:<\/strong><\/p>\n<ul>\n<li>MagMod MagBounce 2<\/li>\n<\/ul>\n<p><iframe loading=\"lazy\" style=\"min-height: 500px; width: 1522px; height: auto;\" src=\"https:\/\/www.youtube.com\/embed\/ZKpVEXYOzmo\" width=\"560\" height=\"314\" allowfullscreen=\"allowfullscreen\"><\/iframe><\/p>\n<p><iframe loading=\"lazy\" style=\"min-height: 500px; width: 1522px; height: auto;\" src=\"https:\/\/www.youtube.com\/embed\/as86GK8qOZM\" width=\"560\" height=\"314\" allowfullscreen=\"allowfullscreen\"><\/iframe><\/p>\n<p>Dise\u00f1ado un 30% m\u00e1s ligero que la versi\u00f3n original, <strong>el MagBounce 2<\/strong> est\u00e1 dise\u00f1ado para ser a\u00fan m\u00e1s eficiente y f\u00e1cil de trabajar que antes. Este modificador de salto compacto es como una peque\u00f1a caja de luz que cabe en tu bolsillo. Al acoplarse al flash de la zapata a trav\u00e9s de un accesorio MagGrip 2 opcional, el <strong>MagBounce 2<\/strong> aumenta el tama\u00f1o aparente del flash en un 300% y su textura de silicona blanca difunde la luz sin disminuir significativamente la salida. El accesorio MagGrip 2 requerido, que se vende por separado, se estira y se fija sobre el cabezal del flash y le permite conectar magn\u00e9ticamente el MagBounce. Puede colocarlo magn\u00e9ticamente en cuatro posiciones diferentes para diferentes fotos de retratos y paisajes.    <\/p>\n<p>El <strong>MagBounce 2<\/strong> est\u00e1 hecho de una pieza s\u00f3lida de silicona duradera que conserva el 99% de su elasticidad con el tiempo, incluso despu\u00e9s de un uso prolongado y repetido. Esta cualidad tambi\u00e9n le permite plegar y aplastar el MagBounce 2 seg\u00fan sea necesario para que quepa en espacios reducidos en su bolsa de transporte. <strong>MagBounce 2 <\/strong>tambi\u00e9n es compatible con MagMod Pro Gels para personalizar a\u00fan m\u00e1s su flash.  <\/p>\n","protected":false},"excerpt":{"rendered":"<p>MAGMOD MagBounce 2 Funciones: Modificador de salto con un aumento de flash del 300% Se conecta a Flash a trav\u00e9s<\/p>\n","protected":false},"featured_media":57085,"comment_status":"closed","ping_status":"open","template":"","meta":{"_acf_changed":false},"product_brand":[2594],"product_cat":[1023],"product_tag":[],"class_list":{"0":"post-74858","1":"product","2":"type-product","3":"status-publish","4":"has-post-thumbnail","6":"product_brand-magmod-es","7":"product_cat-modificadores-de-luz-es","9":"first","10":"onbackorder","11":"taxable","12":"shipping-taxable","13":"purchasable","14":"product-type-simple"},"bundled_by":[],"bundle_stock_status":"onbackorder","bundle_stock_quantity":0,"bundle_virtual":false,"bundle_layout":"","bundle_add_to_cart_form_location":"","bundle_editable_in_cart":false,"bundle_sold_individually_context":"","bundle_item_grouping":"","bundle_min_size":"","bundle_max_size":"","bundle_price":[],"bundled_items":[],"bundle_sell_ids":[],"acf":[],"_links":{"self":[{"href":"https:\/\/hi-techwonder.com\/es\/wp-json\/wp\/v2\/product\/74858","targetHints":{"allow":["GET"]}}],"collection":[{"href":"https:\/\/hi-techwonder.com\/es\/wp-json\/wp\/v2\/product"}],"about":[{"href":"https:\/\/hi-techwonder.com\/es\/wp-json\/wp\/v2\/types\/product"}],"replies":[{"embeddable":true,"href":"https:\/\/hi-techwonder.com\/es\/wp-json\/wp\/v2\/comments?post=74858"}],"wp:featuredmedia":[{"embeddable":true,"href":"https:\/\/hi-techwonder.com\/es\/wp-json\/wp\/v2\/media\/57085"}],"wp:attachment":[{"href":"https:\/\/hi-techwonder.com\/es\/wp-json\/wp\/v2\/media?parent=74858"}],"wp:term":[{"taxonomy":"product_brand","embeddable":true,"href":"https:\/\/hi-techwonder.com\/es\/wp-json\/wp\/v2\/product_brand?post=74858"},{"taxonomy":"product_cat","embeddable":true,"href":"https:\/\/hi-techwonder.com\/es\/wp-json\/wp\/v2\/product_cat?post=74858"},{"taxonomy":"product_tag","embeddable":true,"href":"https:\/\/hi-techwonder.com\/es\/wp-json\/wp\/v2\/product_tag?post=74858"}],"curies":[{"name":"wp","href":"https:\/\/api.w.org\/{rel}","templated":true}]}}