{"id":74859,"date":"2025-07-29T00:04:02","date_gmt":"2025-07-29T00:04:02","guid":{"rendered":"https:\/\/fv6qoy3ls0.wpdns.site\/product\/lowepro-tahoe-10-bolsa-compacta-azul\/"},"modified":"2026-03-11T12:51:37","modified_gmt":"2026-03-11T12:51:37","slug":"lowepro-tahoe-10-bolsa-compacta-azul","status":"publish","type":"product","link":"https:\/\/hi-techwonder.com\/es\/producto\/lowepro-tahoe-10-bolsa-compacta-azul\/","title":{"rendered":"LOWEPRO Tahoe 10 Bolsa Compacta Azul"},"content":{"rendered":"<p><strong>LOWEPRO Tahoe 10 Bolsa Compacta Azul<\/strong><\/p>\n<p>La bolsa para c\u00e1mara Tahoe 10 de Lowepro es una forma simple, resistente y funcional de llevar su peque\u00f1a c\u00e1mara de apuntar \/ disparar. Est\u00e1 fabricado en nylon ligero y duradero con placa de polietileno reforzado que proporciona resistencia a los impactos. El interior es suave. Forro de punto cepillado que es amigable con el equipo.   <\/p>\n<p>Se accede al bolso a trav\u00e9s de su cremallera superior con tirador. El bolsillo frontal con cremallera para accesorios est\u00e1 dise\u00f1ado para guardar art\u00edculos peque\u00f1os como tarjetas de memoria o bater\u00eda. Tambi\u00e9n tiene una trabilla incorporada que te dejar\u00e1 con las manos libres para otras actividades como tomar fotos o usar tu tel\u00e9fono.  <\/p>\n<p>Nylon resistente al agua\/impacto; Placa de polietileno reforzado para mayor resistencia.<\/p>\n<p>Forro de tricot suave y cepillado.<\/p>\n<p>Bolsa de almacenamiento frontal con cremallera para accesorios como tarjetas de memoria, bater\u00edas.<\/p>\n<p>El lazo para cintur\u00f3n incorporado te deja las manos libres para usar tu c\u00e1mara, hacer una llamada telef\u00f3nica o comer.<\/p>\n<p><strong>Capacidad<\/strong>: C\u00e1mara compacta de foto\/video. MP3, tel\u00e9fono <\/p>\n<p><strong>Dimensiones exteriores<\/strong>: 3,2 x 1,8 x 4,8&#8243; (8,2 x 4,6 x 12,2 cm)<\/p>\n<p><strong>Dimensiones interiores<\/strong>: 2,8 x 0,8 x 4,3&#8243; (7,1 x 2,0 x 10,9 cm)<\/p>\n","protected":false},"excerpt":{"rendered":"<p>LOWEPRO Tahoe 10 Bolsa Compacta Azul La bolsa para c\u00e1mara Tahoe 10 de Lowepro es una forma simple, resistente y<\/p>\n","protected":false},"featured_media":32875,"comment_status":"closed","ping_status":"open","template":"","meta":{"_acf_changed":false},"product_brand":[2641],"product_cat":[910],"product_tag":[],"class_list":{"0":"post-74859","1":"product","2":"type-product","3":"status-publish","4":"has-post-thumbnail","6":"product_brand-lowepro-es","7":"product_cat-para-compactas-es","9":"first","10":"instock","11":"taxable","12":"shipping-taxable","13":"purchasable","14":"product-type-simple"},"bundled_by":[],"bundle_stock_status":"instock","bundle_stock_quantity":5,"bundle_virtual":false,"bundle_layout":"","bundle_add_to_cart_form_location":"","bundle_editable_in_cart":false,"bundle_sold_individually_context":"","bundle_item_grouping":"","bundle_min_size":"","bundle_max_size":"","bundle_price":[],"bundled_items":[],"bundle_sell_ids":[],"acf":[],"_links":{"self":[{"href":"https:\/\/hi-techwonder.com\/es\/wp-json\/wp\/v2\/product\/74859","targetHints":{"allow":["GET"]}}],"collection":[{"href":"https:\/\/hi-techwonder.com\/es\/wp-json\/wp\/v2\/product"}],"about":[{"href":"https:\/\/hi-techwonder.com\/es\/wp-json\/wp\/v2\/types\/product"}],"replies":[{"embeddable":true,"href":"https:\/\/hi-techwonder.com\/es\/wp-json\/wp\/v2\/comments?post=74859"}],"wp:featuredmedia":[{"embeddable":true,"href":"https:\/\/hi-techwonder.com\/es\/wp-json\/wp\/v2\/media\/32875"}],"wp:attachment":[{"href":"https:\/\/hi-techwonder.com\/es\/wp-json\/wp\/v2\/media?parent=74859"}],"wp:term":[{"taxonomy":"product_brand","embeddable":true,"href":"https:\/\/hi-techwonder.com\/es\/wp-json\/wp\/v2\/product_brand?post=74859"},{"taxonomy":"product_cat","embeddable":true,"href":"https:\/\/hi-techwonder.com\/es\/wp-json\/wp\/v2\/product_cat?post=74859"},{"taxonomy":"product_tag","embeddable":true,"href":"https:\/\/hi-techwonder.com\/es\/wp-json\/wp\/v2\/product_tag?post=74859"}],"curies":[{"name":"wp","href":"https:\/\/api.w.org\/{rel}","templated":true}]}}