{"id":74869,"date":"2025-07-29T10:27:20","date_gmt":"2025-07-29T10:27:20","guid":{"rendered":"https:\/\/fv6qoy3ls0.wpdns.site\/product\/manfrotto-200pl-pro-rc2-y-arca-swiss\/"},"modified":"2025-07-29T10:27:20","modified_gmt":"2025-07-29T10:27:20","slug":"manfrotto-200pl-pro-rc2-y-arca-swiss","status":"publish","type":"product","link":"https:\/\/hi-techwonder.com\/es\/producto\/manfrotto-200pl-pro-rc2-y-arca-swiss\/","title":{"rendered":"MANFROTTO 200PL-PRO (RC2 y Arca-Swiss)"},"content":{"rendered":"<p><span style=\"font-size: small;\"><strong>Productos destacados<\/strong><\/p>\n<p><\/span><\/p>\n<ul>\n<li> <span style=\"font-size: small;\">Compatible con Manfrotto RC2 y Arca-Type<\/span><\/li>\n<li> <span style=\"font-size: small;\">Montura de 1\/4&#8243;-20 con adaptador de 3\/8&#8243;-16<\/span><\/li>\n<li> <span style=\"font-size: small;\">Construido de aluminio s\u00f3lido<\/span><\/li>\n<li> <span style=\"font-size: small;\">Las juntas de goma proporcionan un agarre seguro<\/span><\/li>\n<\/ul>\n<div> <span style=\"font-size: small;\">&nbsp;<\/span><\/div>\n<div> <span style=\"font-size: small;\">La placa de aluminio Manfrotto 200PL-Pro es compatible con RC2 y Arca. Se puede usar con c\u00e1maras con una rosca de tr\u00edpode de 1\/4&#8243;-20 y viene con un adaptador de tornillo de 3\/8&#8243;-16 para c\u00e1maras que lo requieran. Adem\u00e1s, la placa de aluminio s\u00f3lido tiene dos juntas de goma en la parte superior que proporcionan un agarre seguro cuando se conecta a la parte inferior de una c\u00e1mara.  <\/span><\/div>\n<div> <span style=\"font-size: small;\">&nbsp;<\/span> <\/div>\n<div>\n<table style=\"box-sizing: border-box; margin: 0px 0px 35px; padding: 0px; border: 0px none; font-style: normal; font-variant-ligatures: normal; font-variant-caps: normal; font-variant-numeric: inherit; font-variant-east-asian: inherit; font-weight: 400; font-stretch: inherit; font-size: 12px; line-height: inherit; vertical-align: baseline; border-collapse: separate; border-spacing: 0px; clear: both; width: 636px; color: #595959; letter-spacing: normal; text-align: start; text-indent: 0px; text-transform: none; white-space: normal; word-spacing: 0px; -webkit-text-stroke-width: 0px; text-decoration-style: initial; text-decoration-color: initial;\" border=\"0\">\n<tbody style=\"box-sizing: border-box; margin: 0px; padding: 0px; border: 0px none; font-style: inherit; font-variant: inherit; font-weight: inherit; font-stretch: inherit; font-size: inherit; line-height: inherit; font-size-adjust: inherit; font-kerning: inherit; font-optical-sizing: inherit; font-language-override: inherit; font-feature-settings: inherit; font-variation-settings: inherit; vertical-align: baseline;\">\n<tr style=\"box-sizing: border-box; margin: 0px; padding: 0px; border: 0px none; font-style: inherit; font-variant: inherit; font-weight: inherit; font-stretch: inherit; font-size: inherit; line-height: inherit; font-size-adjust: inherit; font-kerning: inherit; font-optical-sizing: inherit; font-language-override: inherit; font-feature-settings: inherit; font-variation-settings: inherit; vertical-align: baseline;\">\n<td style=\"box-sizing: border-box; margin: 0px; padding: 0px 0px 20px; border-image: initial; font-style: inherit; font-variant: inherit; font-weight: inherit; font-stretch: inherit; line-height: 22px; vertical-align: baseline; text-align: left; width: 241px; border: medium 0px 1px none none solid currentcolor currentcolor #e6e7e8;\"><span style=\"font-size: small;\">Material de construcci\u00f3n<\/span> <\/td>\n<td style=\"box-sizing: border-box; margin: 0px; padding: 0px 0px 20px 40px; border-image: initial; font-style: inherit; font-variant: inherit; font-weight: inherit; font-stretch: inherit; line-height: 22px; vertical-align: baseline; text-align: left; border: medium 0px 1px none none solid currentcolor currentcolor #e6e7e8;\"> <span style=\"font-size: small;\">Aluminio<\/span> <\/td>\n<\/tr>\n<tr style=\"box-sizing: border-box; margin: 0px; padding: 0px; border: 0px none; font-style: inherit; font-variant: inherit; font-weight: inherit; font-stretch: inherit; font-size: inherit; line-height: inherit; font-size-adjust: inherit; font-kerning: inherit; font-optical-sizing: inherit; font-language-override: inherit; font-feature-settings: inherit; font-variation-settings: inherit; vertical-align: baseline;\">\n<td style=\"box-sizing: border-box; margin: 0px; padding: 20px 0px; border-image: initial; font-style: inherit; font-variant: inherit; font-weight: inherit; font-stretch: inherit; line-height: 22px; vertical-align: baseline; text-align: left; width: 241px; border: medium 0px 1px none none solid currentcolor currentcolor #e6e7e8;\"><span style=\"font-size: small;\">Montaje roscado<\/span> <\/td>\n<td style=\"box-sizing: border-box; margin: 0px; padding: 20px 0px 20px 40px; border-image: initial; font-style: inherit; font-variant: inherit; font-weight: inherit; font-stretch: inherit; line-height: 22px; vertical-align: baseline; text-align: left; border: medium 0px 1px none none solid currentcolor currentcolor #e6e7e8;\"> <span style=\"font-size: small;\">1\/4&#8243;-20 con adaptador de tornillo de 3\/8&#8243;-16<\/span> <\/td>\n<\/tr>\n<tr style=\"box-sizing: border-box; margin: 0px; padding: 0px; border: 0px none; font-style: inherit; font-variant: inherit; font-weight: inherit; font-stretch: inherit; font-size: inherit; line-height: inherit; font-size-adjust: inherit; font-kerning: inherit; font-optical-sizing: inherit; font-language-override: inherit; font-feature-settings: inherit; font-variation-settings: inherit; vertical-align: baseline;\">\n<td style=\"box-sizing: border-box; margin: 0px; padding: 20px 0px; border-image: initial; font-style: inherit; font-variant: inherit; font-weight: inherit; font-stretch: inherit; line-height: 22px; vertical-align: baseline; text-align: left; width: 241px; border: medium 0px 1px none none solid currentcolor currentcolor #e6e7e8;\"><span style=\"font-size: small;\">Dimensiones<\/span> <\/td>\n<td style=\"box-sizing: border-box; margin: 0px; padding: 20px 0px 20px 40px; border-image: initial; font-style: inherit; font-variant: inherit; font-weight: inherit; font-stretch: inherit; line-height: 22px; vertical-align: baseline; text-align: left; border: medium 0px 1px none none solid currentcolor currentcolor #e6e7e8;\"> <span style=\"font-size: small;\">2,1 x 0,4 x 1,7&#8243; (5,3 x 1,0 x 4,3 cm)<\/span> <\/td>\n<\/tr>\n<tr style=\"box-sizing: border-box; margin: 0px; padding: 0px; border: 0px none; font-style: inherit; font-variant: inherit; font-weight: inherit; font-stretch: inherit; font-size: inherit; line-height: inherit; font-size-adjust: inherit; font-kerning: inherit; font-optical-sizing: inherit; font-language-override: inherit; font-feature-settings: inherit; font-variation-settings: inherit; vertical-align: baseline;\">\n<td style=\"box-sizing: border-box; margin: 0px; padding: 20px 0px; border-image: initial; font-style: inherit; font-variant: inherit; font-weight: inherit; font-stretch: inherit; line-height: 22px; vertical-align: baseline; text-align: left; width: 241px; border: medium 0px 1px none none solid currentcolor currentcolor #e6e7e8;\"> <span style=\"font-size: small;\">Peso<\/span> <\/td>\n<td style=\"box-sizing: border-box; margin: 0px; padding: 20px 0px 20px 40px; border-image: initial; font-style: inherit; font-variant: inherit; font-weight: inherit; font-stretch: inherit; line-height: 22px; vertical-align: baseline; text-align: left; border: medium 0px 1px none none solid currentcolor currentcolor #e6e7e8;\"> <span style=\"font-size: small;\">0.83 lb (380 g)<\/span><\/td>\n<\/tr>\n<\/tbody>\n<\/table>\n<p> <span style=\"font-size: small;\">&nbsp;<\/span><\/div>\n","protected":false},"excerpt":{"rendered":"<p>Productos destacados Compatible con Manfrotto RC2 y Arca-Type Montura de 1\/4&#8243;-20 con adaptador de 3\/8&#8243;-16 Construido de aluminio s\u00f3lido Las<\/p>\n","protected":false},"featured_media":63561,"comment_status":"closed","ping_status":"open","template":"","meta":{"_acf_changed":false},"product_brand":[2581],"product_cat":[1087],"product_tag":[],"class_list":{"0":"post-74869","1":"product","2":"type-product","3":"status-publish","4":"has-post-thumbnail","6":"product_brand-manfrotto-es","7":"product_cat-zapatas-y-tornillos","9":"first","10":"instock","11":"taxable","12":"shipping-taxable","13":"purchasable","14":"product-type-simple"},"bundled_by":[],"bundle_stock_status":"instock","bundle_stock_quantity":1,"bundle_virtual":false,"bundle_layout":"","bundle_add_to_cart_form_location":"","bundle_editable_in_cart":false,"bundle_sold_individually_context":"","bundle_item_grouping":"","bundle_min_size":"","bundle_max_size":"","bundle_price":[],"bundled_items":[],"bundle_sell_ids":[],"acf":[],"_links":{"self":[{"href":"https:\/\/hi-techwonder.com\/es\/wp-json\/wp\/v2\/product\/74869","targetHints":{"allow":["GET"]}}],"collection":[{"href":"https:\/\/hi-techwonder.com\/es\/wp-json\/wp\/v2\/product"}],"about":[{"href":"https:\/\/hi-techwonder.com\/es\/wp-json\/wp\/v2\/types\/product"}],"replies":[{"embeddable":true,"href":"https:\/\/hi-techwonder.com\/es\/wp-json\/wp\/v2\/comments?post=74869"}],"wp:featuredmedia":[{"embeddable":true,"href":"https:\/\/hi-techwonder.com\/es\/wp-json\/wp\/v2\/media\/63561"}],"wp:attachment":[{"href":"https:\/\/hi-techwonder.com\/es\/wp-json\/wp\/v2\/media?parent=74869"}],"wp:term":[{"taxonomy":"product_brand","embeddable":true,"href":"https:\/\/hi-techwonder.com\/es\/wp-json\/wp\/v2\/product_brand?post=74869"},{"taxonomy":"product_cat","embeddable":true,"href":"https:\/\/hi-techwonder.com\/es\/wp-json\/wp\/v2\/product_cat?post=74869"},{"taxonomy":"product_tag","embeddable":true,"href":"https:\/\/hi-techwonder.com\/es\/wp-json\/wp\/v2\/product_tag?post=74869"}],"curies":[{"name":"wp","href":"https:\/\/api.w.org\/{rel}","templated":true}]}}