{"id":74875,"date":"2025-07-29T10:21:05","date_gmt":"2025-07-29T10:21:05","guid":{"rendered":"https:\/\/fv6qoy3ls0.wpdns.site\/product\/magmod-xl-maggrid-20\/"},"modified":"2025-07-29T10:21:05","modified_gmt":"2025-07-29T10:21:05","slug":"magmod-xl-maggrid-20","status":"publish","type":"product","link":"https:\/\/hi-techwonder.com\/es\/producto\/magmod-xl-maggrid-20\/","title":{"rendered":"MAGMOD XL MagGrid 20"},"content":{"rendered":"<h3><strong>MAGMOD XL MagGrid 20<\/strong><\/h3>\n<ul>\n<li>Funciona con el reflector XL<\/li>\n<li>Rejilla de nido de abeja para destellos estrobosc\u00f3picos<\/li>\n<li>Disminuye el \u00e1ngulo del haz a 20\u00b0<\/li>\n<li>Accesorio magn\u00e9tico<\/li>\n<li>Se puede mezclar con otros modificadores MagMod<\/li>\n<li>Dise\u00f1o de caucho de silicona duradero<\/li>\n<\/ul>\n<p><iframe loading=\"lazy\" src=\"https:\/\/www.youtube.com\/embed\/Y_44c0fnpgM\" width=\"560\" height=\"314\" allowfullscreen=\"allowfullscreen\"><\/iframe><\/p>\n<p>Este MagGrid XL de MagMod es una rejilla de panal que limita la propagaci\u00f3n del flash estrobosc\u00f3pico a concentrados de 20\u00b0. La versi\u00f3n XL utiliza el mismo dise\u00f1o de caucho de silicona modular magn\u00e9tico de alta calidad que el MagGrid 2 original de la marca, pero se actualiza a flashes estrobosc\u00f3picos m\u00e1s grandes. Este modificador elimina los derrames de luz no deseados para que pueda capturar im\u00e1genes m\u00e1s limpias y consistentes.  <\/p>\n<p>Apilable con otros accesorios e incluso con otros MagGrids, le permite reducir a\u00fan m\u00e1s el \u00e1ngulo del haz. Puede conectar r\u00e1pidamente un MagGrid XL al Reflector XL disponible por separado para un control preciso sobre el \u00e1ngulo de luz. Construido para durar, el MagGrid XL altamente port\u00e1til est\u00e1 hecho de caucho de silicona para garantizar que las celdas de la rejilla no se da\u00f1en.  <\/p>\n<ul>\n<li>Las rejillas son accesorios imprescindibles para cualquier sistema de iluminaci\u00f3n. El haz de 20\u00b0 crea un cono de luz m\u00e1s estrecho. Si apilas dos cuadr\u00edculas juntas, tendr\u00e1s un control similar al de un snoot, extremadamente compacto.  <\/li>\n<li>Con el Reflector XL disponible por separado en tu flash, puedes conectar de forma instant\u00e1nea y silenciosa la rejilla magn\u00e9tica MagGrid XL para obtener un control preciso sobre el \u00e1ngulo de la luz.<\/li>\n<\/ul>\n<p><strong>Caracter\u00edsticas t\u00e9cnicas:<\/strong><\/p>\n<div class=\"group_fDXOr6EpR9\" style=\"box-sizing: inherit; margin-bottom: 2.1875rem; font-family: OpenSans, 'Segoe UI', Helvetica, Roboto, Arial, sans-serif; font-size: 16px; background-color: #ffffff;\">\n<table class=\"table_fDXOr6EpR9\" style=\"box-sizing: inherit; width: 936.657px; height: 110px;\" data-selenium=\"specsItemGroupTable\">\n<tbody style=\"box-sizing: inherit;\">\n<tr style=\"height: 22px;\">\n<td style=\"padding: 1.25rem 0px; border-top: none; box-sizing: inherit; width: 355.928px; color: #666666; font-size: 1.125rem; line-height: 1.375rem; vertical-align: baseline; height: 22px;\">Tipo de art\u00edculo<\/td>\n<td style=\"padding: 1.25rem 0px 1.25rem 2.5rem; box-sizing: inherit; color: #666666; font-size: 1.125rem; line-height: 1.375rem; vertical-align: baseline; height: 22px;\">\n<div class=\"expandableValue_KqJ3Q3GPKv\" style=\"box-sizing: inherit;\">Parrilla de nido de abeja<\/div>\n<\/td>\n<\/tr>\n<tr class=\"pair_KqJ3Q3GPKv\" style=\"box-sizing: inherit; border-bottom: 0.0625rem solid #e5e5e5; height: 22px;\" data-selenium=\"specsItemGroupTableRow\">\n<td class=\"label_KqJ3Q3GPKv \" style=\"padding: 1.25rem 0px; border-top: none; box-sizing: inherit; width: 355.928px; color: #666666; font-size: 1.125rem; line-height: 1.375rem; vertical-align: baseline; height: 22px;\" data-selenium=\"specsItemGroupTableColumnLabel\">Material&nbsp;<\/td>\n<td class=\"value_KqJ3Q3GPKv \" style=\"padding: 1.25rem 0px 1.25rem 2.5rem; box-sizing: inherit; color: #666666; font-size: 1.125rem; line-height: 1.375rem; vertical-align: baseline; height: 22px;\" data-selenium=\"specsItemGroupTableColumnValue\">\n<div class=\"expandableValue_KqJ3Q3GPKv\" style=\"box-sizing: inherit;\">Silicona<\/div>\n<\/td>\n<\/tr>\n<tr class=\"pair_KqJ3Q3GPKv\" style=\"box-sizing: inherit; border-bottom: 0.0625rem solid #e5e5e5; height: 22px;\" data-selenium=\"specsItemGroupTableRow\">\n<td class=\"label_KqJ3Q3GPKv\" style=\"padding: 1.25rem 0px; border-top: none; box-sizing: inherit; width: 355.928px; color: #666666; font-size: 1.125rem; line-height: 1.375rem; vertical-align: baseline; height: 22px;\" data-selenium=\"specsItemGroupTableColumnLabel\">\u00c1ngulo de cuadr\u00edcula<\/td>\n<td class=\"value_KqJ3Q3GPKv\" style=\"padding: 1.25rem 0px 1.25rem 2.5rem; box-sizing: inherit; color: #666666; font-size: 1.125rem; line-height: 1.375rem; vertical-align: baseline; height: 22px;\" data-selenium=\"specsItemGroupTableColumnValue\">\n<div class=\"expandableValue_KqJ3Q3GPKv\" style=\"box-sizing: inherit;\">20<\/div>\n<\/td>\n<\/tr>\n<tr class=\"pair_KqJ3Q3GPKv\" style=\"box-sizing: inherit; border-bottom: 0.0625rem solid #e5e5e5; height: 22px;\" data-selenium=\"specsItemGroupTableRow\">\n<td class=\"label_KqJ3Q3GPKv\" style=\"padding: 1.25rem 0px; border-top: none; box-sizing: inherit; width: 355.928px; color: #666666; font-size: 1.125rem; line-height: 1.375rem; vertical-align: baseline; height: 22px;\" data-selenium=\"specsItemGroupTableColumnLabel\">Dimensiones<\/td>\n<td class=\"value_KqJ3Q3GPKv\" style=\"padding: 1.25rem 0px 1.25rem 2.5rem; box-sizing: inherit; color: #666666; font-size: 1.125rem; line-height: 1.375rem; vertical-align: baseline; height: 22px;\" data-selenium=\"specsItemGroupTableColumnValue\">\n<div class=\"expandableValue_KqJ3Q3GPKv\" style=\"box-sizing: inherit;\">23,6 x 19,1 x 1,8 cm<\/div>\n<\/td>\n<\/tr>\n<tr class=\"pair_KqJ3Q3GPKv\" style=\"box-sizing: inherit; border-bottom: 0.0625rem solid #e5e5e5; height: 22px;\" data-selenium=\"specsItemGroupTableRow\">\n<td class=\"label_KqJ3Q3GPKv\" style=\"padding: 1.25rem 0px; border-top: none; box-sizing: inherit; width: 355.928px; color: #666666; font-size: 1.125rem; line-height: 1.375rem; vertical-align: baseline; height: 22px;\" data-selenium=\"specsItemGroupTableColumnLabel\">Peso<\/td>\n<td class=\"value_KqJ3Q3GPKv\" style=\"padding: 1.25rem 0px 1.25rem 2.5rem; box-sizing: inherit; color: #666666; font-size: 1.125rem; line-height: 1.375rem; vertical-align: baseline; height: 22px;\" data-selenium=\"specsItemGroupTableColumnValue\">\n<div class=\"expandableValue_KqJ3Q3GPKv\" style=\"box-sizing: inherit;\">408 gramos<\/div>\n<\/td>\n<\/tr>\n<\/tbody>\n<\/table>\n<\/div>\n","protected":false},"excerpt":{"rendered":"<p>MAGMOD XL MagGrid 20 Funciona con el reflector XL Rejilla de nido de abeja para destellos estrobosc\u00f3picos Disminuye el \u00e1ngulo<\/p>\n","protected":false},"featured_media":62015,"comment_status":"closed","ping_status":"open","template":"","meta":{"_acf_changed":false},"product_brand":[2594],"product_cat":[1005],"product_tag":[],"class_list":{"0":"post-74875","1":"product","2":"type-product","3":"status-publish","4":"has-post-thumbnail","6":"product_brand-magmod-es","7":"product_cat-otros-otros-modificadores","9":"first","10":"onbackorder","11":"taxable","12":"shipping-taxable","13":"purchasable","14":"product-type-simple"},"bundled_by":[],"bundle_stock_status":"onbackorder","bundle_stock_quantity":0,"bundle_virtual":false,"bundle_layout":"","bundle_add_to_cart_form_location":"","bundle_editable_in_cart":false,"bundle_sold_individually_context":"","bundle_item_grouping":"","bundle_min_size":"","bundle_max_size":"","bundle_price":[],"bundled_items":[],"bundle_sell_ids":[],"acf":[],"_links":{"self":[{"href":"https:\/\/hi-techwonder.com\/es\/wp-json\/wp\/v2\/product\/74875","targetHints":{"allow":["GET"]}}],"collection":[{"href":"https:\/\/hi-techwonder.com\/es\/wp-json\/wp\/v2\/product"}],"about":[{"href":"https:\/\/hi-techwonder.com\/es\/wp-json\/wp\/v2\/types\/product"}],"replies":[{"embeddable":true,"href":"https:\/\/hi-techwonder.com\/es\/wp-json\/wp\/v2\/comments?post=74875"}],"wp:featuredmedia":[{"embeddable":true,"href":"https:\/\/hi-techwonder.com\/es\/wp-json\/wp\/v2\/media\/62015"}],"wp:attachment":[{"href":"https:\/\/hi-techwonder.com\/es\/wp-json\/wp\/v2\/media?parent=74875"}],"wp:term":[{"taxonomy":"product_brand","embeddable":true,"href":"https:\/\/hi-techwonder.com\/es\/wp-json\/wp\/v2\/product_brand?post=74875"},{"taxonomy":"product_cat","embeddable":true,"href":"https:\/\/hi-techwonder.com\/es\/wp-json\/wp\/v2\/product_cat?post=74875"},{"taxonomy":"product_tag","embeddable":true,"href":"https:\/\/hi-techwonder.com\/es\/wp-json\/wp\/v2\/product_tag?post=74875"}],"curies":[{"name":"wp","href":"https:\/\/api.w.org\/{rel}","templated":true}]}}