{"id":74877,"date":"2025-07-29T10:19:38","date_gmt":"2025-07-29T10:19:38","guid":{"rendered":"https:\/\/fv6qoy3ls0.wpdns.site\/product\/magmod-xl-reflector\/"},"modified":"2025-07-29T10:19:38","modified_gmt":"2025-07-29T10:19:38","slug":"magmod-xl-reflector","status":"publish","type":"product","link":"https:\/\/hi-techwonder.com\/es\/producto\/magmod-xl-reflector\/","title":{"rendered":"MAGMOD XL Reflector"},"content":{"rendered":"<h3><strong>MAGMOD XL Reflector<\/strong><\/h3>\n<ul>\n<li>Reflector plegable<\/li>\n<li>Interior altamente reflectante<\/li>\n<li>Funciona con m\u00faltiples geles de c\u00fapula<\/li>\n<li>Se puede usar con otros modificadores MagMod<\/li>\n<li>Dise\u00f1o port\u00e1til<\/li>\n<li>Construcci\u00f3n de silicona duradera<\/li>\n<\/ul>\n<p><iframe loading=\"lazy\" src=\"https:\/\/www.youtube.com\/embed\/Y_44c0fnpgM\" width=\"560\" height=\"314\" allowfullscreen=\"allowfullscreen\"><\/iframe><\/p>\n<p>Dise\u00f1ado pensando en la versatilidad, el Reflector XL de MagMod es el primer reflector magn\u00e9tico plegable y gelificante para flashes estrobosc\u00f3picos. Con un interior recubierto de metal altamente reflectante, ofrece una calidad de luz constante y confiable. Compatible con otros modificadores MagMod, puede conectar magn\u00e9ticamente el MagSphere XL o MagGrids XL disponible por separado para obtener una luz m\u00e1s suave o mejor controlada. El Reflector XL es m\u00e1s port\u00e1til que los reflectores met\u00e1licos tradicionales, se pliega r\u00e1pidamente y es extremadamente f\u00e1cil de almacenar o transportar. Los fot\u00f3grafos pueden llevarlo a cualquier sesi\u00f3n de fotos para una modificaci\u00f3n de luz r\u00e1pida, conveniente y segura.    <\/p>\n<p><em>Modificador vers\u00e1til<\/em><\/p>\n<p>A diferencia de un reflector de metal tradicional, esta pieza plegable va un paso m\u00e1s all\u00e1 para crear dos patrones de luz \u00fanicos a partir de un solo modificador, lo que proporciona una versatilidad adicional. \u00daselo completamente extendido para lograr un haz enfocado y controlado que tambi\u00e9n elimina derrames. Cuando est\u00e1 completamente retra\u00eddo, funciona para crear una difusi\u00f3n m\u00e1s amplia de la luz a un \u00e1rea m\u00e1s grande.  <\/p>\n<p><em>Control din\u00e1mico del color<\/em><\/p>\n<p>El Reflector XL es parte de un sistema \u00fanico de modificadores estrobosc\u00f3picos que le permite agregar m\u00faltiples geles de c\u00fapula disponibles por separado para un control instant\u00e1neo sobre el color, la densidad y el tono de su flash.<\/p>\n<p><em>Durabilidad<\/em><\/p>\n<p>Hecho de silicona duradera con un anillo de acero endurecido incorporado, no hay necesidad de preocuparse por da\u00f1ar el reflector. Su dise\u00f1o resistente a las abolladuras est\u00e1 hecho para resistir impactos sin comprometer la calidad del reflector o la luz. <\/p>\n<p><em>Montura<\/em><\/p>\n<p>El Reflector XL viene con un adaptador Bowens extra\u00edble y ampliamente compatible. Un soporte de Profoto est\u00e1 disponible por separado para los usuarios de Profoto. <\/p>\n<p><strong>Caracter\u00edsticas t\u00e9cnicas:<\/strong><\/p>\n<div class=\"group_fDXOr6EpR9\" style=\"box-sizing: inherit; margin-bottom: 2.1875rem; font-family: OpenSans, 'Segoe UI', Helvetica, Roboto, Arial, sans-serif; font-size: 16px; background-color: #ffffff;\">\n<table class=\"table_fDXOr6EpR9\" style=\"box-sizing: inherit; width: 936.657px; height: 110px;\" data-selenium=\"specsItemGroupTable\">\n<tbody style=\"box-sizing: inherit;\">\n<tr style=\"height: 22px;\">\n<td style=\"padding: 1.25rem 0px; border-top: none; box-sizing: inherit; width: 355.928px; color: #666666; font-size: 1.125rem; line-height: 1.375rem; vertical-align: baseline; height: 22px;\">Tipo de<\/td>\n<p> art\u00edculo<\/p>\n<td style=\"padding: 1.25rem 0px 1.25rem 2.5rem; box-sizing: inherit; color: #666666; font-size: 1.125rem; line-height: 1.375rem; vertical-align: baseline; height: 22px;\">Reflector plegable<\/td>\n<\/tr>\n<tr class=\"pair_KqJ3Q3GPKv\" style=\"box-sizing: inherit; border-bottom: 0.0625rem solid #e5e5e5; height: 22px;\" data-selenium=\"specsItemGroupTableRow\">\n<td class=\"label_KqJ3Q3GPKv \" style=\"padding: 1.25rem 0px; border-top: none; box-sizing: inherit; width: 355.928px; color: #666666; font-size: 1.125rem; line-height: 1.375rem; vertical-align: baseline; height: 22px;\" data-selenium=\"specsItemGroupTableColumnLabel\">Material&nbsp;<\/td>\n<td class=\"value_KqJ3Q3GPKv \" style=\"padding: 1.25rem 0px 1.25rem 2.5rem; box-sizing: inherit; color: #666666; font-size: 1.125rem; line-height: 1.375rem; vertical-align: baseline; height: 22px;\" data-selenium=\"specsItemGroupTableColumnValue\">\n<div class=\"expandableValue_KqJ3Q3GPKv\" style=\"box-sizing: inherit;\">Silicona y acero<\/div>\n<\/td>\n<\/tr>\n<tr class=\"pair_KqJ3Q3GPKv\" style=\"box-sizing: inherit; border-bottom: 0.0625rem solid #e5e5e5; height: 22px;\" data-selenium=\"specsItemGroupTableRow\">\n<td class=\"label_KqJ3Q3GPKv\" style=\"padding: 1.25rem 0px; border-top: none; box-sizing: inherit; width: 355.928px; color: #666666; font-size: 1.125rem; line-height: 1.375rem; vertical-align: baseline; height: 22px;\" data-selenium=\"specsItemGroupTableColumnLabel\">Montaje trasero<\/td>\n<td class=\"value_KqJ3Q3GPKv\" style=\"padding: 1.25rem 0px 1.25rem 2.5rem; box-sizing: inherit; color: #666666; font-size: 1.125rem; line-height: 1.375rem; vertical-align: baseline; height: 22px;\" data-selenium=\"specsItemGroupTableColumnValue\">\n<div class=\"expandableValue_KqJ3Q3GPKv\" style=\"box-sizing: inherit;\">Bowens<\/div>\n<div class=\"expandableValue_KqJ3Q3GPKv\" style=\"box-sizing: inherit;\">Profoto <em>(se vende por separado)<\/em><\/div>\n<\/td>\n<\/tr>\n<tr class=\"pair_KqJ3Q3GPKv\" style=\"box-sizing: inherit; border-bottom: 0.0625rem solid #e5e5e5; height: 22px;\" data-selenium=\"specsItemGroupTableRow\">\n<td class=\"label_KqJ3Q3GPKv\" style=\"padding: 1.25rem 0px; border-top: none; box-sizing: inherit; width: 355.928px; color: #666666; font-size: 1.125rem; line-height: 1.375rem; vertical-align: baseline; height: 22px;\" data-selenium=\"specsItemGroupTableColumnLabel\">Dimensiones<\/td>\n<td class=\"value_KqJ3Q3GPKv\" style=\"padding: 1.25rem 0px 1.25rem 2.5rem; box-sizing: inherit; color: #666666; font-size: 1.125rem; line-height: 1.375rem; vertical-align: baseline; height: 22px;\" data-selenium=\"specsItemGroupTableColumnValue\">\n<div class=\"expandableValue_KqJ3Q3GPKv\" style=\"box-sizing: inherit;\">17,5 x 15 cm<\/div>\n<\/td>\n<\/tr>\n<tr class=\"pair_KqJ3Q3GPKv\" style=\"box-sizing: inherit; border-bottom: 0.0625rem solid #e5e5e5; height: 22px;\" data-selenium=\"specsItemGroupTableRow\">\n<td class=\"label_KqJ3Q3GPKv\" style=\"padding: 1.25rem 0px; border-top: none; box-sizing: inherit; width: 355.928px; color: #666666; font-size: 1.125rem; line-height: 1.375rem; vertical-align: baseline; height: 22px;\" data-selenium=\"specsItemGroupTableColumnLabel\">Peso<\/td>\n<td class=\"value_KqJ3Q3GPKv\" style=\"padding: 1.25rem 0px 1.25rem 2.5rem; box-sizing: inherit; color: #666666; font-size: 1.125rem; line-height: 1.375rem; vertical-align: baseline; height: 22px;\" data-selenium=\"specsItemGroupTableColumnValue\">\n<div class=\"expandableValue_KqJ3Q3GPKv\" style=\"box-sizing: inherit;\">425 gramos<\/div>\n<\/td>\n<\/tr>\n<\/tbody>\n<\/table>\n<\/div>\n","protected":false},"excerpt":{"rendered":"<p>MAGMOD XL Reflector Reflector plegable Interior altamente reflectante Funciona con m\u00faltiples geles de c\u00fapula Se puede usar con otros modificadores<\/p>\n","protected":false},"featured_media":61719,"comment_status":"closed","ping_status":"open","template":"","meta":{"_acf_changed":false},"product_brand":[2594],"product_cat":[1002],"product_tag":[],"class_list":{"0":"post-74877","1":"product","2":"type-product","3":"status-publish","4":"has-post-thumbnail","6":"product_brand-magmod-es","7":"product_cat-beauty-dish-es","9":"first","10":"onbackorder","11":"taxable","12":"shipping-taxable","13":"purchasable","14":"product-type-simple"},"bundled_by":[],"bundle_stock_status":"onbackorder","bundle_stock_quantity":0,"bundle_virtual":false,"bundle_layout":"","bundle_add_to_cart_form_location":"","bundle_editable_in_cart":false,"bundle_sold_individually_context":"","bundle_item_grouping":"","bundle_min_size":"","bundle_max_size":"","bundle_price":[],"bundled_items":[],"bundle_sell_ids":[],"acf":[],"_links":{"self":[{"href":"https:\/\/hi-techwonder.com\/es\/wp-json\/wp\/v2\/product\/74877","targetHints":{"allow":["GET"]}}],"collection":[{"href":"https:\/\/hi-techwonder.com\/es\/wp-json\/wp\/v2\/product"}],"about":[{"href":"https:\/\/hi-techwonder.com\/es\/wp-json\/wp\/v2\/types\/product"}],"replies":[{"embeddable":true,"href":"https:\/\/hi-techwonder.com\/es\/wp-json\/wp\/v2\/comments?post=74877"}],"wp:featuredmedia":[{"embeddable":true,"href":"https:\/\/hi-techwonder.com\/es\/wp-json\/wp\/v2\/media\/61719"}],"wp:attachment":[{"href":"https:\/\/hi-techwonder.com\/es\/wp-json\/wp\/v2\/media?parent=74877"}],"wp:term":[{"taxonomy":"product_brand","embeddable":true,"href":"https:\/\/hi-techwonder.com\/es\/wp-json\/wp\/v2\/product_brand?post=74877"},{"taxonomy":"product_cat","embeddable":true,"href":"https:\/\/hi-techwonder.com\/es\/wp-json\/wp\/v2\/product_cat?post=74877"},{"taxonomy":"product_tag","embeddable":true,"href":"https:\/\/hi-techwonder.com\/es\/wp-json\/wp\/v2\/product_tag?post=74877"}],"curies":[{"name":"wp","href":"https:\/\/api.w.org\/{rel}","templated":true}]}}