{"id":74878,"date":"2025-07-29T10:20:16","date_gmt":"2025-07-29T10:20:16","guid":{"rendered":"https:\/\/fv6qoy3ls0.wpdns.site\/product\/kit-de-gel-de-cupula-de-correccion-magmod-xl\/"},"modified":"2026-01-31T01:40:58","modified_gmt":"2026-01-31T01:40:58","slug":"magmod-kit-de-gel-de-cupula-de-correccion-magmod-xl","status":"publish","type":"product","link":"https:\/\/hi-techwonder.com\/es\/producto\/magmod-kit-de-gel-de-cupula-de-correccion-magmod-xl\/","title":{"rendered":"Kit de gel de c\u00fapula de correcci\u00f3n MAGMOD XL"},"content":{"rendered":"<h3><strong>Kit de gel de c\u00fapula de correcci\u00f3n MAGMOD XL<\/strong><\/h3>\n<ul>\n<li>Incluye seis filtros de gel de c\u00fapula apilables<\/li>\n<li>CTO completo, 1\/2 CTO y 1\/4 CTO Dome Gels&nbsp;<\/li>\n<li>Geles Full Blue, Plus Green y 8x ND Dome<\/li>\n<li>Se puede mezclar con otros modificadores MagMod<\/li>\n<li>Construcci\u00f3n ultraduradera y r\u00edgida<\/li>\n<li>Resistente a roturas<\/li>\n<\/ul>\n<p><strong>En la caja:<\/strong><\/p>\n<ul>\n<li>Gel domo CTO completo<\/li>\n<li>C\u00fapula de gel 1\/2 CTO&nbsp;<\/li>\n<li>C\u00fapula de gel 1\/4 CTO&nbsp;<\/li>\n<li>C\u00fapula de gel azul completo&nbsp;<\/li>\n<li>Gel Dome Full Plus Verde&nbsp;<\/li>\n<li>C\u00fapula de gel 8x ND&nbsp;<\/li>\n<\/ul>\n<p><iframe loading=\"lazy\" src=\"https:\/\/www.youtube.com\/embed\/Y_44c0fnpgM\" width=\"560\" height=\"314\" allowfullscreen=\"allowfullscreen\"><\/iframe><\/p>\n<p>Este kit de gel de c\u00fapula de correcci\u00f3n XL de MagMod es un conjunto de seis geles de c\u00fapula de correcci\u00f3n que incluye geles de c\u00fapula de CTO completos, 1\/2 CTO, 1\/4 de CTO, as\u00ed como geles de c\u00fapula azul completo, verde completo y 8x ND. Puede colocar un gel de c\u00fapula o apilar varios geles de c\u00fapula al mismo tiempo para ajustar el balance de color de su flash. Compatible con el sistema Reflector XL o MagBox Pro, este kit est\u00e1 dise\u00f1ado para ofrecer m\u00faltiples combinaciones de colores y una calibraci\u00f3n precisa del color para cualquier foto.  <\/p>\n<p>Estos geles de c\u00fapula se pueden ensamblar, intercambiar y mezclar r\u00e1pidamente con otros modificadores MagMod para una personalizaci\u00f3n a\u00fan mayor de su configuraci\u00f3n. Este kit de gel de c\u00fapula de correcci\u00f3n es parte del \u00fanico sistema de gel personalizado que le permite apilar m\u00faltiples colores de gel para usar en pr\u00e1cticamente cualquier luz estrobosc\u00f3pica. Est\u00e1n hechos de policarbonato r\u00edgido y duradero y son pr\u00e1cticamente indestructibles. Si se caen, no tiene que preocuparse por el da\u00f1o que les cause.   <\/p>\n<ul>\n<li>Estos geles de c\u00fapula son compatibles con el MagMod Reflector XL disponible por separado, as\u00ed como con las cajas de luz MagBox Pro.<\/li>\n<li>Los fot\u00f3grafos apreciar\u00e1n este kit para lograr un nivel profesional de control del color. Los geles de c\u00fapula de MagMod est\u00e1n cuidadosamente formulados para proporcionar el equilibrio de color m\u00e1s preciso. Adem\u00e1s, son compatibles con los Pro Gels de la marca para flashes de flash.  <\/li>\n<li>Construidos para durar, los geles de c\u00fapula incluidos est\u00e1n hechos de un material de policarbonato r\u00edgido que es pr\u00e1cticamente irrompible y resistente a los golpes.<\/li>\n<\/ul>\n<p><strong>Caracter\u00edsticas t\u00e9cnicas:<\/strong><\/p>\n<div class=\"group_fDXOr6EpR9\" style=\"margin-bottom: 2.1875rem;font-family: OpenSans, 'Segoe UI', Helvetica, Roboto, Arial, sans-serif;font-size: 16px;background-color: #ffffff\">\n<div class=\"name_fDXOr6EpR9 firstGroupInItem_fDXOr6EpR9\" style=\"border-bottom: 0.125rem solid #cccccc;color: #3f9a59;font-size: 2rem;line-height: 2rem;padding: 0px 0px 0.875rem\" data-selenium=\"specsItemGroupName\">General<\/div>\n<table class=\"table_fDXOr6EpR9\" style=\"width: 937px\" data-selenium=\"specsItemGroupTable\">\n<tbody>\n<tr class=\"pair_KqJ3Q3GPKv\" style=\"border-bottom: 0.0625rem solid #e5e5e5\" data-selenium=\"specsItemGroupTableRow\">\n<td class=\"label_KqJ3Q3GPKv \" style=\"border-top: none;padding: 1.25rem 0px;width: 355.927px;color: #666666;font-size: 1.125rem;line-height: 1.375rem;vertical-align: baseline\" data-selenium=\"specsItemGroupTableColumnLabel\">Color\/Efecto<\/td>\n<td class=\"value_KqJ3Q3GPKv \" style=\"color: #666666;font-size: 1.125rem;line-height: 1.375rem;vertical-align: baseline;padding: 1.25rem 0px 1.25rem 2.5rem;width: 539.396px\" data-selenium=\"specsItemGroupTableColumnValue\">\n<div class=\"expandableValue_KqJ3Q3GPKv\">Geles de c\u00fapula CT<\/div>\n<\/td>\n<\/tr>\n<\/tbody>\n<\/table>\n<\/div>\n<div class=\"group_fDXOr6EpR9\" style=\"margin-bottom: 2.1875rem;font-family: OpenSans, 'Segoe UI', Helvetica, Roboto, Arial, sans-serif;font-size: 16px;background-color: #ffffff\">\n<div class=\"name_fDXOr6EpR9\" style=\"border-bottom: 0.125rem solid #cccccc;color: #3f9a59;font-size: 2rem;line-height: 2rem;padding: 1rem 0px 0.875rem\" data-selenium=\"specsItemGroupName\">F\u00edsico<\/div>\n<table class=\"table_fDXOr6EpR9\" style=\"width: 936.657px\" data-selenium=\"specsItemGroupTable\">\n<tbody>\n<tr class=\"pair_KqJ3Q3GPKv\" style=\"border-bottom: 0.0625rem solid #e5e5e5\" data-selenium=\"specsItemGroupTableRow\">\n<td class=\"label_KqJ3Q3GPKv \" style=\"border-top: none;padding: 1.25rem 0px;width: 355.928px;color: #666666;font-size: 1.125rem;line-height: 1.375rem;vertical-align: baseline\" data-selenium=\"specsItemGroupTableColumnLabel\">Material&nbsp;<\/td>\n<td class=\"value_KqJ3Q3GPKv \" style=\"color: #666666;font-size: 1.125rem;line-height: 1.375rem;vertical-align: baseline;padding: 1.25rem 0px 1.25rem 2.5rem\" data-selenium=\"specsItemGroupTableColumnValue\">\n<div class=\"expandableValue_KqJ3Q3GPKv\">Policarbonato<\/div>\n<\/td>\n<\/tr>\n<tr class=\"pair_KqJ3Q3GPKv\" style=\"border-bottom: 0.0625rem solid #e5e5e5\" data-selenium=\"specsItemGroupTableRow\">\n<td class=\"label_KqJ3Q3GPKv\" style=\"border-top: none;padding: 1.25rem 0px;width: 355.928px;color: #666666;font-size: 1.125rem;line-height: 1.375rem;vertical-align: baseline\" data-selenium=\"specsItemGroupTableColumnLabel\">Forma<\/td>\n<td class=\"value_KqJ3Q3GPKv\" style=\"color: #666666;font-size: 1.125rem;line-height: 1.375rem;vertical-align: baseline;padding: 1.25rem 0px 1.25rem 2.5rem\" data-selenium=\"specsItemGroupTableColumnValue\">\n<div class=\"expandableValue_KqJ3Q3GPKv\">C\u00fapula circular<\/div>\n<\/td>\n<\/tr>\n<tr class=\"pair_KqJ3Q3GPKv\" style=\"border-bottom: 0.0625rem solid #e5e5e5\" data-selenium=\"specsItemGroupTableRow\">\n<td class=\"label_KqJ3Q3GPKv\" style=\"border-top: none;padding: 1.25rem 0px;width: 355.928px;color: #666666;font-size: 1.125rem;line-height: 1.375rem;vertical-align: baseline\" data-selenium=\"specsItemGroupTableColumnLabel\">Dimensiones<\/td>\n<td class=\"value_KqJ3Q3GPKv\" style=\"color: #666666;font-size: 1.125rem;line-height: 1.375rem;vertical-align: baseline;padding: 1.25rem 0px 1.25rem 2.5rem\" data-selenium=\"specsItemGroupTableColumnValue\">\n<div class=\"expandableValue_KqJ3Q3GPKv\">Ancho: 24,9 x Alto: 18,8 cm<\/div>\n<\/td>\n<\/tr>\n<tr class=\"pair_KqJ3Q3GPKv\" style=\"border-bottom: 0.0625rem solid #e5e5e5\" data-selenium=\"specsItemGroupTableRow\">\n<td class=\"label_KqJ3Q3GPKv\" style=\"border-top: none;padding: 1.25rem 0px;width: 355.928px;color: #666666;font-size: 1.125rem;line-height: 1.375rem;vertical-align: baseline\" data-selenium=\"specsItemGroupTableColumnLabel\">Peso<\/td>\n<td class=\"value_KqJ3Q3GPKv\" style=\"color: #666666;font-size: 1.125rem;line-height: 1.375rem;vertical-align: baseline;padding: 1.25rem 0px 1.25rem 2.5rem\" data-selenium=\"specsItemGroupTableColumnValue\">\n<div class=\"expandableValue_KqJ3Q3GPKv\">363 gramos<\/div>\n<\/td>\n<\/tr>\n<\/tbody>\n<\/table>\n<\/div>\n","protected":false},"excerpt":{"rendered":"<p>Kit de gel de c\u00fapula de correcci\u00f3n MAGMOD XL Incluye seis filtros de gel de c\u00fapula apilables CTO completo, 1\/2<\/p>\n","protected":false},"featured_media":61868,"comment_status":"closed","ping_status":"open","template":"","meta":{"_acf_changed":false},"product_brand":[2594],"product_cat":[1003],"product_tag":[],"class_list":{"0":"post-74878","1":"product","2":"type-product","3":"status-publish","4":"has-post-thumbnail","6":"product_brand-magmod-es","7":"product_cat-filtros-geles","9":"first","10":"onbackorder","11":"taxable","12":"shipping-taxable","13":"purchasable","14":"product-type-simple"},"bundled_by":[],"bundle_stock_status":"onbackorder","bundle_stock_quantity":0,"bundle_virtual":false,"bundle_layout":"","bundle_add_to_cart_form_location":"","bundle_editable_in_cart":false,"bundle_sold_individually_context":"","bundle_item_grouping":"","bundle_min_size":"","bundle_max_size":"","bundle_price":[],"bundled_items":[],"bundle_sell_ids":[],"acf":[],"_links":{"self":[{"href":"https:\/\/hi-techwonder.com\/es\/wp-json\/wp\/v2\/product\/74878","targetHints":{"allow":["GET"]}}],"collection":[{"href":"https:\/\/hi-techwonder.com\/es\/wp-json\/wp\/v2\/product"}],"about":[{"href":"https:\/\/hi-techwonder.com\/es\/wp-json\/wp\/v2\/types\/product"}],"replies":[{"embeddable":true,"href":"https:\/\/hi-techwonder.com\/es\/wp-json\/wp\/v2\/comments?post=74878"}],"wp:featuredmedia":[{"embeddable":true,"href":"https:\/\/hi-techwonder.com\/es\/wp-json\/wp\/v2\/media\/61868"}],"wp:attachment":[{"href":"https:\/\/hi-techwonder.com\/es\/wp-json\/wp\/v2\/media?parent=74878"}],"wp:term":[{"taxonomy":"product_brand","embeddable":true,"href":"https:\/\/hi-techwonder.com\/es\/wp-json\/wp\/v2\/product_brand?post=74878"},{"taxonomy":"product_cat","embeddable":true,"href":"https:\/\/hi-techwonder.com\/es\/wp-json\/wp\/v2\/product_cat?post=74878"},{"taxonomy":"product_tag","embeddable":true,"href":"https:\/\/hi-techwonder.com\/es\/wp-json\/wp\/v2\/product_tag?post=74878"}],"curies":[{"name":"wp","href":"https:\/\/api.w.org\/{rel}","templated":true}]}}