{"id":74880,"date":"2025-07-29T09:56:02","date_gmt":"2025-07-29T09:56:02","guid":{"rendered":"https:\/\/fv6qoy3ls0.wpdns.site\/product\/kit-estroboscopico-profesional-magmod-xl\/"},"modified":"2026-03-05T10:05:09","modified_gmt":"2026-03-05T10:05:09","slug":"magmod-kit-estroboscopico-profesional-magmod-xl","status":"publish","type":"product","link":"https:\/\/hi-techwonder.com\/es\/producto\/magmod-kit-estroboscopico-profesional-magmod-xl\/","title":{"rendered":"Kit estrobosc\u00f3pico profesional MAGMOD XL"},"content":{"rendered":"<h3><strong>Kit estrobosc\u00f3pico profesional MAGMOD XL<\/strong><\/h3>\n<ul>\n<li>Control total de la luz para luces estrobosc\u00f3picas de estudio<\/li>\n<li>Incluye Reflector XL y MagSphere XL<\/li>\n<li>Incluye MagGrids XL 20\u00b0 y 40\u00b0<\/li>\n<li>Incluye tres geles de c\u00fapula<\/li>\n<li>Incluye estuche XL<\/li>\n<li>Reflector XL plegable y port\u00e1til<\/li>\n<li>MagSphere XL para luz omnidireccional<\/li>\n<li>Modificadores magn\u00e9ticos<\/li>\n<\/ul>\n<p><iframe loading=\"lazy\" src=\"https:\/\/www.youtube.com\/embed\/Y_44c0fnpgM\" width=\"560\" height=\"314\" allowfullscreen=\"allowfullscreen\"><\/iframe><\/p>\n<p><strong>En la caja:<\/strong><\/p>\n<ul>\n<li>Magmod XL Reflector<\/li>\n<li>Magmod XL MagSphere<\/li>\n<li>Magmod XL MagGrid 40<\/li>\n<li>Magmod XL MagGrid 20<\/li>\n<li>Magmod XL Gel Dome Full CTO<\/li>\n<li>Magmod XL C\u00fapula de gel CTO 1\/2<\/li>\n<li>Magmod XL C\u00fapula de gel CTO 1\/4<\/li>\n<li>Estuche Magmod XL<\/li>\n<\/ul>\n<p>Dise\u00f1ado para dar a los fot\u00f3grafos un control total de la luz, el kit estrobosc\u00f3pico profesional XL de MagMod incluye algunos de los modificadores clave del exclusivo sistema MagMod XL. El kit combina el Reflector XL plegable y altamente port\u00e1til con un MagSphere XL para una fuente de luz suave y omnidireccional. Se proporcionan dos XL MagGrids para cambiar el \u00e1ngulo del haz de la luz estrobosc\u00f3pica a 20\u00b0 o 40\u00b0 m\u00e1s concentrados. El kit tambi\u00e9n viene con un conjunto de geles duraderos ?? 1\/2, 1\/4 y c\u00fapula completa. El estuche XL incluido es una forma conveniente de almacenar y transportar sus herramientas.<\/p>\n<p>Puede obtener m\u00e1s informaci\u00f3n sobre cada uno de los elementos de este kit en los siguientes enlaces:<\/p>\n<p><a href=\"https:\/\/hi-techwonder.com\/magmod-xl-reflector\">MAGMOD XL Reflector&nbsp;<\/a><\/p>\n<p><a href=\"https:\/\/hi-techwonder.com\/magmod-xl-magsphere\">MAGMOD XL MagSphere<\/a><\/p>\n<p><a href=\"https:\/\/hi-techwonder.com\/magmod-xl-maggrid-40\">MAGMOD XL MagGrid 40<\/a><\/p>\n<p><a href=\"https:\/\/hi-techwonder.com\/magmod-xl-maggrid-20\">MAGMOD XL MagGrid 20<\/a><\/p>\n<p><a href=\"https:\/\/hi-techwonder.com\/magmod-xl-gel-dome-full-cto\">MAGMOD XL Gel Dome Full CTO<\/a><\/p>\n<p><a href=\"https:\/\/hi-techwonder.com\/magmod-xl-gel-dome-cto-1\/2\">MAGMOD XL Dome Gel CTO 1\/2<\/a><\/p>\n<p><a href=\"MAGMOD%20XL%20Gel%20Dome%20CTO%201\/4\">MAGMOD XL Gel de c\u00fapula CTO 1\/4<\/a><\/p>\n<p><a href=\"https:\/\/hi-techwonder.com\/magmod-xl-estojo\">Estuche MAGMOD XL<\/a><\/p>\n","protected":false},"excerpt":{"rendered":"<p>Kit estrobosc\u00f3pico profesional MAGMOD XL Control total de la luz para luces estrobosc\u00f3picas de estudio Incluye Reflector XL y MagSphere<\/p>\n","protected":false},"featured_media":56114,"comment_status":"closed","ping_status":"closed","template":"","meta":{"_acf_changed":false},"product_brand":[2594],"product_cat":[987],"product_tag":[],"class_list":{"0":"post-74880","1":"product","2":"type-product","3":"status-publish","4":"has-post-thumbnail","6":"product_brand-magmod-es","7":"product_cat-accesorios-flashes-de-estudio","9":"first","10":"onbackorder","11":"taxable","12":"shipping-taxable","13":"purchasable","14":"product-type-simple"},"bundled_by":[],"bundle_stock_status":"onbackorder","bundle_stock_quantity":null,"bundle_virtual":false,"bundle_layout":"","bundle_add_to_cart_form_location":"","bundle_editable_in_cart":false,"bundle_sold_individually_context":"","bundle_item_grouping":"","bundle_min_size":"","bundle_max_size":"","bundle_price":[],"bundled_items":[],"bundle_sell_ids":[],"acf":[],"_links":{"self":[{"href":"https:\/\/hi-techwonder.com\/es\/wp-json\/wp\/v2\/product\/74880","targetHints":{"allow":["GET"]}}],"collection":[{"href":"https:\/\/hi-techwonder.com\/es\/wp-json\/wp\/v2\/product"}],"about":[{"href":"https:\/\/hi-techwonder.com\/es\/wp-json\/wp\/v2\/types\/product"}],"replies":[{"embeddable":true,"href":"https:\/\/hi-techwonder.com\/es\/wp-json\/wp\/v2\/comments?post=74880"}],"wp:featuredmedia":[{"embeddable":true,"href":"https:\/\/hi-techwonder.com\/es\/wp-json\/wp\/v2\/media\/56114"}],"wp:attachment":[{"href":"https:\/\/hi-techwonder.com\/es\/wp-json\/wp\/v2\/media?parent=74880"}],"wp:term":[{"taxonomy":"product_brand","embeddable":true,"href":"https:\/\/hi-techwonder.com\/es\/wp-json\/wp\/v2\/product_brand?post=74880"},{"taxonomy":"product_cat","embeddable":true,"href":"https:\/\/hi-techwonder.com\/es\/wp-json\/wp\/v2\/product_cat?post=74880"},{"taxonomy":"product_tag","embeddable":true,"href":"https:\/\/hi-techwonder.com\/es\/wp-json\/wp\/v2\/product_tag?post=74880"}],"curies":[{"name":"wp","href":"https:\/\/api.w.org\/{rel}","templated":true}]}}