{"id":74881,"date":"2025-07-29T10:21:13","date_gmt":"2025-07-29T10:21:13","guid":{"rendered":"https:\/\/fv6qoy3ls0.wpdns.site\/product\/magmod-xl-magsphere\/"},"modified":"2025-09-25T16:20:42","modified_gmt":"2025-09-25T16:20:42","slug":"magmod-xl-magsphere","status":"publish","type":"product","link":"https:\/\/hi-techwonder.com\/es\/producto\/magmod-xl-magsphere\/","title":{"rendered":"MAGMOD XL MagSphere"},"content":{"rendered":"<h3><strong>MAGMOD XL MagSphere&nbsp;<\/strong><\/h3>\n<ul>\n<li>Funciona con el reflector XL<\/li>\n<li>Da forma al flash en luz omnidireccional<\/li>\n<li>Proporciona una luz suave y difusa<\/li>\n<li>Accesorio magn\u00e9tico<\/li>\n<li>Se puede usar con otros modificadores MagMod<\/li>\n<li>Dise\u00f1o de silicona flexible moldeada<\/li>\n<\/ul>\n<p><iframe loading=\"lazy\" src=\"https:\/\/www.youtube.com\/embed\/Y_44c0fnpgM\" width=\"560\" height=\"314\" allowfullscreen=\"allowfullscreen\"><\/iframe><\/p>\n<p>Dise\u00f1ado para funcionar a la perfecci\u00f3n en entornos de flash fuera de la c\u00e1mara o en el estudio, MagSphere XL de MagMod transforma su flash en una fuente de luz de l\u00e1mpara desnuda suave y omnidireccional. La versi\u00f3n XL utiliza las mismas caracter\u00edsticas y capacidades que el MagSphere 2 original de la marca, pero est\u00e1 optimizado para flashes estrobosc\u00f3picos m\u00e1s grandes cuando se usa con el Reflector XL o MagRing 2 disponible por separado. <\/p>\n<p>Este modificador m\u00e1s grande ofrece una difusi\u00f3n eficiente sin sacrificar el rendimiento, lo que lo convierte en una alternativa \u00fatil a las cajas de luz peque\u00f1as. Apilable con otros accesorios MagMod, puede conectar r\u00e1pidamente un MagSphere XL al Reflector XL disponible por separado para obtener una calidad de luz hermosa y suave. Construido para durar, el MagSphere XL altamente port\u00e1til est\u00e1 hecho de silicona flexible moldeada con una base magn\u00e9tica para que pueda cambiar r\u00e1pidamente los modificadores.  <\/p>\n<p><strong>Caracter\u00edsticas t\u00e9cnicas:<\/strong><\/p>\n<div class=\"group_fDXOr6EpR9\" style=\"box-sizing: inherit; margin-bottom: 2.1875rem; font-family: OpenSans, 'Segoe UI', Helvetica, Roboto, Arial, sans-serif; font-size: 16px; background-color: #ffffff;\">\n<table class=\"table_fDXOr6EpR9\" style=\"box-sizing: inherit; width: 936.657px; height: 110px;\" data-selenium=\"specsItemGroupTable\">\n<tbody style=\"box-sizing: inherit;\">\n<tr style=\"height: 22px;\">\n<td style=\"padding: 1.25rem 0px; border-top: none; box-sizing: inherit; width: 355.928px; color: #666666; font-size: 1.125rem; line-height: 1.375rem; vertical-align: baseline; height: 22px;\">Color\/Efecto<\/td>\n<td style=\"padding: 1.25rem 0px 1.25rem 2.5rem; box-sizing: inherit; color: #666666; font-size: 1.125rem; line-height: 1.375rem; vertical-align: baseline; height: 22px;\">Difusi\u00f3n<\/td>\n<\/tr>\n<tr class=\"pair_KqJ3Q3GPKv\" style=\"box-sizing: inherit; border-bottom: 0.0625rem solid #e5e5e5; height: 22px;\" data-selenium=\"specsItemGroupTableRow\">\n<td class=\"label_KqJ3Q3GPKv \" style=\"padding: 1.25rem 0px; border-top: none; box-sizing: inherit; width: 355.928px; color: #666666; font-size: 1.125rem; line-height: 1.375rem; vertical-align: baseline; height: 22px;\" data-selenium=\"specsItemGroupTableColumnLabel\">Material&nbsp;<\/td>\n<td class=\"value_KqJ3Q3GPKv \" style=\"padding: 1.25rem 0px 1.25rem 2.5rem; box-sizing: inherit; color: #666666; font-size: 1.125rem; line-height: 1.375rem; vertical-align: baseline; height: 22px;\" data-selenium=\"specsItemGroupTableColumnValue\">\n<div class=\"expandableValue_KqJ3Q3GPKv\" style=\"box-sizing: inherit;\">Silicona<\/div>\n<\/td>\n<\/tr>\n<tr class=\"pair_KqJ3Q3GPKv\" style=\"box-sizing: inherit; border-bottom: 0.0625rem solid #e5e5e5; height: 22px;\" data-selenium=\"specsItemGroupTableRow\">\n<td class=\"label_KqJ3Q3GPKv\" style=\"padding: 1.25rem 0px; border-top: none; box-sizing: inherit; width: 355.928px; color: #666666; font-size: 1.125rem; line-height: 1.375rem; vertical-align: baseline; height: 22px;\" data-selenium=\"specsItemGroupTableColumnLabel\">Tipo de accesorio<\/td>\n<td class=\"value_KqJ3Q3GPKv\" style=\"padding: 1.25rem 0px 1.25rem 2.5rem; box-sizing: inherit; color: #666666; font-size: 1.125rem; line-height: 1.375rem; vertical-align: baseline; height: 22px;\" data-selenium=\"specsItemGroupTableColumnValue\">\n<div class=\"expandableValue_KqJ3Q3GPKv\" style=\"box-sizing: inherit;\">Magn\u00e9tico<\/div>\n<\/td>\n<\/tr>\n<tr class=\"pair_KqJ3Q3GPKv\" style=\"box-sizing: inherit; border-bottom: 0.0625rem solid #e5e5e5; height: 22px;\" data-selenium=\"specsItemGroupTableRow\">\n<td class=\"label_KqJ3Q3GPKv\" style=\"padding: 1.25rem 0px; border-top: none; box-sizing: inherit; width: 355.928px; color: #666666; font-size: 1.125rem; line-height: 1.375rem; vertical-align: baseline; height: 22px;\" data-selenium=\"specsItemGroupTableColumnLabel\">Dimensiones<\/td>\n<td class=\"value_KqJ3Q3GPKv\" style=\"padding: 1.25rem 0px 1.25rem 2.5rem; box-sizing: inherit; color: #666666; font-size: 1.125rem; line-height: 1.375rem; vertical-align: baseline; height: 22px;\" data-selenium=\"specsItemGroupTableColumnValue\">\n<div class=\"expandableValue_KqJ3Q3GPKv\" style=\"box-sizing: inherit;\">20,8 x 20,8 cm<\/div>\n<\/td>\n<\/tr>\n<tr class=\"pair_KqJ3Q3GPKv\" style=\"box-sizing: inherit; border-bottom: 0.0625rem solid #e5e5e5; height: 22px;\" data-selenium=\"specsItemGroupTableRow\">\n<td class=\"label_KqJ3Q3GPKv\" style=\"padding: 1.25rem 0px; border-top: none; box-sizing: inherit; width: 355.928px; color: #666666; font-size: 1.125rem; line-height: 1.375rem; vertical-align: baseline; height: 22px;\" data-selenium=\"specsItemGroupTableColumnLabel\">Peso<\/td>\n<td class=\"value_KqJ3Q3GPKv\" style=\"padding: 1.25rem 0px 1.25rem 2.5rem; box-sizing: inherit; color: #666666; font-size: 1.125rem; line-height: 1.375rem; vertical-align: baseline; height: 22px;\" data-selenium=\"specsItemGroupTableColumnValue\">\n<div class=\"expandableValue_KqJ3Q3GPKv\" style=\"box-sizing: inherit;\">680 gramos<\/div>\n<\/td>\n<\/tr>\n<\/tbody>\n<\/table>\n<\/div>\n","protected":false},"excerpt":{"rendered":"<p>MAGMOD XL MagSphere&nbsp; Funciona con el reflector XL Da forma al flash en luz omnidireccional Proporciona una luz suave y<\/p>\n","protected":false},"featured_media":62037,"comment_status":"closed","ping_status":"open","template":"","meta":{"_acf_changed":false},"product_brand":[2594],"product_cat":[1005],"product_tag":[],"class_list":{"0":"post-74881","1":"product","2":"type-product","3":"status-publish","4":"has-post-thumbnail","6":"product_brand-magmod-es","7":"product_cat-otros-otros-modificadores","9":"first","10":"instock","11":"taxable","12":"shipping-taxable","13":"purchasable","14":"product-type-simple"},"bundled_by":[],"bundle_stock_status":"instock","bundle_stock_quantity":1,"bundle_virtual":false,"bundle_layout":"","bundle_add_to_cart_form_location":"","bundle_editable_in_cart":false,"bundle_sold_individually_context":"","bundle_item_grouping":"","bundle_min_size":"","bundle_max_size":"","bundle_price":[],"bundled_items":[],"bundle_sell_ids":[],"acf":[],"_links":{"self":[{"href":"https:\/\/hi-techwonder.com\/es\/wp-json\/wp\/v2\/product\/74881","targetHints":{"allow":["GET"]}}],"collection":[{"href":"https:\/\/hi-techwonder.com\/es\/wp-json\/wp\/v2\/product"}],"about":[{"href":"https:\/\/hi-techwonder.com\/es\/wp-json\/wp\/v2\/types\/product"}],"replies":[{"embeddable":true,"href":"https:\/\/hi-techwonder.com\/es\/wp-json\/wp\/v2\/comments?post=74881"}],"wp:featuredmedia":[{"embeddable":true,"href":"https:\/\/hi-techwonder.com\/es\/wp-json\/wp\/v2\/media\/62037"}],"wp:attachment":[{"href":"https:\/\/hi-techwonder.com\/es\/wp-json\/wp\/v2\/media?parent=74881"}],"wp:term":[{"taxonomy":"product_brand","embeddable":true,"href":"https:\/\/hi-techwonder.com\/es\/wp-json\/wp\/v2\/product_brand?post=74881"},{"taxonomy":"product_cat","embeddable":true,"href":"https:\/\/hi-techwonder.com\/es\/wp-json\/wp\/v2\/product_cat?post=74881"},{"taxonomy":"product_tag","embeddable":true,"href":"https:\/\/hi-techwonder.com\/es\/wp-json\/wp\/v2\/product_tag?post=74881"}],"curies":[{"name":"wp","href":"https:\/\/api.w.org\/{rel}","templated":true}]}}