{"id":74882,"date":"2025-07-29T10:20:16","date_gmt":"2025-07-29T10:20:16","guid":{"rendered":"https:\/\/fv6qoy3ls0.wpdns.site\/product\/difusor-de-cupula-de-gel-magmod-xl\/"},"modified":"2026-01-31T01:41:00","modified_gmt":"2026-01-31T01:41:00","slug":"magmod-difusor-de-cupula-de-gel-magmod-xl","status":"publish","type":"product","link":"https:\/\/hi-techwonder.com\/es\/producto\/magmod-difusor-de-cupula-de-gel-magmod-xl\/","title":{"rendered":"Difusor de c\u00fapula de gel MAGMOD XL"},"content":{"rendered":"<h3><strong>Difusor de c\u00fapula de gel MAGMOD XL<\/strong><\/h3>\n<ul>\n<li>Funciona con Reflector XL o MagBox Pro<\/li>\n<li>Gel de c\u00fapula para luz difusa<\/li>\n<li>Suaviza y distribuye la luz de manera uniforme<\/li>\n<li>Se puede mezclar con otros modificadores MagMod<\/li>\n<li>Construcci\u00f3n ultraduradera y r\u00edgida<\/li>\n<li>Resistente a roturas<\/li>\n<\/ul>\n<p><iframe loading=\"lazy\" src=\"https:\/\/www.youtube.com\/embed\/Y_44c0fnpgM\" width=\"560\" height=\"314\" allowfullscreen=\"allowfullscreen\"><\/iframe><\/p>\n<p>Compatible con el sistema Reflector XL o MagBox Pro, este Difusor de Gel de C\u00fapula XL de MagMod est\u00e1 dise\u00f1ado para difundir la luz fuerte, suavizando y difundiendo la luz de manera uniforme. Se puede ensamblar, intercambiar y mezclar r\u00e1pidamente con otros modificadores MagMod para una personalizaci\u00f3n a\u00fan mayor de su configuraci\u00f3n. El difusor de gel Dome es parte del \u00fanico sistema de gel personalizado que le permite apilar varios geles para usar en pr\u00e1cticamente cualquier flash estrobosc\u00f3pico.  <\/p>\n<ul>\n<li>Este gel de c\u00fapula difusora es compatible con el MagMod Reflector XL disponible por separado, as\u00ed como con las cajas de luz MagBox Pro.<\/li>\n<li>Construido para durar, este gel de c\u00fapula difusora est\u00e1 hecho de un material de policarbonato r\u00edgido que es pr\u00e1cticamente irrompible y resistente a los golpes.<\/li>\n<\/ul>\n<p><strong>Caracter\u00edsticas t\u00e9cnicas:<\/strong><\/p>\n<div class=\"group_fDXOr6EpR9\" style=\"margin-bottom: 2.1875rem;font-family: OpenSans, 'Segoe UI', Helvetica, Roboto, Arial, sans-serif;font-size: 16px;background-color: #ffffff\">&nbsp;<\/div>\n<div class=\"group_fDXOr6EpR9\" style=\"margin-bottom: 2.1875rem;font-family: OpenSans, 'Segoe UI', Helvetica, Roboto, Arial, sans-serif;font-size: 16px;background-color: #ffffff\">\n<table class=\"table_fDXOr6EpR9\" style=\"width: 936.657px\" data-selenium=\"specsItemGroupTable\">\n<tbody>\n<tr>\n<td style=\"padding: 1.25rem 0px;border-top: none;width: 355.928px;color: #666666;font-size: 1.125rem;line-height: 1.375rem;vertical-align: baseline\">Color\/Efecto<\/td>\n<td style=\"padding: 1.25rem 0px 1.25rem 2.5rem;color: #666666;font-size: 1.125rem;line-height: 1.375rem;vertical-align: baseline\">\n<div class=\"expandableValue_KqJ3Q3GPKv\">Difusor<\/div>\n<\/td>\n<\/tr>\n<tr>\n<td style=\"padding: 1.25rem 0px;border-top: none;width: 355.928px;color: #666666;font-size: 1.125rem;line-height: 1.375rem;vertical-align: baseline\">Resistencia al calor<\/td>\n<td style=\"padding: 1.25rem 0px 1.25rem 2.5rem;color: #666666;font-size: 1.125rem;line-height: 1.375rem;vertical-align: baseline\">\n<div class=\"expandableValue_KqJ3Q3GPKv\">S\u00ed<\/div>\n<\/td>\n<\/tr>\n<tr class=\"pair_KqJ3Q3GPKv\" style=\"border-bottom: 0.0625rem solid #e5e5e5\" data-selenium=\"specsItemGroupTableRow\">\n<td class=\"label_KqJ3Q3GPKv \" style=\"padding: 1.25rem 0px;border-top: none;width: 355.928px;color: #666666;font-size: 1.125rem;line-height: 1.375rem;vertical-align: baseline\" data-selenium=\"specsItemGroupTableColumnLabel\">Material&nbsp;<\/td>\n<td class=\"value_KqJ3Q3GPKv \" style=\"padding: 1.25rem 0px 1.25rem 2.5rem;color: #666666;font-size: 1.125rem;line-height: 1.375rem;vertical-align: baseline\" data-selenium=\"specsItemGroupTableColumnValue\">\n<div class=\"expandableValue_KqJ3Q3GPKv\">Policarbonato<\/div>\n<\/td>\n<\/tr>\n<tr class=\"pair_KqJ3Q3GPKv\" style=\"border-bottom: 0.0625rem solid #e5e5e5\" data-selenium=\"specsItemGroupTableRow\">\n<td class=\"label_KqJ3Q3GPKv\" style=\"padding: 1.25rem 0px;border-top: none;width: 355.928px;color: #666666;font-size: 1.125rem;line-height: 1.375rem;vertical-align: baseline\" data-selenium=\"specsItemGroupTableColumnLabel\">Forma<\/td>\n<td class=\"value_KqJ3Q3GPKv\" style=\"padding: 1.25rem 0px 1.25rem 2.5rem;color: #666666;font-size: 1.125rem;line-height: 1.375rem;vertical-align: baseline\" data-selenium=\"specsItemGroupTableColumnValue\">\n<div class=\"expandableValue_KqJ3Q3GPKv\">C\u00fapula circular<\/div>\n<\/td>\n<\/tr>\n<tr class=\"pair_KqJ3Q3GPKv\" style=\"border-bottom: 0.0625rem solid #e5e5e5\" data-selenium=\"specsItemGroupTableRow\">\n<td class=\"label_KqJ3Q3GPKv\" style=\"padding: 1.25rem 0px;border-top: none;width: 355.928px;color: #666666;font-size: 1.125rem;line-height: 1.375rem;vertical-align: baseline\" data-selenium=\"specsItemGroupTableColumnLabel\">Dimensiones<\/td>\n<td class=\"value_KqJ3Q3GPKv\" style=\"padding: 1.25rem 0px 1.25rem 2.5rem;color: #666666;font-size: 1.125rem;line-height: 1.375rem;vertical-align: baseline\" data-selenium=\"specsItemGroupTableColumnValue\">\n<div class=\"expandableValue_KqJ3Q3GPKv\">Ancho: 24,9 x Alto: 18,8 cm<\/div>\n<\/td>\n<\/tr>\n<tr class=\"pair_KqJ3Q3GPKv\" style=\"border-bottom: 0.0625rem solid #e5e5e5\" data-selenium=\"specsItemGroupTableRow\">\n<td class=\"label_KqJ3Q3GPKv\" style=\"padding: 1.25rem 0px;border-top: none;width: 355.928px;color: #666666;font-size: 1.125rem;line-height: 1.375rem;vertical-align: baseline\" data-selenium=\"specsItemGroupTableColumnLabel\">Peso<\/td>\n<td class=\"value_KqJ3Q3GPKv\" style=\"padding: 1.25rem 0px 1.25rem 2.5rem;color: #666666;font-size: 1.125rem;line-height: 1.375rem;vertical-align: baseline\" data-selenium=\"specsItemGroupTableColumnValue\">\n<div class=\"expandableValue_KqJ3Q3GPKv\">91 gramos<\/div>\n<\/td>\n<\/tr>\n<\/tbody>\n<\/table>\n<\/div>\n","protected":false},"excerpt":{"rendered":"<p>Difusor de c\u00fapula de gel MAGMOD XL Funciona con Reflector XL o MagBox Pro Gel de c\u00fapula para luz difusa<\/p>\n","protected":false},"featured_media":61873,"comment_status":"closed","ping_status":"open","template":"","meta":{"_acf_changed":false},"product_brand":[2594],"product_cat":[1003],"product_tag":[],"class_list":{"0":"post-74882","1":"product","2":"type-product","3":"status-publish","4":"has-post-thumbnail","6":"product_brand-magmod-es","7":"product_cat-filtros-geles","9":"first","10":"pre-order","11":"taxable","12":"shipping-taxable","13":"purchasable","14":"product-type-simple"},"bundled_by":[],"bundle_stock_status":"pre-order","bundle_stock_quantity":null,"bundle_virtual":false,"bundle_layout":"","bundle_add_to_cart_form_location":"","bundle_editable_in_cart":false,"bundle_sold_individually_context":"","bundle_item_grouping":"","bundle_min_size":"","bundle_max_size":"","bundle_price":[],"bundled_items":[],"bundle_sell_ids":[],"acf":[],"_links":{"self":[{"href":"https:\/\/hi-techwonder.com\/es\/wp-json\/wp\/v2\/product\/74882","targetHints":{"allow":["GET"]}}],"collection":[{"href":"https:\/\/hi-techwonder.com\/es\/wp-json\/wp\/v2\/product"}],"about":[{"href":"https:\/\/hi-techwonder.com\/es\/wp-json\/wp\/v2\/types\/product"}],"replies":[{"embeddable":true,"href":"https:\/\/hi-techwonder.com\/es\/wp-json\/wp\/v2\/comments?post=74882"}],"wp:featuredmedia":[{"embeddable":true,"href":"https:\/\/hi-techwonder.com\/es\/wp-json\/wp\/v2\/media\/61873"}],"wp:attachment":[{"href":"https:\/\/hi-techwonder.com\/es\/wp-json\/wp\/v2\/media?parent=74882"}],"wp:term":[{"taxonomy":"product_brand","embeddable":true,"href":"https:\/\/hi-techwonder.com\/es\/wp-json\/wp\/v2\/product_brand?post=74882"},{"taxonomy":"product_cat","embeddable":true,"href":"https:\/\/hi-techwonder.com\/es\/wp-json\/wp\/v2\/product_cat?post=74882"},{"taxonomy":"product_tag","embeddable":true,"href":"https:\/\/hi-techwonder.com\/es\/wp-json\/wp\/v2\/product_tag?post=74882"}],"curies":[{"name":"wp","href":"https:\/\/api.w.org\/{rel}","templated":true}]}}