{"id":74909,"date":"2025-07-29T09:30:17","date_gmt":"2025-07-29T09:30:17","guid":{"rendered":"https:\/\/fv6qoy3ls0.wpdns.site\/product\/laowa-20mm-f-4-zero-d-shift-nikon-z\/"},"modified":"2025-12-23T14:20:26","modified_gmt":"2025-12-23T14:20:26","slug":"laowa-20mm-f-4-zero-d-shift-nikon-z","status":"publish","type":"product","link":"https:\/\/hi-techwonder.com\/es\/producto\/laowa-20mm-f-4-zero-d-shift-nikon-z\/","title":{"rendered":"LAOWA 20mm f\/4 Zero-D Shift &#8211; Nikon Z"},"content":{"rendered":"<h3><strong>LAOWA 20mm f\/4 Zero-D Shift &#8211; <\/strong>Nikon Z<\/h3>\n<ul>\n<li>Lente Nikon con montura Z\/formato de fotograma completo<\/li>\n<li>+\/- 11 mm de desplazamiento<\/li>\n<li>Rotaci\u00f3n de 360\u00b0<\/li>\n<li>C\u00edrculo de imagen de 65 mm de di\u00e1metro<\/li>\n<li>Tres elementos de dispersi\u00f3n extra baja<\/li>\n<li>Dos elementos asf\u00e9ricos<\/li>\n<li>Rango de apertura: f\/4 a f\/22<\/li>\n<li>Diafragma de 14 hojas<\/li>\n<\/ul>\n<p>Combinando un \u00e1ngulo de visi\u00f3n excepcionalmente amplio con la capacidad de corregir la distorsi\u00f3n de la perspectiva, el Laowa 20mm f\/4 Zero-D Shift de Venus Optics es un objetivo ideal para la fotograf\u00eda de arquitectura e interiores. Ofrecido aqu\u00ed en una montura Nikon Z, el amplio \u00e1ngulo de visi\u00f3n de 94.4 \u00b0 de la lente se complementa con un impresionante rango de desplazamiento de +\/- 11 mm para compensar las l\u00edneas convergentes no deseadas y la distorsi\u00f3n trapezoidal. Adem\u00e1s, como parte de la serie de lentes Zero-D, esta lente tambi\u00e9n representa escenas con un alto grado de precisi\u00f3n y muy baja distorsi\u00f3n.  <\/p>\n<ul>\n<li>Lente ultra gran angular dise\u00f1ada para c\u00e1maras Nikon Z de fotograma completo, pero tambi\u00e9n se puede usar con modelos APS-C, donde proporciona una distancia focal equivalente a 32 mm.<\/li>\n<li>Como parte de la serie Zero-D, este objetivo presenta un dise\u00f1o \u00f3ptico que hace que los objetos tengan una distorsi\u00f3n m\u00ednima para adaptarse a aplicaciones arquitect\u00f3nicas, interiores y paisaj\u00edsticas.<\/li>\n<li>El ajuste de desplazamiento incorporado de +\/- 11 mm ayuda a corregir la distorsi\u00f3n de la perspectiva y elimina la distorsi\u00f3n trapezoidal.<\/li>\n<li>El gran c\u00edrculo de imagen cubre f\u00e1cilmente los sensores de fotograma completo sin necesidad de vi\u00f1eteado. Adem\u00e1s, este objetivo tambi\u00e9n se puede adaptar a determinadas c\u00e1maras mirrorless de formato medio, donde se dispone de hasta +\/- 8 mm de desplazamiento. <\/li>\n<li>Dos elementos asf\u00e9ricos limitan las aberraciones esf\u00e9ricas y la distorsi\u00f3n para una mayor nitidez y una representaci\u00f3n precisa.<\/li>\n<li>Tres elementos de dispersi\u00f3n extra baja reducen las aberraciones crom\u00e1ticas y las franjas de color para una mayor claridad y neutralidad de color.<\/li>\n<li>El dise\u00f1o de enfoque manual y una distancia m\u00ednima de enfoque de 25 cm son adecuados para trabajar con sujetos en primer plano.<\/li>\n<li>El diafragma de catorce hojas crea un bokeh suave y circular, as\u00ed como reflejos especulares cuando se encuentran estacionarias y disparan fuentes de luz.<\/li>\n<li>El parasol giratorio de 360\u00b0 evita reflejos no deseados e im\u00e1genes descoloridas, y le permite ajustar el \u00e1ngulo del parasol para evitar el bloqueo de la imagen durante cambios extremos en la composici\u00f3n.<\/li>\n<li>El revestimiento de \u00abojo de rana\u00bb resistente al agua protege el elemento frontal de la lente de las gotas de agua y la humedad.<\/li>\n<li>Compatible con la montura de lente de desplazamiento opcional para una montura m\u00e1s equilibrada y para permitir un mejor uso de la lente para disparar panoramas cosidos de tipo offset sin error de paralaje.<\/li>\n<\/ul>\n<p><strong>Caracter\u00edsticas t\u00e9cnicas:<\/strong><\/p>\n<p>Distancia focal: 20 mm<\/p>\n<p>Apertura m\u00e1xima: f\/4<\/p>\n<p>Apertura m\u00ednima: f\/22<\/p>\n<p>Montura de lente: Nikon Z<\/p>\n<p>Formato de cobertura de lente: fotograma completo<\/p>\n<p>\u00c1ngulo de visi\u00f3n: 94,4\u00b0<\/p>\n<p>Tilt-Shift: Desplazamiento +\/- 11 mm<\/p>\n<p>Distancia m\u00ednima de enfoque: 25 cm<\/p>\n<p>Aumento m\u00e1ximo: 0,17x<\/p>\n<p>Dise\u00f1o \u00f3ptico: 16 elementos en 11 grupos<\/p>\n<p>Hojas de diafragma: 14<\/p>\n<p>Tipo de enfoque Enfoque: Manual<\/p>\n<p>Tama\u00f1o del filtro: 82 mm (frontal)<\/p>\n<p>Dimensiones (\u00f8 x W): 95 x 91 mm<\/p>\n<p>Peso: 747 g<\/p>\n","protected":false},"excerpt":{"rendered":"<p>LAOWA 20mm f\/4 Zero-D Shift &#8211; Nikon Z Lente Nikon con montura Z\/formato de fotograma completo +\/- 11 mm de<\/p>\n","protected":false},"featured_media":49885,"comment_status":"closed","ping_status":"closed","template":"","meta":{"_acf_changed":false},"product_brand":[2682],"product_cat":[1062],"product_tag":[],"class_list":{"0":"post-74909","1":"product","2":"type-product","3":"status-publish","4":"has-post-thumbnail","6":"product_brand-laowa-es","7":"product_cat-mirrorless-objectivos","8":"pa_abertura-maxima-f-4-es","9":"pa_cor-negro","10":"pa_diametro-82mm-es","11":"pa_estabilizacao-de-imagem-no","12":"pa_montagem-da-objetiva-nikon-z-es","13":"pa_sensor-fotograma-completo","14":"pa_tipo-de-foco-enfoque-manual","15":"pa_tipo-de-objetiva-gran-angular","16":"pa_zoom-fixa-fijo","18":"first","19":"onbackorder","20":"taxable","21":"shipping-taxable","22":"purchasable","23":"product-type-simple"},"bundled_by":[],"bundle_stock_status":"onbackorder","bundle_stock_quantity":null,"bundle_virtual":false,"bundle_layout":"","bundle_add_to_cart_form_location":"","bundle_editable_in_cart":false,"bundle_sold_individually_context":"","bundle_item_grouping":"","bundle_min_size":"","bundle_max_size":"","bundle_price":[],"bundled_items":[],"bundle_sell_ids":[],"acf":[],"_links":{"self":[{"href":"https:\/\/hi-techwonder.com\/es\/wp-json\/wp\/v2\/product\/74909","targetHints":{"allow":["GET"]}}],"collection":[{"href":"https:\/\/hi-techwonder.com\/es\/wp-json\/wp\/v2\/product"}],"about":[{"href":"https:\/\/hi-techwonder.com\/es\/wp-json\/wp\/v2\/types\/product"}],"replies":[{"embeddable":true,"href":"https:\/\/hi-techwonder.com\/es\/wp-json\/wp\/v2\/comments?post=74909"}],"wp:featuredmedia":[{"embeddable":true,"href":"https:\/\/hi-techwonder.com\/es\/wp-json\/wp\/v2\/media\/49885"}],"wp:attachment":[{"href":"https:\/\/hi-techwonder.com\/es\/wp-json\/wp\/v2\/media?parent=74909"}],"wp:term":[{"taxonomy":"product_brand","embeddable":true,"href":"https:\/\/hi-techwonder.com\/es\/wp-json\/wp\/v2\/product_brand?post=74909"},{"taxonomy":"product_cat","embeddable":true,"href":"https:\/\/hi-techwonder.com\/es\/wp-json\/wp\/v2\/product_cat?post=74909"},{"taxonomy":"product_tag","embeddable":true,"href":"https:\/\/hi-techwonder.com\/es\/wp-json\/wp\/v2\/product_tag?post=74909"}],"curies":[{"name":"wp","href":"https:\/\/api.w.org\/{rel}","templated":true}]}}