{"id":74912,"date":"2025-07-29T09:28:51","date_gmt":"2025-07-29T09:28:51","guid":{"rendered":"https:\/\/fv6qoy3ls0.wpdns.site\/product\/laowa-15mm-t2-1-zero-d-cine-metrico-canon-rf\/"},"modified":"2025-12-23T10:53:28","modified_gmt":"2025-12-23T10:53:28","slug":"laowa-15mm-t2-1-zero-d-cine-metrico-canon-rf","status":"publish","type":"product","link":"https:\/\/hi-techwonder.com\/es\/producto\/laowa-15mm-t2-1-zero-d-cine-metrico-canon-rf\/","title":{"rendered":"LAOWA 15mm T2.1 Zero-D Cine M\u00e9trico Canon RF"},"content":{"rendered":"<p>El lente de cine Laowa 15mm T2.1 Zero-D de Venus Optics est\u00e1 marcado en metros* y proporciona un amplio \u00e1ngulo de visi\u00f3n de 110\u00b0 adecuado para tomas en exteriores y paisajes o en lugares reducidos en interiores, y est\u00e1 optimizado para sensores de fotograma completo. Es ligero y compacto, por lo que es adecuado tanto para uso manual, como en card\u00e1n o tr\u00edpode. <\/p>\n<p>El objetivo de cine de 15 mm tiene una apertura m\u00e1xima de T2.1 con 12 elementos en 9 grupos. Su diafragma de 5 hojas proporciona un bokeh suave y agradable, una profundidad de campo estrecha con poca o ninguna distorsi\u00f3n y una distancia de enfoque cercana de 15 cm. Los anillos de enfoque y apertura cuentan con engranajes MOD 0.8 est\u00e1ndar de la industria que se adaptan a los motores de enfoque de seguimiento est\u00e1ndar. El elemento frontal tiene una rosca de 77 mm para agregar filtros. Las marcas de enfoque y apertura est\u00e1n en el costado de la lente para ayudar a los foquistas. Se incluye un estuche Pelican r\u00edgido con espuma personalizada para proteger y transportar la lente.     <\/p>\n<ul>\n<li>Gran angular de 15 mm T2.1 prime dise\u00f1ado para c\u00e1maras de cine sin espejo de fotograma completo con montura RF de Canon, como la RED KOMODO<\/li>\n<li>Dise\u00f1ado con 12 elementos en 9 grupos, baja distorsi\u00f3n e iris de 5 hojas<\/li>\n<li>Di\u00e1metro frontal de 80 mm con rosca de filtro de 77 mm<\/li>\n<li>Enfoque cercano de 15 cm y anillo de enfoque MOD 0.8 est\u00e1ndar<\/li>\n<li>Se incluye un estuche r\u00edgido Pelican con espuma personalizada<\/li>\n<\/ul>\n<p>Venus Optics Laowa 15mm T\/2.1 Zero-D (Ft) Ficha Tecnica<\/p>\n<p>Distancia focal<\/p>\n<p>15 mm<\/p>\n<p>Montura de lente<\/p>\n<p>Sony E<\/p>\n<p>Formato<\/p>\n<p>Imagen completa<\/p>\n<p>C\u00edrculo de imagen<\/p>\n<p>43,3 mil\u00edmetros<\/p>\n<p>T-stop m\u00e1ximo<\/p>\n<p>T2.1<\/p>\n<p>T-stop m\u00ednimo<\/p>\n<p>T22<\/p>\n<p>\u00c1ngulo de visi\u00f3n horizontal<\/p>\n<p>Fotograma completo: 110\u00b0<\/p>\n<p>Distancia m\u00ednima de enfoque<\/p>\n<p>Frente de la lente: 5,9&#8243; \/ 15 cm<\/p>\n<p>Dise\u00f1o \u00f3ptico<\/p>\n<p>12 elementos en 9 grupos<\/p>\n<p>Cuchillas de iris<\/p>\n<p>5<\/p>\n<p>Gear MOD &amp; Pitch<\/p>\n<p>Enfoque: 0.8 MOD \/ 32 Pitch<\/p>\n<p>Iris: 0.8 MOD \/ 32 Pitch<\/p>\n<p>Di\u00e1metro frontal<\/p>\n<p>80 mil\u00edmetros<\/p>\n<p>Tema de filtro<\/p>\n<p>77 mil\u00edmetros<\/p>\n<p>Escalas de enfoque<\/p>\n<p>Imperial<\/p>\n<p>Dimensiones (ancho x alto)<\/p>\n<p>3,34 x 3,59&#8243; \/ 84,8 x 91,2 mm<\/p>\n<p>Peso<\/p>\n<p>1,19 libras \/ 540 g<\/p>\n","protected":false},"excerpt":{"rendered":"<p>El lente de cine Laowa 15mm T2.1 Zero-D de Venus Optics est\u00e1 marcado en metros* y proporciona un amplio \u00e1ngulo<\/p>\n","protected":false},"featured_media":49487,"comment_status":"closed","ping_status":"closed","template":"","meta":{"_acf_changed":false},"product_brand":[2682],"product_cat":[1042],"product_tag":[],"class_list":{"0":"post-74912","1":"product","2":"type-product","3":"status-publish","4":"has-post-thumbnail","6":"product_brand-laowa-es","7":"product_cat-cine","8":"pa_abertura-maxima-t2-1-es","9":"pa_cor-negro","10":"pa_diametro-77mm-es","11":"pa_estabilizacao-de-imagem-no","12":"pa_sensor-fotograma-completo","13":"pa_tipo-de-foco-enfoque-manual","14":"pa_tipo-de-objetiva-gran-angular","15":"pa_zoom-fixa-fijo","17":"first","18":"onbackorder","19":"taxable","20":"shipping-taxable","21":"purchasable","22":"product-type-simple"},"bundled_by":[],"bundle_stock_status":"onbackorder","bundle_stock_quantity":null,"bundle_virtual":false,"bundle_layout":"","bundle_add_to_cart_form_location":"","bundle_editable_in_cart":false,"bundle_sold_individually_context":"","bundle_item_grouping":"","bundle_min_size":"","bundle_max_size":"","bundle_price":[],"bundled_items":[],"bundle_sell_ids":[],"acf":[],"_links":{"self":[{"href":"https:\/\/hi-techwonder.com\/es\/wp-json\/wp\/v2\/product\/74912","targetHints":{"allow":["GET"]}}],"collection":[{"href":"https:\/\/hi-techwonder.com\/es\/wp-json\/wp\/v2\/product"}],"about":[{"href":"https:\/\/hi-techwonder.com\/es\/wp-json\/wp\/v2\/types\/product"}],"replies":[{"embeddable":true,"href":"https:\/\/hi-techwonder.com\/es\/wp-json\/wp\/v2\/comments?post=74912"}],"wp:featuredmedia":[{"embeddable":true,"href":"https:\/\/hi-techwonder.com\/es\/wp-json\/wp\/v2\/media\/49487"}],"wp:attachment":[{"href":"https:\/\/hi-techwonder.com\/es\/wp-json\/wp\/v2\/media?parent=74912"}],"wp:term":[{"taxonomy":"product_brand","embeddable":true,"href":"https:\/\/hi-techwonder.com\/es\/wp-json\/wp\/v2\/product_brand?post=74912"},{"taxonomy":"product_cat","embeddable":true,"href":"https:\/\/hi-techwonder.com\/es\/wp-json\/wp\/v2\/product_cat?post=74912"},{"taxonomy":"product_tag","embeddable":true,"href":"https:\/\/hi-techwonder.com\/es\/wp-json\/wp\/v2\/product_tag?post=74912"}],"curies":[{"name":"wp","href":"https:\/\/api.w.org\/{rel}","templated":true}]}}